{"id":10009,"date":"2023-12-18T10:14:53","date_gmt":"2023-12-18T10:14:53","guid":{"rendered":"https:\/\/aedcolor.com\/?page_id=10009"},"modified":"2023-12-18T10:22:51","modified_gmt":"2023-12-18T10:22:51","slug":"isoflex-pu-500-2","status":"publish","type":"page","link":"https:\/\/aedcolor.com\/index.php\/isoflex-pu-500-2\/","title":{"rendered":"ISOFLEX-PU 500"},"content":{"rendered":"<div class=\"wpb-content-wrapper\"><p>[vc_row css=&#8221;.vc_custom_1683099634441{padding-bottom: 30px !important;}&#8221;][vc_column width=&#8221;2\/3&#8243;][vc_custom_heading text=&#8221;ISOFLEX-PU 500&#8243; font_container=&#8221;tag:h2|font_size:50|text_align:left&#8221; use_theme_fonts=&#8221;yes&#8221; link=&#8221;|title:AQUAMAT%20-%20SUPERELASTIC||&#8221;][\/vc_column][\/vc_row][vc_row][vc_column width=&#8221;1\/2&#8243;][vc_single_image image=&#8221;8150&#8243; img_size=&#8221;full&#8221;][\/vc_column][vc_column width=&#8221;1\/2&#8243;][vc_column_text]<strong><span style=\"color: #000000;\">ISOFLEX-PU 500 \u00ebsht\u00eb nj\u00eb material i l\u00ebngsh\u00ebm me nj\u00eb p\u00ebrb\u00ebr\u00ebs hidroizolues poliuretani p\u00ebr tarraca, i cil ofron:<\/span><\/strong><\/p>\n<ul>\n<li><span style=\"color: #000000;\">Rezistenc\u00eb t\u00eb p\u00ebrkryer mekanike, kimike, termike, UV dhe kundra konditave t\u00eb k\u00ebqija t\u00eb motit, si rezultat i baz\u00ebs s\u00eb past\u00ebr t\u00eb rr\u00ebshir\u00ebs elastomerike, hidrofobe dhe poliuretanike.<\/span><\/li>\n<li><span style=\"color: #000000;\">Nj\u00eb shtres\u00eb uniforme, elastike, hidroizoluese, t\u00eb dep\u00ebrtueshme nga avulli e cila nuk krijon bashkime dhe lidhje.<\/span><\/li>\n<li><span style=\"color: #000000;\">Ngjitje t\u00eb shk\u00eblqyer n\u00eb n\u00ebnshtresa t\u00eb ndryshme, si betoni, llaci i cimentos, druri dhe cdo lloj materiali hidroizolues.<\/span><\/li>\n<li><span style=\"color: #000000;\">P\u00ebrshtatet p\u00ebr cati jeshile.<\/span><\/li>\n<li><span style=\"color: #000000;\">Ofrohet n\u00eb ngjyr\u00ebn e bardh\u00eb dhe n\u00eb ngjyra t\u00eb tjera.<\/span><\/li>\n<li><span style=\"color: #000000;\">Kur \u00ebsht\u00eb zgjedhur nj\u00eb ISOFLEX-PU 500 me ngjyr\u00eb t\u00eb err\u00ebt si shtresa e ekspozuar, \u00ebsht\u00eb e domosdoshme t\u00eb mbulohet me nj\u00eb shtres\u00eb prej TOPCOAT-PU 720 n\u00eb t\u00eb nj\u00ebjt\u00ebn ngjyr\u00eb.<\/span><\/li>\n<\/ul>\n<p><span style=\"color: #000000;\">\u00cbsht\u00eb certifikuar me sh\u00ebnimin CE i cili e b\u00ebn si shtres\u00eb mbrojtje p\u00ebr sip\u00ebrfaqet e betonit, sipas, certifikat\u00ebs EN 1504-2. Numri i certifikat\u00ebs Nr. 2032-CPR-10.11. Gjithashtu, produkti \u00ebsht\u00eb kontrolluar sipas k\u00ebrkesave t\u00eb EAD 030350-00-0402 dhe \u00ebsht\u00eb klasifikuar si: W3, S, TL4-TH4, P4 special, e cila do t\u00eb thot\u00eb q\u00eb ka jet\u00ebgjat\u00ebsi pune 25 vjet n\u00ebn konditat m\u00eb t\u00eb k\u00ebqija t\u00eb kontrollit, t\u00eb cilat p\u00ebrkufizohen nga standarti n\u00eb lidhje me peshat e p\u00ebrdorimit (P4), zona klimatike (S) dhe rezistenca ndaj temperaturave funksionim t\u00eb lart\u00eb dhe t\u00eb ul\u00ebt (TL4-TH4). Raporti i Vler\u00ebsimit Teknik &#8211; SOCOTEC Nr.: 210568080000018, i vlefsh\u00ebm deri m\u00eb 31\/12\/2024.<\/span><br \/>\n<span style=\"color: #000000;\">ISOFLEX-PU 500 \u00ebsht\u00eb ideal p\u00ebr hidroizolim:<\/span><\/p>\n<ul>\n<li><span style=\"color: #000000;\">P\u00ebr tarraca dhe ballkone si nj\u00eb shtres\u00eb e ekspozuar hidroizoluese.<\/span><\/li>\n<li><span style=\"color: #000000;\">Posht\u00eb shtres\u00ebs n\u00ebn pllakat e kuzhin\u00ebs, t\u00eb banjave, t\u00eb ballkoneve dhe t\u00eb tarracave, me kushtin q\u00eb shtresa e fundit \u00ebsht\u00eb sp\u00ebrkatur me r\u00ebr\u00eb kuarcore.<\/span><\/li>\n<li><span style=\"color: #000000;\">N\u00ebn izolimin termik t\u00eb dyshemeve dhe t\u00eb tarracave.<\/span><\/li>\n<li><span style=\"color: #000000;\">N\u00eb pun\u00eb nd\u00ebrtimore, si autostrada, pjes\u00ebn e ecshme t\u00eb ujrave, tunele, etj.<\/span><\/li>\n<li><span style=\"color: #000000;\">N\u00eb sisteme kuvertash parkimi t\u00eb ekspozuara.<\/span><\/li>\n<li><span style=\"color: #000000;\">Themele.<\/span><\/li>\n<li><span style=\"color: #000000;\">Pllaka gipsi dhe cimentoje.<\/span><\/li>\n<li><span style=\"color: #000000;\">Shtresa t\u00eb vjetra bituminoze.<\/span><\/li>\n<li><span style=\"color: #000000;\">Shkum\u00eb poliuretani.<\/span><\/li>\n<li><span style=\"color: #000000;\">N\u00eb sip\u00ebrfaqe metalike.<\/span><\/li>\n<\/ul>\n<p><span style=\"color: #000000;\">P\u00ebrgatitja e n\u00ebnshtres\u00ebs<\/span><br \/>\n<span style=\"color: #000000;\">N\u00eb p\u00ebrgjith\u00ebsi, n\u00ebnshtresa duhet t\u00eb jet\u00eb e that\u00eb (lag\u00ebshtia &lt;4%), e past\u00ebr, pa yndyr\u00eb, pa materiale t\u00eb lira, pluhur, etj.<\/span><\/p>\n<p><strong><span style=\"color: #000000;\">1.1. N\u00ebnshtresat e betonit<\/span><\/strong><br \/>\n<span style=\"color: #000000;\">Cdo zgav\u00ebr ekzistuese n\u00eb beton duhet t\u00eb mbushet me materialin e duhur mbush\u00ebs q\u00eb m\u00eb p\u00ebrpara. Plasaritjet e thella mbi n\u00ebnshtres\u00ebn duhet t\u00eb mbushen me mbush\u00ebsit poliuretanik FLEX PU-30 S\/50 S. Betoni dhe sip\u00ebrfaqje t\u00eb tjera poroze me lag\u00ebshti &lt;4% duhet t\u00eb trajtohen me astarin e vecant\u00eb PRIMER-PU 100, me konsum rreth 200 g\/m2. Sip\u00ebrfaqet me nivel lag\u00ebshtie &gt;4% duhet t\u00eb lyhen me astar special poliuretani, me dy p\u00ebrb\u00ebr\u00ebs, PRIMER-PU 140, me konsum 100-250 g\/m2.<\/span><\/p>\n<p><strong><span style=\"color: #000000;\">1.2 N\u00ebnshtresat e l\u00ebmuara dhe jop\u00ebrthith\u00ebse<\/span><\/strong><br \/>\n<span style=\"color: #000000;\">N\u00ebnshtresat e l\u00ebmuara dhe jop\u00ebrthith\u00ebse, si dhe membranat bitminoze ose shtresat e vjetra hidroizoluese, duhet t\u00eb lyhen me astarin epoksid me baz\u00eb uji EPOXYPRIMER 500, t\u00eb holluar me uj\u00eb deri n\u00eb 30% t\u00eb pesh\u00ebs. Produkti aplikohet n\u00eb nj\u00eb shtres\u00eb me frc\u00eb ose me rul. N\u00eb var\u00ebsi t\u00eb kushteve t\u00eb motit, ISOFLEX-PU 500 aplikohet brenda 24-48 or\u00ebve pas aplikimit t\u00eb astarit, sapo niveli i lag\u00ebshtis\u00eb t\u00eb bjer\u00eb n\u00ebn 4%.<\/span><\/p>\n<p><strong><span style=\"color: #000000;\">1.3 N\u00ebnshtresat metalike<\/span><\/strong><br \/>\n<span style=\"color: #000000;\">N\u00ebnshtresat metalike duhet t\u00eb jen\u00eb:<\/span><\/p>\n<ul>\n<li><span style=\"color: #000000;\">T\u00eb thata dhe t\u00eb pastra.<\/span><\/li>\n<li><span style=\"color: #000000;\">Pa yndyr\u00eb, materiale t\u00eb lira, pluhur, etj. q\u00eb mund t\u00eb pengojn\u00eb ngjitjen.<\/span><\/li>\n<li><span style=\"color: #000000;\">Pa ndryshk ose g\u00ebrryerje q\u00eb mund t\u00eb pengojn\u00eb ngjitjen.<\/span><\/li>\n<\/ul>\n<p><span style=\"color: #000000;\">Pas p\u00ebrgatitjes n\u00ebp\u00ebrmjet f\u00ebrkimit me furc\u00eb, me r\u00ebr\u00eb etj. de pas pastrimit t\u00eb plot\u00eb nga pluhuri, sip\u00ebrfaqet metalike lyhen me shtres\u00ebn epokside kund\u00ebr g\u00ebrryerjes EPOXYCOAT-AC n\u00eb nj\u00eb ose dy duar. EPOXYCOAT-AC aplikohet me rul, furc\u00eb ose sp\u00ebrkatje. Shtresa (dora) e dyt\u00eb b\u00ebhet pasi t\u00eb jet\u00eb thar\u00eb dora e par\u00eb, por brenda 24 or\u00ebsh.\u00a0 Aplikimi i ISOFLEX-PU 500 duhet t\u00eb b\u00ebhet brenda 24-48 or\u00ebve t\u00eb ardhshme.<\/span><\/p>\n<p><span style=\"color: #000000;\">Aplikimi-Konsumi<\/span><br \/>\n<span style=\"color: #000000;\">Para aplikimit, rekomandohet p\u00ebrzierja e leht\u00eb e ISOFLEX-PU 500, derisa t\u00eb b\u00ebhet homogjen. P\u00ebrzierja e tep\u00ebrt duhet shmangur q\u00eb t\u00eb parandalohet bllokimi i ajrit n\u00eb mterial.<\/span><\/p>\n<p><em><span style=\"text-decoration: underline;\"><span style=\"color: #000000; text-decoration: underline;\">a) Isolimi total n\u00eb sip\u00ebrfaqe<\/span><\/span><\/em><br \/>\n<span style=\"color: #000000;\">ISOFLEX-PU 500 aplikohet me furc\u00eb ose rul n\u00eb 2 shtresa. Shtresa e par\u00eb aplikohet 2-3 or\u00eb pas astarimit nd\u00ebrkoh\u00eb q\u00eb PRIMER-PU 100 ngjit akoma. Shtresa e dyt\u00eb duhet t\u00eb aplikohet 2-3 or\u00eb pas astarimit dhe nd\u00ebrsa PRIMER-PU 100 ngjit akoma. Shtresa e dyt\u00eb duhet t\u00eb aplikohet n\u00eb m\u00ebnyr\u00eb transversale (p\u00ebrpendikulare) pas 8-24 or\u00ebsh, n\u00eb var\u00ebsi me konditat e motit. N\u00eb rastin e plasaritjeve t\u00eb dendura t\u00eb shum\u00ebfishta n\u00eb t\u00eb gjith\u00eb sip\u00ebrfaqen, rekomandohet q\u00eb t\u00eb p\u00ebrforcohet plot\u00ebsisht membrana e ISOFLEX-PU 500 me shirita 100 cm t\u00eb gjer\u00eb prej fibrash poliesteri (60 g\/m2 ose 120 g\/m2), q\u00eb duhet t\u00eb mbivendosen me 5-10 cm. Dy tre-or\u00eb pas lyerjes, dora e par\u00eb e ISOFLEX-PU 500 aplikohet n\u00eb nj\u00eb gjer\u00ebsi prej 100 cm dhe nd\u00ebrsa \u00ebsht\u00eb akoma e njom\u00eb vendoset nj\u00eb shirit me fibra poliesteri. I nj\u00ebjti proces aplikimi ndiqet p\u00ebr pjes\u00ebn e mbetur t\u00eb sip\u00ebrfaqes. M\u00eb pas, aplikohen edhe dy duar t\u00eb tjera ISOFLEX-PU 500 n\u00eb t\u00eb gjith\u00eb sip\u00ebrfaqen. Konsumi: &gt; 2,50 kg\/m2, n\u00eb var\u00ebsi t\u00eb llojit t\u00eb n\u00ebnshtres\u00ebs.<\/span><\/p>\n<p><em><span style=\"text-decoration: underline;\"><span style=\"color: #000000; text-decoration: underline;\">b) Izolimi lokal i plasaritjeve<\/span><\/span><\/em><br \/>\n<span style=\"color: #000000;\">N\u00eb k\u00ebt\u00eb rast, astari aplikohet n\u00eb n\u00ebnshtres\u00eb vet\u00ebm mbi plasaritjet, n\u00eb nj\u00eb gjer\u00ebsi prej 10-12 cm. 2-3 or\u00eb pas astarimit, shtrohet shtresa e par\u00eb e ISOFLEX-PU 500 dhe, nd\u00ebrsa \u00ebsht\u00eb akoma e njom\u00eb, ngjeshet sipas gjer\u00ebsis\u00eb (t\u00eb plasaritjes) nj\u00eb shirit me fibra poliesteri (60 g\/m2 ose 120 g\/m2). P\u00ebrfundimisht, dy shtresa ekstra ISOFLEX-PU 500 shtrohen mbi plasaritje, t\u00eb cilat e mbulojn\u00eb krejt p\u00ebrforcimin. Konsumi: &gt; 250 g\/m prej gjat\u00ebsie plasaritje, n\u00eb var\u00ebsi t\u00eb llojit t\u00eb n\u00ebnshtres\u00ebs.<\/span><\/p>\n<p><em><span style=\"text-decoration: underline;\"><span style=\"color: #000000; text-decoration: underline;\">c) Hidroizolimi n\u00ebn pllaka<\/span><\/span><\/em><br \/>\n<span style=\"color: #000000;\">ISOFLEX-PU 500 shtrohet me furc\u00eb ose me ryl n\u00eb shtresa. ISOFLEX-PU 500 duhet t\u00eb p\u00ebrforcohet lokalisht gjat\u00eb bashkimeve dhe pjes\u00ebve ku bashkohet dyshemeja me muret, duke ngjeshur nj\u00eb shirit 10 cm t\u00eb gjer\u00eb me fibra polisteri (60 g\/m2 ose 120 g\/m2) n\u00eb shtres\u00ebn e par\u00eb, sa \u00ebsht\u00eb akoma e njom\u00eb. Pastaj, shtrohen dy ekstra shtresa me ISOFLEX-PU 500 gjat\u00eb plasaritjeve, duke mbushur krejt p\u00ebrforcimin. Pas aplikimit, shtresa p\u00ebrfundimtare, dhe nd\u00ebrkoh\u00eb q\u00eb \u00ebsht\u00eb akoma e njom\u00eb, sp\u00ebrkatet me r\u00ebr\u00eb kuarcore. R\u00ebra kuarcore duhet t\u00eb jet\u00eb krejt e that\u00eb. Pas 24 or\u00ebsh, cdo kokrriz\u00eb e lir\u00eb duhet t\u00eb largohet me nj\u00eb fshes\u00eb me vakuum me fuqi t\u00eb madhe thith\u00ebse,<\/span>[\/vc_column_text][vc_row_inner][vc_column_inner width=&#8221;1\/2&#8243;]<div class=\"standard-arrow bullet-top\"><ul>\n<li><span style=\"color: #000000;\"><span style=\"color: #000000;\">N\u00eb rast aplikimi me sp\u00ebrkatje, mund t\u00eb hollohet deri 10% vet\u00ebm me tret\u00ebsin e vecant\u00eb SM-28 n\u00eb var\u00ebsi me konditat e motit.<\/span><\/span><\/li>\n<li><span style=\"color: #000000;\">ISOFLEX-PU 500 nuk p\u00ebrshtatet p\u00ebr kontakt me ujin e pishinave t\u00eb trajtuara n\u00eb m\u00ebnyr\u00eb kimike.<\/span><\/li>\n<li><span style=\"color: #000000;\">Temperatura gjat\u00eb aplikimit dhe fort\u00ebsimit duhet t\u00eb jet\u00eb nd\u00ebrmjet +8 oC and +35 oC.<\/span><\/li>\n<\/ul>\n<\/div>[\/vc_column_inner][vc_column_inner width=&#8221;1\/2&#8243;]<div class=\"standard-arrow bullet-top\"><ul>\n<li><span style=\"color: #000000;\"><span style=\"color: #000000;\">Konsumi i ISOFLEX-PU 500 nuk duhet t\u00eb teproj\u00eb 750 g\/m2 p\u00ebr shtres\u00eb.<\/span><\/span><\/li>\n<li><span style=\"color: #000000;\">Pakot e pa hapura duhet t\u00eb p\u00ebrdoren menj\u00ebher\u00eb sa hapen dhe nuk mund t\u00eb magazinohet prap\u00eb.<\/span><\/li>\n<li><span style=\"color: #000000;\">ISOFLEX-PU 500 \u00ebsht\u00eb synuar vet\u00ebm p\u00ebr p\u00ebrdorim profesional.<\/span><\/li>\n<\/ul>\n<\/div>[\/vc_column_inner][\/vc_row_inner][vc_row_inner css=&#8221;.vc_custom_1683100048912{padding-top: 20px !important;}&#8221;][vc_column_inner width=&#8221;1\/2&#8243;]<div class=\"aio-icon-component    style_1\"><div id=\"Info-box-wrap-4190\" class=\"aio-icon-box default-icon\" style=\"\"  ><div class=\"aio-icon-default\"><div class=\"ult-just-icon-wrapper  \"><div class=\"align-icon\" style=\"text-align:center;\">\n<div class=\"aio-icon-img \" style=\"font-size:65px;display:inline-block;\" >\n\t<img decoding=\"async\" class=\"img-icon\" alt=\"null\" src=\"https:\/\/aedcolor.com\/wp-content\/uploads\/2023\/05\/image-2.png\"\/>\n<\/div><\/div><\/div><\/div><div class=\"aio-icon-header\" ><h3 class=\"aio-icon-title ult-responsive\"  data-ultimate-target='#Info-box-wrap-4190 .aio-icon-title'  data-responsive-json-new='{\"font-size\":\"\",\"line-height\":\"\"}'  style=\"\">Sip\u00ebrfaqe: Beton<\/h3><\/div> <!-- header --><\/div> <!-- aio-icon-box --><\/div> <!-- aio-icon-component -->[\/vc_column_inner][vc_column_inner width=&#8221;1\/2&#8243;]<div class=\"aio-icon-component    style_1\"><div id=\"Info-box-wrap-5516\" class=\"aio-icon-box default-icon\" style=\"\"  ><div class=\"aio-icon-default\"><div class=\"ult-just-icon-wrapper  \"><div class=\"align-icon\" style=\"text-align:center;\">\n<div class=\"aio-icon-img \" style=\"font-size:65px;display:inline-block;\" >\n\t<img decoding=\"async\" class=\"img-icon\" alt=\"null\" src=\"https:\/\/aedcolor.com\/wp-content\/uploads\/2023\/05\/image-1.png\"\/>\n<\/div><\/div><\/div><\/div><div class=\"aio-icon-header\" ><h3 class=\"aio-icon-title ult-responsive\"  data-ultimate-target='#Info-box-wrap-5516 .aio-icon-title'  data-responsive-json-new='{\"font-size\":\"\",\"line-height\":\"\"}'  style=\"\">Aplikimi: Mistri<\/h3><\/div> <!-- header --><\/div> <!-- aio-icon-box --><\/div> <!-- aio-icon-component -->[\/vc_column_inner][\/vc_row_inner][\/vc_column][\/vc_row]<\/p>\n<\/div>","protected":false},"excerpt":{"rendered":"<p>[vc_row css=&#8221;.vc_custom_1683099634441{padding-bottom: 30px !important;}&#8221;][vc_column width=&#8221;2\/3&#8243;][vc_custom_heading text=&#8221;ISOFLEX-PU 500&#8243; font_container=&#8221;tag:h2|font_size:50|text_align:left&#8221; use_theme_fonts=&#8221;yes&#8221; link=&#8221;|title:AQUAMAT%20-%20SUPERELASTIC||&#8221;][\/vc_column][\/vc_row][vc_row][vc_column width=&#8221;1\/2&#8243;][vc_single_image image=&#8221;8150&#8243; img_size=&#8221;full&#8221;][\/vc_column][vc_column width=&#8221;1\/2&#8243;][vc_column_text]ISOFLEX-PU 500 \u00ebsht\u00eb nj\u00eb material i l\u00ebngsh\u00ebm me nj\u00eb p\u00ebrb\u00ebr\u00ebs hidroizolues poliuretani p\u00ebr tarraca, i cil ofron: Rezistenc\u00eb t\u00eb p\u00ebrkryer mekanike, kimike, termike, UV dhe kundra konditave t\u00eb k\u00ebqija t\u00eb motit, si rezultat i baz\u00ebs s\u00eb past\u00ebr t\u00eb rr\u00ebshir\u00ebs elastomerike, hidrofobe dhe&hellip;<\/p>\n","protected":false},"author":2,"featured_media":0,"parent":0,"menu_order":0,"comment_status":"closed","ping_status":"closed","template":"","meta":{"footnotes":""},"class_list":["post-10009","page","type-page","status-publish","hentry","description-off"],"_links":{"self":[{"href":"https:\/\/aedcolor.com\/index.php\/wp-json\/wp\/v2\/pages\/10009","targetHints":{"allow":["GET"]}}],"collection":[{"href":"https:\/\/aedcolor.com\/index.php\/wp-json\/wp\/v2\/pages"}],"about":[{"href":"https:\/\/aedcolor.com\/index.php\/wp-json\/wp\/v2\/types\/page"}],"author":[{"embeddable":true,"href":"https:\/\/aedcolor.com\/index.php\/wp-json\/wp\/v2\/users\/2"}],"replies":[{"embeddable":true,"href":"https:\/\/aedcolor.com\/index.php\/wp-json\/wp\/v2\/comments?post=10009"}],"version-history":[{"count":1,"href":"https:\/\/aedcolor.com\/index.php\/wp-json\/wp\/v2\/pages\/10009\/revisions"}],"predecessor-version":[{"id":10011,"href":"https:\/\/aedcolor.com\/index.php\/wp-json\/wp\/v2\/pages\/10009\/revisions\/10011"}],"wp:attachment":[{"href":"https:\/\/aedcolor.com\/index.php\/wp-json\/wp\/v2\/media?parent=10009"}],"curies":[{"name":"wp","href":"https:\/\/api.w.org\/{rel}","templated":true}]}}