{"id":10012,"date":"2023-12-18T14:46:08","date_gmt":"2023-12-18T14:46:08","guid":{"rendered":"https:\/\/aedcolor.com\/?page_id=10012"},"modified":"2023-12-19T08:24:55","modified_gmt":"2023-12-19T08:24:55","slug":"isoflex-pu-500-a","status":"publish","type":"page","link":"https:\/\/aedcolor.com\/index.php\/isoflex-pu-500-a\/","title":{"rendered":"ISOFLEX-PU 500 A"},"content":{"rendered":"<div class=\"wpb-content-wrapper\"><p>[vc_row css=&#8221;.vc_custom_1683099634441{padding-bottom: 30px !important;}&#8221;][vc_column width=&#8221;2\/3&#8243;][vc_custom_heading text=&#8221;ISOFLEX-PU 500 A&#8221; font_container=&#8221;tag:h2|font_size:50|text_align:left&#8221; use_theme_fonts=&#8221;yes&#8221; link=&#8221;|title:AQUAMAT%20-%20SUPERELASTIC||&#8221;][\/vc_column][\/vc_row][vc_row][vc_column width=&#8221;1\/2&#8243;][vc_single_image image=&#8221;8154&#8243; img_size=&#8221;full&#8221;][\/vc_column][vc_column width=&#8221;1\/2&#8243;][vc_column_text]<span style=\"color: #000000;\"><strong>ISOFLEX PU 500 A \u00ebsht\u00eb nj\u00eb membran\u00eb hidroizoluese e l\u00ebngshme poliuretani me nj\u00eb p\u00ebrb\u00ebr\u00ebs, me tharje t\u00eb shpejt\u00eb, p\u00ebr cati t\u00eb sheshta.<\/strong> I bazuar n\u00eb rr\u00ebshira poliuretani elastomerike, hidrofobike, ISOFLEX PU 500 A ka rezistenc\u00eb t\u00eb shk\u00eblqyer mekanike, kimike, termike dhe ndaj motit. Fal\u00eb formulimit t\u00eb tij unik, sh\u00ebrohet shpejt p\u00ebr t\u00eb formuar nj\u00eb membran\u00eb t\u00eb trash\u00eb dhe pa flluska. Ajo ofron:<\/span><\/p>\n<ul>\n<li><span style=\"color: #000000;\">Formon nj\u00eb membran\u00eb t\u00eb vazhdueshme, elastike, t\u00eb pap\u00ebrshkueshme nga uji, t\u00eb p\u00ebrshkueshme nga avujt, pa tegela apo nyje.<\/span><\/li>\n<li><span style=\"color: #000000;\">Tregoni ngjitje t\u00eb shk\u00eblqyer n\u00eb n\u00ebnshtresa t\u00eb ndryshme, si betoni, mall\u00eb cimentoje, druri dhe membrana hidroizoluese e l\u00ebngshme akrilike ose hibride ekzistuese.<\/span><\/li>\n<li><span style=\"color: #000000;\">Aplikohet dhe n\u00eb n\u00ebnshtresa t\u00eb parregullta dhe n\u00eb temperatur\u00eb t\u00eb ul\u00ebt.<\/span><\/li>\n<li><span style=\"color: #000000;\">Konsumi maksimal mund t\u00eb arrihet vet\u00ebm me nj\u00eb shtres\u00eb duke ulur kostot e pun\u00ebs.<\/span><\/li>\n<li><span style=\"color: #000000;\">Membrana b\u00ebhet shpejt rezistente ndaj shiut.<\/span><\/li>\n<\/ul>\n<p><span style=\"color: #000000;\">Certifikuar sipas EN 1504-2 dhe klasifikuar si veshje p\u00ebr mbrojtjen e sip\u00ebrfaqes s\u00eb betonit. Nr. Certifikate: 2032-CPR-10.11. e sh\u00ebnuar CE. Produkti \u00ebsht\u00eb testuar me sukses sipas k\u00ebrkesave t\u00eb EAD 030350-00-0402 dhe klasifikohet si : W3, S, TL4-TH4, P4 special, q\u00eb do t\u00eb thot\u00eb se jeta e tij e pritshme e pun\u00ebs \u00ebsht\u00eb 25 vjet n\u00eb kushtet m\u00eb t\u00eb k\u00ebqija t\u00eb kontrollit t\u00eb specifikuara n\u00eb k\u00ebt\u00eb standard n\u00eb lidhje me ngarkesat e p\u00ebrdoruesit (P4), zon\u00ebn klimatike (S) dhe rezistenc\u00ebn ndaj temperaturave maksimale dhe minimale t\u00eb sh\u00ebrbimit (TL4-TH4).<\/span><\/p>\n<p><span style=\"color: #000000;\"><strong>ISOFLEX-PU 500 A \u00ebsht\u00eb i p\u00ebrshtatsh\u00ebm p\u00ebr hidroizolim:<\/strong><\/span><\/p>\n<ul>\n<li><span style=\"color: #000000;\">Catit\u00eb, catit\u00eb e sheshta dhe ballkonet si nj\u00eb membran\u00eb hidroizoluese e ekspozuar.<\/span><\/li>\n<li><span style=\"color: #000000;\">Catit\u00eb e gjelbra dhe shtret\u00ebrit e luleve.<\/span><\/li>\n<li><span style=\"color: #000000;\">Pllaka gipsi dhe cimentoje.<\/span><\/li>\n<li><span style=\"color: #000000;\">N\u00ebn tjegulla n\u00eb kuzhina, banja, ballkone dhe cati t\u00eb sheshta p\u00ebr aq koh\u00eb sa r\u00ebra kuarci \u00ebsht\u00eb transmetuar n\u00eb shtres\u00ebn e fundit t\u00eb saj.<\/span><\/li>\n<li><span style=\"color: #000000;\">N\u00ebn pllaka termoizoluese n\u00eb cati t\u00eb sheshta.<\/span><\/li>\n<li><span style=\"color: #000000;\">N\u00eb punimet e nd\u00ebrtimit, si autostrada, kuvert\u00eb urash, tunele etj.<\/span><\/li>\n<li><span style=\"color: #000000;\">Themelet<\/span><\/li>\n<li><span style=\"color: #000000;\">Membrana t\u00eb vjetra bituminoze<\/span><\/li>\n<li><span style=\"color: #000000;\">Shkum\u00eb poliuretani<\/span><\/li>\n<\/ul>\n<p><strong><span style=\"color: #000000;\">P\u00ebrgatitja e substratit<\/span><\/strong><br \/>\n<span style=\"color: #000000;\">N\u00eb p\u00ebrgjith\u00ebsi, n\u00ebnshtresa duhet t\u00eb jet\u00eb e that\u00eb (p\u00ebrmbajtja e lag\u00ebshtis\u00eb &lt; 4%) dhe pa yndyr\u00eb, grimca t\u00eb lirshme, pluhur, etj.<\/span><br \/>\n<span style=\"color: #000000;\"><strong>1.1. Sip\u00ebrfaqja e betonit<\/strong><\/span><br \/>\n<span style=\"color: #000000;\">Cdo zgav\u00ebr ekzistuese n\u00eb beton duhet t\u00eb riparohet paraprakisht. Plasaritjet e r\u00ebnda n\u00eb n\u00ebnshtres\u00eb duhet t\u00eb pastrohen lokalisht dhe pas 2-3 or\u00ebsh (n\u00eb var\u00ebsi t\u00eb kushteve t\u00eb motit) duhet t\u00eb mbyllen me ngjit\u00ebs poliuretani FLEX PU-30 S\/ 50S. Betoni dhe sip\u00ebrfaqe t\u00eb tjera poroze me p\u00ebrmbajtje lag\u00ebshtie &lt;4% duhet t\u00eb trajtohen me primer PRIMER-PU 100, me nj\u00eb konsum prej p\u00ebraf\u00ebrsisht 200 g\/m2.<\/span><br \/>\n<span style=\"color: #000000;\">Sip\u00ebrfaqet me p\u00ebrmbajtje lag\u00ebshtie &gt;4% duhet t\u00eb pastrohen me astar poliuretani special dy komponent\u00ebsh PRIMER-PU 140, me konsum 100-250 g\/m2.<\/span><\/p>\n<p><span style=\"color: #000000;\"><strong>1.2. Sip\u00ebrfaqe t\u00eb l\u00ebmuara-jo absorbuese\u00a0<\/strong><\/span><br \/>\n<span style=\"color: #000000;\">Sip\u00ebrfaqet e l\u00ebmuara de joabsorbuese, membranat hidroizoluese bituminoze t\u00eb veshura me granula dhe membranat ekzistuese hidroizoluese t\u00eb l\u00ebngshme akrilike ose hibride duhet t\u00eb pastrohen me astarin epoksi me baz\u00eb uji EPOXYPRIMER-500, i holluar me uj\u00eb deri n\u00eb 30% ndaj pesh\u00ebs. Produkti aplikohet me furc\u00eb ose rul n\u00eb nj\u00eb shtres\u00eb.<\/span><br \/>\n<span style=\"color: #000000;\">Konsumi: 150-200 g\/m2<\/span><br \/>\n<span style=\"color: #000000;\">N\u00eb var\u00ebsi t\u00eb kushteve t\u00eb motit, ISOFLEX-PU 500 A aplikohet brenda 24-48 or\u00ebve nga mbushja, sapo p\u00ebrmbajtja e lag\u00ebshtis\u00eb t\u00eb bjer\u00eb n\u00ebn 4%.<\/span><\/p>\n<p><strong><span style=\"color: #000000;\">1.3.\u00a0 Sip\u00ebrfaqet metalike<\/span><\/strong><br \/>\n<span style=\"color: #000000;\">Sip\u00ebrfaqet metalike duhet t\u00eb jen\u00eb:<\/span><\/p>\n<ul>\n<li><span style=\"color: #000000;\">E that\u00eb dhe e q\u00ebndrueshme.<\/span><\/li>\n<li><span style=\"color: #000000;\">Pa yndyr\u00eb, grimca t\u00eb lirshme, pluhur, ndryshk, korrozion, etj. q\u00eb mund t\u00eb d\u00ebmtojn\u00eb ngjitjen.<\/span><\/li>\n<\/ul>\n<p><span style=\"color: #000000;\">Sip\u00ebrfaqet metalike, t\u00eb p\u00ebrgatitura me furc\u00eb, f\u00ebrkim, sp\u00ebrkatje, etj. dhe m\u00eb pas t\u00eb pastruara t\u00ebr\u00ebsisht nga pluhuri, mbushen me shtres\u00eb epokside kund\u00ebr korrozionit EPOXYCOAT-AC n\u00eb 1 ose 2 shtresa. EPOXYCOAT-AC aplikohet me rul, furc\u00eb ose sp\u00ebrkatje. SHtresa e dyt\u00eb vijon pasi t\u00eb jet\u00eb thar\u00eb e para, por brenda 24 or\u00ebve.<\/span><br \/>\n<span style=\"color: #000000;\">Konsumi: 150-200 g\/m2\/shtres\u00eb.<\/span><br \/>\n<span style=\"color: #000000;\">Aplikimi i SOFLEX-PU 500 A duhet t\u00eb b\u00ebhet brenda 24-48 or\u00ebve t\u00eb ardhshme.<\/span><\/p>\n<p><strong><span style=\"color: #000000;\">Aplikimi &#8211; Konsumi<\/span><\/strong><br \/>\n<span style=\"color: #000000;\">P\u00ebrpara aplikimit rekomandohet t\u00eb p\u00ebrzieni pak ISOFLEX-PU 500 A derisa t\u00eb b\u00ebhet homogjen. Duhet t\u00eb shmanget p\u00ebrzierja e zgjatur p\u00ebr t\u00eb parandaluar bllokimin e ajrit.<\/span><\/p>\n<p><span style=\"color: #000000;\"><strong>a) Hidroizolim n\u00eb sip\u00ebrfaqe t\u00eb plot\u00eb pa p\u00ebrforcim<\/strong><br \/>\nISOFLEX-PU 500 A aplikohet me furc\u00eb ose rul n\u00eb dy shtresa. Shtresa e par\u00eb aplikohet 2-3 or\u00eb pas astarit dhe nd\u00ebrkoh\u00eb q\u00eb PRIMER-PU 100 \u00ebsht\u00eb ende ngjit\u00ebse. Shtresa e dyt\u00eb duhet t\u00eb aplikohet n\u00eb m\u00ebnyr\u00eb t\u00ebrthore pas 4-5 or\u00ebsh (n\u00eb +23 oC, 50% RH). Konsumi: 1,00-1,50 kg\/m2, n\u00eb var\u00ebsi t\u00eb n\u00ebnshtres\u00ebs.<\/span><br \/>\n<span style=\"color: #000000;\"><strong>b) Hidroizolimi i sip\u00ebrfaqes s\u00eb plot\u00eb me p\u00ebrforcim membrana<\/strong><br \/>\nISOFLEX-PU 500 A \u00ebsht\u00eb p\u00ebrforcuar me shirita leshi prej poliester 100 cm t\u00eb gjer\u00eb (60 g\/m2 ose 120 g\/m2). K\u00ebto shirita t\u00eb vendosur duhet t\u00eb mbivendosen me 5-10 cm. N\u00eb at\u00eb rast, 2-3 or\u00eb pas astarit, rreth dy t\u00eb tretat e sasis\u00eb s\u00eb k\u00ebrkuar derdhen n\u00eb dysheme dhe sapo t\u00eb shtrihet materiali, mbi t\u00eb vendoset leshi i polisterit dhe m\u00eb pas rrokulliset p\u00ebr t\u00eb ndihmuar n\u00eb clirimin e ajrit t\u00eb bllokuar. M\u00eb pas p\u00ebrmbajtja e mbetur hidhet mbi lesh dhe shtrihet me nj\u00eb rul.<\/span><br \/>\n<span style=\"color: #000000;\">Konsumi: &gt;2,50 kg\/m2, n\u00eb var\u00ebsi t\u00eb n\u00ebnshtres\u00ebs.<\/span><br \/>\n<strong><span style=\"color: #000000;\">c) Hidroizolim lokal i plasaritjeve me armatur\u00eb<\/span><\/strong><br \/>\n<span style=\"color: #000000;\">N\u00eb k\u00ebt\u00eb rast, astari aplikohet n\u00eb n\u00ebnshtres\u00eb, vet\u00ebm p\u00ebrgjat\u00eb carjeve n\u00eb nj\u00eb gjer\u00ebsi prej 10-12 cm. Dy tre or\u00eb pas mbushjes, derdhen rreth dy t\u00eb tretat e sasis\u00eb s\u00eb k\u00ebrkuar t\u00eb ISOFLEX-PU 500 A dhe p\u00ebrderisa kjo \u00ebsht\u00eb ende e fresk\u00ebt, mbi t\u00eb vendoset nj\u00eb shirit prej leshi poliester me gjer\u00ebsi 10 cm (60 g\/m2 ose 120 g\/m2) dhe m\u00eb pas rrotullohet p\u00ebr t\u00eb ndihmuar n\u00eb clirimin e ajrit t\u00eb bllokuar. M\u00eb pas, sasia e mbetur hidhet mbi lesh dhe shtrihet me nj\u00eb rul.<\/span><br \/>\n<span style=\"color: #000000;\">Konsumi: &gt; 250 g\/m gjat\u00ebsi plasaritje, n\u00eb var\u00ebsi t\u00eb n\u00ebnshtres\u00ebs.<\/span><br \/>\n<strong><span style=\"color: #000000;\">d) Hidroizolim n\u00ebn tjegull<\/span><\/strong><br \/>\n<span style=\"color: #000000;\">Pas aplikimit t\u00eb shtres\u00ebs p\u00ebrfundimtare t\u00eb ISOFLEX-PU 500 A dhe derisa kjo \u00ebsht\u00eb ende e fresk\u00ebt, duhet t\u00eb transmetohet r\u00ebra kuarci. R\u00ebra e kuarcit duhet t\u00eb jet\u00eb plot\u00ebsisht e that\u00eb.\u00a0<\/span><br \/>\n<span style=\"color: #000000;\">Konsumi i r\u00ebr\u00ebs kuarci: p\u00ebraf\u00ebrsisht 3 kg\/m2. Pas 24 or\u00ebsh, cdo kokrriz\u00eb e lirshme duhet t\u00eb hiqet me nj\u00eb fshes\u00eb me korrent me thithje t\u00eb lart\u00eb. Pllakat duhet t\u00eb fiksohen me nj\u00eb ngjit\u00ebs pllakash t\u00eb modifikuar nga polimer me performanc\u00eb t\u00eb lart\u00eb, si ISOMAT AK-22, ISOMAT AK-23 XXL, ISOMAT AK-25, ISOMAT AK-ELASTIC, ISOMAT AK-MEGARAPID. Veglat duhet t\u00eb pastrohen me tret\u00ebs special SM-28 nd\u00ebrsa IDOFLEX-PU 500 A \u00ebsht\u00eb ende i fresk\u00ebt.<\/span>[\/vc_column_text][vc_row_inner][vc_column_inner width=&#8221;1\/2&#8243;]<div class=\"standard-arrow bullet-top\"><ul>\n<li><span style=\"color: #000000;\"><span style=\"color: #000000;\">P\u00ebr aplikim me sp\u00ebrkatje dhe n\u00eb temperatura m\u00eb t\u00eb vogla se 10oC, mund t\u00eb hollohet, vet\u00ebm me tret\u00ebsin special SM-28, deri n\u00eb 10%.<\/span><\/span><\/li>\n<li><span style=\"color: #000000;\">ISOFLEX-PU 500 A nuk \u00ebsht\u00eb i p\u00ebrshtatsh\u00ebm p\u00ebr kontakt me ujin e pishinave t\u00eb trajtuara kimikisht.<\/span><\/li>\n<li><span style=\"color: #000000;\">Temperatura gjat\u00eb aplikimit dhe ngurt\u00ebsimit t\u00eb produktit duhet t\u00eb jet\u00eb ndvrmjet +5oC dhe +35oC.<\/span><\/li>\n<\/ul>\n<\/div>[\/vc_column_inner][vc_column_inner width=&#8221;1\/2&#8243;]<div class=\"standard-arrow bullet-top\"><ul>\n<li><span style=\"color: #000000;\"><span style=\"color: #000000;\">Temperatura e n\u00ebnshtres\u00ebs duhet t\u00eb jet\u00eb s\u00eb paku 3oC mbi pik\u00ebn e ves\u00ebs, p\u00ebr t\u00eb shmangur rrezikun e kondensimit t\u00eb avullit.<\/span><\/span><\/li>\n<li><span style=\"color: #000000;\">Kontenier\u00ebt e pambyllur duhet t\u00eb p\u00ebrdoren menj\u00ebher\u00eb dhe nuk mund t\u00eb restaurohen.<\/span><\/li>\n<li><span style=\"color: #000000;\">ISOFLEX-PU 500 A \u00ebsht\u00eb menduar vet\u00ebm p\u00ebr p\u00ebrdorim profesional.<\/span><\/li>\n<\/ul>\n<\/div>[\/vc_column_inner][\/vc_row_inner][vc_row_inner css=&#8221;.vc_custom_1683100048912{padding-top: 20px !important;}&#8221;][vc_column_inner width=&#8221;1\/2&#8243;]<div class=\"aio-icon-component    style_1\"><div id=\"Info-box-wrap-5487\" class=\"aio-icon-box default-icon\" style=\"\"  ><div class=\"aio-icon-default\"><div class=\"ult-just-icon-wrapper  \"><div class=\"align-icon\" style=\"text-align:center;\">\n<div class=\"aio-icon-img \" style=\"font-size:65px;display:inline-block;\" >\n\t<img decoding=\"async\" class=\"img-icon\" alt=\"null\" src=\"https:\/\/aedcolor.com\/wp-content\/uploads\/2023\/05\/image-2.png\"\/>\n<\/div><\/div><\/div><\/div><div class=\"aio-icon-header\" ><h3 class=\"aio-icon-title ult-responsive\"  data-ultimate-target='#Info-box-wrap-5487 .aio-icon-title'  data-responsive-json-new='{\"font-size\":\"\",\"line-height\":\"\"}'  style=\"\">Sip\u00ebrfaqe: Beton<\/h3><\/div> <!-- header --><\/div> <!-- aio-icon-box --><\/div> <!-- aio-icon-component -->[\/vc_column_inner][vc_column_inner width=&#8221;1\/2&#8243;]<div class=\"aio-icon-component    style_1\"><div id=\"Info-box-wrap-5111\" class=\"aio-icon-box default-icon\" style=\"\"  ><div class=\"aio-icon-default\"><div class=\"ult-just-icon-wrapper  \"><div class=\"align-icon\" style=\"text-align:center;\">\n<div class=\"aio-icon-img \" style=\"font-size:65px;display:inline-block;\" >\n\t<img decoding=\"async\" class=\"img-icon\" alt=\"null\" src=\"https:\/\/aedcolor.com\/wp-content\/uploads\/2023\/05\/image-1.png\"\/>\n<\/div><\/div><\/div><\/div><div class=\"aio-icon-header\" ><h3 class=\"aio-icon-title ult-responsive\"  data-ultimate-target='#Info-box-wrap-5111 .aio-icon-title'  data-responsive-json-new='{\"font-size\":\"\",\"line-height\":\"\"}'  style=\"\">Aplikimi: Mistri<\/h3><\/div> <!-- header --><\/div> <!-- aio-icon-box --><\/div> <!-- aio-icon-component -->[\/vc_column_inner][\/vc_row_inner][\/vc_column][\/vc_row]<\/p>\n<\/div>","protected":false},"excerpt":{"rendered":"<p>[vc_row css=&#8221;.vc_custom_1683099634441{padding-bottom: 30px !important;}&#8221;][vc_column width=&#8221;2\/3&#8243;][vc_custom_heading text=&#8221;ISOFLEX-PU 500 A&#8221; font_container=&#8221;tag:h2|font_size:50|text_align:left&#8221; use_theme_fonts=&#8221;yes&#8221; link=&#8221;|title:AQUAMAT%20-%20SUPERELASTIC||&#8221;][\/vc_column][\/vc_row][vc_row][vc_column width=&#8221;1\/2&#8243;][vc_single_image image=&#8221;8154&#8243; img_size=&#8221;full&#8221;][\/vc_column][vc_column width=&#8221;1\/2&#8243;][vc_column_text]ISOFLEX PU 500 A \u00ebsht\u00eb nj\u00eb membran\u00eb hidroizoluese e l\u00ebngshme poliuretani me nj\u00eb p\u00ebrb\u00ebr\u00ebs, me tharje t\u00eb shpejt\u00eb, p\u00ebr cati t\u00eb sheshta. I bazuar n\u00eb rr\u00ebshira poliuretani elastomerike, hidrofobike, ISOFLEX PU 500 A ka rezistenc\u00eb t\u00eb shk\u00eblqyer mekanike, kimike, termike dhe&hellip;<\/p>\n","protected":false},"author":2,"featured_media":0,"parent":0,"menu_order":0,"comment_status":"closed","ping_status":"closed","template":"","meta":{"footnotes":""},"class_list":["post-10012","page","type-page","status-publish","hentry","description-off"],"_links":{"self":[{"href":"https:\/\/aedcolor.com\/index.php\/wp-json\/wp\/v2\/pages\/10012","targetHints":{"allow":["GET"]}}],"collection":[{"href":"https:\/\/aedcolor.com\/index.php\/wp-json\/wp\/v2\/pages"}],"about":[{"href":"https:\/\/aedcolor.com\/index.php\/wp-json\/wp\/v2\/types\/page"}],"author":[{"embeddable":true,"href":"https:\/\/aedcolor.com\/index.php\/wp-json\/wp\/v2\/users\/2"}],"replies":[{"embeddable":true,"href":"https:\/\/aedcolor.com\/index.php\/wp-json\/wp\/v2\/comments?post=10012"}],"version-history":[{"count":3,"href":"https:\/\/aedcolor.com\/index.php\/wp-json\/wp\/v2\/pages\/10012\/revisions"}],"predecessor-version":[{"id":10018,"href":"https:\/\/aedcolor.com\/index.php\/wp-json\/wp\/v2\/pages\/10012\/revisions\/10018"}],"wp:attachment":[{"href":"https:\/\/aedcolor.com\/index.php\/wp-json\/wp\/v2\/media?parent=10012"}],"curies":[{"name":"wp","href":"https:\/\/api.w.org\/{rel}","templated":true}]}}