{"id":10023,"date":"2023-12-19T14:55:24","date_gmt":"2023-12-19T14:55:24","guid":{"rendered":"https:\/\/aedcolor.com\/?page_id=10023"},"modified":"2023-12-20T10:54:24","modified_gmt":"2023-12-20T10:54:24","slug":"isoflex-pu-550-3","status":"publish","type":"page","link":"https:\/\/aedcolor.com\/index.php\/isoflex-pu-550-3\/","title":{"rendered":"ISOFLEX-PU 550"},"content":{"rendered":"<div class=\"wpb-content-wrapper\"><p>[vc_row css=&#8221;.vc_custom_1683099634441{padding-bottom: 30px !important;}&#8221;][vc_column width=&#8221;2\/3&#8243;][vc_custom_heading text=&#8221;ISOFLEX-PU 550&#8243; font_container=&#8221;tag:h2|font_size:50|text_align:left&#8221; use_theme_fonts=&#8221;yes&#8221; link=&#8221;|title:AQUAMAT%20-%20SUPERELASTIC||&#8221;][\/vc_column][\/vc_row][vc_row][vc_column width=&#8221;1\/2&#8243;][vc_single_image image=&#8221;8178&#8243; img_size=&#8221;full&#8221;][\/vc_column][vc_column width=&#8221;1\/2&#8243;][vc_column_text]<strong><span style=\"color: #000000;\">ISOFLEX-PU 550 \u00ebsht\u00eb nj\u00eb material i l\u00ebngsh\u00ebm me dy p\u00ebrb\u00ebr\u00ebs poliuretanik, hidroizolues.<\/span><\/strong><\/p>\n<ul>\n<li><span style=\"color: #000000;\">Bazohet n\u00eb rr\u00ebshir\u00eb hidrofobe dhe poliuretanike me rezistenc\u00eb t\u00eb p\u00ebrkryer mekanike, kimike dhe termike.<\/span><\/li>\n<li><span style=\"color: #000000;\">Krijon nj\u00eb shtres\u00eb uniforme, elastike, hidroizoluese, t\u00eb dep\u00ebrtueshme nga avulli e cila nuk krijon bashkime ose lidhje.<\/span><\/li>\n<li><span style=\"color: #000000;\">Ka ngjitje t\u00eb shk\u00eblqyer n\u00eb n\u00ebnshtresa t\u00eb ndryshme, si betoni, llaci i cimentos dhe cdo lloj materiali hidroizolues.<\/span><\/li>\n<li><span style=\"color: #000000;\">Mund\u00ebsi p\u00ebrdorimi edhe n\u00eb n\u00ebnshtresa t\u00eb paniveluara.<\/span><\/li>\n<li><span style=\"color: #000000;\">\u00cbsht\u00eb ideal p\u00ebr p\u00ebrdorim t\u00eb brendsh\u00ebm (p.sh. hidroizolim n\u00ebn pllakat), sepse \u00ebsht\u00eb pa tret\u00ebs dhe gati pa er\u00eb.<\/span><\/li>\n<\/ul>\n<p><span style=\"color: #000000;\">\u00cbsht\u00eb certifikuar me sh\u00ebnimin CE si shtres\u00eb mbrojtjeje p\u00ebr sip\u00ebrfaqet e betonit, sipas certifikat\u00ebs EN 1504-2. Certifikuar si material i p\u00ebrshtatsh\u00ebm p\u00ebr kontakt me ujin e pijsh\u00ebm, sipas k\u00ebrkesave t\u00eb RD 140\/2003.<\/span><\/p>\n<p><span style=\"color: #000000;\">ISOFLEX-PU 550 p\u00ebrshtatet p\u00ebr hidroizolim:<\/span><\/p>\n<ul>\n<li><span style=\"color: #000000;\">Posht\u00eb shtres\u00ebs n\u00ebn pllakat e kuzhin\u00ebs, t\u00eb banjove, t\u00eb ballkoneve dhe t\u00eb tarracave, me kushtin q\u00eb shtresa e fundit \u00ebsht\u00eb sp\u00ebrkatur me r\u00ebr\u00eb kuarcore.<\/span><\/li>\n<li><span style=\"color: #000000;\">N\u00ebn izolimin termik t\u00eb tarracave.<\/span><\/li>\n<li><span style=\"color: #000000;\">N\u00eb pun\u00eb nd\u00ebrtimore, si autostrada, pjes\u00ebn e ecshme t\u00eb urave, tunele, etj.<\/span><\/li>\n<\/ul>\n<p><strong><span style=\"color: #000000;\">P\u00ebrgatitja e n\u00ebnshtres\u00ebs<\/span><\/strong><br \/>\n<span style=\"color: #000000;\">N\u00eb p\u00ebrgjith\u00ebsi, n\u00ebnshtresa duhet t\u00eb jet\u00eb e that\u00eb (lag\u00ebshtia &lt; 4%), e past\u00ebr, pa yndyr\u00eb, pa materiale t\u00eb lira, pluhur, etj.<\/span><\/p>\n<p><strong><span style=\"color: #000000;\">1.1. N\u00ebnshtresa e betonit<\/span><\/strong><br \/>\n<span style=\"color: #000000;\">Cdo zgav\u00ebr ekzistuese n\u00eb beton duhet t\u00eb mbushet me materialin e duhur mbush\u00ebs q\u00eb m\u00eb p\u00ebrpara. Plasaritjet e thella mbi n\u00ebnshtres\u00ebn duhet t\u00eb mbushen me mbush\u00ebsit poliuretanik FLEX PU-30 S\/50 S. Betoni dhe sip\u00ebrfaqe t\u00eb tjera poroze me lag\u00ebshti &lt;4% duhet t\u00eb trajtohenme astarin e vecant\u00eb DUROFLOOR-PSF, me konsum 200-300 g\/m2. Sip\u00ebrfaqet me nivel lag\u00ebshtie &gt;4% duhet t\u00eb lyhen me astar special poliuretani, me dy p\u00ebrb\u00ebr\u00ebs, PRIMER-PU 140, me konsum 100-250 g\/m2.<\/span><\/p>\n<p><strong><span style=\"color: #000000;\">1.2. N\u00ebnshtresat e l\u00ebmuara dhe jop\u00ebrthith\u00ebse<\/span><\/strong><br \/>\n<span style=\"color: #000000;\">N\u00ebnshtresat e l\u00ebmuara dhe jop\u00ebrthith\u00ebse, si dhe membranat bituminoze ose shtresat e vjetra hidroizoluese, duhet t\u00eb lyhen me astarin epoksid me baz\u00eb uji EPOXYPRIMER 500, t\u00eb holluar me uj\u00eb deri n\u00eb 30% t\u00eb pesh\u00ebs. Produkti aplikohet n\u00eb nj\u00eb shtres\u00eb me furc\u00eb ose me rul.<\/span><br \/>\n<span style=\"color: #000000;\">Konsumi: 150-250 g\/m2.<\/span><br \/>\n<span style=\"color: #000000;\">N\u00eb var\u00ebsi t\u00eb kushteve t\u00eb motit, ISOFLEX-PU 550 aplikohet brenda 24-48 or\u00ebve pas aplikimit t\u00eb astarit, sapo niveli i lag\u00ebshtis\u00eb t\u00eb bjer\u00eb n\u00ebn 4%.<\/span><\/p>\n<p><strong><span style=\"color: #000000;\">1.3. N\u00ebnshtresat metalike<\/span><\/strong><br \/>\n<span style=\"color: #000000;\">N\u00ebnshtresat metalike duhet t\u00eb jen\u00eb:<\/span><\/p>\n<ul>\n<li><span style=\"color: #000000;\">T\u00eb thata dhe t\u00eb pastra.<\/span><\/li>\n<li><span style=\"color: #000000;\">Pa yndyr\u00eb, material t\u00eb lir\u00eb, pluhur, etj. q\u00eb mund t\u00eb pengojn\u00eb ngjitjen.<\/span><\/li>\n<li><span style=\"color: #000000;\">Pa ndryshk ose g\u00ebrryerje q\u00eb mund t\u00eb pengojn\u00eb ngjitjen.<\/span><\/li>\n<\/ul>\n<p><span style=\"color: #000000;\">Pas p\u00ebrgatitjes n\u00ebp\u00ebrmjet f\u00ebrkimit me furc\u00eb, me r\u00ebr\u00eb etj. dhe pas pastrimit t\u00eb plot\u00eb nga pluhuri, sip\u00ebrfaqet metalike lyhen me shtres\u00ebn epokside kund\u00ebr g\u00ebrryerjes EPOXYCOAT-AC n\u00eb nj\u00eb ose dy duar. EPOXYCOAT-AC aplikohet me rul, furc\u00eb ose sp\u00ebrkatje. Shtresa (dora) e dyt\u00eb b\u00ebhet pasi t\u00eb jet\u00eb thar\u00eb dora e par\u00eb, por brenda 24 or\u00ebsh. Konsumi: 150-200 g\/m2\/shtres\u00eb.<\/span><\/p>\n<p><strong><span style=\"color: #000000;\">Aplikimi-Konsumi<\/span><\/strong><br \/>\n<span style=\"color: #000000;\">P\u00ebrb\u00ebr\u00ebsit A (rr\u00ebshira) dhe B (forcuesi) jan\u00eb t\u00eb paketuar n\u00eb dy kuti t\u00eb ndryshme, me raportin e sakt\u00eb t\u00eb paracaktuar t\u00eb p\u00ebrzierjes sipas pesh\u00ebs. Fillimisht, duhet p\u00ebrzier\u00eb p\u00ebrb\u00ebr\u00ebsi A. Pastaj, gjith\u00eb sasia e p\u00ebrb\u00ebr\u00ebsit B shtohet n\u00eb p\u00ebrb\u00ebr\u00ebsin A dhe t\u00eb dy p\u00ebrb\u00ebr\u00ebsit p\u00ebrziehen p\u00ebr rreth 3 minuta me nj\u00eb mikser me xhiro t\u00eb ul\u00ebta (300 rot\/min). Ka shum\u00eb r\u00ebnd\u00ebsi t\u00eb p\u00ebrziehet komplet p\u00ebrzierja af\u00ebr an\u00ebve dhe fundit t\u00eb en\u00ebs p\u00ebr t\u00eb aritur shp\u00ebrndarjen uniforme t\u00eb forcuesit.<\/span><br \/>\n<em><span style=\"text-decoration: underline;\"><span style=\"color: #000000; text-decoration: underline;\">a) Isolimi total n\u00eb sip\u00ebrfaqe<\/span><\/span><\/em><br \/>\n<span style=\"color: #000000;\">ISOFLEX-PU 550 aplikohet me furc\u00eb ose rul n\u00eb 2 shtresa. Shtresa e par\u00eb aplikohet 2-3 or\u00eb pas astarimit. Shtresa e dyt\u00eb duhet t\u00eb aplikohet n\u00eb m\u00ebnyr\u00eb transversale (perpendikulare) pas 8-24 or\u00ebsh, n\u00eb var\u00ebsi me konditat e motit. N\u00eb zona me plasaritje serioze, rekomandohet p\u00ebrforcimi lokal i ISOFLEX-PU 550 me shirit prej fibrash poliesteri 10 cm t\u00eb gjer\u00eb (6t0 g\/m2) sipas plasaritjeve. N\u00eb k\u00ebt\u00eb, 2-3 or\u00eb pas astarimit, shtresa e par\u00eb e ISOFLEX-PU 550 aplikohet sipas plasaritjeve dhe nd\u00ebrkoh\u00eb kur \u00ebsht\u00eb akoma i njom\u00eb, shiriti me fibra poliesteri me gjer\u00ebsi 10 cm ngjeshet sipas gjat\u00ebsis\u00eb.. Pastaj, dy shtresa ekstra prej ISOFLEX-PU 550 shtrohen mbi gjith\u00eb sip\u00ebrfaqen. N\u00eb rast plasaritje t\u00eb thella, mbi gjith\u00eb sip\u00ebrfaqen, rekomandohet mjaft p\u00ebrforcimi i membran\u00ebs s\u00eb ISOFLEX-PU 550 me shirit\u00eb prej fibrash poliesteri ( 60 g\/m2) 100 cm t\u00eb gjer\u00eb. K\u00ebto shirita duhet t\u00eb mbulojn\u00eb nj\u00ebri-tjetrin rreth 5-10 cm. Me imt\u00ebsi, pas astarimit, shtrohet shtresa e par\u00eb e ISOFLEX-PU 550, p\u00ebr t\u00eb mbuluar p\u00ebrforcimin (me gjer\u00ebsi prej 100 cm), dhe nd\u00ebrsa \u00ebsht\u00eb akoma e njom\u00eb, ngjeshet nj\u00eb shirit me fibra poliesteri. E nj\u00ebjta procedur\u00eb ndiqet p\u00ebr sip\u00ebrfaqen q\u00eb mbetet. Pastaj, shtrohen dy shtresa ekstra t\u00eb ISOFLEX-PU 550 n\u00eb gjith\u00eb sip\u00ebrfaqen, duke mbuluar gjith\u00eb p\u00ebrforcimin.<\/span><br \/>\n<span style=\"color: #000000;\">Konsumi: 2,0-2,25 kg\/m2, n\u00eb var\u00ebsi me n\u00ebnshtres\u00ebn dhe llojin e p\u00ebrforcimit.<\/span><\/p>\n<p><span style=\"text-decoration: underline;\"><em><span style=\"color: #000000; text-decoration: underline;\">b) Izolimi lokal i plasaritjeve<\/span><\/em><\/span><br \/>\n<span style=\"color: #000000;\">N\u00eb k\u00ebt\u00eb rast, astari aplikohet n\u00eb n\u00ebnshtres\u00eb vet\u00ebm mbi plasaritjet, n\u00eb nj\u00eb gjer\u00ebsi prej 10-12 cm. SHtrohet shtresa e par\u00eb e ISOFLEX-PU 550 duhet t\u00eb aplikohet pasi t\u00eb jet\u00eb thar\u00eb astari dhe nd\u00ebrsa \u00ebsht\u00eb akoma e njom\u00eb, ngjeshet sipas gjat\u00ebsis\u00eb ( t\u00eb plasaritjes) nj\u00eb shirit me fibra poliesteri (60 g\/m2). P\u00ebrfundimisht, dy shtresa ekstra ISOFLEX-PU 550 shtrohen mbi plasaritje, t\u00eb cilat mbulojn\u00eb krejt p\u00ebrforcimin.<\/span><br \/>\n<span style=\"color: #000000;\">Konsumi: 200-250 g\/m prej gjat\u00ebsie plasaritje.<\/span><\/p>\n<p><em><span style=\"text-decoration: underline;\"><span style=\"color: #000000; text-decoration: underline;\">c) Hidroizolimi n\u00ebn pllaka<\/span><\/span><\/em><br \/>\n<span style=\"color: #000000;\">ISOFLEX-PU 550 shtrohet me furc\u00eb ose me rul n\u00eb dy shtresa. ISOFLEX-PU 550 duhet t\u00eb p\u00ebrforcohet lokalisht gjat\u00eb bashkimeve de pjes\u00ebve ku bashkohet dyshemeja me muret, duke ngjeshur nj\u00eb shirit 10 cm t\u00eb gjer\u00eb me fibra poliesteri (60 g\/m2) n\u00eb shtres\u00ebn e par\u00eb, sa \u00ebsht\u00eb akoma e njom\u00eb. Pastaj, shtrohen dy ekstra shtresa me ISOFLEX-PU 550 gjat\u00eb plasaritjeve, duke mbuluar krejt p\u00ebrforcimin. Pas aplikimit, shtresa p\u00ebrfundimtare, dhe nd\u00ebrkoh\u00eb q\u00eb \u00ebsht\u00eb akoma e njom\u00eb. Pastaj, shtrohen dy ekstra shtresa me ISOFLEX-PU 550 gjat\u00eb plasaritjeve, duke mbuluar krejt p\u00ebrforcimin. Pas aplikimit, shtresa p\u00ebrfundimtare dhe nd\u00ebrkoh\u00eb q\u00eb \u00ebsht\u00eb akoma e njom\u00eb, sp\u00ebrkateni me r\u00ebr\u00eb kuarcore. R\u00ebra kuarcore duhet t\u00eb jet\u00eb krejt e that\u00eb.<\/span><br \/>\n<span style=\"color: #000000;\">Konsumi i r\u00ebr\u00ebs kuarcore: rreth 3kg\/m2.<\/span><br \/>\n<span style=\"color: #000000;\">Pas fort\u00ebsimit t\u00eb ISOFLEX-PU 550, cdo kok\u00ebrr e lir\u00eb duhet t\u00eb hiqen me fshes\u00eb me korrent dhe thithje t\u00eb lart\u00eb. Pllakat duhet t\u00eb vihen me nj\u00eb ngjit\u00ebs pllakash t\u00eb modifikuar me polimer, si ISOMAT AK-22, ISOMAT AK-25, ISOMAT AK-ELASTIC, ISOMAT AK-MEGARAPID.<\/span>[\/vc_column_text][vc_row_inner][vc_column_inner width=&#8221;1\/2&#8243;]<div class=\"standard-arrow bullet-top\"><ul>\n<li><span style=\"color: #000000;\"><span style=\"color: #000000;\">N\u00eb rast aplikimi me sp\u00ebrkatje, mund t\u00eb hollohet deri 10% vet\u00ebm me tret\u00ebsin e vecant\u00eb SM-28, n\u00eb var\u00ebsi me konditat e motit.<\/span><\/span><\/li>\n<li><span style=\"color: #000000;\">ISOFLEX-PU 550 nuk p\u00ebrshtatet p\u00ebr kontakt me ujin e pishinave t\u00eb trajtuara n\u00eb m\u00ebnyr\u00eb kimike.<\/span><\/li>\n<li><span style=\"color: #000000;\">Temperatura gjat\u00eb aplikimit dhe fort\u00ebsimit duhet t\u00eb jet\u00eb nd\u00ebrmjet +8 oC dhe +35 oC.<\/span><\/li>\n<\/ul>\n<\/div>[\/vc_column_inner][vc_column_inner width=&#8221;1\/2&#8243;]<div class=\"standard-arrow bullet-top\"><ul>\n<li><span style=\"color: #000000;\"><span style=\"color: #000000;\">Cdo shtres\u00eb e ISOFLEX-PU 550 nuk duhet t\u00eb teproj\u00eb 0,7 mm.<\/span><\/span><\/li>\n<li><span style=\"color: #000000;\">Pakot e pa hapura duhet t\u00eb p\u00ebrdoren nj\u00eb her\u00eb dhe nuk mund t\u00eb magazinohen prap\u00eb.<\/span><\/li>\n<li><span style=\"color: #000000;\">ISOFLEX-PU 550 \u00ebsht\u00eb synuar vet\u00ebm p\u00ebr p\u00ebrdorim profesional.<\/span><\/li>\n<\/ul>\n<\/div>[\/vc_column_inner][\/vc_row_inner][vc_row_inner css=&#8221;.vc_custom_1683100048912{padding-top: 20px !important;}&#8221;][vc_column_inner width=&#8221;1\/2&#8243;]<div class=\"aio-icon-component    style_1\"><div id=\"Info-box-wrap-3374\" class=\"aio-icon-box default-icon\" style=\"\"  ><div class=\"aio-icon-default\"><div class=\"ult-just-icon-wrapper  \"><div class=\"align-icon\" style=\"text-align:center;\">\n<div class=\"aio-icon-img \" style=\"font-size:65px;display:inline-block;\" >\n\t<img decoding=\"async\" class=\"img-icon\" alt=\"null\" src=\"https:\/\/aedcolor.com\/wp-content\/uploads\/2023\/05\/image-2.png\"\/>\n<\/div><\/div><\/div><\/div><div class=\"aio-icon-header\" ><h3 class=\"aio-icon-title ult-responsive\"  data-ultimate-target='#Info-box-wrap-3374 .aio-icon-title'  data-responsive-json-new='{\"font-size\":\"\",\"line-height\":\"\"}'  style=\"\">Sip\u00ebrfaqe: Beton<\/h3><\/div> <!-- header --><\/div> <!-- aio-icon-box --><\/div> <!-- aio-icon-component -->[\/vc_column_inner][vc_column_inner width=&#8221;1\/2&#8243;]<div class=\"aio-icon-component    style_1\"><div id=\"Info-box-wrap-8904\" class=\"aio-icon-box default-icon\" style=\"\"  ><div class=\"aio-icon-default\"><div class=\"ult-just-icon-wrapper  \"><div class=\"align-icon\" style=\"text-align:center;\">\n<div class=\"aio-icon-img \" style=\"font-size:65px;display:inline-block;\" >\n\t<img decoding=\"async\" class=\"img-icon\" alt=\"null\" src=\"https:\/\/aedcolor.com\/wp-content\/uploads\/2023\/05\/image-1.png\"\/>\n<\/div><\/div><\/div><\/div><div class=\"aio-icon-header\" ><h3 class=\"aio-icon-title ult-responsive\"  data-ultimate-target='#Info-box-wrap-8904 .aio-icon-title'  data-responsive-json-new='{\"font-size\":\"\",\"line-height\":\"\"}'  style=\"\">Aplikimi: Mistri<\/h3><\/div> <!-- header --><\/div> <!-- aio-icon-box --><\/div> <!-- aio-icon-component -->[\/vc_column_inner][\/vc_row_inner][\/vc_column][\/vc_row]<\/p>\n<\/div>","protected":false},"excerpt":{"rendered":"<p>[vc_row css=&#8221;.vc_custom_1683099634441{padding-bottom: 30px !important;}&#8221;][vc_column width=&#8221;2\/3&#8243;][vc_custom_heading text=&#8221;ISOFLEX-PU 550&#8243; font_container=&#8221;tag:h2|font_size:50|text_align:left&#8221; use_theme_fonts=&#8221;yes&#8221; link=&#8221;|title:AQUAMAT%20-%20SUPERELASTIC||&#8221;][\/vc_column][\/vc_row][vc_row][vc_column width=&#8221;1\/2&#8243;][vc_single_image image=&#8221;8178&#8243; img_size=&#8221;full&#8221;][\/vc_column][vc_column width=&#8221;1\/2&#8243;][vc_column_text]ISOFLEX-PU 550 \u00ebsht\u00eb nj\u00eb material i l\u00ebngsh\u00ebm me dy p\u00ebrb\u00ebr\u00ebs poliuretanik, hidroizolues. Bazohet n\u00eb rr\u00ebshir\u00eb hidrofobe dhe poliuretanike me rezistenc\u00eb t\u00eb p\u00ebrkryer mekanike, kimike dhe termike. Krijon nj\u00eb shtres\u00eb uniforme, elastike, hidroizoluese, t\u00eb dep\u00ebrtueshme nga avulli e cila nuk krijon bashkime ose&hellip;<\/p>\n","protected":false},"author":2,"featured_media":0,"parent":0,"menu_order":0,"comment_status":"closed","ping_status":"closed","template":"","meta":{"footnotes":""},"class_list":["post-10023","page","type-page","status-publish","hentry","description-off"],"_links":{"self":[{"href":"https:\/\/aedcolor.com\/index.php\/wp-json\/wp\/v2\/pages\/10023","targetHints":{"allow":["GET"]}}],"collection":[{"href":"https:\/\/aedcolor.com\/index.php\/wp-json\/wp\/v2\/pages"}],"about":[{"href":"https:\/\/aedcolor.com\/index.php\/wp-json\/wp\/v2\/types\/page"}],"author":[{"embeddable":true,"href":"https:\/\/aedcolor.com\/index.php\/wp-json\/wp\/v2\/users\/2"}],"replies":[{"embeddable":true,"href":"https:\/\/aedcolor.com\/index.php\/wp-json\/wp\/v2\/comments?post=10023"}],"version-history":[{"count":3,"href":"https:\/\/aedcolor.com\/index.php\/wp-json\/wp\/v2\/pages\/10023\/revisions"}],"predecessor-version":[{"id":10028,"href":"https:\/\/aedcolor.com\/index.php\/wp-json\/wp\/v2\/pages\/10023\/revisions\/10028"}],"wp:attachment":[{"href":"https:\/\/aedcolor.com\/index.php\/wp-json\/wp\/v2\/media?parent=10023"}],"curies":[{"name":"wp","href":"https:\/\/api.w.org\/{rel}","templated":true}]}}