{"id":10030,"date":"2023-12-20T14:31:42","date_gmt":"2023-12-20T14:31:42","guid":{"rendered":"https:\/\/aedcolor.com\/?page_id=10030"},"modified":"2023-12-20T14:31:42","modified_gmt":"2023-12-20T14:31:42","slug":"isoflex-pu-540","status":"publish","type":"page","link":"https:\/\/aedcolor.com\/index.php\/isoflex-pu-540\/","title":{"rendered":"ISOFLEX-PU 540"},"content":{"rendered":"<div class=\"wpb-content-wrapper\"><p>[vc_row css=&#8221;.vc_custom_1683099634441{padding-bottom: 30px !important;}&#8221;][vc_column width=&#8221;2\/3&#8243;][vc_custom_heading text=&#8221;ISOFLEX-PU 540&#8243; font_container=&#8221;tag:h2|font_size:50|text_align:left&#8221; use_theme_fonts=&#8221;yes&#8221; link=&#8221;|title:AQUAMAT%20-%20SUPERELASTIC||&#8221;][\/vc_column][\/vc_row][vc_row][vc_column width=&#8221;1\/2&#8243;][vc_single_image image=&#8221;8164&#8243; img_size=&#8221;full&#8221;][\/vc_column][vc_column width=&#8221;1\/2&#8243;][vc_column_text]<strong><span style=\"color: #000000;\">ISOFLEX-PU 540 \u00ebsht\u00eb nj\u00eb membran\u00eb hidroizoluese e l\u00ebngshme poliuretani me nj\u00eb p\u00ebrb\u00ebr\u00ebs.<\/span><\/strong><\/p>\n<ul>\n<li><span style=\"color: #000000;\">Bazuar n\u00eb rr\u00ebshirat e pastra elastomerike, poliuretani hidrofobike, i ofron produktit veti t\u00eb larta mekanike dhe kimike.\u00a0<\/span><\/li>\n<li><span style=\"color: #000000;\">Formon nj\u00eb membran\u00eb t\u00eb qet\u00eb, pa nyje, elastike, t\u00eb pap\u00ebrshkueshme nga uji dhe t\u00eb p\u00ebrshkueshme nga avujt.<\/span><\/li>\n<li><span style=\"color: #000000;\">Ka ngjitje t\u00eb shk\u00eblqyer me nj\u00eb s\u00ebr\u00eb n\u00ebnshtresash, si betoni, mall\u00eb cimentoje dhe membrana hidroizoluese t\u00eb l\u00ebngshme akrilike ose hibride ekzistuese.<\/span><\/li>\n<li><span style=\"color: #000000;\">Aplikohet edhe p\u00ebr n\u00ebnshtresa t\u00eb parregullta.<\/span><\/li>\n<\/ul>\n<p><span style=\"color: #000000;\">Certifikuar sipas EN 1504-2 dhe klasifikuar si veshje per mbrojtjen e siperfaqes se betonit. Nr. Certifikate: 2032-CPR-10.11. Shenja CE.<\/span><br \/>\n<span style=\"color: #000000;\">ISOFLEX-PU 540 \u00ebsht\u00eb i p\u00ebrshtatsh\u00ebm p\u00ebr hidroizolim:<\/span><\/p>\n<ul>\n<li><span style=\"color: #000000;\">N\u00ebn pllaka n\u00eb zonat e lagura (banjo dhe kuzhina), ballkone, dhoma ndihm\u00ebse etj., p\u00ebr sa koh\u00eb q\u00eb n\u00eb shtres\u00ebn e fundit t\u00eb saj \u00ebsht\u00eb transmetuar m\u00eb par\u00eb r\u00ebr\u00eb kuarci.<\/span><\/li>\n<li><span style=\"color: #000000;\">Catit\u00eb e sheshta dhe ballkonet.<\/span><\/li>\n<li><span style=\"color: #000000;\">Catit\u00eb e gjelbra dhe shtret\u00ebrit e luleve.<\/span><\/li>\n<li><span style=\"color: #000000;\">N\u00ebn pllaka termoizoluese n\u00eb cati t\u00eb sheshta.<\/span><\/li>\n<li><span style=\"color: #000000;\">Themelet.<\/span><\/li>\n<\/ul>\n<p><span style=\"color: #000000;\">Kur aplikohet n\u00eb sip\u00ebrfaqe t\u00eb ekspozuara, k\u00ebrkohet p\u00ebrdorimi i veshjes mbrojt\u00ebse TOPCOAT-PU 710 ose TOPCOAT-PU 720.<\/span><\/p>\n<p><strong><span style=\"color: #000000;\">P\u00ebrgatitja e substratit<\/span><\/strong><br \/>\n<span style=\"color: #000000;\">N\u00eb p\u00ebrgjith\u00ebsi, n\u00ebnshtresa duhet t\u00eb jet\u00eb e that\u00eb (p\u00ebrmbajtja e lag\u00ebshtis\u00eb &lt;4%), e past\u00ebr, pa yndyr\u00eb, grimca t\u00eb lirshme, pluhur, etj.<\/span><br \/>\n<em><span style=\"text-decoration: underline;\"><span style=\"color: #000000; text-decoration: underline;\">1.1 N\u00ebnshtresat e betonit<\/span><\/span><\/em><br \/>\n<span style=\"color: #000000;\">Cdo zgav\u00ebr ekzistuese n\u00eb beton duhet t\u00eb riparohet paraprakisht. Plasaritjet e r\u00ebnda n\u00eb n\u00ebnshtres\u00eb duhet t\u00eb pastrohen lokalisht dhe pas 2-3 or\u00ebsh (n\u00eb var\u00ebsi t\u00eb kushteve t\u00eb motit) duhet t\u00eb mbyllen me ngjit\u00ebs poliuretani FLEX PU-30 S ose FLEX PU-50 S. Betoni dhe sip\u00ebrfaqe t\u00eb tjera poroze me p\u00ebrmbajtje lag\u00ebshtie &lt;4 % duhet t\u00eb trajtohet me astar PRIMER-PU 100, me nj\u00eb konsum prej p\u00ebraf\u00ebrsisht 200 g\/m2.<\/span><br \/>\n<span style=\"color: #000000;\">N\u00ebnshtresat me p\u00ebrmbajtje lag\u00ebshtie &gt; 4% duhet t\u00eb shtrohen me astar special PRIMER-PU 140, me konsum 100-250 g\/m2.<\/span><\/p>\n<p><em><span style=\"text-decoration: underline;\"><span style=\"color: #000000; text-decoration: underline;\">1.2. N\u00ebnshtresa t\u00eb l\u00ebmuara dhe jo absorbuese<\/span><\/span><\/em><br \/>\n<span style=\"color: #000000;\">Sip\u00ebrfaqet e l\u00ebmuara dhe jo absorbuese, membranat hidroizoluese bituminoze t\u00eb veshura me granula dhe membranat ekzistuese hidroizoluese t\u00eb l\u00ebngshme akrilike ose hibride duhet t\u00eb pastrohen me astar epoksi me baz\u00eb uji EPOXYPRIMER-500, i holluar me uj\u00eb deri n\u00eb 30% ndaj pesh\u00ebs. Produkti aplikohet me furc\u00eb ose rul n\u00eb nj\u00eb shtres\u00eb.<\/span><br \/>\n<span style=\"color: #000000;\">Konsumi: 150-200 g\/m2.<\/span><br \/>\n<span style=\"color: #000000;\">N\u00eb var\u00ebsi t\u00eb kushteve t\u00eb motit, ISOFLEX-PU 540 aplikohet brenda 24-48 or\u00ebve nga mbushja, sapo p\u00ebrmbajtja e lag\u00ebshtis\u00eb bie n\u00ebn 4%.<\/span><\/p>\n<p><strong><span style=\"color: #000000;\">Aplikimi &#8211; Konsumi<\/span><\/strong><br \/>\n<span style=\"color: #000000;\">P\u00ebrpara aplikimit rekomandohet t\u00eb p\u00ebrzieni pak ISOFLEX-PU 540\u00a0 derisa t\u00eb krijohet nj\u00eb p\u00ebrzierje homogjene. P\u00ebr t\u00eb parandaluar bllokimin e ajrit duhet t\u00eb shmanget trazimi i gjer\u00eb.<\/span><br \/>\n<em><span style=\"text-decoration: underline;\"><span style=\"color: #000000; text-decoration: underline;\">a)Hidroizolim n\u00eb sip\u00ebrfaqe t\u00eb plot\u00eb<\/span><\/span><\/em><br \/>\n<span style=\"color: #000000;\">ISOFLEX-PU 540 aplikohet me furc\u00eb ose rul n\u00eb dy shtres. Shtresa e par\u00eb aplikohet 2-3 or\u00eb pas astarit dhe nd\u00ebrkoh\u00eb q\u00eb PRIMER-PU 100 \u00ebsht\u00eb ende ngjit\u00ebse. Shtresa e dyt\u00eb duhet t\u00eb aplikohet n\u00eb m\u00ebnyr\u00eb ende ngjit\u00ebse. Shtresa e dyt\u00eb duhet t\u00eb aplikohet n\u00eb m\u00ebnyr\u00eb t\u00ebrthore pas 8-24 or\u00ebsh, n\u00eb var\u00ebsi t\u00eb kushteve t\u00eb motit. Konsumi: 1,2-1,5 kg\/m2, n\u00eb var\u00ebsi t\u00eb n\u00ebnshtres\u00ebs. N\u00eb rast se ka carje t\u00eb dendura dhe t\u00eb shumta n\u00eb t\u00eb gjith\u00eb sip\u00ebrfaqen, rekomandohet fuqimisht p\u00ebrforcimi i plot\u00eb i membran\u00ebs ISOFLEX-PU 540 me shirita prej 100 cm t\u00eb gjera prej leshi poliesteri (60 g\/m2). K\u00ebto shiritat\u00eb vendosur duhet t\u00eb mbivendosen me 5-10 cm. N\u00eb at\u00eb rast, 2-3 or\u00eb pas astarit, aplikohet shtresa e par\u00eb e ISOFLEX-PU 540 duke mbuluar armatur\u00ebn n\u00eb nj\u00eb gjer\u00ebsi prej 100cm dhe sa \u00ebsht\u00eb ende e fresk\u00ebt, futet nj\u00eb rrip prej leshi poliest\u00ebr. I nj\u00ebjti proces aplikohet\u00a0 shtresa e par\u00eb e ISOFLEX-PU 540 duke mbuluar armatur\u00ebn n\u00eb nj\u00eb gjer\u00ebsi prej 100 cm dhe sa \u00ebsht\u00eb ende e fresk\u00ebt, futet nj\u00eb rrip prej leshi poliest\u00ebr. I nj\u00ebjti proces aplikimi ndiqet n\u00eb sip\u00ebrfaqen e mbetur. DY shtresa shtes\u00eb ISOFLEX-PU 540 aplikohen n\u00eb t\u00eb gjith\u00eb sip\u00ebrfaqen.\u00a0<\/span><br \/>\n<span style=\"color: #000000;\">Konsumi: 2.50 kg\/m2, n\u00eb var\u00ebsi t\u00eb n\u00ebnshtres\u00ebs.<\/span><br \/>\n<em><span style=\"text-decoration: underline;\"><span style=\"color: #000000; text-decoration: underline;\">b) Hidroizolim lokali i plasaritjeve<\/span><\/span><\/em><br \/>\n<span style=\"color: #000000;\">N\u00eb k\u00ebt\u00eb rast, astari aplikohet n\u00eb n\u00ebnshtres\u00eb vet\u00ebm n\u00ebp\u00ebr t\u00eb cara, n\u00eb nj\u00eb gjer\u00ebsi prej 10-12 cm. Dy-tre or\u00eb pas astarit, aplikohet shtresa e par\u00eb ISOFLEX-PU 540 dhe nd\u00ebrsa \u00ebsht\u00eb ende i fresk\u00ebt, nj\u00eb rrip leshi prej 10 cm i gjer\u00eb (60 g\/m2) futet p\u00ebr s\u00eb gjati. M\u00eb pas, dy shtresa shtes\u00eb ISOFLEX-PU 540 aplikohen p\u00ebrgjat\u00eb carjeve duke mbuluar plot\u00ebsisht armatur\u00ebn.<\/span><br \/>\n<em><span style=\"text-decoration: underline;\"><span style=\"color: #000000; text-decoration: underline;\">c) Hidroizolim n\u00ebn pllaka<\/span><\/span><\/em><br \/>\n<span style=\"color: #000000;\">ISOFLEX-PU 540 aplikohet me furc\u00eb ose rul n\u00eb dy shtresa. ISOFLEX-PU 540 duhet t\u00eb p\u00ebrforcohet lokalisht p\u00ebrgjat\u00eb fugave dhe kryq\u00ebzimeve mur-dysheme duke vendosur nj\u00eb shirit prej leshi prej poliester 10 cm t\u00eb gjer\u00eb n\u00eb shtres\u00ebn e tij t\u00eb par\u00eb, nd\u00ebrsa \u00ebsht\u00eb ende i fresk\u00ebt. Pas aplikimit t\u00eb shtres\u00ebs p\u00ebrfundimtare dhe sa \u00ebsht\u00eb ende i fresk\u00ebt, duhet t\u00eb transmetohet r\u00ebr\u00eb kuarci. R\u00ebra e kuarcit duhet t\u00eb jet\u00eb plot\u00ebsisht e that\u00eb. Konsumi i r\u00ebr\u00ebs kuarci: p\u00ebraf\u00ebrsisht. 3 kg\/m2.<\/span><br \/>\n<span style=\"color: #000000;\">Pas 24 or\u00ebsh, cdo kokrriz\u00eb e lirshme duhet t\u00eb hiqet me nj\u00eb fshes\u00eb me korrent me thithje t\u00eb lart\u00eb. Pllakat duhet t\u00eb fiksohen me nj\u00eb ngjit\u00ebs pllakash me performanc\u00eb t\u00eb lart\u00eb, t\u00eb modifikuar me polimer, si ISOMAT AK-22, ISOMAT AK-23 XXL, ISOMAT AK-25, ISOMAT AK-ELASTIC dhe ISOMAT AK-MEGARAPID.<\/span>[\/vc_column_text][vc_row_inner][vc_column_inner width=&#8221;1\/2&#8243;]<div class=\"standard-arrow bullet-top\"><ul>\n<li><span style=\"color: #000000;\"><span style=\"color: #000000;\">N\u00eb rast aplikimi me sp\u00ebrkatje, mund t\u00eb hollohet, n\u00eb var\u00ebsi t\u00eb kushteve t\u00eb motit, derisa n\u00eb 10%, vet\u00ebm me tret\u00ebsin special SM-28.<\/span><\/span><\/li>\n<li><span style=\"color: #000000;\">ISOFLEX-PU 540 nuk \u00ebsht\u00eb i p\u00ebrshtatsh\u00ebm p\u00ebr kontakt me ujin e trajtuar kimikisht t\u00eb pishinave.<\/span><\/li>\n<li><span style=\"color: #000000;\">Temperatura gjat\u00eb aplikimit dhe ngurt\u00ebsimit t\u00eb produktit duhet t\u00eb jet\u00eb ndvrmjet +8 oC dhe +35 oC.<\/span><\/li>\n<li><span style=\"color: #000000;\">Konsumi i ISOFLEX-PU 540 nuk duhet t\u00eb kaloj\u00eb 750 g\/m2 p\u00ebr shtres\u00eb.<\/span><\/li>\n<\/ul>\n<\/div>[\/vc_column_inner][vc_column_inner width=&#8221;1\/2&#8243;]<div class=\"standard-arrow bullet-top\"><ul>\n<li><span style=\"color: #000000;\"><span style=\"color: #000000;\">Kur aplikohet n\u00eb sip\u00ebrfaqe t\u00eb ekspozuara, k\u00ebrkohet p\u00ebrdorimi i veshjes mbrojt\u00ebse TOPCOAT-PU 720 me konsum 250-350 g\/m2 p\u00ebr dy shtresa.<\/span><\/span><\/li>\n<li><span style=\"color: #000000;\">Kontenier\u00ebt e hapur duhet t\u00eb p\u00ebrdoren menj\u00ebher\u00eb dhe nuk mund t\u00eb ruhen s\u00ebrish.<\/span><\/li>\n<li><span style=\"color: #000000;\">ISOFLEX-PU 540 \u00ebsht\u00eb menduar vet\u00ebm p\u00ebr p\u00ebrdorim profesional.<\/span><\/li>\n<\/ul>\n<\/div>[\/vc_column_inner][\/vc_row_inner][vc_row_inner css=&#8221;.vc_custom_1683100048912{padding-top: 20px !important;}&#8221;][vc_column_inner width=&#8221;1\/2&#8243;]<div class=\"aio-icon-component    style_1\"><div id=\"Info-box-wrap-8716\" class=\"aio-icon-box default-icon\" style=\"\"  ><div class=\"aio-icon-default\"><div class=\"ult-just-icon-wrapper  \"><div class=\"align-icon\" style=\"text-align:center;\">\n<div class=\"aio-icon-img \" style=\"font-size:65px;display:inline-block;\" >\n\t<img decoding=\"async\" class=\"img-icon\" alt=\"null\" src=\"https:\/\/aedcolor.com\/wp-content\/uploads\/2023\/05\/image-2.png\"\/>\n<\/div><\/div><\/div><\/div><div class=\"aio-icon-header\" ><h3 class=\"aio-icon-title ult-responsive\"  data-ultimate-target='#Info-box-wrap-8716 .aio-icon-title'  data-responsive-json-new='{\"font-size\":\"\",\"line-height\":\"\"}'  style=\"\">Sip\u00ebrfaqe: Beton<\/h3><\/div> <!-- header --><\/div> <!-- aio-icon-box --><\/div> <!-- aio-icon-component -->[\/vc_column_inner][vc_column_inner width=&#8221;1\/2&#8243;]<div class=\"aio-icon-component    style_1\"><div id=\"Info-box-wrap-6503\" class=\"aio-icon-box default-icon\" style=\"\"  ><div class=\"aio-icon-default\"><div class=\"ult-just-icon-wrapper  \"><div class=\"align-icon\" style=\"text-align:center;\">\n<div class=\"aio-icon-img \" style=\"font-size:65px;display:inline-block;\" >\n\t<img decoding=\"async\" class=\"img-icon\" alt=\"null\" src=\"https:\/\/aedcolor.com\/wp-content\/uploads\/2023\/05\/image-1.png\"\/>\n<\/div><\/div><\/div><\/div><div class=\"aio-icon-header\" ><h3 class=\"aio-icon-title ult-responsive\"  data-ultimate-target='#Info-box-wrap-6503 .aio-icon-title'  data-responsive-json-new='{\"font-size\":\"\",\"line-height\":\"\"}'  style=\"\">Aplikimi: Mistri<\/h3><\/div> <!-- header --><\/div> <!-- aio-icon-box --><\/div> <!-- aio-icon-component -->[\/vc_column_inner][\/vc_row_inner][\/vc_column][\/vc_row]<\/p>\n<\/div>","protected":false},"excerpt":{"rendered":"<p>[vc_row css=&#8221;.vc_custom_1683099634441{padding-bottom: 30px !important;}&#8221;][vc_column width=&#8221;2\/3&#8243;][vc_custom_heading text=&#8221;ISOFLEX-PU 540&#8243; font_container=&#8221;tag:h2|font_size:50|text_align:left&#8221; use_theme_fonts=&#8221;yes&#8221; link=&#8221;|title:AQUAMAT%20-%20SUPERELASTIC||&#8221;][\/vc_column][\/vc_row][vc_row][vc_column width=&#8221;1\/2&#8243;][vc_single_image image=&#8221;8164&#8243; img_size=&#8221;full&#8221;][\/vc_column][vc_column width=&#8221;1\/2&#8243;][vc_column_text]ISOFLEX-PU 540 \u00ebsht\u00eb nj\u00eb membran\u00eb hidroizoluese e l\u00ebngshme poliuretani me nj\u00eb p\u00ebrb\u00ebr\u00ebs. Bazuar n\u00eb rr\u00ebshirat e pastra elastomerike, poliuretani hidrofobike, i ofron produktit veti t\u00eb larta mekanike dhe kimike.\u00a0 Formon nj\u00eb membran\u00eb t\u00eb qet\u00eb, pa nyje, elastike, t\u00eb pap\u00ebrshkueshme nga uji dhe&hellip;<\/p>\n","protected":false},"author":2,"featured_media":0,"parent":0,"menu_order":0,"comment_status":"closed","ping_status":"closed","template":"","meta":{"footnotes":""},"class_list":["post-10030","page","type-page","status-publish","hentry","description-off"],"_links":{"self":[{"href":"https:\/\/aedcolor.com\/index.php\/wp-json\/wp\/v2\/pages\/10030","targetHints":{"allow":["GET"]}}],"collection":[{"href":"https:\/\/aedcolor.com\/index.php\/wp-json\/wp\/v2\/pages"}],"about":[{"href":"https:\/\/aedcolor.com\/index.php\/wp-json\/wp\/v2\/types\/page"}],"author":[{"embeddable":true,"href":"https:\/\/aedcolor.com\/index.php\/wp-json\/wp\/v2\/users\/2"}],"replies":[{"embeddable":true,"href":"https:\/\/aedcolor.com\/index.php\/wp-json\/wp\/v2\/comments?post=10030"}],"version-history":[{"count":1,"href":"https:\/\/aedcolor.com\/index.php\/wp-json\/wp\/v2\/pages\/10030\/revisions"}],"predecessor-version":[{"id":10032,"href":"https:\/\/aedcolor.com\/index.php\/wp-json\/wp\/v2\/pages\/10030\/revisions\/10032"}],"wp:attachment":[{"href":"https:\/\/aedcolor.com\/index.php\/wp-json\/wp\/v2\/media?parent=10030"}],"curies":[{"name":"wp","href":"https:\/\/api.w.org\/{rel}","templated":true}]}}