{"id":10045,"date":"2023-12-22T14:57:02","date_gmt":"2023-12-22T14:57:02","guid":{"rendered":"https:\/\/aedcolor.com\/?page_id=10045"},"modified":"2023-12-26T07:22:35","modified_gmt":"2023-12-26T07:22:35","slug":"isoflex-pas-660","status":"publish","type":"page","link":"https:\/\/aedcolor.com\/index.php\/isoflex-pas-660\/","title":{"rendered":"ISOFLEX-PAS 660"},"content":{"rendered":"<div class=\"wpb-content-wrapper\"><p>[vc_row css=&#8221;.vc_custom_1683099634441{padding-bottom: 30px !important;}&#8221;][vc_column width=&#8221;2\/3&#8243;][vc_custom_heading text=&#8221;ISOFLEX-PAS 660&#8243; font_container=&#8221;tag:h2|font_size:50|text_align:left&#8221; use_theme_fonts=&#8221;yes&#8221; link=&#8221;|title:AQUAMAT%20-%20SUPERELASTIC||&#8221;][\/vc_column][\/vc_row][vc_row][vc_column width=&#8221;1\/2&#8243;][vc_single_image image=&#8221;8195&#8243; img_size=&#8221;full&#8221;][\/vc_column][vc_column width=&#8221;1\/2&#8243;][vc_column_text]<strong><span style=\"color: #000000;\">ISOFLEX-PAS 660 \u00ebsht\u00eb nj\u00eb membran\u00eb hidroizoluese poliuree (poliaspartike) me dy komponent\u00eb, alifatike, e aplikuar n\u00eb t\u00eb ftoht\u00eb:<\/span><\/strong><\/p>\n<ul>\n<li><span style=\"color: #000000;\">Bazuar n\u00eb rr\u00ebshir\u00eb elastomerike, hidrofobike, poliaspartike, t\u00eb cilat karakterizohen si rezultat i shk\u00eblqyer mekanik, kimik,termik, UV dhe moti vetit\u00eb e rezistenc\u00ebs.<\/span><\/li>\n<li><span style=\"color: #000000;\">Formon nj\u00eb membran\u00eb t\u00eb vazhdueshme, elastike, t\u00eb pap\u00ebrshkueshme nga uji dhe t\u00eb p\u00ebrshkueshme nga avujt, pa tegela apo nyje.<\/span><\/li>\n<li><span style=\"color: #000000;\">Siguron ngjitje t\u00eb shk\u00eblqyer n\u00eb n\u00ebnshtresa t\u00eb ndryshme, duke p\u00ebrfshir\u00eb betonin, mall\u00ebn e cimentos, drurin dhe membranat hidroizoluese t\u00eb l\u00ebngshme akrilike ose hibride ekzistuese.<\/span><\/li>\n<li><span style=\"color: #000000;\">Aplikohet edhe p\u00ebr n\u00ebnshtresa t\u00eb paregullta.<\/span><\/li>\n<li><span style=\"color: #000000;\">Nuk zverdhet, q\u00eb do t\u00eb thot\u00eb se \u00ebsht\u00eb i q\u00ebndruesh\u00ebm me ngjyra dhe nuk k\u00ebrkon ndonj\u00eb shtres\u00eb shtes\u00eb.<\/span><\/li>\n<\/ul>\n<p><span style=\"color: #000000;\">Certifikuar sipas EN 1504-02 dhe klasifikuar si veshje p\u00ebr mbrojtjen e sip\u00ebrfaqes s\u00eb betonit.<\/span><br \/>\n<span style=\"color: #000000;\">ISOFLEX-PAS 660 \u00ebsht\u00eb ideal p\u00ebr hidroizolim:<\/span><\/p>\n<ul>\n<li><span style=\"color: #000000;\">catit\u00eb e sheshta dhe ballkonet, si nj\u00eb membran\u00eb hidroizoluese e ekspozuar<\/span><\/li>\n<li><span style=\"color: #000000;\">n\u00ebn shtresat e pllakave n\u00eb kuzhina, banja, ballkone dhe cati t\u00eb sheshta, p\u00ebr aq koh\u00eb sa n\u00eb shtres\u00ebn e fundit t\u00eb saj \u00ebsht\u00eb transmetuar r\u00ebra kuarc<\/span><\/li>\n<li><span style=\"color: #000000;\">n\u00ebn pllaka termoizoluese n\u00eb cati t\u00eb sheshta<\/span><\/li>\n<li><span style=\"color: #000000;\">n\u00eb sistemet e parkimit t\u00eb hapur<\/span><\/li>\n<li><span style=\"color: #000000;\">pllaka gipsi dhe cimentoje<\/span><\/li>\n<li><span style=\"color: #000000;\">shtresa t\u00eb vjetra membranash bituminoze<\/span><\/li>\n<li><span style=\"color: #000000;\">shkum\u00eb poliuretani<\/span><\/li>\n<li><span style=\"color: #000000;\">sip\u00ebrfaqq metalike<\/span><\/li>\n<\/ul>\n<p><strong><span style=\"color: #000000;\">P\u00ebrgatitja e substratit<\/span><\/strong><br \/>\n<span style=\"color: #000000;\">N\u00eb p\u00ebrgjith\u00ebsi, n\u00ebnshtresa duhet t\u00eb jet\u00eb e that\u00eb (p\u00ebrmbajtja e lag\u00ebshtis\u00eb &lt;4%) dhe pa yndyr\u00eb, grimca t\u00eb lirshme, pluhur etj.<\/span><\/p>\n<p><em><span style=\"text-decoration: underline;\"><span style=\"color: #000000; text-decoration: underline;\">1.1. Sip\u00ebrfaqet e betoni<\/span><\/span><\/em><br \/>\n<span style=\"color: #000000;\">Cdo zgav\u00ebr ekzistuese n\u00eb beton duhet t\u00eb riparohet paraprakisht. Plasaritjet e r\u00ebnda duhet t\u00eb p\u00ebrgatiten lokalisht dhe pas 2-3 or\u00ebsh (n\u00eb var\u00ebsi t\u00eb kushteve t\u00eb motit)\u00a0 duhet t\u00eb mbyllen me ngjit\u00ebs poliuretani FLEX-PU 30 S ose FLEX PU-50 S. Sip\u00ebrfaqet e betonit dhe t\u00eb tjera poroze me p\u00ebrmbajtje lag\u00ebshtie &lt;4 % duhet t\u00eb jen\u00eb trajtuar me primer special PRIMER-PU 100, me nj\u00eb konsum prej p\u00ebraf\u00ebrsisht 200 g\/m2. Sip\u00ebrfaqet me p\u00ebrmbajtje lag\u00ebshtie &gt;4% duhet t\u00eb astarohen me astarin special poliuretani me dy p\u00ebrb\u00ebr\u00ebs PRIMER-PU 140, me konsum 100-250 g\/m2. N\u00eb var\u00ebsi t\u00eb kushteve t\u00eb motit, ISOFLEX-PAS 660 aplikohet brenda 4-5 or\u00ebve nga mbushja dhe sapo p\u00ebrgatitja e lag\u00ebshtis\u00eb bie n\u00ebn 4%.<\/span><\/p>\n<p><em><span style=\"text-decoration: underline;\"><span style=\"color: #000000; text-decoration: underline;\">1.2. Sip\u00ebrfaqe t\u00eb l\u00ebmuara &#8211; jo absorbuese<\/span><\/span><\/em><br \/>\n<span style=\"color: #000000;\">Sip\u00ebrfaqet e l\u00ebmuara dhe jo absorbuese, membranat hidroizoluese bituminoze t\u00eb veshura me granula dhe membranat ekzistuese hidroizoluese t\u00eb l\u00ebngshme akrilike ose hibride duhet t\u00eb pastrohen me astarin epoksi me baz\u00eb uji EPOXYPRIMER-500, i holluar me uj\u00eb deri n\u00eb 30% ndaj pesh\u00ebs. Produkti aplikohet me furc\u00eb ose rul n\u00eb nj\u00eb shtres\u00eb.\u00a0<\/span><br \/>\n<span style=\"color: #000000;\">Konsumi: 150-200 g\/m2.<\/span><br \/>\n<span style=\"color: #000000;\">N\u00eb var\u00ebsi t\u00eb kushteve t\u00eb motit, ISOFLEXPAS 660 aplikohet brenda 24-38 or\u00ebve nga mbushja, sapo p\u00ebrmbajtja e lag\u00ebshtis\u00eb t\u00eb bjer\u00eb n\u00ebn 4%<\/span><\/p>\n<p><span style=\"color: #000000;\">1.3. Sip\u00ebrfaqet metalike duhet t\u00eb jen\u00eb:<\/span><\/p>\n<ul>\n<li><span style=\"color: #000000;\">E that\u00eb dhe e q\u00ebndrueshme.<\/span><\/li>\n<li><span style=\"color: #000000;\">Pa materiale q\u00eb mund t\u00eb d\u00ebmtojn\u00eb ngjitjen, p.sh. pluhuri, grimcat e lirshme, yndyrat, ndryshku, kokrrizat, etj. q\u00eb mund t\u00eb d\u00ebmtojn\u00eb ngjitjen.<\/span><\/li>\n<\/ul>\n<p><span style=\"color: #000000;\">Sip\u00ebrfaqet metalike, t\u00eb p\u00ebrgatitura me furc\u00eb, f\u00ebrkimi, sp\u00ebrkatje, etj., dhe m\u00eb pas pastruar plot\u00ebsisht nga pluhuri, mbushen me shtres\u00eb epokside kund\u00ebr korrozionit EPOXYCOAT-AC n\u00eb nj\u00eb ose dy shtresa. EPOXYCOAT-AC aplikohet me rul furc\u00eb ose llak. Shtresa e dyt\u00eb vijon pasi t\u00eb jet\u00eb thar\u00eb e para, por brenda 24 or\u00ebve. Konsumi: 150-200 g\/m2\/shtres\u00eb. Aplikimi i ISOFLEX-PAS 660 duhet t\u00eb vijoj\u00eb brenda 24-48 or\u00ebve t\u00eb ardhshme.<\/span><br \/>\n<strong><span style=\"color: #000000;\">Aplikimi &#8211; Konsumi<\/span><\/strong><br \/>\n<span style=\"color: #000000;\">P\u00ebrb\u00ebr\u00ebsi A (rr\u00ebshira) dhe B (forcuesi) paketohen n\u00eb dy kontenier\u00eb t\u00eb vecant\u00eb, n\u00eb raportin e duhur t\u00eb p\u00ebrzierjes s\u00eb paracaktuar ndaj pesh\u00ebs. N\u00eb fillim, p\u00ebrb\u00ebr\u00ebsi A duhet t\u00eb p\u00ebrzihet. M\u00eb pas,\u00a0 i gjith\u00eb komponenti B i shtohet komponentit A dhe t\u00eb dy p\u00ebrb\u00ebr\u00ebsit p\u00ebrzihen p\u00ebr rreth 3 minuta me nj\u00eb mikser me shpejt\u00ebsi t\u00eb ul\u00ebt (300 rpm). \u00cbsht\u00eb e r\u00ebnd\u00ebsishme q\u00eb p\u00ebrzierja t\u00eb p\u00ebrzihet t\u00ebr\u00ebsisht pran\u00eb mureve dhe n\u00eb fund t\u00eb en\u00ebs p\u00ebr t\u00eb arritur shp\u00ebrndarje uniforme t\u00eb ngurt\u00ebsuesit.<\/span><\/p>\n<p><em><span style=\"text-decoration: underline;\"><span style=\"color: #000000; text-decoration: underline;\">a) Hidroizolim n\u00eb sip\u00ebrfaqe t\u00eb plot\u00eb<\/span><\/span><\/em><br \/>\n<span style=\"color: #000000;\">ISOFLEX-PAS 660 aplikohet me furc\u00eb ose rul n\u00eb dy shtresa. Shtresa e dyt\u00eb duhet t\u00eb aplikohet n\u00eb m\u00ebnyr\u00eb t\u00ebrthore pas 8-24 or\u00ebsh, n\u00eb var\u00ebsi t\u00eb kushteve t\u00eb motit.\u00a0<\/span><br \/>\n<span style=\"color: #000000;\">Konsumi: 1,0-1,5 kg\/m2, n\u00eb var\u00ebsi t\u00eb llojit t\u00eb n\u00ebnshtres\u00ebs.<\/span><br \/>\n<span style=\"color: #000000;\">N\u00eb zonat me plasaritje intensive, rekomandohet t\u00eb p\u00ebrforcohet lokalisht ISOFLEX-PAS 660 me nj\u00eb shirit leshi prej poliesteri 10 cm t\u00eb gjer\u00eb (60 g\/m2) p\u00ebrgjat\u00eb carjeve. N\u00eb at\u00eb rast, sapo t\u00eb jet\u00eb thar\u00eb astari, shtresa e par\u00eb e ISOFLEX-PAS 660 aplikohet p\u00ebrgjat\u00eb carjeve dhe nd\u00ebrsa \u00ebsht\u00eb ende e fresk\u00ebt, rripi i leshit prej poliesteri 10 cm i gjer\u00eb futet p\u00ebr s\u00eb gjati. M\u00eb pas, dy shtresa shtes\u00eb ISOFLEX-PAS 660 aplikohet n\u00eb t\u00eb gjith\u00eb sip\u00ebrfaqen.<\/span><br \/>\n<span style=\"color: #000000;\">Konsumi: 2,0-2,25 kg\/m2, n\u00eb var\u00ebsi t\u00eb llojit t\u00eb substratit. N\u00eb k\u00ebt\u00eb rast se ka carje t\u00eb dendura dhe t\u00eb shum\u00ebfishta n\u00eb t\u00eb gjith\u00eb sip\u00ebrfaqen, rekomandohet fuqimisht q\u00eb membrana ISOFLEX-PAS 660 t\u00eb p\u00ebrforcohet plot\u00ebsisht me shirita 100 cm t\u00eb gjera prej leshi poliesteri (60 g\/m2). K\u00ebto shirita t\u00eb vendosur duhet t\u00eb mbivendosen me 5-10 cm.<br \/>\nN\u00eb at\u00eb rast, pas astarit, aplikohet shtresa e par\u00eb e ISOFLEX-PAS 660 dhe nd\u00ebrsa \u00ebsht\u00eb ende e fresk\u00ebt, futet nj\u00eb rrip prej leshi poliesteri (100 cm i gjer\u00eb). I nj\u00ebjti proces aplikimi ndiqet n\u00eb sip\u00ebrfaqen e mbetur. M\u00eb pas, dy shirita shtes\u00eb ISOFLEX-PAS 660 aplikohet n\u00eb t\u00eb gjith\u00eb sip\u00ebrfaqen.<br \/>\nKonsumi: &gt;2.50 kg\/m2, n\u00eb var\u00ebsi t\u00eb llojit t\u00eb n\u00ebnshtres\u00ebs.<br \/>\nb) Hidroizolim lokal i plasaritjeve<br \/>\nN\u00eb k\u00ebt\u00eb rast, astari aplikohet n\u00eb n\u00ebnshtres\u00eb vet\u00ebm p\u00ebrgjat\u00eb carjeve, n\u00eb gjer\u00ebsi 10-12 cm. Pas astarit, aplikohet shtresa e par\u00eb ISOFLEX-PAS 660 dhe nd\u00ebrsa \u00ebsht\u00eb ende e fresk\u00ebt, vendoset nj\u00eb rrip leshi prej poliesteri 10 cm i gjer\u00eb (60 g\/m2) p\u00ebr s\u00eb gjati<\/span>[\/vc_column_text][vc_row_inner][vc_column_inner width=&#8221;1\/2&#8243;]<div class=\"standard-arrow bullet-top\"><ul>\n<li><span style=\"color: #000000;\"><span style=\"color: #000000;\">N\u00eb rast aplikimi me sp\u00ebrkatje, mund t\u00eb hollohet vet\u00ebm me tret\u00ebsin special SM-28, deri n\u00eb 10%, n\u00eb var\u00ebsi t\u00eb kushteve t\u00eb motit.<\/span><\/span><\/li>\n<li><span style=\"color: #000000;\">ISOFLEX-PAS 660 nuk \u00ebsht\u00eb i p\u00ebrshtatsh\u00ebm p\u00ebr kontakt me ujin e trajtuar kimikisht t\u00eb pishinave.<\/span><\/li>\n<li><span style=\"color: #000000;\">Temperatura gjat\u00eb aplikimit dhe ngurt\u00ebsimit t\u00eb produktit duhet t\u00eb jet\u00eb nd\u00ebrmjet +5 oC dhe +35 oC.<\/span><\/li>\n<\/ul>\n<\/div>[\/vc_column_inner][vc_column_inner width=&#8221;1\/2&#8243;]<div class=\"standard-arrow bullet-top\"><ul>\n<li><span style=\"color: #000000;\"><span style=\"color: #000000;\">Cdo shtres\u00eb ISOFLEX-PAS 660 nuk duhet t\u00eb kaloj\u00eb 1 kg\/m2.<\/span><\/span><\/li>\n<li><span style=\"color: #000000;\">Kontenier\u00ebt e pambyllur duhet t\u00eb p\u00ebrdoren menj\u00ebher\u00eb dhe nuk mund t\u00eb restaurohen.<\/span><\/li>\n<li><span style=\"color: #000000;\">ISOFLEX-PAS 660 \u00ebsht\u00eb menduar vet\u00ebm p\u00ebr p\u00ebrdorim profesional.<\/span><\/li>\n<\/ul>\n<\/div>[\/vc_column_inner][\/vc_row_inner][vc_row_inner css=&#8221;.vc_custom_1683100048912{padding-top: 20px !important;}&#8221;][vc_column_inner width=&#8221;1\/2&#8243;]<div class=\"aio-icon-component    style_1\"><div id=\"Info-box-wrap-6952\" class=\"aio-icon-box default-icon\" style=\"\"  ><div class=\"aio-icon-default\"><div class=\"ult-just-icon-wrapper  \"><div class=\"align-icon\" style=\"text-align:center;\">\n<div class=\"aio-icon-img \" style=\"font-size:65px;display:inline-block;\" >\n\t<img decoding=\"async\" class=\"img-icon\" alt=\"null\" src=\"https:\/\/aedcolor.com\/wp-content\/uploads\/2023\/05\/image-2.png\"\/>\n<\/div><\/div><\/div><\/div><div class=\"aio-icon-header\" ><h3 class=\"aio-icon-title ult-responsive\"  data-ultimate-target='#Info-box-wrap-6952 .aio-icon-title'  data-responsive-json-new='{\"font-size\":\"\",\"line-height\":\"\"}'  style=\"\">Sip\u00ebrfaqe: Beton<\/h3><\/div> <!-- header --><\/div> <!-- aio-icon-box --><\/div> <!-- aio-icon-component -->[\/vc_column_inner][vc_column_inner width=&#8221;1\/2&#8243;]<div class=\"aio-icon-component    style_1\"><div id=\"Info-box-wrap-6048\" class=\"aio-icon-box default-icon\" style=\"\"  ><div class=\"aio-icon-default\"><div class=\"ult-just-icon-wrapper  \"><div class=\"align-icon\" style=\"text-align:center;\">\n<div class=\"aio-icon-img \" style=\"font-size:65px;display:inline-block;\" >\n\t<img decoding=\"async\" class=\"img-icon\" alt=\"null\" src=\"https:\/\/aedcolor.com\/wp-content\/uploads\/2023\/05\/image-1.png\"\/>\n<\/div><\/div><\/div><\/div><div class=\"aio-icon-header\" ><h3 class=\"aio-icon-title ult-responsive\"  data-ultimate-target='#Info-box-wrap-6048 .aio-icon-title'  data-responsive-json-new='{\"font-size\":\"\",\"line-height\":\"\"}'  style=\"\">Aplikimi: Mistri<\/h3><\/div> <!-- header --><\/div> <!-- aio-icon-box --><\/div> <!-- aio-icon-component -->[\/vc_column_inner][\/vc_row_inner][\/vc_column][\/vc_row]<\/p>\n<\/div>","protected":false},"excerpt":{"rendered":"<p>[vc_row css=&#8221;.vc_custom_1683099634441{padding-bottom: 30px !important;}&#8221;][vc_column width=&#8221;2\/3&#8243;][vc_custom_heading text=&#8221;ISOFLEX-PAS 660&#8243; font_container=&#8221;tag:h2|font_size:50|text_align:left&#8221; use_theme_fonts=&#8221;yes&#8221; link=&#8221;|title:AQUAMAT%20-%20SUPERELASTIC||&#8221;][\/vc_column][\/vc_row][vc_row][vc_column width=&#8221;1\/2&#8243;][vc_single_image image=&#8221;8195&#8243; img_size=&#8221;full&#8221;][\/vc_column][vc_column width=&#8221;1\/2&#8243;][vc_column_text]ISOFLEX-PAS 660 \u00ebsht\u00eb nj\u00eb membran\u00eb hidroizoluese poliuree (poliaspartike) me dy komponent\u00eb, alifatike, e aplikuar n\u00eb t\u00eb ftoht\u00eb: Bazuar n\u00eb rr\u00ebshir\u00eb elastomerike, hidrofobike, poliaspartike, t\u00eb cilat karakterizohen si rezultat i shk\u00eblqyer mekanik, kimik,termik, UV dhe moti vetit\u00eb e rezistenc\u00ebs. Formon nj\u00eb membran\u00eb t\u00eb&hellip;<\/p>\n","protected":false},"author":2,"featured_media":0,"parent":0,"menu_order":0,"comment_status":"closed","ping_status":"closed","template":"","meta":{"footnotes":""},"class_list":["post-10045","page","type-page","status-publish","hentry","description-off"],"_links":{"self":[{"href":"https:\/\/aedcolor.com\/index.php\/wp-json\/wp\/v2\/pages\/10045","targetHints":{"allow":["GET"]}}],"collection":[{"href":"https:\/\/aedcolor.com\/index.php\/wp-json\/wp\/v2\/pages"}],"about":[{"href":"https:\/\/aedcolor.com\/index.php\/wp-json\/wp\/v2\/types\/page"}],"author":[{"embeddable":true,"href":"https:\/\/aedcolor.com\/index.php\/wp-json\/wp\/v2\/users\/2"}],"replies":[{"embeddable":true,"href":"https:\/\/aedcolor.com\/index.php\/wp-json\/wp\/v2\/comments?post=10045"}],"version-history":[{"count":3,"href":"https:\/\/aedcolor.com\/index.php\/wp-json\/wp\/v2\/pages\/10045\/revisions"}],"predecessor-version":[{"id":10050,"href":"https:\/\/aedcolor.com\/index.php\/wp-json\/wp\/v2\/pages\/10045\/revisions\/10050"}],"wp:attachment":[{"href":"https:\/\/aedcolor.com\/index.php\/wp-json\/wp\/v2\/media?parent=10045"}],"curies":[{"name":"wp","href":"https:\/\/api.w.org\/{rel}","templated":true}]}}