{"id":10054,"date":"2023-12-26T13:16:28","date_gmt":"2023-12-26T13:16:28","guid":{"rendered":"https:\/\/aedcolor.com\/?page_id=10054"},"modified":"2023-12-26T13:16:28","modified_gmt":"2023-12-26T13:16:28","slug":"isoflex-pu-570-bt","status":"publish","type":"page","link":"https:\/\/aedcolor.com\/index.php\/isoflex-pu-570-bt\/","title":{"rendered":"ISOFLEX-PU 570 BT"},"content":{"rendered":"<div class=\"wpb-content-wrapper\"><p>[vc_row css=&#8221;.vc_custom_1683099634441{padding-bottom: 30px !important;}&#8221;][vc_column width=&#8221;2\/3&#8243;][vc_custom_heading text=&#8221;ISOFLEX-PU 570 BT&#8221; font_container=&#8221;tag:h2|font_size:50|text_align:left&#8221; use_theme_fonts=&#8221;yes&#8221; link=&#8221;|title:AQUAMAT%20-%20SUPERELASTIC||&#8221;][\/vc_column][\/vc_row][vc_row][vc_column width=&#8221;1\/2&#8243;][vc_single_image image=&#8221;9870&#8243; img_size=&#8221;full&#8221;][\/vc_column][vc_column width=&#8221;1\/2&#8243;][vc_column_text]<span style=\"color: #000000;\"><strong>Membranat hidroizoluese e l\u00ebngshme me nj\u00eb p\u00ebrb\u00ebr\u00ebs t\u00eb bazuar n\u00eb poliuretani dhe rr\u00ebshira bituminoze.<\/strong> Tregon elasticitet dhe forc\u00eb t\u00eb lart\u00eb mekanike dhe rezistenc\u00eb kimike. Ajo ofron p\u00ebrpar\u00ebsit\u00eb e m\u00ebposhtme:<\/span><\/p>\n<ul>\n<li><span style=\"color: #000000;\">Formon nj\u00eb membran\u00eb t\u00eb vazhdueshme, elastike dhe t\u00eb pap\u00ebrshkueshme nga uji, pa tegela apo fuga.<\/span><\/li>\n<li><span style=\"color: #000000;\">Tregon rezistenc\u00eb t\u00eb lart\u00eb mekanike.<\/span><\/li>\n<li><span style=\"color: #000000;\">Ka ngjitje t\u00eb shk\u00eblqyer n\u00eb n\u00ebnshtresa t\u00eb ndryshme, si betoni, mall\u00eb cimentoje, drr, veshje bituminoze dhe sip\u00ebrfaqe celiku.<\/span><\/li>\n<li><span style=\"color: #000000;\">Mund t\u00eb riparohet leht\u00ebsisht n\u00eb vend.<\/span><\/li>\n<li><span style=\"color: #000000;\">Aplikohet edhe p\u00ebr n\u00ebnshtresa t crregullta dhe n\u00eb shtresa t\u00eb trasha.<\/span><\/li>\n<li><span style=\"color: #000000;\">Koha e tharjes s\u00eb shpejt\u00eb.<\/span><\/li>\n<li><span style=\"color: #000000;\">Aft\u00ebsia p\u00ebr tejkalimin e carjeve.<\/span><\/li>\n<li><span style=\"color: #000000;\">Zgjidhje mbyll\u00ebse e nyjeve.<\/span><\/li>\n<li><span style=\"color: #000000;\">Efikasitet i kostos.<\/span><\/li>\n<\/ul>\n<p><span style=\"color: #000000;\">Certifikuar sipas EN 1504-2 dhe klasifikuar si veshje p\u00ebr mbrojtjen e sip\u00ebrfaqes s\u00eb betonit. Shenja CE.<\/span><br \/>\n<span style=\"color: #000000;\">ISOFLEX-PU 570 BT \u00ebsht\u00eb testuar me sukses nga nj\u00eb laborator i pal\u00ebs s\u00eb tret\u00eb p\u00ebr rezistenc\u00ebn ndaj dep\u00ebrtimit t\u00eb rr\u00ebnj\u00ebve, sipas CEN\/TS 14416:2014.<\/span><br \/>\n<span style=\"color: #000000;\">I p\u00ebrshtatsh\u00ebm p\u00ebr hidroizolim:<\/span><\/p>\n<ul>\n<li><span style=\"color: #000000;\">Nd\u00ebrtime n\u00ebntok\u00ebsore, themele.<\/span><\/li>\n<li><span style=\"color: #000000;\">Catit\u00eb e gjelbra dhe shtret\u00ebrit e luleve.<\/span><\/li>\n<li><span style=\"color: #000000;\">Depozita t\u00eb ujit jo t\u00eb pijsh\u00ebm.<\/span><\/li>\n<li><span style=\"color: #000000;\">Kanalet e ujitjes.<\/span><\/li>\n<li><span style=\"color: #000000;\">N\u00ebn pllaka n\u00eb kuzhina, banjo, ballkone, cati t\u00eb sheshta dhe tarraca, p\u00ebr aq koh\u00eb sa n\u00eb shtres\u00ebn e fundit t\u00eb saj \u00ebsht\u00eb transmetuar m\u00eb par\u00eb r\u00ebra kuarci.<\/span><\/li>\n<li><span style=\"color: #000000;\">N\u00ebn pllaka termoizoluese n\u00eb cati t\u00eb sheshta.<\/span><\/li>\n<li><span style=\"color: #000000;\">N\u00eb punimet e nd\u00ebrtimit, autostrada, tunele, kuvert\u00eb urash etj.<\/span><\/li>\n<\/ul>\n<p><strong><span style=\"color: #000000;\">P\u00ebrgatitja e substratit<\/span><\/strong><br \/>\n<span style=\"color: #000000;\">N\u00eb p\u00ebrgjith\u00ebsi, n\u00ebnshtresa duhet t\u00eb jet\u00eb e that\u00eb (p\u00ebrmbajtja e lag\u00ebshtis\u00eb &lt;4%) dhe pa yndyr\u00eb, grimca t\u00eb lirshme, pluhur, etj.<\/span><\/p>\n<p><strong><span style=\"color: #000000;\">1.1. N\u00ebnshtresat e betonit<\/span><\/strong><br \/>\n<span style=\"color: #000000;\">Cdo zgav\u00ebr ekzistuese n\u00eb beton duhet t\u00eb riparohet paraprakisht. Plasaritjet e r\u00ebnda n\u00eb n\u00ebnshtres\u00eb duhet t\u00eb pastrohen lokalisht dhe pas 2-3 or\u00ebve (n\u00eb var\u00ebsi t\u00eb kushteve t\u00eb motit) duhet t\u00eb mbyllen me ngjit\u00ebs poliuretani FLEX PU-30 S ose FLEX PU-50 S.<\/span><br \/>\n<span style=\"color: #000000;\">Betoni dhe sip\u00ebrfaqet e tjera poroze duhet t\u00eb trajtohen me astarpoliuretani PRIMER-PU 100, me konsum 200-300 g\/m2. Sip\u00ebrfaqet me p\u00ebrmbajtje lag\u00ebshtie &gt;4% duhet t\u00eb pastrohen me astarin special poliuretani me 2 p\u00ebrb\u00ebr\u00ebs PRIMER-PU 140, me konsum 100-250 g\/m2,<\/span><\/p>\n<p><strong><span style=\"color: #000000;\">1.2. N\u00ebnshtresa t\u00eb l\u00ebmuara dhe jo absorbuese<\/span><\/strong><br \/>\n<span style=\"color: #000000;\">N\u00ebnshtresat dhe membranat bituminoze t\u00eb l\u00ebmuara dhe jo absorbuese duhet t\u00eb pastrohen me astarin epoksid me baz\u00eb uji EPOXYPRIMER-500, i holluar me uj\u00eb deri n\u00eb 30% t\u00eb pesh\u00ebs. Produkti aplikohet me furc\u00eb ose rul n\u00eb nj\u00eb shtres\u00eb.<\/span><br \/>\n<span style=\"color: #000000;\">Konsumi: 150-200 g\/m2. N\u00eb var\u00ebsi t\u00eb kushteve t\u00eb motit, ISOFLEX-PU 570 BT aplikohet brenda 24-48 or\u00ebve nga mbushja, sapo p\u00ebrmbajtja e lag\u00ebshtis\u00eb t\u00eb bjer\u00eb n\u00ebn 4%.<\/span><\/p>\n<p><strong><span style=\"color: #000000;\">1.3. Sip\u00ebrfaqet metalike<\/span><\/strong><br \/>\n<span style=\"color: #000000;\">Sip\u00ebrfaqet metalike duhet t\u00eb jen\u00eb:<\/span><\/p>\n<ul>\n<li><span style=\"color: #000000;\">T\u00eb thata dhe t\u00eb pastra.<\/span><\/li>\n<li><span style=\"color: #000000;\">Pa yndyr\u00eb, grimca t\u00eb lirshme, pluhur, etj. q\u00eb mund t\u00eb d\u00ebmtojn\u00eb ngjitjen.<\/span><\/li>\n<li><span style=\"color: #000000;\">Pa ndryshk ose korrozion q\u00eb mund t\u00eb d\u00ebmtoj\u00eb ngjitjen.<\/span><\/li>\n<\/ul>\n<p><span style=\"color: #000000;\">Sip\u00ebrfaqet metalike, pasi jan\u00eb p\u00ebrgatitur me furc\u00eb, f\u00ebrkim, larje me r\u00ebr\u00eb, etj., dhe m\u00eb pas jan\u00eb pastruar t\u00ebr\u00ebsisht nga pluhuri, pastrohen me veshje epokside kund\u00ebr korrozionit EPOXYCOAT-AC n\u00eb nj\u00eb ose dy shtresa. EPOXYCOAT-AC aplikohet me rul, furc\u00eb ose sp\u00ebrkatje. Shtresa e dyt\u00eb vijon pasi t\u00eb jet\u00eb thar\u00eb e para, por brenda 24 or\u00ebve.<\/span><br \/>\n<span style=\"color: #000000;\">Konsumi: 150-200 g\/m2\/shtres\u00eb.<\/span><br \/>\n<span style=\"color: #000000;\">Aplikimi i ISOFLEX-PU 570 BT duhet t\u00eb vijoj\u00eb brenda 24-48 or\u00ebve t\u00eb ardhshme.<\/span><\/p>\n<p><strong><span style=\"color: #000000;\">Aplikimi &#8211; Konsumi<\/span><\/strong><br \/>\n<span style=\"color: #000000;\">P\u00ebrpara aplikimit, rekomandohet t\u00eb p\u00ebrzieni but\u00ebsisht ISOFLEX-PU 570 BT derisa t\u00eb krijohet nj\u00eb p\u00ebrzierje homogjene. Duhet t\u00eb shmanget p\u00ebrzierja e zgjatur p\u00ebr t\u00eb parandaluar bllokimin e ajrit.<\/span><\/p>\n<p><strong><span style=\"color: #000000;\">a) Hidroizolim n\u00eb sip\u00ebrfaqe t\u00eb plot\u00eb<\/span><\/strong><br \/>\n<span style=\"color: #000000;\">ISOFLEX-PU 570 BT plikohet me furc\u00eb, rul ose mistri 2-3 or\u00eb pas mbushjes dhe nd\u00ebrsa PRIMER-PU 100 \u00ebsht\u00eb ende ngjit\u00ebs. Konsumi: 1,3-2,0 kg\/m2 n\u00eb 2-3 shtresa, n\u00eb var\u00ebsi t\u00eb n\u00ebnshtres\u00ebs.<\/span><\/p>\n<p><strong><span style=\"color: #000000;\">b) Hidroizolim n\u00ebn pllaka<\/span><\/strong><br \/>\n<span style=\"color: #000000;\">Pas aplikimit t\u00eb ISOFLEX-PU 570 BT dhe nd\u00ebrsa \u00ebsht\u00eb ende i fresk\u00ebt, duhet t\u00eb transmetohet r\u00ebra e kuarcit. R\u00ebra e kuarcit duhet t\u00eb jet\u00eb plot\u00ebsisht e that\u00eb. Konsumi i r\u00ebr\u00ebs kuarci: p\u00ebraf\u00ebrsisht 3kg\/m2.<\/span><br \/>\n<span style=\"color: #000000;\">Pas 24 or\u00ebsh, cdo kokrriz\u00eb e lirdhme duhet t\u00eb hiqet me nj\u00eb fshes\u00eb me korrent me thithje t\u00eb lart\u00eb. Gjat\u00eb instalimit t\u00eb pllakave qeramike, rekomandohet p\u00ebrdorimi i ngjit\u00ebsve t\u00eb pllakave t\u00eb modifikuara me performanc\u00eb t\u00eb lart\u00eb t\u00eb polimerit, si ISOMAT AK-22, ISOMAT-AK 23 XXL, ISOMAT AK-25, ISOMAT AK-ELASTIC, ISOMAT AK-MEGARAPID.<\/span>[\/vc_column_text][vc_row_inner][vc_column_inner width=&#8221;1\/2&#8243;]<div class=\"standard-arrow bullet-top\"><ul>\n<li><span style=\"color: #000000;\"><span style=\"color: #000000;\">P\u00ebr aplikim me sp\u00ebrkatje, ISOFLEX-PU 570 BT mund t\u00eb hollohet me nj\u00eb sasi t\u00eb vog\u00ebl t\u00eb tret\u00ebsit special SM-28, n\u00eb var\u00ebsi t\u00eb kushteve t\u00eb motit.<\/span><\/span><\/li>\n<li><span style=\"color: #000000;\">ISOFLEX-PU 570 BT nuk \u00ebsht\u00eb i p\u00ebrshtatsh\u00ebm p\u00ebr kontakt me ujin e trajtuar kimikisht t\u00eb pishinave.<\/span><\/li>\n<li><span style=\"color: #000000;\">Temperatura gjat\u00eb aplikimit dhe ngurt\u00ebsimit t\u00eb produktit duhet t\u00eb jet\u00eb nd\u00ebrmjet +8 oC dhe +35 oC.<\/span><\/li>\n<\/ul>\n<\/div>[\/vc_column_inner][vc_column_inner width=&#8221;1\/2&#8243;]<div class=\"standard-arrow bullet-top\"><ul>\n<li><span style=\"color: #000000;\"><span style=\"color: #000000;\">Konsumi i ISOFLEX-PU 570 BT nuk duhet t\u00eb kaloj\u00eb 1 kg\/m2 p\u00ebr shtres\u00eb.<\/span><\/span><\/li>\n<li><span style=\"color: #000000;\">Kontenier\u00ebt q\u00eb jan\u00eb hapur duhet t\u00eb p\u00ebrdoren menj\u00ebher\u00eb dhe nuk mund t\u00eb restaurohen.<\/span><\/li>\n<li><span style=\"color: #000000;\">ISOFLEX-PU 570 BT \u00ebsht\u00eb menduar vet\u00ebm p\u00ebr p\u00ebrdorim profesional.<\/span><\/li>\n<\/ul>\n<\/div>[\/vc_column_inner][\/vc_row_inner][vc_row_inner css=&#8221;.vc_custom_1683100048912{padding-top: 20px !important;}&#8221;][vc_column_inner width=&#8221;1\/2&#8243;]<div class=\"aio-icon-component    style_1\"><div id=\"Info-box-wrap-9835\" class=\"aio-icon-box default-icon\" style=\"\"  ><div class=\"aio-icon-default\"><div class=\"ult-just-icon-wrapper  \"><div class=\"align-icon\" style=\"text-align:center;\">\n<div class=\"aio-icon-img \" style=\"font-size:65px;display:inline-block;\" >\n\t<img decoding=\"async\" class=\"img-icon\" alt=\"null\" src=\"https:\/\/aedcolor.com\/wp-content\/uploads\/2023\/05\/image-2.png\"\/>\n<\/div><\/div><\/div><\/div><div class=\"aio-icon-header\" ><h3 class=\"aio-icon-title ult-responsive\"  data-ultimate-target='#Info-box-wrap-9835 .aio-icon-title'  data-responsive-json-new='{\"font-size\":\"\",\"line-height\":\"\"}'  style=\"\">Sip\u00ebrfaqe: Beton<\/h3><\/div> <!-- header --><\/div> <!-- aio-icon-box --><\/div> <!-- aio-icon-component -->[\/vc_column_inner][vc_column_inner width=&#8221;1\/2&#8243;]<div class=\"aio-icon-component    style_1\"><div id=\"Info-box-wrap-6482\" class=\"aio-icon-box default-icon\" style=\"\"  ><div class=\"aio-icon-default\"><div class=\"ult-just-icon-wrapper  \"><div class=\"align-icon\" style=\"text-align:center;\">\n<div class=\"aio-icon-img \" style=\"font-size:65px;display:inline-block;\" >\n\t<img decoding=\"async\" class=\"img-icon\" alt=\"null\" src=\"https:\/\/aedcolor.com\/wp-content\/uploads\/2023\/05\/image-1.png\"\/>\n<\/div><\/div><\/div><\/div><div class=\"aio-icon-header\" ><h3 class=\"aio-icon-title ult-responsive\"  data-ultimate-target='#Info-box-wrap-6482 .aio-icon-title'  data-responsive-json-new='{\"font-size\":\"\",\"line-height\":\"\"}'  style=\"\">Aplikimi: Mistri<\/h3><\/div> <!-- header --><\/div> <!-- aio-icon-box --><\/div> <!-- aio-icon-component -->[\/vc_column_inner][\/vc_row_inner][\/vc_column][\/vc_row]<\/p>\n<\/div>","protected":false},"excerpt":{"rendered":"<p>[vc_row css=&#8221;.vc_custom_1683099634441{padding-bottom: 30px !important;}&#8221;][vc_column width=&#8221;2\/3&#8243;][vc_custom_heading text=&#8221;ISOFLEX-PU 570 BT&#8221; font_container=&#8221;tag:h2|font_size:50|text_align:left&#8221; use_theme_fonts=&#8221;yes&#8221; link=&#8221;|title:AQUAMAT%20-%20SUPERELASTIC||&#8221;][\/vc_column][\/vc_row][vc_row][vc_column width=&#8221;1\/2&#8243;][vc_single_image image=&#8221;9870&#8243; img_size=&#8221;full&#8221;][\/vc_column][vc_column width=&#8221;1\/2&#8243;][vc_column_text]Membranat hidroizoluese e l\u00ebngshme me nj\u00eb p\u00ebrb\u00ebr\u00ebs t\u00eb bazuar n\u00eb poliuretani dhe rr\u00ebshira bituminoze. Tregon elasticitet dhe forc\u00eb t\u00eb lart\u00eb mekanike dhe rezistenc\u00eb kimike. Ajo ofron p\u00ebrpar\u00ebsit\u00eb e m\u00ebposhtme: Formon nj\u00eb membran\u00eb t\u00eb vazhdueshme, elastike dhe t\u00eb pap\u00ebrshkueshme nga uji, pa&hellip;<\/p>\n","protected":false},"author":2,"featured_media":0,"parent":0,"menu_order":0,"comment_status":"closed","ping_status":"closed","template":"","meta":{"footnotes":""},"class_list":["post-10054","page","type-page","status-publish","hentry","description-off"],"_links":{"self":[{"href":"https:\/\/aedcolor.com\/index.php\/wp-json\/wp\/v2\/pages\/10054","targetHints":{"allow":["GET"]}}],"collection":[{"href":"https:\/\/aedcolor.com\/index.php\/wp-json\/wp\/v2\/pages"}],"about":[{"href":"https:\/\/aedcolor.com\/index.php\/wp-json\/wp\/v2\/types\/page"}],"author":[{"embeddable":true,"href":"https:\/\/aedcolor.com\/index.php\/wp-json\/wp\/v2\/users\/2"}],"replies":[{"embeddable":true,"href":"https:\/\/aedcolor.com\/index.php\/wp-json\/wp\/v2\/comments?post=10054"}],"version-history":[{"count":1,"href":"https:\/\/aedcolor.com\/index.php\/wp-json\/wp\/v2\/pages\/10054\/revisions"}],"predecessor-version":[{"id":10056,"href":"https:\/\/aedcolor.com\/index.php\/wp-json\/wp\/v2\/pages\/10054\/revisions\/10056"}],"wp:attachment":[{"href":"https:\/\/aedcolor.com\/index.php\/wp-json\/wp\/v2\/media?parent=10054"}],"curies":[{"name":"wp","href":"https:\/\/api.w.org\/{rel}","templated":true}]}}