{"id":10057,"date":"2023-12-27T13:43:32","date_gmt":"2023-12-27T13:43:32","guid":{"rendered":"https:\/\/aedcolor.com\/?page_id=10057"},"modified":"2023-12-27T13:43:32","modified_gmt":"2023-12-27T13:43:32","slug":"isoflex-pu-500-dtl","status":"publish","type":"page","link":"https:\/\/aedcolor.com\/index.php\/isoflex-pu-500-dtl\/","title":{"rendered":"ISOFLEX-PU 500 DTL"},"content":{"rendered":"<div class=\"wpb-content-wrapper\"><p>[vc_row css=&#8221;.vc_custom_1683099634441{padding-bottom: 30px !important;}&#8221;][vc_column width=&#8221;2\/3&#8243;][vc_custom_heading text=&#8221;ISOFLEX-PU 500 DTL&#8221; font_container=&#8221;tag:h2|font_size:50|text_align:left&#8221; use_theme_fonts=&#8221;yes&#8221; link=&#8221;|title:AQUAMAT%20-%20SUPERELASTIC||&#8221;][\/vc_column][\/vc_row][vc_row][vc_column width=&#8221;1\/2&#8243;][vc_single_image image=&#8221;9856&#8243; img_size=&#8221;full&#8221;][\/vc_column][vc_column width=&#8221;1\/2&#8243;][vc_column_text]<span style=\"color: #000000;\"><strong>Membrana hidroizoluese e l\u00ebngshme me nj\u00eb p\u00ebrb\u00ebr\u00ebs, p\u00ebrforcuar me fibra, tiksotropike, poliuretani p\u00ebr detajet dhe lidhjet e catis\u00eb.<\/strong> ISOFLEX PU 500 DTL bazohet n\u00eb rr\u00ebshira poliuretani elastomerike, hidrofobike me rezistenc\u00eb t\u00eb shk\u00eblqyer mekanike, kimike, termike dhe t\u00eb motit. Produkti gjithashtu ka karakteristikat e m\u00ebposhtme:<\/span><\/p>\n<ul>\n<li><span style=\"color: #000000;\">Formon nj\u00eb membran\u00eb t\u00eb vazhdueshme, elastike, t\u00eb pap\u00ebrshkueshme\u00a0 nga uji dhe t\u00eb p\u00ebrshkueshme nga avujt, pa tegela apo nyje.<\/span><\/li>\n<li><span style=\"color: #000000;\">Karakterizohet me ngjitje t\u00eb shk\u00eblqyeshme n\u00eb n\u00ebnshtresa t\u00eb ndryshme, si betoni, mall\u00eb, dru, metal, membrana bituminoze dhe membrana hidroizoluese t\u00eb l\u00ebngshme akrilike ose hibride ekzistuese.<\/span><\/li>\n<li><span style=\"color: #000000;\">Aplikohet edhe p\u00ebr n\u00ebnshtresa t\u00eb parregullta.<\/span><\/li>\n<\/ul>\n<p><span style=\"color: #000000;\">Certifikuar sipas EN 1504-2 dhe klasifikuar si veshje p\u00ebr mbrojtjen e sip\u00ebrfaqes s\u00eb betonit. Nr. Certifikate: 2032-CPR-10.11. Sh\u00ebnuar CE.<\/span><br \/>\n<span style=\"color: #000000;\">ISOFLEX-PU 500 DTL \u00ebsht\u00eb i p\u00ebrshtatsh\u00ebm p\u00ebr hidroizolimin e detajeve t\u00eb catis\u00eb si:<\/span><\/p>\n<ul>\n<li><span style=\"color: #000000;\">Kryq\u00ebzimet mur-dysheme<\/span><\/li>\n<li><span style=\"color: #000000;\">Tuba<\/span><\/li>\n<li><span style=\"color: #000000;\">Ulluqe<\/span><\/li>\n<li><span style=\"color: #000000;\">Kupola dritaresh<\/span><\/li>\n<li><span style=\"color: #000000;\">Oxhaqet<\/span><\/li>\n<li><span style=\"color: #000000;\">Nj\u00ebsit\u00eb e ventilimit dhe ajrit t\u00eb kondicionuar n\u00eb tavan\u00eb.<\/span><\/li>\n<li><span style=\"color: #000000;\">Sistemet fotovoltaike<\/span><\/li>\n<li><span style=\"color: #000000;\">Sistemet diellore.<\/span><\/li>\n<\/ul>\n<p><strong><span style=\"color: #000000;\">P\u00ebrgatitja e substratit<\/span><\/strong><br \/>\n<span style=\"color: #000000;\">n\u00ebnshtresa duhet t\u00eb jet\u00eb e that\u00eb (p\u00ebrmbajtja e lag\u00ebshtis\u00eb &lt; 4%) dhe pa yndyr\u00eb, grimca t\u00eb lirshme, pluhur, etj.\u00a0<\/span><br \/>\n<strong><span style=\"color: #000000;\">1.1. Sip\u00ebrfaqet e betonit<\/span><\/strong><br \/>\n<span style=\"color: #000000;\">Cdo zgav\u00ebr ekzistuese n\u00eb beton duhet t\u00eb riparohet paraprakisht. Plasaritjet e r\u00ebnda n\u00eb n\u00ebnshtres\u00eb duhet t\u00eb pastrohen lokalisht dhe pas 2-3 or\u00ebsh (n\u00eb var\u00ebsi t\u00eb kushteve t\u00eb motit) duhet t\u00eb mbyllen me ngjit\u00ebs poliuretani FLEX PU-30 S ose FLEX PU-50 S. Betoni dhe sip\u00ebrfaqe t\u00eb tjera poroze me p\u00ebrmbajtje lag\u00ebshtie &lt; 4%, duhet t\u00eb trajtohet me astar PRIMER-PU 100, me nj\u00eb konsum prej p\u00ebraf\u00ebrsisht 200 g\/m2. Sip\u00ebrfaqet me p\u00ebrmbajtje lag\u00ebshtie &gt;4% duhet t\u00eb jen\u00eb t\u00eb mbushur me dy komponent\u00eb t\u00eb vecant\u00eb astar poliuretani PRIMER-PU 140, me konsum 100-250 g\/m2.<\/span><br \/>\n<strong><span style=\"color: #000000;\">1.2. Sip\u00ebrfaqe t\u00eb l\u00ebmuara-jo absorbuese<\/span><\/strong><br \/>\n<span style=\"color: #000000;\">Sip\u00ebrfaqet e l\u00ebmuara dhe jo absorbuese, membranat hidroizoluese bituminoze t\u00eb veshura me granula dhe membranat ekzistuese hidroizoluese t\u00eb l\u00ebngshme akrilike ose hibride duhet t\u00eb pastrohen me astarin epoksi me baz\u00eb uji EPOXYPRIMER-500, i holluar me uj\u00eb deri n\u00eb 30% ndaj pesh\u00ebs. Produkti aplikohet me furc\u00eb ose rul n\u00eb nj\u00eb shtres\u00eb.<\/span><br \/>\n<span style=\"color: #000000;\">Konsumi: 150-200 g\/m2.<\/span><br \/>\n<span style=\"color: #000000;\">N\u00eb var\u00ebsi t\u00eb kushteve t\u00eb motit, ISOFLEX-PU 500 DTL aplikohet brenda 24-48 or\u00ebve nga mbushja, sapo p\u00ebrmbajtja e lag\u00ebshtis\u00eb t\u00eb bjer\u00eb n\u00ebn 4%.<\/span><br \/>\n<strong><span style=\"color: #000000;\">1.3. Sip\u00ebrfaqet metalike<\/span><\/strong><br \/>\n<span style=\"color: #000000;\">Sip\u00ebrfaqet metalike duhet t\u00eb jen\u00eb:<\/span><\/p>\n<ul>\n<li><span style=\"color: #000000;\">E that\u00eb dhe e q\u00ebndrueshme<\/span><\/li>\n<li><span style=\"color: #000000;\">Pa materiale q\u00eb mund t\u00eb d\u00ebmtojn\u00eb ngjitjen, p.sh. pluhuri, grimcat e lirshme, yndyrat, etj.<\/span><\/li>\n<li><span style=\"color: #000000;\">Pa ndryshk ose korrozion q\u00eb mund t\u00eb d\u00ebmtojn\u00eb ngjitjen.<\/span><\/li>\n<\/ul>\n<p><strong><span style=\"color: #000000;\">Aplikimi-Konsumi<\/span><\/strong><br \/>\n<span style=\"color: #000000;\">P\u00ebrpara aplikimit rekomandohet t\u00eb p\u00ebrzieni but\u00ebsisht ISOFLEX-PU 500 DTL me nj\u00eb shkop druri ose metali deri sat\u00eb b\u00ebhet homogjen. P\u00ebrzierja e zgjatur duhet t\u00eb shmanget p\u00ebr t\u00eb parandaluar bllokimin e ajrit n\u00eb material. ISOFLEX-PU 500 DTL aplikohet me furc\u00eb n\u00eb 2 shtresa. Shtresa e par\u00eb aplikohet 2-3 or\u00eb pas astarimit dhe nd\u00ebrkoh\u00eb q\u00eb PRIMER-PU 10 \u00ebsht\u00eb ende ngjit\u00ebse. Shtresa e dyt\u00eb duhet t\u00eb aplikohet pas 16-36 or\u00ebsh, n\u00eb var\u00ebsi t\u00eb kushteve t\u00eb motit. Konsumi: 1,2-1,5 kg\/m2, n\u00eb var\u00ebsi t\u00eb n\u00ebnshtres\u00ebs.<\/span>[\/vc_column_text][vc_row_inner][vc_column_inner width=&#8221;1\/2&#8243;]<div class=\"standard-arrow bullet-top\"><ul>\n<li><span style=\"color: #000000;\"><span style=\"color: #000000;\">ISOFLEX-PU 500 DTL nuk \u00ebsht\u00eb i p\u00ebrshtatsh\u00ebm p\u00ebr kontakt me ujin e trajtuar kimikisht t\u00eb pishinave.<\/span><\/span><\/li>\n<li><span style=\"color: #000000;\">Temperatura gjat\u00eb aplikimit dhe ngurt\u00ebsimit duhet t\u00eb jet\u00eb nd\u00ebrmjet +8 oC dhe +35 oC.<\/span><\/li>\n<\/ul>\n<\/div>[\/vc_column_inner][vc_column_inner width=&#8221;1\/2&#8243;]<div class=\"standard-arrow bullet-top\"><ul>\n<li><span style=\"color: #000000;\"><span style=\"color: #000000;\">Kontenier\u00ebt e pambyllur duhet t\u00eb p\u00ebrdoren menj\u00ebher\u00eb dhe nuk mund t\u00eb restaurohen.<\/span><\/span><\/li>\n<li><span style=\"color: #000000;\">ISOFLEX-PU 500 DTL \u00ebsht\u00eb mednuar vet\u00ebm p\u00ebr p\u00ebrdorim profesional.<\/span><\/li>\n<\/ul>\n<\/div>[\/vc_column_inner][\/vc_row_inner][vc_row_inner css=&#8221;.vc_custom_1683100048912{padding-top: 20px !important;}&#8221;][vc_column_inner width=&#8221;1\/2&#8243;]<div class=\"aio-icon-component    style_1\"><div id=\"Info-box-wrap-2963\" class=\"aio-icon-box default-icon\" style=\"\"  ><div class=\"aio-icon-default\"><div class=\"ult-just-icon-wrapper  \"><div class=\"align-icon\" style=\"text-align:center;\">\n<div class=\"aio-icon-img \" style=\"font-size:65px;display:inline-block;\" >\n\t<img decoding=\"async\" class=\"img-icon\" alt=\"null\" src=\"https:\/\/aedcolor.com\/wp-content\/uploads\/2023\/05\/image-2.png\"\/>\n<\/div><\/div><\/div><\/div><div class=\"aio-icon-header\" ><h3 class=\"aio-icon-title ult-responsive\"  data-ultimate-target='#Info-box-wrap-2963 .aio-icon-title'  data-responsive-json-new='{\"font-size\":\"\",\"line-height\":\"\"}'  style=\"\">Sip\u00ebrfaqe: Beton<\/h3><\/div> <!-- header --><\/div> <!-- aio-icon-box --><\/div> <!-- aio-icon-component -->[\/vc_column_inner][vc_column_inner width=&#8221;1\/2&#8243;]<div class=\"aio-icon-component    style_1\"><div id=\"Info-box-wrap-6843\" class=\"aio-icon-box default-icon\" style=\"\"  ><div class=\"aio-icon-default\"><div class=\"ult-just-icon-wrapper  \"><div class=\"align-icon\" style=\"text-align:center;\">\n<div class=\"aio-icon-img \" style=\"font-size:65px;display:inline-block;\" >\n\t<img decoding=\"async\" class=\"img-icon\" alt=\"null\" src=\"https:\/\/aedcolor.com\/wp-content\/uploads\/2023\/05\/image-1.png\"\/>\n<\/div><\/div><\/div><\/div><div class=\"aio-icon-header\" ><h3 class=\"aio-icon-title ult-responsive\"  data-ultimate-target='#Info-box-wrap-6843 .aio-icon-title'  data-responsive-json-new='{\"font-size\":\"\",\"line-height\":\"\"}'  style=\"\">Aplikimi: Mistri<\/h3><\/div> <!-- header --><\/div> <!-- aio-icon-box --><\/div> <!-- aio-icon-component -->[\/vc_column_inner][\/vc_row_inner][\/vc_column][\/vc_row]<\/p>\n<\/div>","protected":false},"excerpt":{"rendered":"<p>[vc_row css=&#8221;.vc_custom_1683099634441{padding-bottom: 30px !important;}&#8221;][vc_column width=&#8221;2\/3&#8243;][vc_custom_heading text=&#8221;ISOFLEX-PU 500 DTL&#8221; font_container=&#8221;tag:h2|font_size:50|text_align:left&#8221; use_theme_fonts=&#8221;yes&#8221; link=&#8221;|title:AQUAMAT%20-%20SUPERELASTIC||&#8221;][\/vc_column][\/vc_row][vc_row][vc_column width=&#8221;1\/2&#8243;][vc_single_image image=&#8221;9856&#8243; img_size=&#8221;full&#8221;][\/vc_column][vc_column width=&#8221;1\/2&#8243;][vc_column_text]Membrana hidroizoluese e l\u00ebngshme me nj\u00eb p\u00ebrb\u00ebr\u00ebs, p\u00ebrforcuar me fibra, tiksotropike, poliuretani p\u00ebr detajet dhe lidhjet e catis\u00eb. ISOFLEX PU 500 DTL bazohet n\u00eb rr\u00ebshira poliuretani elastomerike, hidrofobike me rezistenc\u00eb t\u00eb shk\u00eblqyer mekanike, kimike, termike dhe t\u00eb motit. Produkti gjithashtu ka&hellip;<\/p>\n","protected":false},"author":2,"featured_media":0,"parent":0,"menu_order":0,"comment_status":"closed","ping_status":"closed","template":"","meta":{"footnotes":""},"class_list":["post-10057","page","type-page","status-publish","hentry","description-off"],"_links":{"self":[{"href":"https:\/\/aedcolor.com\/index.php\/wp-json\/wp\/v2\/pages\/10057","targetHints":{"allow":["GET"]}}],"collection":[{"href":"https:\/\/aedcolor.com\/index.php\/wp-json\/wp\/v2\/pages"}],"about":[{"href":"https:\/\/aedcolor.com\/index.php\/wp-json\/wp\/v2\/types\/page"}],"author":[{"embeddable":true,"href":"https:\/\/aedcolor.com\/index.php\/wp-json\/wp\/v2\/users\/2"}],"replies":[{"embeddable":true,"href":"https:\/\/aedcolor.com\/index.php\/wp-json\/wp\/v2\/comments?post=10057"}],"version-history":[{"count":1,"href":"https:\/\/aedcolor.com\/index.php\/wp-json\/wp\/v2\/pages\/10057\/revisions"}],"predecessor-version":[{"id":10060,"href":"https:\/\/aedcolor.com\/index.php\/wp-json\/wp\/v2\/pages\/10057\/revisions\/10060"}],"wp:attachment":[{"href":"https:\/\/aedcolor.com\/index.php\/wp-json\/wp\/v2\/media?parent=10057"}],"curies":[{"name":"wp","href":"https:\/\/api.w.org\/{rel}","templated":true}]}}