{"id":10062,"date":"2023-12-28T08:06:12","date_gmt":"2023-12-28T08:06:12","guid":{"rendered":"https:\/\/aedcolor.com\/?page_id=10062"},"modified":"2023-12-28T08:06:12","modified_gmt":"2023-12-28T08:06:12","slug":"accelerator-5000","status":"publish","type":"page","link":"https:\/\/aedcolor.com\/index.php\/accelerator-5000\/","title":{"rendered":"ACCELERATOR-5000"},"content":{"rendered":"<div class=\"wpb-content-wrapper\"><p>[vc_row css=&#8221;.vc_custom_1683099634441{padding-bottom: 30px !important;}&#8221;][vc_column width=&#8221;2\/3&#8243;][vc_custom_heading text=&#8221;ISOFLEX-PU 500 DTL&#8221; font_container=&#8221;tag:h2|font_size:50|text_align:left&#8221; use_theme_fonts=&#8221;yes&#8221; link=&#8221;|title:AQUAMAT%20-%20SUPERELASTIC||&#8221;][\/vc_column][\/vc_row][vc_row][vc_column width=&#8221;1\/2&#8243;][vc_single_image image=&#8221;9856&#8243; img_size=&#8221;full&#8221;][\/vc_column][vc_column width=&#8221;1\/2&#8243;][vc_column_text]<span style=\"color: #000000;\"><strong>ACCELERATOR-5000 \u00ebsht\u00eb nj\u00eb grup i posac\u00ebm p\u00ebrshpejtues p\u00ebr ISOFLEX-PU 500 q\u00eb mund\u00ebson aplikimin e tij n\u00eb temperatura t\u00eb ul\u00ebta ose n\u00eb shtresa m\u00eb t\u00eb trasha.<\/strong> Ai gjithashtu rrit tiksotropin\u00eb dhe forc\u00ebn mekanike t\u00eb ISOFLEX-PU 500. I shtohet ISOFLEX-PU 500 p\u00ebr t\u00eb p\u00ebrshpejtuar vendosjen e tij. Ajo ofronp\u00ebrpar\u00ebsit\u00eb e m\u00ebposhtme:<\/span><\/p>\n<ul>\n<li><span style=\"color: #000000;\">Mund\u00ebson aplikimin e ISOFLEX-PU 500 n\u00eb temperatura t\u00eb ul\u00ebta.<\/span><\/li>\n<li><span style=\"color: #000000;\">Parandalon shfaqjen e flluskave t\u00eb ajrit kur ISOFLEX-PU 500 aplikohet n\u00eb shtresa t\u00eb trasha.<\/span><\/li>\n<li><span style=\"color: #000000;\">Lejon ISOFLEX-PU 500 t\u00eb vendoset n\u00eb kushte lag\u00ebshtie t\u00eb ul\u00ebt.<\/span><\/li>\n<\/ul>\n<p><span style=\"color: #000000;\">ACCELERATOR-5000 duhet t\u00eb tundet p\u00ebrpara se t\u00eb hapet dhe t\u00eb shtohet n\u00eb ISOFLEX-PU 500. M\u00eb pas p\u00ebrzihen dhe trazohen me nj\u00eb mikser me shpejt\u00ebsi t\u00eb ul\u00ebt (300 rpm), n\u00eb m\u00ebnyr\u00eb q\u00eb p\u00ebrzierja t\u00eb b\u00ebhet homogjene. Duhet t\u00eb shmanget p\u00ebrzierja e tep\u00ebrt, n\u00eb m\u00ebnyr\u00eb q\u00eb t\u00eb parandalohet bllokimi i ajrit. ISOFLEX-PU 500 duhet t\u00eb aplikohet menj\u00ebher\u00eb pas shtimit t\u00eb ACCELERATOR-5000 pasi jet\u00ebgjat\u00ebsia e p\u00ebrzierjes n\u00eb tenxhere \u00ebsht\u00eb p\u00ebraf\u00ebrsisht 15 minuta.<\/span><\/p>\n<p><em><span style=\"text-decoration: underline;\"><span style=\"color: #000000; text-decoration: underline;\">Aplikimi n\u00eb temperatura nd\u00ebrmjet -10 oC dhe +8 oC<\/span><\/span><\/em><br \/>\n<span style=\"color: #000000;\">P\u00ebrpara aplikimit, kontenier\u00ebt e ISOFLEX-PU 500 dhe ACCELERATOR-5000 duhet t\u00eb ruhen n\u00eb nj\u00eb hap\u00ebsir\u00eb t\u00eb nxeht\u00eb (n\u00eb temperatura &gt; +18 oC) p\u00ebr t\u00eb pakt\u00ebn 24 or\u00eb. N\u00eb temperatura t\u00eb ul\u00ebta duhen shmangur shtresat e trasha t\u00eb aplikimit, nd\u00ebrkoh\u00eb q\u00eb \u00ebsht\u00eb thelb\u00ebsore t\u00eb shtohet edhe tret\u00ebs special SM-28 (rreth 5% ndaj pesh\u00ebs).<\/span><\/p>\n<p><em><span style=\"text-decoration: underline;\"><span style=\"color: #000000; text-decoration: underline;\">Aplikimi n\u00eb temperatura nd\u00ebrmjet +8 oC dhe +30 oC<\/span><\/span><\/em><br \/>\n<span style=\"color: #000000;\">Pas p\u00ebrzierjes s\u00eb ISOFLEX-PU 500 me ACCELERATOR-5000, \u00ebsht\u00eb opsionale t\u00eb shtoni tret\u00ebs special SM-28 (2-5% ndaj pesh\u00ebs), pasi p\u00ebrshpejtuesi rrit viskozitetin e ISOFLEX-PU 500.<\/span><\/p>\n<p><em><span style=\"text-decoration: underline;\"><span style=\"color: #000000; text-decoration: underline;\">Aplikimi n\u00eb temperatura &gt; +30 oC<\/span><\/span><\/em><br \/>\n<span style=\"color: #000000;\">Duhet t\u00eb shmanget p\u00ebrdorimi i p\u00ebrshpejtuesit n\u00eb temperatura m\u00eb t\u00eb larta se 30 oC, pasi jet\u00ebgjat\u00ebsia e ISOFLEX-PU 500 n\u00eb tenxhere do t\u00eb jet\u00eb jasht\u00ebzakonisht e shkurt\u00ebr.<\/span>[\/vc_column_text][vc_row_inner][vc_column_inner width=&#8221;1\/2&#8243;]<div class=\"standard-arrow bullet-top\"><ul>\n<li><span style=\"color: #000000;\"><span style=\"color: #000000;\">Jet\u00ebgjat\u00ebsia n\u00eb tenxhere e p\u00ebrzierjes, pas shtimit t\u00eb p\u00ebrshpejtuesit, varet nga kushtet e temperatur\u00ebs dhe lag\u00ebshtis\u00eb n\u00eb vend.<\/span><\/span><\/li>\n<li><span style=\"color: #000000;\">Kontenier\u00ebt e ACCELERATOR-5000 q\u00eb jan\u00eb hapur mund t\u00eb p\u00ebrdoren p\u00ebrs\u00ebri edhe n\u00ebse ngjyra origjinale e verdh\u00eb e materialit \u00ebsht\u00eb kthyer n\u00eb kafe.<\/span><\/li>\n<\/ul>\n<\/div>[\/vc_column_inner][vc_column_inner width=&#8221;1\/2&#8243;]<div class=\"standard-arrow bullet-top\"><ul>\n<li><span style=\"color: #000000;\"><span style=\"color: #000000;\">Shtimi i ACCELERATOR-5000 lejon aplikimin e ISOFLEX-PU 500 n\u00eb shtresa m\u00eb t\u00eb trasha, n\u00eb rast t\u00eb p\u00ebrdorimit m\u00eb shum\u00eb se 1 kg\/m2\/shtres\u00eb, rekomandohet trajtimi i ship\u00ebrfaqes me nj\u00eb rul t\u00eb posac\u00ebm me thumba, p\u00ebr t\u00eb ndihmuar.<\/span><\/span><\/li>\n<\/ul>\n<\/div>[\/vc_column_inner][\/vc_row_inner][vc_row_inner css=&#8221;.vc_custom_1683100048912{padding-top: 20px !important;}&#8221;][vc_column_inner width=&#8221;1\/2&#8243;]<div class=\"aio-icon-component    style_1\"><div id=\"Info-box-wrap-1023\" class=\"aio-icon-box default-icon\" style=\"\"  ><div class=\"aio-icon-default\"><div class=\"ult-just-icon-wrapper  \"><div class=\"align-icon\" style=\"text-align:center;\">\n<div class=\"aio-icon-img \" style=\"font-size:65px;display:inline-block;\" >\n\t<img decoding=\"async\" class=\"img-icon\" alt=\"null\" src=\"https:\/\/aedcolor.com\/wp-content\/uploads\/2023\/05\/image-2.png\"\/>\n<\/div><\/div><\/div><\/div><div class=\"aio-icon-header\" ><h3 class=\"aio-icon-title ult-responsive\"  data-ultimate-target='#Info-box-wrap-1023 .aio-icon-title'  data-responsive-json-new='{\"font-size\":\"\",\"line-height\":\"\"}'  style=\"\">Sip\u00ebrfaqe: Beton<\/h3><\/div> <!-- header --><\/div> <!-- aio-icon-box --><\/div> <!-- aio-icon-component -->[\/vc_column_inner][vc_column_inner width=&#8221;1\/2&#8243;]<div class=\"aio-icon-component    style_1\"><div id=\"Info-box-wrap-5278\" class=\"aio-icon-box default-icon\" style=\"\"  ><div class=\"aio-icon-default\"><div class=\"ult-just-icon-wrapper  \"><div class=\"align-icon\" style=\"text-align:center;\">\n<div class=\"aio-icon-img \" style=\"font-size:65px;display:inline-block;\" >\n\t<img decoding=\"async\" class=\"img-icon\" alt=\"null\" src=\"https:\/\/aedcolor.com\/wp-content\/uploads\/2023\/05\/image-1.png\"\/>\n<\/div><\/div><\/div><\/div><div class=\"aio-icon-header\" ><h3 class=\"aio-icon-title ult-responsive\"  data-ultimate-target='#Info-box-wrap-5278 .aio-icon-title'  data-responsive-json-new='{\"font-size\":\"\",\"line-height\":\"\"}'  style=\"\">Aplikimi: Mistri<\/h3><\/div> <!-- header --><\/div> <!-- aio-icon-box --><\/div> <!-- aio-icon-component -->[\/vc_column_inner][\/vc_row_inner][\/vc_column][\/vc_row]<\/p>\n<\/div>","protected":false},"excerpt":{"rendered":"<p>[vc_row css=&#8221;.vc_custom_1683099634441{padding-bottom: 30px !important;}&#8221;][vc_column width=&#8221;2\/3&#8243;][vc_custom_heading text=&#8221;ISOFLEX-PU 500 DTL&#8221; font_container=&#8221;tag:h2|font_size:50|text_align:left&#8221; use_theme_fonts=&#8221;yes&#8221; link=&#8221;|title:AQUAMAT%20-%20SUPERELASTIC||&#8221;][\/vc_column][\/vc_row][vc_row][vc_column width=&#8221;1\/2&#8243;][vc_single_image image=&#8221;9856&#8243; img_size=&#8221;full&#8221;][\/vc_column][vc_column width=&#8221;1\/2&#8243;][vc_column_text]ACCELERATOR-5000 \u00ebsht\u00eb nj\u00eb grup i posac\u00ebm p\u00ebrshpejtues p\u00ebr ISOFLEX-PU 500 q\u00eb mund\u00ebson aplikimin e tij n\u00eb temperatura t\u00eb ul\u00ebta ose n\u00eb shtresa m\u00eb t\u00eb trasha. Ai gjithashtu rrit tiksotropin\u00eb dhe forc\u00ebn mekanike t\u00eb ISOFLEX-PU 500. I shtohet ISOFLEX-PU 500 p\u00ebr t\u00eb&hellip;<\/p>\n","protected":false},"author":2,"featured_media":0,"parent":0,"menu_order":0,"comment_status":"closed","ping_status":"closed","template":"","meta":{"footnotes":""},"class_list":["post-10062","page","type-page","status-publish","hentry","description-off"],"_links":{"self":[{"href":"https:\/\/aedcolor.com\/index.php\/wp-json\/wp\/v2\/pages\/10062","targetHints":{"allow":["GET"]}}],"collection":[{"href":"https:\/\/aedcolor.com\/index.php\/wp-json\/wp\/v2\/pages"}],"about":[{"href":"https:\/\/aedcolor.com\/index.php\/wp-json\/wp\/v2\/types\/page"}],"author":[{"embeddable":true,"href":"https:\/\/aedcolor.com\/index.php\/wp-json\/wp\/v2\/users\/2"}],"replies":[{"embeddable":true,"href":"https:\/\/aedcolor.com\/index.php\/wp-json\/wp\/v2\/comments?post=10062"}],"version-history":[{"count":1,"href":"https:\/\/aedcolor.com\/index.php\/wp-json\/wp\/v2\/pages\/10062\/revisions"}],"predecessor-version":[{"id":10064,"href":"https:\/\/aedcolor.com\/index.php\/wp-json\/wp\/v2\/pages\/10062\/revisions\/10064"}],"wp:attachment":[{"href":"https:\/\/aedcolor.com\/index.php\/wp-json\/wp\/v2\/media?parent=10062"}],"curies":[{"name":"wp","href":"https:\/\/api.w.org\/{rel}","templated":true}]}}