{"id":10068,"date":"2023-12-28T14:39:20","date_gmt":"2023-12-28T14:39:20","guid":{"rendered":"https:\/\/aedcolor.com\/?page_id=10068"},"modified":"2023-12-28T14:39:20","modified_gmt":"2023-12-28T14:39:20","slug":"isomat-pua-1360","status":"publish","type":"page","link":"https:\/\/aedcolor.com\/index.php\/isomat-pua-1360\/","title":{"rendered":"ISOMAT-PUA 1360"},"content":{"rendered":"<div class=\"wpb-content-wrapper\"><p>[vc_row css=&#8221;.vc_custom_1683099634441{padding-bottom: 30px !important;}&#8221;][vc_column width=&#8221;2\/3&#8243;][vc_custom_heading text=&#8221;ISOMAT-PUA 1360&#8243; font_container=&#8221;tag:h2|font_size:50|text_align:left&#8221; use_theme_fonts=&#8221;yes&#8221; link=&#8221;|title:AQUAMAT%20-%20SUPERELASTIC||&#8221;][\/vc_column][\/vc_row][vc_row][vc_column width=&#8221;1\/2&#8243;][vc_single_image image=&#8221;8454&#8243; img_size=&#8221;full&#8221;][\/vc_column][vc_column width=&#8221;1\/2&#8243;][vc_column_text]<span style=\"color: #000000;\"><strong>ISOMAT-PUA 1360 \u00ebsht\u00eb nj\u00eb membran\u00eb poliure e past\u00ebr me dy p\u00ebrb\u00ebr\u00ebs, shum\u00eb elastik, ultra t\u00eb shpejt\u00eb, 100% solide, e aplikuar me sp\u00ebrkatje t\u00eb nxeht\u00eb, e marr nga parapolimeri aromatik, izocianat me nj\u00eb amino rr\u00ebshir\u00eb.<\/strong> Fal\u00eb p\u00ebrb\u00ebrjes s\u00eb tij t\u00eb vecant\u00eb, reaksioni zhvillohet brenda sekondave dhe produkti p\u00ebrfundimtar jep rezistenc\u00eb t\u00eb shk\u00eblqyer mekanike dhe kimike ndaj cdo lloji n\u00ebnshtrese.<\/span><br \/>\n<span style=\"color: #000000;\">Zbatohet me nj\u00eb pajisje speciale sp\u00ebrkat\u00ebse me dy komponent\u00eb, presion t\u00eb lart\u00eb dhe temperatur\u00eb t\u00eb lart\u00eb duke ofruar p\u00ebrpar\u00ebsit\u00eb e m\u00ebposhtme:<\/span><\/p>\n<ul>\n<li><span style=\"color: #000000;\">Elasticitet shum\u00eb i lart\u00eb q\u00eb lejon aplikim dhe n\u00eb kushte ekstreme klimatike apo struktura komplekse arkitekturore.<\/span><\/li>\n<li><span style=\"color: #000000;\">Reagim shum\u00eb i shpejt\u00eb; koha e xhelit n\u00eb sekonda.<\/span><\/li>\n<li><span style=\"color: #000000;\">Zonat mund t\u00eb kthehen n\u00eb sh\u00ebrbim menj\u00ebher\u00eb. P\u00ebrdorimi i k\u00ebmb\u00ebsor\u00ebve mund t\u00eb filloj\u00eb brenda pak minutash pas aplikimit.<\/span><\/li>\n<li><span style=\"color: #000000;\">Ndjeshm\u00ebri e ul\u00ebt ose aspak ndaj kushteve atmosferike, si lag\u00ebshtia relative dhe temperatura.<\/span><\/li>\n<li><span style=\"color: #000000;\">100% l\u00ebnd\u00eb t\u00eb ngurta dhe pa er\u00eb ose pothuajse pa er\u00eb.<\/span><\/li>\n<li><span style=\"color: #000000;\">Veti t\u00eb shk\u00eblqyera fiziko-mekanike: sforcim p\u00ebrfundimtar n\u00eb t\u00ebrheqje, aft\u00ebsi p\u00ebr t\u00eb kap\u00ebrcyer plasaritjen, rezistenc\u00eb ndaj g\u00ebrryerjes, etj.<\/span><\/li>\n<li><span style=\"color: #000000;\">Rezistenc\u00eb shum\u00eb e lart\u00eb kimike. Rekomandohet p\u00ebr p\u00ebrdorim n\u00eb rastet e ngarkesave t\u00eb r\u00ebnda kimike.<\/span><\/li>\n<li><span style=\"color: #000000;\">Q\u00ebndrueshm\u00ebri termike n\u00eb temperatura shum\u00eb t\u00eb larta.<\/span><\/li>\n<li><span style=\"color: #000000;\">Gama e gjer\u00eb e trash\u00ebsis\u00eb s\u00eb shtres\u00ebs n\u00eb nj\u00eb aplikim<\/span><\/li>\n<li><span style=\"color: #000000;\">Pas pjekjes, formohet nj\u00eb membran\u00eb e p\u00ebrshkueshme ng avujt, e cila parandalon akumulimin e lag\u00ebshtir\u00ebs.<\/span><\/li>\n<li><span style=\"color: #000000;\">Formon nj\u00eb sip\u00ebrfaqe monolit pa nyje dhe pa tegel.<\/span><\/li>\n<li><span style=\"color: #000000;\">Mund t\u00eb aplikohet n\u00eb m\u00ebnyr\u00eb t\u00eb sigurt dhe n\u00eb sip\u00ebrfaqe vertikale.<\/span><\/li>\n<\/ul>\n<p><span style=\"color: #000000;\">Polyurea p\u00ebrdoret n\u00eb nj\u00eb num\u00ebr t\u00eb madh aplikimesh hidroizolimi dhe mbrojtjeje dhe zgjidhet kur objektivi kryesor \u00ebsht\u00eb forca e lart\u00eb mekanike, rezistenca kimike, p\u00ebrfundimi i shpejt\u00eb i pun\u00ebs dhe kthimi i menj\u00ebhersh\u00ebm n\u00eb sh\u00ebrbim. ISOMAT-PUA 1360 \u00ebsht\u00eb ideal p\u00ebr n\u00ebnshtresat q\u00eb i n\u00ebnshtrohen nj\u00eb lloj vibrimi. Fusha t\u00eb tjera t\u00eb p\u00ebrdorimit:<\/span><\/p>\n<ul>\n<li><span style=\"color: #000000;\">Hidroizolimi i frigorifer\u00ebve industrial\u00eb dhe p\u00ebrgjith\u00ebsisht i zonave q\u00eb i n\u00ebnshtrohen temperaturave jasht\u00ebzakonisht t\u00eb ul\u00ebta ose ndryshimeve ekstreme t\u00eb temperatur\u00ebs.<\/span><\/li>\n<li><span style=\"color: #000000;\">Si shtres\u00eb izoluese uji n\u00eb cati, ballkone dhe tarraca.<\/span><\/li>\n<li><span style=\"color: #000000;\">Hidroizolim i kulmeve metalike ose urave metalike.<\/span><\/li>\n<li><span style=\"color: #000000;\">N\u00eb dyshemet\u00eb industriale n\u00eb garazhe parkimi dhe n\u00eb zonat e trafikut, dyqane automobilistike etj., si nj\u00eb shtres\u00eb mbrojt\u00ebse kund\u00ebr g\u00ebrryerjes dhe goditjes.\u00a0<\/span><\/li>\n<li><span style=\"color: #000000;\">Si nj\u00eb shtres\u00eb mbrojt\u00ebse elastomerike p\u00ebr rimorkiot e kamion\u00ebve.<\/span><\/li>\n<li><span style=\"color: #000000;\">Si dysheme amortizuese p\u00ebr parandalimin e d\u00ebmtimeve n\u00eb k\u00ebndet e lojrave.<\/span><\/li>\n<\/ul>\n<p><span style=\"color: #000000;\">Mund t\u00eb p\u00ebrdoret gjithashtu si nj\u00eb shtres\u00eb mbrojt\u00ebse hidroizoluese:<\/span><\/p>\n<ul>\n<li><span style=\"color: #000000;\">N\u00eb rezervuar\u00ebt e ujit t\u00eb pijsh\u00ebm.<\/span><\/li>\n<li><span style=\"color: #000000;\">N\u00eb depozitat e trajtimit t\u00eb uj\u00ebrave t\u00eb zeza dhe biologjike etj.<\/span><\/li>\n<li><span style=\"color: #000000;\">N\u00eb pishina, akuariume, zona rekreacioni.<\/span><\/li>\n<li><span style=\"color: #000000;\">N\u00eb dysheme n\u00eb objekte industriale, biznese artizanale, magazina dhe sip\u00ebrfaqe q\u00eb i n\u00ebnshtrohen ngarkesave t\u00eb larta mekanike dhe\/ose kimike.<\/span><\/li>\n<\/ul>\n<p><strong><span style=\"color: #000000;\">P\u00ebrgatitja e substratit<\/span><\/strong><br \/>\n<span style=\"color: #000000;\">Polyurea mund t\u00eb aplikohet n\u00eb shumic\u00ebn e n\u00ebnshtresave duke p\u00ebrdorur nj\u00eb primer t\u00eb p\u00ebrshtatsh\u00ebm, pas p\u00ebrgatitjes s\u00eb duhur. N\u00ebnshtresa duhet t\u00eb jet\u00eb rezistente, e that\u00eb (p\u00ebrmbajtja e lag\u00ebshis\u00eb &lt;4%) dhe pa materiale t\u00eb lirshme, pluhur, vaj dhe ndot\u00ebs t\u00eb tjer\u00eb.<\/span><\/p>\n<p><em><span style=\"text-decoration: underline;\"><span style=\"color: #000000; text-decoration: underline;\">1.1. Sip\u00ebrfaqe betoni<\/span><\/span><\/em><br \/>\n<span style=\"color: #000000;\">Zgavrat n\u00eb beton duhet t\u00eb mbushen me materiale t\u00eb duhura riparimi. Plasaritjet e thella n\u00eb n\u00ebnshtres\u00eb duhet t\u00eb mbyllen me nj\u00eb nga ngjit\u00ebsit poliuretani FLEX PU-30 S, FLEX PU-50 S. Pasi sip\u00ebrfaqja t\u00eb p\u00ebrgatitet sic duhet, ajo lyhet me astar poliuretani nj\u00eb p\u00ebrb\u00ebr\u00ebs PRIMER-PU 100 (ose dy-komponent poliuretani PRIMER-PU 140). Primeri duhet t\u00eb aplikohet n\u00eb m\u00ebnyr\u00eb t\u00eb nj\u00ebtrajtshme n\u00eb t\u00eb gjith\u00eb sip\u00ebrfaqen duke p\u00ebrdorur nj\u00eb furc\u00eb, rul ose pistolet\u00eb me nj\u00eb konsum prej p\u00ebraf\u00ebrsisht 200 g\/m2. ISOMAT-PUA 1360 mund t\u00eb aplikohet 2-3 or\u00eb pas aplikimit t\u00eb astarit poliuretani dhe nd\u00ebrsa sip\u00ebrfaqja \u00ebsht\u00eb ende ngjit\u00ebse. N\u00eb cdo rast, koha e pritjes pas aplikimit t\u00eb primerit nuk duhet t\u00eb kaloj\u00eb 24 or\u00eb. P\u00ebrndryshe, primer epoksi me dy komponent\u00eb, pa tret\u00ebs, DUROPLOOR-PSF aplikohet me furc\u00eb ose rul n\u00eb nj\u00eb shtres\u00eb, me nj\u00eb konsum prej 200-300 g\/m2.<\/span><br \/>\n<span style=\"color: #000000;\">Pas aplikimit t\u00eb DUROFLOOR-PSF dhe derisa kjo \u00ebsht\u00eb ende e fresk\u00ebt, duhet t\u00eb transmetohet r\u00ebra kuarci. R\u00ebra e kuarcit duhet t\u00eb jet\u00eb plot\u00ebsisht e that\u00eb. Pasi astari t\u00eb jet\u00eb thar\u00eb, hiqni cdo kokrriz\u00eb t\u00eb mbetur t\u00eb r\u00ebr\u00ebs kuarc duke p\u00ebrdorur nj\u00eb fshes\u00eb me korrent me thithje t\u00eb lart\u00eb. Membrana duhet t\u00eb aplikohet brenda 24 or\u00ebve nga aplikimi i primerit.<\/span><\/p>\n<p><em><span style=\"text-decoration: underline;\"><span style=\"color: #000000; text-decoration: underline;\">1.2. Sip\u00ebrfaqe t\u00eb l\u00ebmuara &#8211; jo absorbuese<\/span><\/span><\/em><br \/>\n<span style=\"color: #000000;\">Sip\u00ebrfaqet e l\u00ebmuara dhe jo absorbuese me nj\u00eb p\u00ebrmbajtje lag\u00ebshtie &gt; 4% si dhe sip\u00ebrfaqet e membranave bituminoze apo shtresave t\u00eb vjetra hidroizoluese, pasi pastrohen nga mbetjet, materiali i lirsh\u00ebm dhe cdo gj\u00eb q\u00eb mund t\u00eb ndikoj\u00eb n\u00eb ngjitjen, pastrohen me uj\u00eb me dy p\u00ebrb\u00ebr\u00ebs. Primer epoksid me baz\u00eb EPOXYPRIMER-500.<\/span><\/p>\n<p><em><span style=\"text-decoration: underline;\"><span style=\"color: #000000; text-decoration: underline;\">1.3. Sip\u00ebrfaqet prej druri<\/span><\/span><\/em><br \/>\n<span style=\"color: #000000;\">N\u00ebnshtresa duhet t\u00eb jet\u00eb rezistente, e that\u00eb (p\u00ebrmbajtja e lag\u00ebshtis\u00eb &lt; 4%) dhe pa materiale t\u00eb lirshme, pluhur, vaj, boj\u00ebra t\u00eb vjetra dhe ndot\u00ebs t\u00eb tjer\u00eb. Lidhjet nd\u00ebrmjet paneleve duhet t\u00eb trajtohen dhevulosen me materiale t\u00eb p\u00ebrshtatshme. Pasi sip\u00ebrfaqja t\u00eb p\u00ebrgatitet sic duhet, b\u00ebhet astari me astarin poliuretani me nj\u00eb p\u00ebrb\u00ebr\u00ebs PRIMER-PU 100 ose poliuretani me dy p\u00ebrb\u00ebr\u00ebs PRIMER-PU 140. Astari duhet t\u00eb aplikohet n\u00eb m\u00ebnyr\u00eb t\u00eb nj\u00ebtrajtshme n\u00eb t\u00eb gjith\u00eb sip\u00ebrfaqen duke p\u00ebrdorur nj\u00eb furc\u00eb, rul ose pistolet\u00eb sp\u00ebrkat\u00ebse, me konsum prej p\u00ebraf\u00ebrsisht 200 g\/m2. ISOMAT-PUA 1360 mund t\u00eb aplikohet 2-3 or\u00eb (n\u00eb va\u00ebsi t\u00eb kushteve t\u00eb motit) pas aplikimit t\u00eb astarit poliuretani dhe kur sip\u00ebrfaqja \u00ebsht\u00eb ende ngjit\u00ebse. N\u00eb cdo rast, koha e pritjes pas aplikimit t\u00eb primerit nuk duhet t\u00eb kaloj\u00eb 24 or\u00eb.<\/span><\/p>\n<p><em><span style=\"text-decoration: underline;\"><span style=\"color: #000000; text-decoration: underline;\">1.4. Sip\u00ebrfaqet metalike<\/span><\/span><\/em><br \/>\n<span style=\"color: #000000;\">N\u00ebnshtresa p\u00ebrgatitet me furc\u00eb, f\u00ebrkim, sp\u00ebrkatje, etj. dhe m\u00eb pas pastrohet t\u00ebr\u00ebsisht duke p\u00ebrdorur nj\u00eb fshes\u00eb me korrent industrial p\u00ebr tu siguruar q\u00eb sip\u00ebrfaqja t\u00eb jet\u00eb e that\u00eb, e q\u00ebndrueshme dhe pa materiale q\u00eb mund t\u00eb pengojn\u00eb ngjitjen, si pluhuri, materi i lirsh\u00ebm, vaji, ndryshku ose korrozioni i cdo lloji. Pastaj, epoksidi me dy komponent\u00eb, anti-korrozioni. Primer EPOXYCOAT-AC aplikohet me furc\u00eb, rul ose me sp\u00ebrkatje n\u00eb dy shtresa. Shtresa e dyt\u00eb mund t\u00eb aplikohet sapo t\u00eb jet\u00eb thar\u00eb e para. ISOMAT-PUA 1360 aplikohet brenda 24 or\u00ebve nga mbushja.<\/span><\/p>\n<p><strong><span style=\"color: #000000;\">Aplikimi-Konsumi<\/span><\/strong><br \/>\n<span style=\"color: #000000;\">Komponent\u00ebt A dhe B jan\u00eb t\u00eb paketuara n\u00eb kontenier\u00eb t\u00eb vecant\u00eb. Membrana poliurea aplikohet duke p\u00ebrdorur nj\u00eb pistolet\u00eb speciale sp\u00ebrkat\u00ebse me presion t\u00eb lart\u00eb dhe temperatur\u00eb t\u00eb lart\u00eb. Temperatura e aplikimit t\u00eb dy komponent\u00ebve duhet t\u00eb jet\u00eb midis 75-85 oC dhe presioni duhet t\u00eb vendoset nd\u00ebrmjet 160-200.<\/span>[\/vc_column_text][vc_row_inner][vc_column_inner width=&#8221;1\/2&#8243;]<div class=\"standard-arrow bullet-top\"><ul>\n<li><span style=\"color: #000000;\">Temperatura e n\u00ebnshtres\u00ebs duhet t\u00eb jet\u00eb s\u00eb paku 3 oC mbi pik\u00ebn e ves\u00ebs p\u00ebr t\u00eb shmangur rrezikun e kondensimit t\u00eb avullit.<\/span><\/li>\n<li><span style=\"color: #000000;\">Vecan\u00ebrisht p\u00ebrkomponentin A (izocianat), ekspozimi ndaj temperaturave n\u00ebn 5oC gjat\u00eb transportit ose ruajtjes mund t\u00eb shkaktoj\u00eb rritje t\u00eb viskozitetit apo edhe kristalizim (n\u00eb rast t\u00eb temperaturave jasht\u00ebzakonisht t\u00eb ul\u00ebta), n\u00eb var\u00ebsi t\u00eb koh\u00ebs s\u00eb ekspozimit dhe temperatura minimale n\u00eb t\u00eb cil\u00ebn materiali \u00ebsht\u00eb ekspozuar. Procesi \u00ebsht\u00eb i kthyesh\u00ebm (duke e ruajtur materialin n\u00eb temperatur\u00ebn e dhom\u00ebs dhe duke pritur q\u00eb viskoziteti t\u00eb kthehet n\u00eb normale p\u00ebrpara aplikimit) dhe nuk ndikon n\u00eb vetit\u00eb dhe performanc\u00ebn e materialit.<br \/>\n<\/span><\/li>\n<\/ul>\n<\/div>[\/vc_column_inner][vc_column_inner width=&#8221;1\/2&#8243;]<div class=\"standard-arrow bullet-top\"><ul>\n<li><span style=\"color: #000000;\">Membrana e aplikuar \u00ebsht\u00eb e ndjeshme ndaj rrezatimit UV, k\u00ebshtu q\u00eb \u00ebsht\u00eb i mundur ndryshimi i ngjyr\u00ebs gjat\u00eb ekspozimit. N\u00eb at\u00eb rast, p\u00ebr t\u00eb siguruar q\u00eb vetit\u00eb e ISOMAT-PUA 1360 t\u00eb mbeten t\u00eb paprekura, rekomandohet t\u00eb mbrohet sip\u00ebrfaqja p\u00ebrfundimtare me veshjen mbrojt\u00ebse poliuretani nj\u00eb p\u00ebrb\u00ebr\u00ebs, alifatike, elastike, TOPCOAT-PU 720. TOPCOAT-PU 720 aplikohet me furc\u00eb, rul ose sp\u00ebrkatje brenda 24 or\u00ebve nga aplikimi i poliures\u00eb.<\/span><\/li>\n<li><span style=\"color: #000000;\">ISOMAT-PUA 1360 \u00ebsht\u00eb menduar vet\u00ebm p\u00ebr p\u00ebrdorim profesional.<\/span><\/li>\n<\/ul>\n<\/div>[\/vc_column_inner][\/vc_row_inner][vc_row_inner css=&#8221;.vc_custom_1683100048912{padding-top: 20px !important;}&#8221;][vc_column_inner width=&#8221;1\/2&#8243;]<div class=\"aio-icon-component    style_1\"><div id=\"Info-box-wrap-1518\" class=\"aio-icon-box default-icon\" style=\"\"  ><div class=\"aio-icon-default\"><div class=\"ult-just-icon-wrapper  \"><div class=\"align-icon\" style=\"text-align:center;\">\n<div class=\"aio-icon-img \" style=\"font-size:65px;display:inline-block;\" >\n\t<img decoding=\"async\" class=\"img-icon\" alt=\"null\" src=\"https:\/\/aedcolor.com\/wp-content\/uploads\/2023\/05\/image-2.png\"\/>\n<\/div><\/div><\/div><\/div><div class=\"aio-icon-header\" ><h3 class=\"aio-icon-title ult-responsive\"  data-ultimate-target='#Info-box-wrap-1518 .aio-icon-title'  data-responsive-json-new='{\"font-size\":\"\",\"line-height\":\"\"}'  style=\"\">Sip\u00ebrfaqe: Beton<\/h3><\/div> <!-- header --><\/div> <!-- aio-icon-box --><\/div> <!-- aio-icon-component -->[\/vc_column_inner][vc_column_inner width=&#8221;1\/2&#8243;]<div class=\"aio-icon-component    style_1\"><div id=\"Info-box-wrap-6608\" class=\"aio-icon-box default-icon\" style=\"\"  ><div class=\"aio-icon-default\"><div class=\"ult-just-icon-wrapper  \"><div class=\"align-icon\" style=\"text-align:center;\">\n<div class=\"aio-icon-img \" style=\"font-size:65px;display:inline-block;\" >\n\t<img decoding=\"async\" class=\"img-icon\" alt=\"null\" src=\"https:\/\/aedcolor.com\/wp-content\/uploads\/2023\/05\/image-1.png\"\/>\n<\/div><\/div><\/div><\/div><div class=\"aio-icon-header\" ><h3 class=\"aio-icon-title ult-responsive\"  data-ultimate-target='#Info-box-wrap-6608 .aio-icon-title'  data-responsive-json-new='{\"font-size\":\"\",\"line-height\":\"\"}'  style=\"\">Aplikimi: Mistri<\/h3><\/div> <!-- header --><\/div> <!-- aio-icon-box --><\/div> <!-- aio-icon-component -->[\/vc_column_inner][\/vc_row_inner][\/vc_column][\/vc_row]<\/p>\n<\/div>","protected":false},"excerpt":{"rendered":"<p>[vc_row css=&#8221;.vc_custom_1683099634441{padding-bottom: 30px !important;}&#8221;][vc_column width=&#8221;2\/3&#8243;][vc_custom_heading text=&#8221;ISOMAT-PUA 1360&#8243; font_container=&#8221;tag:h2|font_size:50|text_align:left&#8221; use_theme_fonts=&#8221;yes&#8221; link=&#8221;|title:AQUAMAT%20-%20SUPERELASTIC||&#8221;][\/vc_column][\/vc_row][vc_row][vc_column width=&#8221;1\/2&#8243;][vc_single_image image=&#8221;8454&#8243; img_size=&#8221;full&#8221;][\/vc_column][vc_column width=&#8221;1\/2&#8243;][vc_column_text]ISOMAT-PUA 1360 \u00ebsht\u00eb nj\u00eb membran\u00eb poliure e past\u00ebr me dy p\u00ebrb\u00ebr\u00ebs, shum\u00eb elastik, ultra t\u00eb shpejt\u00eb, 100% solide, e aplikuar me sp\u00ebrkatje t\u00eb nxeht\u00eb, e marr nga parapolimeri aromatik, izocianat me nj\u00eb amino rr\u00ebshir\u00eb. Fal\u00eb p\u00ebrb\u00ebrjes s\u00eb tij t\u00eb vecant\u00eb, reaksioni zhvillohet&hellip;<\/p>\n","protected":false},"author":2,"featured_media":0,"parent":0,"menu_order":0,"comment_status":"closed","ping_status":"closed","template":"","meta":{"footnotes":""},"class_list":["post-10068","page","type-page","status-publish","hentry","description-off"],"_links":{"self":[{"href":"https:\/\/aedcolor.com\/index.php\/wp-json\/wp\/v2\/pages\/10068","targetHints":{"allow":["GET"]}}],"collection":[{"href":"https:\/\/aedcolor.com\/index.php\/wp-json\/wp\/v2\/pages"}],"about":[{"href":"https:\/\/aedcolor.com\/index.php\/wp-json\/wp\/v2\/types\/page"}],"author":[{"embeddable":true,"href":"https:\/\/aedcolor.com\/index.php\/wp-json\/wp\/v2\/users\/2"}],"replies":[{"embeddable":true,"href":"https:\/\/aedcolor.com\/index.php\/wp-json\/wp\/v2\/comments?post=10068"}],"version-history":[{"count":1,"href":"https:\/\/aedcolor.com\/index.php\/wp-json\/wp\/v2\/pages\/10068\/revisions"}],"predecessor-version":[{"id":10070,"href":"https:\/\/aedcolor.com\/index.php\/wp-json\/wp\/v2\/pages\/10068\/revisions\/10070"}],"wp:attachment":[{"href":"https:\/\/aedcolor.com\/index.php\/wp-json\/wp\/v2\/media?parent=10068"}],"curies":[{"name":"wp","href":"https:\/\/api.w.org\/{rel}","templated":true}]}}