{"id":10171,"date":"2024-01-08T14:14:54","date_gmt":"2024-01-08T14:14:54","guid":{"rendered":"https:\/\/aedcolor.com\/?page_id=10171"},"modified":"2024-01-08T14:14:54","modified_gmt":"2024-01-08T14:14:54","slug":"topcoat-pu-740","status":"publish","type":"page","link":"https:\/\/aedcolor.com\/index.php\/topcoat-pu-740\/","title":{"rendered":"TOPCOAT-PU 740"},"content":{"rendered":"<div class=\"wpb-content-wrapper\"><p>[vc_row css=&#8221;.vc_custom_1683099634441{padding-bottom: 30px !important;}&#8221;][vc_column width=&#8221;2\/3&#8243;][vc_custom_heading text=&#8221;TOPCOAT-PU 740&#8243; font_container=&#8221;tag:h2|font_size:50|text_align:left&#8221; use_theme_fonts=&#8221;yes&#8221; link=&#8221;|title:AQUAMAT%20-%20SUPERELASTIC||&#8221;][\/vc_column][\/vc_row][vc_row][vc_column width=&#8221;1\/2&#8243;][vc_single_image image=&#8221;8488&#8243; img_size=&#8221;full&#8221;][\/vc_column][vc_column width=&#8221;1\/2&#8243;][vc_column_text]<span style=\"color: #000000;\"><strong>TOPCOAT-PU 740 \u00ebsht\u00eb nj\u00eb shtres\u00eb e sip\u00ebrme poliuretani me nj\u00eb p\u00ebrb\u00ebr\u00ebs, transparent, alifatike.<\/strong> Bazuar n\u00eb rr\u00ebshira hidrofobike poliuretani, ai p\u00ebrmban veti t\u00eb shk\u00eblqyera mekanike, kimike, termike dhe rezistente ndaj motit.<\/span><br \/>\n<span style=\"color: #000000;\">Formon nj\u00eb membran\u00eb t\u00eb q\u00ebndrueshme ndaj UV-s\u00eb dhe t\u00eb pap\u00ebrshkueshme ndaj ujit duke ofruar p\u00ebrpar\u00ebsit\u00eb e m\u00ebposhtme:<\/span><\/p>\n<ul>\n<li><span style=\"color: #000000;\">Aplikimi i thjesht\u00eb (produkt me nj\u00eb p\u00ebrb\u00ebr\u00ebs).<\/span><\/li>\n<li><span style=\"color: #000000;\">Nj\u00eb sip\u00ebrfaqe me shk\u00eblqim dhe e leht\u00eb p\u00ebr tu pastruar.<\/span><\/li>\n<li><span style=\"color: #000000;\">Rezistenca ndaj ngricave.<\/span><\/li>\n<li><span style=\"color: #000000;\">Ruajtja e vetive mekanike t\u00eb tij.<\/span><\/li>\n<\/ul>\n<p><span style=\"color: #000000;\">TOPCOAT-PU 740 mund t\u00eb p\u00ebrdoret si shtres\u00eb izoluese dhe mbrojt\u00ebse p\u00ebr beton, mall\u00eb, du, gur, dysheme industriale, beton t\u00eb stampuar, veshje me mikrocemento, dysheme epokside dekorative t\u00eb brendshme, etj.<\/span><\/p>\n<p><strong><span style=\"color: #000000;\">P\u00ebrgatitja e substratit<\/span><\/strong><br \/>\n<span style=\"color: #000000;\">N\u00ebnshtresa duhet t\u00eb jet\u00eb plot\u00ebsisht e that\u00eb, e past\u00ebr, pa yndyr\u00eb, grimca t\u00eb lirshme, pluhur.<\/span><\/p>\n<p><strong><span style=\"color: #000000;\">Aplikimi<\/span><\/strong><br \/>\n<span style=\"color: #000000;\">P\u00ebrpara aplikimit, rekomandohet t\u00eb p\u00ebrzieni leht\u00eb TOPCOAT-PU 740, derisa t\u00eb b\u00ebhet homogjene. P\u00ebrzierja e tep\u00ebrt duhet t\u00eb shmanget p\u00ebr t\u00eb parandaluar bllokimin e ajrit brenda mas\u00ebs s\u00eb tij. TOPCOAT-PU 740 aplikohet me furc\u00eb, rul ose sprej n\u00eb dy shtresa. Shtresa e dyt\u00eb duhet t\u00eb aplikohet n\u00eb m\u00ebnyr\u00eb t\u00ebrthore pas 4-24 or\u00ebsh, n\u00eb var\u00ebsi t\u00eb kushteve t\u00eb motit. Konsumi: af\u00ebrsisht 0,12-0,25 kg\/m2 n\u00eb var\u00ebsi t\u00eb n\u00ebnshtres\u00ebs. Veglat duhet t\u00eb pastrohen me tret\u00ebs SM-28 dhe nd\u00ebrsa TOPCOAT-PU 740 \u00ebsht\u00eb ende i fresk\u00ebt.<\/span>[\/vc_column_text][vc_row_inner][vc_column_inner width=&#8221;1\/2&#8243;]<div class=\"standard-arrow bullet-top\"><ul>\n<li><span style=\"color: #000000;\"><span style=\"color: #000000;\">TOPCOAT-PU 740 nuk \u00ebsht\u00eb i p\u00ebrshtatsh\u00ebm p\u00ebr kontakt me ujin e trajtuar kimikisht t\u00eb p\u00ebrdorur n\u00eb pishina.<\/span><\/span><\/li>\n<li><span style=\"color: #000000;\">TOPCOAT-PU 740 mund t\u00eb ngjyroset me past\u00eb t\u00eb p\u00ebrshtatshme pigmenti.<\/span><\/li>\n<li><span style=\"color: #000000;\">Temperatura gjat\u00eb aplikimit dhe ngurt\u00ebsimit duhet t\u00eb jet\u00eb midis +5oC dhe +35oC.<\/span><\/li>\n<\/ul>\n<\/div>[\/vc_column_inner][vc_column_inner width=&#8221;1\/2&#8243;]<div class=\"standard-arrow bullet-top\"><ul>\n<li><span style=\"color: #000000;\"><span style=\"color: #000000;\">Kontenier\u00ebt e pambyllur duhet t\u00eb p\u00ebrdoren sapo t\u00eb hapen dhe nuk mund t\u00eb restaurohen.<\/span><\/span><\/li>\n<li><span style=\"color: #000000;\">TOPCOAT-PU 740 \u00ebsht\u00eb menduar vet\u00ebm p\u00ebr p\u00ebrdorim profesional.<\/span><\/li>\n<\/ul>\n<\/div>[\/vc_column_inner][\/vc_row_inner][vc_row_inner css=&#8221;.vc_custom_1683100048912{padding-top: 20px !important;}&#8221;][vc_column_inner width=&#8221;1\/2&#8243;]<div class=\"aio-icon-component    style_1\"><div id=\"Info-box-wrap-7277\" class=\"aio-icon-box default-icon\" style=\"\"  ><div class=\"aio-icon-default\"><div class=\"ult-just-icon-wrapper  \"><div class=\"align-icon\" style=\"text-align:center;\">\n<div class=\"aio-icon-img \" style=\"font-size:65px;display:inline-block;\" >\n\t<img decoding=\"async\" class=\"img-icon\" alt=\"null\" src=\"https:\/\/aedcolor.com\/wp-content\/uploads\/2023\/05\/image-2.png\"\/>\n<\/div><\/div><\/div><\/div><div class=\"aio-icon-header\" ><h3 class=\"aio-icon-title ult-responsive\"  data-ultimate-target='#Info-box-wrap-7277 .aio-icon-title'  data-responsive-json-new='{\"font-size\":\"\",\"line-height\":\"\"}'  style=\"\">Sip\u00ebrfaqe: Beton<\/h3><\/div> <!-- header --><\/div> <!-- aio-icon-box --><\/div> <!-- aio-icon-component -->[\/vc_column_inner][vc_column_inner width=&#8221;1\/2&#8243;]<div class=\"aio-icon-component    style_1\"><div id=\"Info-box-wrap-9654\" class=\"aio-icon-box default-icon\" style=\"\"  ><div class=\"aio-icon-default\"><div class=\"ult-just-icon-wrapper  \"><div class=\"align-icon\" style=\"text-align:center;\">\n<div class=\"aio-icon-img \" style=\"font-size:65px;display:inline-block;\" >\n\t<img decoding=\"async\" class=\"img-icon\" alt=\"null\" src=\"https:\/\/aedcolor.com\/wp-content\/uploads\/2023\/05\/image-1.png\"\/>\n<\/div><\/div><\/div><\/div><div class=\"aio-icon-header\" ><h3 class=\"aio-icon-title ult-responsive\"  data-ultimate-target='#Info-box-wrap-9654 .aio-icon-title'  data-responsive-json-new='{\"font-size\":\"\",\"line-height\":\"\"}'  style=\"\">Aplikimi: Mistri<\/h3><\/div> <!-- header --><\/div> <!-- aio-icon-box --><\/div> <!-- aio-icon-component -->[\/vc_column_inner][\/vc_row_inner][\/vc_column][\/vc_row]<\/p>\n<\/div>","protected":false},"excerpt":{"rendered":"<p>[vc_row css=&#8221;.vc_custom_1683099634441{padding-bottom: 30px !important;}&#8221;][vc_column width=&#8221;2\/3&#8243;][vc_custom_heading text=&#8221;TOPCOAT-PU 740&#8243; font_container=&#8221;tag:h2|font_size:50|text_align:left&#8221; use_theme_fonts=&#8221;yes&#8221; link=&#8221;|title:AQUAMAT%20-%20SUPERELASTIC||&#8221;][\/vc_column][\/vc_row][vc_row][vc_column width=&#8221;1\/2&#8243;][vc_single_image image=&#8221;8488&#8243; img_size=&#8221;full&#8221;][\/vc_column][vc_column width=&#8221;1\/2&#8243;][vc_column_text]TOPCOAT-PU 740 \u00ebsht\u00eb nj\u00eb shtres\u00eb e sip\u00ebrme poliuretani me nj\u00eb p\u00ebrb\u00ebr\u00ebs, transparent, alifatike. Bazuar n\u00eb rr\u00ebshira hidrofobike poliuretani, ai p\u00ebrmban veti t\u00eb shk\u00eblqyera mekanike, kimike, termike dhe rezistente ndaj motit. Formon nj\u00eb membran\u00eb t\u00eb q\u00ebndrueshme ndaj UV-s\u00eb dhe t\u00eb pap\u00ebrshkueshme ndaj ujit&hellip;<\/p>\n","protected":false},"author":2,"featured_media":0,"parent":0,"menu_order":0,"comment_status":"closed","ping_status":"closed","template":"","meta":{"footnotes":""},"class_list":["post-10171","page","type-page","status-publish","hentry","description-off"],"_links":{"self":[{"href":"https:\/\/aedcolor.com\/index.php\/wp-json\/wp\/v2\/pages\/10171","targetHints":{"allow":["GET"]}}],"collection":[{"href":"https:\/\/aedcolor.com\/index.php\/wp-json\/wp\/v2\/pages"}],"about":[{"href":"https:\/\/aedcolor.com\/index.php\/wp-json\/wp\/v2\/types\/page"}],"author":[{"embeddable":true,"href":"https:\/\/aedcolor.com\/index.php\/wp-json\/wp\/v2\/users\/2"}],"replies":[{"embeddable":true,"href":"https:\/\/aedcolor.com\/index.php\/wp-json\/wp\/v2\/comments?post=10171"}],"version-history":[{"count":1,"href":"https:\/\/aedcolor.com\/index.php\/wp-json\/wp\/v2\/pages\/10171\/revisions"}],"predecessor-version":[{"id":10173,"href":"https:\/\/aedcolor.com\/index.php\/wp-json\/wp\/v2\/pages\/10171\/revisions\/10173"}],"wp:attachment":[{"href":"https:\/\/aedcolor.com\/index.php\/wp-json\/wp\/v2\/media?parent=10171"}],"curies":[{"name":"wp","href":"https:\/\/api.w.org\/{rel}","templated":true}]}}