{"id":10345,"date":"2024-01-22T14:34:02","date_gmt":"2024-01-22T14:34:02","guid":{"rendered":"https:\/\/aedcolor.com\/?page_id=10345"},"modified":"2024-01-22T14:34:02","modified_gmt":"2024-01-22T14:34:02","slug":"fibranxps-fabric","status":"publish","type":"page","link":"https:\/\/aedcolor.com\/index.php\/fibranxps-fabric\/","title":{"rendered":"FIBRANxps FABRIC"},"content":{"rendered":"<div class=\"wpb-content-wrapper\"><p>[vc_row css=&#8221;.vc_custom_1683099634441{padding-bottom: 30px !important;}&#8221;][vc_column width=&#8221;2\/3&#8243;][vc_custom_heading text=&#8221;FIBRANxps FABRIC<\/p>\n<p>&#8221; font_container=&#8221;tag:h2|font_size:50|text_align:left&#8221; use_theme_fonts=&#8221;yes&#8221; link=&#8221;|title:AQUAMAT%20-%20SUPERELASTIC||&#8221;][\/vc_column][\/vc_row][vc_row][vc_column width=&#8221;1\/2&#8243;][vc_single_image image=&#8221;10201&#8243; img_size=&#8221;full&#8221;][\/vc_column][vc_column width=&#8221;1\/2&#8243;][vc_column_text]<span style=\"color: #000000;\"><span style=\"color: #000000;\"><b>FIBRANxps FABRIC \u00ebsht\u00eb nj\u00eb pllak\u00eb izoluese e ngurt\u00eb rezistente ndaj ujit e b\u00ebr\u00eb nga polistireni i ekstruduar me sip\u00ebrfaqe t\u00eb l\u00ebmuar n\u00eb t\u00eb d<\/b><strong>y an<\/strong><strong>\u00ebt.<\/strong><br \/>\nFIBRANxps FABRIC \u00ebsht\u00eb n\u00eb p\u00ebrputhje me Rregulloren 305\/2011 (CPR) e cila z\u00ebvend\u00ebsoi Direktiv\u00ebn EUROPIANE 89\/106\/EEX, dhe \u00ebsht\u00eb prodhuar sipas standardeve europane EN 13164 (Produkte termoizoluese p\u00ebr nd\u00ebrtesa-Produkte fabrikash prej shkume polistireni t\u00eb ekstruduar (XPS) dhe EN 13172. \u00cbsht\u00eb i certifikuar nga Organe t\u00eb Njohura t\u00eb pavarura nd\u00ebrkomb\u00ebtare dhe mban mark\u00ebn CE. Pllakat izoluese t\u00eb polistirenit t\u00eb ekstruduar FIBRANxps FABRIC prodhohen me ekstrudimin e shkum\u00ebs s\u00eb polistirenit dhe karakterizohen nga struktura mikroqelizash t\u00eb mbyllura shum\u00eb t\u00eb dendura. Qeliza e vog\u00ebl, e holl\u00eb, e ngurt\u00eb dhe e mvyllur e polistirenit p\u00ebrmban gaz inert dhe aj\u00ebr t\u00eb mbyllur, t\u00eb till\u00eb q\u00eb arrijn\u00eb nj\u00eb kapacitet shum\u00eb t\u00eb lart\u00eb izolues, nd\u00ebrkoh\u00eb q\u00eb mbeten t\u00eb thata n\u00eb mjedise me lag\u00ebshti t\u00eb shtuar (bodrume, cati t\u00eb p\u00ebrmbysur, pishina t\u00eb brendshme, etj). \u00cbsht\u00eb i vetmi material izolues me forc\u00eb mekanike vecan\u00ebrisht t\u00eb lart\u00eb, rezistent ndaj ujit por me rezistenc\u00eb t\u00eb ekuilibruar ndaj difuzionit t\u00eb avujve t\u00eb ujit.<br \/>\n<\/span><\/span><\/p>\n<p><strong><span style=\"color: #000000;\">Aplikimi<\/span><\/strong><br \/>\n<span style=\"color: #000000;\">Pllakat e ngurta t\u00eb polistirenit t\u00eb ekstruduar FIBRANxps FABRIC jan\u00eb t\u00eb p\u00ebrshtatshme p\u00ebr aplikim n\u00eb t\u00eb gjitha llojet e konstruksioneve t\u00eb nd\u00ebrtesave, madje edhe n\u00eb mjedise t\u00eb lag\u00ebshta dhe aplikime me ngarkes\u00eb t\u00eb shtuara shtyp\u00ebse dhe t\u00ebrheq\u00ebse.<\/span><\/p>\n<ul>\n<li><span style=\"color: #000000;\">Izolimi i paneleve sanduic t\u00eb laminuara t\u00eb prodhuara n\u00eb m\u00ebnyr\u00eb industriale<\/span><\/li>\n<li><span style=\"color: #000000;\">Izolimi i kornizave t\u00eb dritave<\/span><\/li>\n<li><span style=\"color: #000000;\">Izolimi n\u00eb sistemet e murit t\u00eb that\u00eb t\u00eb ngjitur.<\/span><\/li>\n<\/ul>\n<p>[\/vc_column_text][\/vc_column][\/vc_row]<\/p>\n<\/div>","protected":false},"excerpt":{"rendered":"<p>[vc_row css=&#8221;.vc_custom_1683099634441{padding-bottom: 30px !important;}&#8221;][vc_column width=&#8221;2\/3&#8243;][vc_custom_heading text=&#8221;FIBRANxps FABRIC &#8221; font_container=&#8221;tag:h2|font_size:50|text_align:left&#8221; use_theme_fonts=&#8221;yes&#8221; link=&#8221;|title:AQUAMAT%20-%20SUPERELASTIC||&#8221;][\/vc_column][\/vc_row][vc_row][vc_column width=&#8221;1\/2&#8243;][vc_single_image image=&#8221;10201&#8243; img_size=&#8221;full&#8221;][\/vc_column][vc_column width=&#8221;1\/2&#8243;][vc_column_text]FIBRANxps FABRIC \u00ebsht\u00eb nj\u00eb pllak\u00eb izoluese e ngurt\u00eb rezistente ndaj ujit e b\u00ebr\u00eb nga polistireni i ekstruduar me sip\u00ebrfaqe t\u00eb l\u00ebmuar n\u00eb t\u00eb dy an\u00ebt. FIBRANxps FABRIC \u00ebsht\u00eb n\u00eb p\u00ebrputhje me Rregulloren 305\/2011 (CPR) e cila z\u00ebvend\u00ebsoi Direktiv\u00ebn EUROPIANE 89\/106\/EEX, dhe&hellip;<\/p>\n","protected":false},"author":2,"featured_media":0,"parent":0,"menu_order":0,"comment_status":"closed","ping_status":"closed","template":"","meta":{"footnotes":""},"class_list":["post-10345","page","type-page","status-publish","hentry","description-off"],"_links":{"self":[{"href":"https:\/\/aedcolor.com\/index.php\/wp-json\/wp\/v2\/pages\/10345","targetHints":{"allow":["GET"]}}],"collection":[{"href":"https:\/\/aedcolor.com\/index.php\/wp-json\/wp\/v2\/pages"}],"about":[{"href":"https:\/\/aedcolor.com\/index.php\/wp-json\/wp\/v2\/types\/page"}],"author":[{"embeddable":true,"href":"https:\/\/aedcolor.com\/index.php\/wp-json\/wp\/v2\/users\/2"}],"replies":[{"embeddable":true,"href":"https:\/\/aedcolor.com\/index.php\/wp-json\/wp\/v2\/comments?post=10345"}],"version-history":[{"count":1,"href":"https:\/\/aedcolor.com\/index.php\/wp-json\/wp\/v2\/pages\/10345\/revisions"}],"predecessor-version":[{"id":10347,"href":"https:\/\/aedcolor.com\/index.php\/wp-json\/wp\/v2\/pages\/10345\/revisions\/10347"}],"wp:attachment":[{"href":"https:\/\/aedcolor.com\/index.php\/wp-json\/wp\/v2\/media?parent=10345"}],"curies":[{"name":"wp","href":"https:\/\/api.w.org\/{rel}","templated":true}]}}