{"id":10350,"date":"2024-01-23T07:59:58","date_gmt":"2024-01-23T07:59:58","guid":{"rendered":"https:\/\/aedcolor.com\/?page_id=10350"},"modified":"2024-01-23T08:00:07","modified_gmt":"2024-01-23T08:00:07","slug":"fibranxps-incline-200","status":"publish","type":"page","link":"https:\/\/aedcolor.com\/index.php\/fibranxps-incline-200\/","title":{"rendered":"FIBRANxps INCLINE 2,00 %"},"content":{"rendered":"<div class=\"wpb-content-wrapper\"><p>[vc_row css=&#8221;.vc_custom_1683099634441{padding-bottom: 30px !important;}&#8221;][vc_column width=&#8221;2\/3&#8243;][vc_custom_heading text=&#8221;FIBRANxps INCLINE 2,00 %<\/p>\n<p>&#8221; font_container=&#8221;tag:h2|font_size:50|text_align:left&#8221; use_theme_fonts=&#8221;yes&#8221; link=&#8221;|title:AQUAMAT%20-%20SUPERELASTIC||&#8221;][\/vc_column][\/vc_row][vc_row][vc_column width=&#8221;1\/2&#8243;][vc_single_image image=&#8221;10211&#8243; img_size=&#8221;full&#8221;][\/vc_column][vc_column width=&#8221;1\/2&#8243;][vc_column_text]<strong><span style=\"color: #000000;\">FIBRANxps INCLINE 2,00 % \u00ebsht\u00eb nj\u00eb pllak\u00eb termoizoluese e pjerr\u00ebt e b\u00ebr\u00eb nga polistireni i ekstruduar, me sip\u00ebrfaqe n\u00eb pjerr\u00ebsi 2% dhe skaje t\u00eb prera drejt.<\/span><\/strong><\/p>\n<p><strong><span style=\"color: #000000;\">Aplikimi<\/span><\/strong><br \/>\n<span style=\"color: #000000;\">Panelet termoizoluese FIBRANxps INCLINE p\u00ebrdoren p\u00ebr t\u00eb b\u00ebr\u00eb sip\u00ebrfaqe t\u00eb pjerr\u00ebta n\u00eb cati t\u00eb sheshta dhe p\u00ebr t\u00eb siguruar kullim efikas. Panele t\u00eb lehta:<\/span><\/p>\n<ul>\n<li><span style=\"color: #000000;\">t\u00eb siguroj\u00eb prirjet e d\u00ebshiruara p\u00ebr kullim efektiv,<\/span><\/li>\n<li><span style=\"color: #000000;\">zvog\u00eblon pesh\u00ebn e catis\u00eb<\/span><\/li>\n<li><span style=\"color: #000000;\">zvog\u00eblon trash\u00ebsin\u00eb totale t\u00eb catis\u00eb<\/span><\/li>\n<li><span style=\"color: #000000;\">kontribuojn\u00eb n\u00eb eficenc\u00ebn termike t\u00eb sip\u00ebrfaqeve t\u00eb sheshta<\/span><\/li>\n<\/ul>\n<p><strong><span style=\"color: #000000;\">Instalimi<\/span><\/strong><br \/>\n<span style=\"color: #000000;\">T\u00eb gjitha k\u00ebrkesat e nd\u00ebrtimit duhet t\u00eb merren parasysh gjat\u00eb aplikimit t\u00eb paneleve FIBRANxps. Panelet FIBRANxps duhet t\u00eb vendosen n\u00eb sip\u00ebrfaqe t\u00eb sheshta dhe t\u00eb pastra. Ato mund t\u00eb priten leht\u00ebsisht duke p\u00ebrdorur nj\u00eb thik\u00eb t\u00eb mpreht\u00eb ose tela t\u00eb nxeht\u00eb. Shumica e skajeve t\u00eb produktit FIBRANxps jan\u00eb n\u00eb form\u00eb L ose D. Panelet zakonisht instalohen n\u00eb nj\u00eb shtres\u00eb t\u00eb vetme. Aplikimi i nj\u00eb shtrese t\u00eb dyfisht\u00eb \u00ebsht\u00eb i d\u00ebshiruesh\u00ebm p\u00ebr panelet n\u00eb form\u00eb I, p\u00ebr t\u00eb shmangur formimin pasues t\u00eb urave termike n\u00eb bashkime. Termoizolimi n\u00eb aplikim t\u00eb p\u00ebrmbysur duhet t\u00eb instalohet n\u00eb nj\u00eb shtres\u00eb t\u00eb vetme. Kurdoher\u00eb q\u00eb panelet FIBRANxps do t\u00eb aplikohen mbi shtres\u00eb uji n\u00eb muret e bodrumit, duhet t\u00eb p\u00ebrdoret gjithashtu shirit ngjit\u00ebs. N\u00eb rast t\u00eb bodrumeve me nj\u00eb tavolin\u00eb t\u00eb lart\u00eb uji, produkti izolues i lag\u00ebshtir\u00ebs duhet t\u00eb aplikohet n\u00eb t\u00eb gjith\u00eb sip\u00ebrfaqen e murit. Kur p\u00ebrdorni FIBRANxps n\u00eb sip\u00ebrfaqe m\u00eb t\u00eb m\u00ebdha, vecan\u00ebrisht n\u00eb cati t\u00eb sheshta t\u00eb ngrohta, duhet t\u00eb merret parasysh zgjerimi ose tkurrja e paneleve p\u00ebr shkak t\u00eb temperatur\u00ebs. N\u00eb raste t\u00eb tilla rekomandohet nd\u00ebrtimi i fugave t\u00eb zgjerimit me lesh guri.<\/span><\/p>\n<p><strong><span style=\"color: #000000;\">Menaxhimi dhe Ruajtja<\/span><\/strong><br \/>\n<span style=\"color: #000000;\">Panelet FIBRANxps jan\u00eb rezistente ndaj motit t\u00eb ftoht\u00eb, shiut dhe bor\u00ebs, por jo ndaj ekspozimit afatgjat\u00eb ndaj rrezatimit ultravjollc\u00eb nga ekspozimi i drejtp\u00ebrdrejt\u00eb ndaj drit\u00ebs s\u00eb diellit. Prandaj, paketimi duhet t\u00eb hiqet menj\u00ebher\u00eb p\u00ebrpara aplikimit t\u00eb materialit. N\u00eb rast se paketimi \u00ebsht\u00eb i grisur, materiali duhet t\u00eb mbrohet nga rrezet e diellit direkte. Megjith\u00ebse panelet FIBRANxps jan\u00eb nd\u00ebr materialet m\u00eb t\u00eb q\u00ebndrueshme n\u00eb treg, kontakti me objekte t\u00eb mprehta mund t\u00eb shkat\u00ebrroj\u00eb ose shtremb\u00ebroj\u00eb sip\u00ebrfaqen e tyre. Panelet FIBRANxps mund t\u00eb p\u00ebrdoren deri n\u00eb nj\u00eb temperatur\u00eb prej 75 oC. Megjithat\u00eb, n\u00ebse ruhen jasht\u00eb dhe ekspozohen ndaj rrezeve t\u00eb diellit direkt, ose t\u00eb mbuluara me materiale me ngjyr\u00eb t\u00eb err\u00ebt, ato mund t\u00eb deformohen p\u00ebr shkak t\u00eb temperaturave t\u00eb larta. Panelet FIBRANxps nuk duhet t\u00eb vijn\u00eb n\u00eb kontakt me tret\u00ebs organik\u00eb si acetoni, benzina ose katrani. N\u00ebse panelet do t\u00eb pastrohen, rekomandohet nj\u00eb test i toleranc\u00ebs s\u00eb materialit. N\u00eb p\u00ebrgjith\u00ebsi jan\u00eb rezistente ndaj sapunit dhe detergjent\u00ebve, por jo ndaj zbardhuesit. Panelet FIBRANxps jan\u00eb pjes\u00ebrisht rezistente ndaj substancave t\u00eb tilla si vajrat dhe yndyrat bimore, arafina, fenoli, q\u00eb do t\u00eb thot\u00eb se ekspozimi afatgjat\u00eb ndaj substancave t\u00eb tilla mund t\u00eb ndikoj\u00eb n\u00eb pamjen ose struktur\u00ebn e sip\u00ebrfaqes s\u00eb tyre. Panelet FIBRANxps jan\u00eb vecan\u00ebrisht rezistente ndaj materialeve t\u00eb asfaltit t\u00eb tretsh\u00ebm n\u00eb uj\u00eb, g\u00eblqeres, cimentos, llacit g\u00eblqeror, ujit t\u00eb detit, si dhe ndaj acideve t\u00eb holla t\u00eb holluara dhe silikoneve.\u00a0<\/span>[\/vc_column_text][\/vc_column][\/vc_row]<\/p>\n<\/div>","protected":false},"excerpt":{"rendered":"<p>[vc_row css=&#8221;.vc_custom_1683099634441{padding-bottom: 30px !important;}&#8221;][vc_column width=&#8221;2\/3&#8243;][vc_custom_heading text=&#8221;FIBRANxps INCLINE 2,00 % &#8221; font_container=&#8221;tag:h2|font_size:50|text_align:left&#8221; use_theme_fonts=&#8221;yes&#8221; link=&#8221;|title:AQUAMAT%20-%20SUPERELASTIC||&#8221;][\/vc_column][\/vc_row][vc_row][vc_column width=&#8221;1\/2&#8243;][vc_single_image image=&#8221;10211&#8243; img_size=&#8221;full&#8221;][\/vc_column][vc_column width=&#8221;1\/2&#8243;][vc_column_text]FIBRANxps INCLINE 2,00 % \u00ebsht\u00eb nj\u00eb pllak\u00eb termoizoluese e pjerr\u00ebt e b\u00ebr\u00eb nga polistireni i ekstruduar, me sip\u00ebrfaqe n\u00eb pjerr\u00ebsi 2% dhe skaje t\u00eb prera drejt. Aplikimi Panelet termoizoluese FIBRANxps INCLINE p\u00ebrdoren p\u00ebr t\u00eb b\u00ebr\u00eb sip\u00ebrfaqe t\u00eb pjerr\u00ebta n\u00eb&hellip;<\/p>\n","protected":false},"author":2,"featured_media":0,"parent":0,"menu_order":0,"comment_status":"closed","ping_status":"closed","template":"","meta":{"footnotes":""},"class_list":["post-10350","page","type-page","status-publish","hentry","description-off"],"_links":{"self":[{"href":"https:\/\/aedcolor.com\/index.php\/wp-json\/wp\/v2\/pages\/10350","targetHints":{"allow":["GET"]}}],"collection":[{"href":"https:\/\/aedcolor.com\/index.php\/wp-json\/wp\/v2\/pages"}],"about":[{"href":"https:\/\/aedcolor.com\/index.php\/wp-json\/wp\/v2\/types\/page"}],"author":[{"embeddable":true,"href":"https:\/\/aedcolor.com\/index.php\/wp-json\/wp\/v2\/users\/2"}],"replies":[{"embeddable":true,"href":"https:\/\/aedcolor.com\/index.php\/wp-json\/wp\/v2\/comments?post=10350"}],"version-history":[{"count":1,"href":"https:\/\/aedcolor.com\/index.php\/wp-json\/wp\/v2\/pages\/10350\/revisions"}],"predecessor-version":[{"id":10352,"href":"https:\/\/aedcolor.com\/index.php\/wp-json\/wp\/v2\/pages\/10350\/revisions\/10352"}],"wp:attachment":[{"href":"https:\/\/aedcolor.com\/index.php\/wp-json\/wp\/v2\/media?parent=10350"}],"curies":[{"name":"wp","href":"https:\/\/api.w.org\/{rel}","templated":true}]}}