{"id":10375,"date":"2024-02-08T10:59:21","date_gmt":"2024-02-08T10:59:21","guid":{"rendered":"https:\/\/aedcolor.com\/?page_id=10375"},"modified":"2024-02-08T10:59:24","modified_gmt":"2024-02-08T10:59:24","slug":"fibrangeo-b-001","status":"publish","type":"page","link":"https:\/\/aedcolor.com\/index.php\/fibrangeo-b-001\/","title":{"rendered":"FIBRANgeo B-001"},"content":{"rendered":"<div class=\"wpb-content-wrapper\"><p>[vc_row css=&#8221;.vc_custom_1683099634441{padding-bottom: 30px !important;}&#8221;][vc_column width=&#8221;2\/3&#8243;][vc_custom_heading text=&#8221;FIBRANgeo B-001<\/p>\n<p>&#8221; font_container=&#8221;tag:h2|font_size:50|text_align:left&#8221; use_theme_fonts=&#8221;yes&#8221; link=&#8221;|title:AQUAMAT%20-%20SUPERELASTIC||&#8221;][\/vc_column][\/vc_row][vc_row][vc_column width=&#8221;1\/2&#8243;][vc_single_image image=&#8221;6430&#8243; img_size=&#8221;full&#8221;][\/vc_column][vc_column width=&#8221;1\/2&#8243;][vc_column_text]<span style=\"color: #000000;\"><strong>Pllaka izoluese prej lesh guri gjysm\u00eb t\u00eb ngurt\u00eb FIRBANgeo B-001<\/strong> \u00ebsht\u00eb nj\u00eb produkt fijor inorganik natyral q\u00eb prodhohet industrialisht nga shk\u00ebmbi i shkrir\u00eb i tjerr\u00eb n\u00eb fibra, n\u00eb p\u00ebrputhje me standardin europian EN 13162 (Pordukte termoizoluese p\u00ebr nd\u00ebrtesa &#8211; produkte leshi mineral t\u00eb prodhuar nga fabrika (MW).<\/span><\/p>\n<p><strong><span style=\"color: #000000;\">Aplikimi<\/span><\/strong><br \/>\n<span style=\"color: #000000;\">Pllakat e projektuara p\u00ebr aplikime p\u00ebr izolim termik, rezistenc\u00eb ndaj zjarrit dhe izolim t\u00eb z\u00ebrit:<\/span><\/p>\n<p><em><span style=\"text-decoration: underline;\"><span style=\"color: #000000; text-decoration: underline;\">Izolimi i zgavr\u00ebs s\u00eb elementeve vertikale, si p.sh.:<\/span><\/span><\/em><\/p>\n<ul>\n<li><span style=\"color: #000000;\">Izolimi i b\u00ebrthamave p\u00ebr mure (konstruksion i that\u00eb me cdo lloj d\u00ebrrase, konstruksion druri, panele metalike ose gipsi etj.)<\/span><\/li>\n<li><span style=\"color: #000000;\">Fasada e ajrosur ( me cdo lloj veshjeje, si p.sh. guri, mermeri, metali, panele qeramike etj.)<\/span><\/li>\n<li><span style=\"color: #000000;\">Muret e zgavr\u00ebs s\u00eb muratur\u00ebs<\/span><\/li>\n<\/ul>\n<p><em><span style=\"text-decoration: underline;\"><span style=\"color: #000000; text-decoration: underline;\">Izolimi i zgavr\u00ebs s\u00eb elementeve horizontale, si p.sh.<\/span><\/span><\/em><\/p>\n<ul>\n<li><span style=\"color: #000000;\">Tavan me nd\u00ebrtim t\u00eb that\u00eb, tavan i varur pa vrima.<\/span><\/li>\n<li><span style=\"color: #000000;\">Rreshtimi i tavanit t\u00eb papafingos<\/span><\/li>\n<li><span style=\"color: #000000;\">Midis trar\u00ebve prej druri t\u00eb dyshemes\u00eb.<\/span><\/li>\n<li><span style=\"color: #000000;\">Izolimi i jasht\u00ebm Pilotis me veshje konstruksioni t\u00eb that\u00eb.<\/span><\/li>\n<\/ul>\n<p><span style=\"color: #000000;\">Produktet FIBRANgeo duhet t\u00eb mbrohen para dhe gjat\u00eb aplikimit t\u00eb tyre. N\u00ebse nj\u00eb pjes\u00eb e produktit laget, duhet t\u00eb thahet para instalimit.<\/span><br \/>\n<span style=\"color: #000000;\">Zona e pun\u00ebs duhet t\u00eb mbahen t\u00eb pastra. Duhet t\u00eb shmanget kontakti i panevojsh\u00ebm ose i gjer\u00eb i l\u00ebkur\u00ebs dhe syve me prerjet, fibrat dhe pluhurin e produktit, si dhe duhet p\u00ebrdorur veshje mbrojt\u00ebse (doreza, kapele). Produktet AL, AX, YM dhe YA nuk sugjerohen p\u00ebr aplikim me temperatur\u00eb sh\u00ebrbimi n\u00eb sip\u00ebrfaqe m\u00eb shum\u00eb se 90 oC nd\u00ebrsa ato me sip\u00ebrfaqe XA nuk sugjerohen p\u00ebr m\u00eb shum\u00eb se 66 oC. Duhet t\u00eb sigurohet ajrim i mjaftuesh\u00ebm i zonave t\u00eb pun\u00ebs, nd\u00ebrsa mjetet prer\u00ebse elektrike duhet t\u00eb pajisen gjithmon\u00eb ose t\u00eb plot\u00ebsohen me nj\u00eb sistem mekanik t\u00eb marrjes s\u00eb pluhurit.<\/span><\/p>\n<p><strong><span style=\"color: #000000;\">Certifikimi<\/span><\/strong><br \/>\n<span style=\"color: #000000;\">Produktet izoluese t\u00eb leshit t\u00eb gurit FIBRANgeo B-001 jan\u00eb t\u00eb certifikuara sipas Normave Europiane EN 13162 dhe EN 13172 dhe mbajn\u00eb mark\u00ebn CE q\u00eb rrjedh nga Deklarata e Performanc\u00ebs.<\/span>[\/vc_column_text][\/vc_column][\/vc_row]<\/p>\n<\/div>","protected":false},"excerpt":{"rendered":"<p>[vc_row css=&#8221;.vc_custom_1683099634441{padding-bottom: 30px !important;}&#8221;][vc_column width=&#8221;2\/3&#8243;][vc_custom_heading text=&#8221;FIBRANgeo B-001 &#8221; font_container=&#8221;tag:h2|font_size:50|text_align:left&#8221; use_theme_fonts=&#8221;yes&#8221; link=&#8221;|title:AQUAMAT%20-%20SUPERELASTIC||&#8221;][\/vc_column][\/vc_row][vc_row][vc_column width=&#8221;1\/2&#8243;][vc_single_image image=&#8221;6430&#8243; img_size=&#8221;full&#8221;][\/vc_column][vc_column width=&#8221;1\/2&#8243;][vc_column_text]Pllaka izoluese prej lesh guri gjysm\u00eb t\u00eb ngurt\u00eb FIRBANgeo B-001 \u00ebsht\u00eb nj\u00eb produkt fijor inorganik natyral q\u00eb prodhohet industrialisht nga shk\u00ebmbi i shkrir\u00eb i tjerr\u00eb n\u00eb fibra, n\u00eb p\u00ebrputhje me standardin europian EN 13162 (Pordukte termoizoluese p\u00ebr nd\u00ebrtesa &#8211; produkte leshi&hellip;<\/p>\n","protected":false},"author":2,"featured_media":0,"parent":0,"menu_order":0,"comment_status":"closed","ping_status":"closed","template":"","meta":{"footnotes":""},"class_list":["post-10375","page","type-page","status-publish","hentry","description-off"],"_links":{"self":[{"href":"https:\/\/aedcolor.com\/index.php\/wp-json\/wp\/v2\/pages\/10375","targetHints":{"allow":["GET"]}}],"collection":[{"href":"https:\/\/aedcolor.com\/index.php\/wp-json\/wp\/v2\/pages"}],"about":[{"href":"https:\/\/aedcolor.com\/index.php\/wp-json\/wp\/v2\/types\/page"}],"author":[{"embeddable":true,"href":"https:\/\/aedcolor.com\/index.php\/wp-json\/wp\/v2\/users\/2"}],"replies":[{"embeddable":true,"href":"https:\/\/aedcolor.com\/index.php\/wp-json\/wp\/v2\/comments?post=10375"}],"version-history":[{"count":1,"href":"https:\/\/aedcolor.com\/index.php\/wp-json\/wp\/v2\/pages\/10375\/revisions"}],"predecessor-version":[{"id":10377,"href":"https:\/\/aedcolor.com\/index.php\/wp-json\/wp\/v2\/pages\/10375\/revisions\/10377"}],"wp:attachment":[{"href":"https:\/\/aedcolor.com\/index.php\/wp-json\/wp\/v2\/media?parent=10375"}],"curies":[{"name":"wp","href":"https:\/\/api.w.org\/{rel}","templated":true}]}}