{"id":10411,"date":"2024-02-10T08:13:29","date_gmt":"2024-02-10T08:13:29","guid":{"rendered":"https:\/\/aedcolor.com\/?page_id=10411"},"modified":"2024-02-10T08:15:38","modified_gmt":"2024-02-10T08:15:38","slug":"fibrangeo-bp-80-l","status":"publish","type":"page","link":"https:\/\/aedcolor.com\/index.php\/fibrangeo-bp-80-l\/","title":{"rendered":"FIBRANgeo BP-80-L"},"content":{"rendered":"<div class=\"wpb-content-wrapper\"><p>[vc_row css=&#8221;.vc_custom_1683099634441{padding-bottom: 30px !important;}&#8221;][vc_column width=&#8221;2\/3&#8243;][vc_custom_heading text=&#8221;FIBRANgeo BP-80-L<\/p>\n<p>&#8221; font_container=&#8221;tag:h2|font_size:50|text_align:left&#8221; use_theme_fonts=&#8221;yes&#8221; link=&#8221;|title:AQUAMAT%20-%20SUPERELASTIC||&#8221;][\/vc_column][\/vc_row][vc_row][vc_column width=&#8221;1\/2&#8243;][vc_single_image image=&#8221;10255&#8243; img_size=&#8221;full&#8221;][\/vc_column][vc_column width=&#8221;1\/2&#8243;][vc_column_text]<span style=\"color: #000000;\"><strong>Pllak\u00eb izoluese e ngurt\u00eb prej leshi guri FIBRANgeo BP-80-L<\/strong> \u00ebsht\u00eb nj\u00eb produkt natyral fibroz inorganik q\u00eb prodhohet n\u00eb m\u00ebnyr\u00eb industriale nga shk\u00ebmbi i shkrir\u00eb i tjerrur n\u00eb fibra, n\u00eb p\u00ebrputhje me standardin europian EN 13162 (Produkte termoizoluese p\u00ebr nd\u00ebrtesa &#8211; produkte leshi mineral t\u00eb prodhuar nga fabrika (MW)). T\u00eb kat\u00ebr skajet e d\u00ebrrasave kan\u00eb profile me prerje L (anije). Prerja \u00ebsht\u00eb e pozicionuar n\u00eb mes t\u00eb skajeve dhe \u00ebsht\u00eb 15 mm e thell\u00eb.<\/span><\/p>\n<p><strong><span style=\"color: #000000;\">Aplikimi<\/span><\/strong><br \/>\n<span style=\"color: #000000;\">Pllakat e projektuara p\u00ebr aplikime p\u00ebr izolim termik, rezistenc\u00eb ndaj zjarrit dhe izolim t\u00eb z\u00ebrit ku nevojiten vetit\u00eb mekanike t\u00eb rritura dhe rezistenc\u00eb ndaj stresit n\u00eb shtypje.<\/span><\/p>\n<p><strong><em><span style=\"text-decoration: underline;\"><span style=\"color: #000000; text-decoration: underline;\">N\u00eb catit\u00eb e sheshta, si p.sh.:<\/span><\/span><\/em><\/strong><\/p>\n<ul>\n<li><span style=\"color: #000000;\">Termoizolim i jasht\u00ebm dhe z\u00ebri i catis\u00eb s\u00eb shesht\u00eb, me lesh guri t\u00eb mbuluar me mall\u00eb dhe shtres\u00eb izoluese uji.<\/span><\/li>\n<li><span style=\"color: #000000;\">Termoizolim i jasht\u00ebm dhe tingull i catis\u00eb s\u00eb shesht\u00eb prej betoni dhe metali, me lesh guri q\u00eb mbulohet me shtres\u00eb membrane hidroizolese.<\/span><\/li>\n<\/ul>\n<p><span style=\"color: #000000;\">Produktet FIBRANgeo duhet t\u00eb mbulohen nga lagia para dhe gjat\u00eb aplikimit t\u00eb tyre. N\u00ebse nj\u00eb pjes\u00eb e produktit laget, duhet t\u00eb thahet para instalimit. Leshi i gurit thahet shpejt dhe vetit\u00eb e tij izoluese mbeten t\u00eb pandryshuara pas tharjes. Paketimi duhet t\u00eb hiqet me kujdes pak para instalimit. Zonat e pun\u00ebs duhet t\u00eb mbahen t\u00eb pastra. Duhet t\u00eb shmanget kontakti i panevojsh\u00ebm ose i gjer\u00eb i l\u00ebkur\u00ebs dhe syve me prerjet, fibrat dhe pluhurin e produktit dhe duhet p\u00ebrdorur veshje mbrojt\u00ebse (doreza, syze, kapele). Produktet me AL,AX, YM dhe YA nuk sugjerohen p\u00ebr aplikim me temperatur\u00eb sh\u00ebrbimi n\u00eb sip\u00ebrfaqe m\u00eb shum\u00eb se 90 oC nd\u00ebrsa ato me sip\u00ebrfaqe XA nuk sugjerohen p\u00ebr m\u00eb shum\u00eb se 66oC. Duhet t\u00eb sigurohet centilimi i mjaftuesh\u00ebm i zonave t\u00eb pun\u00ebs, nd\u00ebrsa mjetet prer\u00ebse elektrike duhet t\u00eb pajisen gjithmon\u00eb ose t\u00eb plot\u00ebsohen me nj\u00eb sistem mekanik t\u00eb marrjes s\u00eb pluhurit.<\/span><\/p>\n<p><strong><span style=\"color: #000000;\">Certifikimi<\/span><\/strong><br \/>\n<span style=\"color: #000000;\">Produktet izoluese prej leshi guri FIBRANgeo BP-80-L jan\u00eb certifikuar sipas Normave Europiane EN 13162 dhe EN 13172 dhe mbajn\u00eb mark\u00ebn CE q\u00eb rrjedh nga Deklarata e Performanc\u00ebs.<\/span>[\/vc_column_text][\/vc_column][\/vc_row]<\/p>\n<\/div>","protected":false},"excerpt":{"rendered":"<p>[vc_row css=&#8221;.vc_custom_1683099634441{padding-bottom: 30px !important;}&#8221;][vc_column width=&#8221;2\/3&#8243;][vc_custom_heading text=&#8221;FIBRANgeo BP-80-L &#8221; font_container=&#8221;tag:h2|font_size:50|text_align:left&#8221; use_theme_fonts=&#8221;yes&#8221; link=&#8221;|title:AQUAMAT%20-%20SUPERELASTIC||&#8221;][\/vc_column][\/vc_row][vc_row][vc_column width=&#8221;1\/2&#8243;][vc_single_image image=&#8221;10255&#8243; img_size=&#8221;full&#8221;][\/vc_column][vc_column width=&#8221;1\/2&#8243;][vc_column_text]Pllak\u00eb izoluese e ngurt\u00eb prej leshi guri FIBRANgeo BP-80-L \u00ebsht\u00eb nj\u00eb produkt natyral fibroz inorganik q\u00eb prodhohet n\u00eb m\u00ebnyr\u00eb industriale nga shk\u00ebmbi i shkrir\u00eb i tjerrur n\u00eb fibra, n\u00eb p\u00ebrputhje me standardin europian EN 13162 (Produkte termoizoluese p\u00ebr nd\u00ebrtesa &#8211; produkte&hellip;<\/p>\n","protected":false},"author":2,"featured_media":0,"parent":0,"menu_order":0,"comment_status":"closed","ping_status":"closed","template":"","meta":{"footnotes":""},"class_list":["post-10411","page","type-page","status-publish","hentry","description-off"],"_links":{"self":[{"href":"https:\/\/aedcolor.com\/index.php\/wp-json\/wp\/v2\/pages\/10411","targetHints":{"allow":["GET"]}}],"collection":[{"href":"https:\/\/aedcolor.com\/index.php\/wp-json\/wp\/v2\/pages"}],"about":[{"href":"https:\/\/aedcolor.com\/index.php\/wp-json\/wp\/v2\/types\/page"}],"author":[{"embeddable":true,"href":"https:\/\/aedcolor.com\/index.php\/wp-json\/wp\/v2\/users\/2"}],"replies":[{"embeddable":true,"href":"https:\/\/aedcolor.com\/index.php\/wp-json\/wp\/v2\/comments?post=10411"}],"version-history":[{"count":3,"href":"https:\/\/aedcolor.com\/index.php\/wp-json\/wp\/v2\/pages\/10411\/revisions"}],"predecessor-version":[{"id":10416,"href":"https:\/\/aedcolor.com\/index.php\/wp-json\/wp\/v2\/pages\/10411\/revisions\/10416"}],"wp:attachment":[{"href":"https:\/\/aedcolor.com\/index.php\/wp-json\/wp\/v2\/media?parent=10411"}],"curies":[{"name":"wp","href":"https:\/\/api.w.org\/{rel}","templated":true}]}}