{"id":10438,"date":"2024-02-15T10:25:24","date_gmt":"2024-02-15T10:25:24","guid":{"rendered":"https:\/\/aedcolor.com\/?page_id=10438"},"modified":"2024-02-15T10:25:24","modified_gmt":"2024-02-15T10:25:24","slug":"fibrangeo-si","status":"publish","type":"page","link":"https:\/\/aedcolor.com\/index.php\/fibrangeo-si\/","title":{"rendered":"FIBRANgeo SI"},"content":{"rendered":"<div class=\"wpb-content-wrapper\"><p>[vc_row css=&#8221;.vc_custom_1683099634441{padding-bottom: 30px !important;}&#8221;][vc_column width=&#8221;2\/3&#8243;][vc_custom_heading text=&#8221;FIBRANgeo SI<\/p>\n<p>&#8221; font_container=&#8221;tag:h2|font_size:50|text_align:left&#8221; use_theme_fonts=&#8221;yes&#8221; link=&#8221;|title:AQUAMAT%20-%20SUPERELASTIC||&#8221;][\/vc_column][\/vc_row][vc_row][vc_column width=&#8221;1\/2&#8243;][vc_single_image image=&#8221;10286&#8243; img_size=&#8221;full&#8221;][\/vc_column][vc_column width=&#8221;1\/2&#8243;][vc_column_text]<span style=\"color: #000000;\"><strong>Pllak\u00eb izoluese e ngurt\u00eb prej lesh guri FIBRANgeo SI<\/strong> \u00ebsht\u00eb nj\u00eb produkt fijor natyral inorganik q\u00eb prodhohet industrialisht nga shk\u00ebmbi i shkrir\u00eb i tjerrur n\u00eb fibra, n\u00eb p\u00ebrputhje me Standardin Europian EN 13162 (Produkte termoizoluese p\u00ebr nd\u00ebrtesa &#8211; produkte leshi mineral t\u00eb prodhuar nga fabrika (MW).<\/span><\/p>\n<p><strong><span style=\"color: #000000;\">Aplikimi\u00a0<\/span><\/strong><br \/>\n<span style=\"color: #000000;\">Artikuj t\u00eb vecant\u00eb t\u00eb projektuar p\u00ebr izolim termik, rezistent ndaj zjarrit dhe izolim zvri, t\u00eb p\u00ebrshtatsh\u00ebm p\u00ebr mbushjen e pjes\u00ebve trpezoidale t\u00eb nj\u00eb profili metalik.\u00a0<\/span><br \/>\n<span style=\"color: #000000;\">Produktet FIBRANgeo duhet t\u00eb mbrohen nga lagia para dhe gjat\u00eb aplikimit t\u00eb tyre. N\u00ebse nj\u00eb pjes\u00eb e produktit laget, duhet t\u00eb thahet para instalimit. Leshi i gurit thahet shpejt dhe vetit\u00eb e tij izoluese mveten t\u00eb pandryshuara pas tharjes. Paketimi duhet t\u00eb hiqet me kujdes pak para instalimit. Zonat e pun\u00ebs duhet t\u00eb mbahen t\u00eb pastra. Duhet t\u00eb shmanget kontakti i panevojsh\u00ebm ose i gjer\u00eb i l\u00ebkur\u00ebs dhe syve, fibrat dhe pluhurin e produktit dhe duhet p\u00ebrdorur veshje mbrojt\u00ebse (doreza, syze, kapele). Produktet AL, AX, YM dhe YA nuk sugjerohen p\u00ebr aplikim me temperatur\u00eb sh\u00ebrbimi n\u00eb sip\u00ebrfaqe m\u00eb shum\u00eb se 90 oC nd\u00ebrsa ato me sip\u00ebrfaqe XA nuk sugjerohen p\u00ebr m\u00eb shum\u00eb se 66 oC. Duhet t\u00eb sigurohet ajrim i mjaftuesh\u00ebm i zonave t\u00eb pun\u00ebs, nd\u00ebrsa mjetet prer\u00ebse elektrike duhet t\u00eb pajisen gjithmon\u00eb ose t\u00eb plot\u00ebsohen me nj\u00eb sistem mekanik t\u00eb marrjes s\u00eb pluhurit.<\/span><\/p>\n<p><strong><span style=\"color: #000000;\">Certifikimi<\/span><\/strong><br \/>\n<span style=\"color: #000000;\">Produktet izoluese t\u00eb leshit t\u00eb gurit FIBRANgeo SI jan\u00eb t\u00eb certifikuara sipas Normave Europiane EN 13162 dhe EN 13172 dhe mbajn\u00eb shenj\u00ebn CE q\u00eb rrjedh nga Deklarata e Performanc\u00ebs.<\/span>[\/vc_column_text][\/vc_column][\/vc_row]<\/p>\n<\/div>","protected":false},"excerpt":{"rendered":"<p>[vc_row css=&#8221;.vc_custom_1683099634441{padding-bottom: 30px !important;}&#8221;][vc_column width=&#8221;2\/3&#8243;][vc_custom_heading text=&#8221;FIBRANgeo SI &#8221; font_container=&#8221;tag:h2|font_size:50|text_align:left&#8221; use_theme_fonts=&#8221;yes&#8221; link=&#8221;|title:AQUAMAT%20-%20SUPERELASTIC||&#8221;][\/vc_column][\/vc_row][vc_row][vc_column width=&#8221;1\/2&#8243;][vc_single_image image=&#8221;10286&#8243; img_size=&#8221;full&#8221;][\/vc_column][vc_column width=&#8221;1\/2&#8243;][vc_column_text]Pllak\u00eb izoluese e ngurt\u00eb prej lesh guri FIBRANgeo SI \u00ebsht\u00eb nj\u00eb produkt fijor natyral inorganik q\u00eb prodhohet industrialisht nga shk\u00ebmbi i shkrir\u00eb i tjerrur n\u00eb fibra, n\u00eb p\u00ebrputhje me Standardin Europian EN 13162 (Produkte termoizoluese p\u00ebr nd\u00ebrtesa &#8211; produkte leshi mineral&hellip;<\/p>\n","protected":false},"author":2,"featured_media":0,"parent":0,"menu_order":0,"comment_status":"closed","ping_status":"closed","template":"","meta":{"footnotes":""},"class_list":["post-10438","page","type-page","status-publish","hentry","description-off"],"_links":{"self":[{"href":"https:\/\/aedcolor.com\/index.php\/wp-json\/wp\/v2\/pages\/10438","targetHints":{"allow":["GET"]}}],"collection":[{"href":"https:\/\/aedcolor.com\/index.php\/wp-json\/wp\/v2\/pages"}],"about":[{"href":"https:\/\/aedcolor.com\/index.php\/wp-json\/wp\/v2\/types\/page"}],"author":[{"embeddable":true,"href":"https:\/\/aedcolor.com\/index.php\/wp-json\/wp\/v2\/users\/2"}],"replies":[{"embeddable":true,"href":"https:\/\/aedcolor.com\/index.php\/wp-json\/wp\/v2\/comments?post=10438"}],"version-history":[{"count":1,"href":"https:\/\/aedcolor.com\/index.php\/wp-json\/wp\/v2\/pages\/10438\/revisions"}],"predecessor-version":[{"id":10440,"href":"https:\/\/aedcolor.com\/index.php\/wp-json\/wp\/v2\/pages\/10438\/revisions\/10440"}],"wp:attachment":[{"href":"https:\/\/aedcolor.com\/index.php\/wp-json\/wp\/v2\/media?parent=10438"}],"curies":[{"name":"wp","href":"https:\/\/api.w.org\/{rel}","templated":true}]}}