{"id":10462,"date":"2024-02-16T08:01:12","date_gmt":"2024-02-16T08:01:12","guid":{"rendered":"https:\/\/aedcolor.com\/?page_id=10462"},"modified":"2024-02-16T08:01:12","modified_gmt":"2024-02-16T08:01:12","slug":"eshavent","status":"publish","type":"page","link":"https:\/\/aedcolor.com\/index.php\/eshavent\/","title":{"rendered":"ESHAVENT"},"content":{"rendered":"<div class=\"wpb-content-wrapper\"><p>[vc_row css=&#8221;.vc_custom_1683099634441{padding-bottom: 30px !important;}&#8221;][vc_column width=&#8221;2\/3&#8243;][vc_custom_heading text=&#8221;ESHAVENT<br \/>\n&#8221; font_container=&#8221;tag:h2|font_size:50|text_align:left&#8221; use_theme_fonts=&#8221;yes&#8221; link=&#8221;|title:AQUAMAT%20-%20SUPERELASTIC||&#8221;][\/vc_column][\/vc_row][vc_row][vc_column width=&#8221;1\/2&#8243;][vc_single_image image=&#8221;10460&#8243; img_size=&#8221;full&#8221;][\/vc_column][vc_column width=&#8221;1\/2&#8243;][vc_column_text]<span style=\"color: #000000;\"><strong>Membrana ESHAVENT<\/strong> \u00ebsht\u00eb nj\u00eb membran\u00eb bituminoze ngjit\u00ebse ventiluese dhe n\u00eb t\u00eb nj\u00ebjt\u00ebn koh\u00eb hidroizoluese (flet\u00eb asfalti). Prodhohet nga bitumi i modifikuar SBS (-15oC) dhe aditiv\u00eb t\u00eb vecant\u00eb, t\u00eb cil\u00ebt i japin membran\u00ebs vetit\u00eb ngjit\u00ebse dhe p\u00ebr rrjedhoj\u00eb, aft\u00ebsit\u00eb p\u00ebr tu salduar leht\u00ebsisht n\u00eb n\u00ebnshtres\u00ebn e form\u00ebs s\u00eb duhur, pa p\u00ebrdorimin e pishtarit. Membrana ESHAVENT ka nj\u00eb pesh\u00eb totale prej 2,0 kg\/m2, p\u00ebrforcim me tekstil me fije qelqi, veshje t\u00eb sip\u00ebrme me r\u00ebr\u00eb kuarci dhe veshje t\u00eb poshtme prej flet\u00eb alumini t\u00eb shpuar plot\u00ebsisht t\u00eb ngjitur ose xhami. Vrimat n\u00eb flet\u00eb mekanike ose tekstile me fije qelqi lejojn\u00eb q\u00eb p\u00ebrzierja ngjit\u00ebse bituminoze t\u00eb ngjitet n\u00eb n\u00ebnshtres\u00eb n\u00eb pika. Ky konstruksion i vecant\u00eb lejon q\u00eb membrana ESHAVENT t\u00eb funksionoj\u00eb s\u00eb pari si shtres\u00eb ajrimi, sepse mund\u00ebson qarkullimin e avullit t\u00eb ujit n\u00ebn pjes\u00ebn e sip\u00ebrfaqes s\u00eb saj q\u00eb nuk \u00ebsht\u00eb ngjitur me n\u00ebnshtres\u00ebn dhe s\u00eb dyti si shtres\u00eb hidroizoluese.<\/span><\/p>\n<p><strong><span style=\"color: #000000;\">Aplikimi<\/span><\/strong><\/p>\n<ul>\n<li><span style=\"color: #000000;\">Si nj\u00eb sistem autonom hidroizolues, sepse \u00ebsht\u00eb nj\u00eb shtres\u00eb ventilimi dhe hidroizolimi n\u00eb t\u00eb nj\u00ebjt\u00ebn koh\u00eb. Natyrisht, ajo ka nevoj\u00eb p\u00ebr nj\u00eb material mbrojt\u00ebs mbi t\u00eb (p.sh. guralec\u00eb, pllaka) sepse nuk ka nj\u00eb shtres\u00eb vet\u00ebmbrojt\u00ebse.<\/span><\/li>\n<li><span style=\"color: #000000;\">Si shtres\u00eb e par\u00eb hidroizoluese dhe ajros\u00ebse, n\u00eb nj\u00eb sistem hidroizolues me dy membrana bituminoze, p\u00ebr hidroizolimin e kulmeve t\u00eb sheshta dhe t\u00eb pjerr\u00ebta.<\/span><\/li>\n<li><span style=\"color: #000000;\">N\u00eb riparimet e hidroizolimit.<\/span><\/li>\n<\/ul>\n<p>[\/vc_column_text][\/vc_column][\/vc_row]<\/p>\n<\/div>","protected":false},"excerpt":{"rendered":"<p>[vc_row css=&#8221;.vc_custom_1683099634441{padding-bottom: 30px !important;}&#8221;][vc_column width=&#8221;2\/3&#8243;][vc_custom_heading text=&#8221;ESHAVENT &#8221; font_container=&#8221;tag:h2|font_size:50|text_align:left&#8221; use_theme_fonts=&#8221;yes&#8221; link=&#8221;|title:AQUAMAT%20-%20SUPERELASTIC||&#8221;][\/vc_column][\/vc_row][vc_row][vc_column width=&#8221;1\/2&#8243;][vc_single_image image=&#8221;10460&#8243; img_size=&#8221;full&#8221;][\/vc_column][vc_column width=&#8221;1\/2&#8243;][vc_column_text]Membrana ESHAVENT \u00ebsht\u00eb nj\u00eb membran\u00eb bituminoze ngjit\u00ebse ventiluese dhe n\u00eb t\u00eb nj\u00ebjt\u00ebn koh\u00eb hidroizoluese (flet\u00eb asfalti). Prodhohet nga bitumi i modifikuar SBS (-15oC) dhe aditiv\u00eb t\u00eb vecant\u00eb, t\u00eb cil\u00ebt i japin membran\u00ebs vetit\u00eb ngjit\u00ebse dhe p\u00ebr rrjedhoj\u00eb, aft\u00ebsit\u00eb p\u00ebr tu salduar leht\u00ebsisht&hellip;<\/p>\n","protected":false},"author":2,"featured_media":0,"parent":0,"menu_order":0,"comment_status":"closed","ping_status":"closed","template":"","meta":{"footnotes":""},"class_list":["post-10462","page","type-page","status-publish","hentry","description-off"],"_links":{"self":[{"href":"https:\/\/aedcolor.com\/index.php\/wp-json\/wp\/v2\/pages\/10462","targetHints":{"allow":["GET"]}}],"collection":[{"href":"https:\/\/aedcolor.com\/index.php\/wp-json\/wp\/v2\/pages"}],"about":[{"href":"https:\/\/aedcolor.com\/index.php\/wp-json\/wp\/v2\/types\/page"}],"author":[{"embeddable":true,"href":"https:\/\/aedcolor.com\/index.php\/wp-json\/wp\/v2\/users\/2"}],"replies":[{"embeddable":true,"href":"https:\/\/aedcolor.com\/index.php\/wp-json\/wp\/v2\/comments?post=10462"}],"version-history":[{"count":1,"href":"https:\/\/aedcolor.com\/index.php\/wp-json\/wp\/v2\/pages\/10462\/revisions"}],"predecessor-version":[{"id":10464,"href":"https:\/\/aedcolor.com\/index.php\/wp-json\/wp\/v2\/pages\/10462\/revisions\/10464"}],"wp:attachment":[{"href":"https:\/\/aedcolor.com\/index.php\/wp-json\/wp\/v2\/media?parent=10462"}],"curies":[{"name":"wp","href":"https:\/\/api.w.org\/{rel}","templated":true}]}}