{"id":10465,"date":"2024-02-16T08:41:19","date_gmt":"2024-02-16T08:41:19","guid":{"rendered":"https:\/\/aedcolor.com\/?page_id=10465"},"modified":"2024-02-16T08:46:50","modified_gmt":"2024-02-16T08:46:50","slug":"eshadien-sp-geo-sbs-20-c","status":"publish","type":"page","link":"https:\/\/aedcolor.com\/index.php\/eshadien-sp-geo-sbs-20-c\/","title":{"rendered":"ESHADIEN SP GEO (SBS -20 \u00b0C)"},"content":{"rendered":"<div class=\"wpb-content-wrapper\"><p>[vc_row css=&#8221;.vc_custom_1683099634441{padding-bottom: 30px !important;}&#8221;][vc_column width=&#8221;2\/3&#8243;][vc_custom_heading text=&#8221;ESHADIEN SP GEO (SBS -20 \u00b0C)&#8221; font_container=&#8221;tag:h2|font_size:50|text_align:left&#8221; use_theme_fonts=&#8221;yes&#8221; link=&#8221;|title:AQUAMAT%20-%20SUPERELASTIC||&#8221;][\/vc_column][\/vc_row][vc_row][vc_column width=&#8221;1\/2&#8243;][vc_single_image image=&#8221;10466&#8243; img_size=&#8221;full&#8221;][\/vc_column][vc_column width=&#8221;1\/2&#8243;][vc_column_text]<span style=\"color: #000000;\"><strong>Membrana hidroizoluese bituminoze elastomerike ESHADIEN SP GEO<\/strong> (shtres\u00eb asfalti) prodhohet nga bitumi special, i modifikuar me materiale elastomere termoplastik\u00eb (SBS). Ky modifikim i jep produktit elasticitet t\u00eb shk\u00eblqyesh\u00ebm edhe n\u00eb temperatua shum\u00eb t\u00eb ul\u00ebta (-20 oC), karakteristika t\u00eb p\u00ebrmir\u00ebsuara reologjike, rezistenc\u00eb t\u00eb shk\u00eblqyer ndaj vjet\u00ebrimit dhe ngjitjes n\u00eb cdo n\u00ebnshtres\u00eb. Membrana ESHADIEN SP GEO ka p\u00ebrforcim poliester SP dhe nj\u00eb shtres\u00eb t\u00eb sip\u00ebrme gjeotekstili poliest\u00ebr plot\u00ebsisht i ngjitur 190 gr\/m2, i cili rrit forc\u00ebn e saj mekanike dhe gjithashtu funksionon si nj\u00eb shtres\u00eb mbrojt\u00ebse p\u00ebr membran\u00ebn nga punimet q\u00eb pasojn\u00eb hidroizolimin, si p.sh. grisja e betonit mbrojt\u00ebs etj.<\/span><\/p>\n<p><strong><span style=\"color: #000000;\">Aplikimi<\/span><\/strong>[\/vc_column_text][vc_row_inner][vc_column_inner width=&#8221;1\/2&#8243;]<div class=\"standard-arrow bullet-top\"><ul>\n<li><span style=\"color: #000000;\"><span style=\"color: #000000;\">Hidroizolim i jasht\u00ebm i mureve t\u00eb bodrumit<\/span><\/span><\/li>\n<\/ul>\n<\/div>[\/vc_column_inner][vc_column_inner width=&#8221;1\/2&#8243;]<div class=\"standard-arrow bullet-top\"><ul>\n<li><span style=\"color: #000000;\"><span style=\"color: #000000;\">Hidroizolim i niveleve sip\u00ebrfaq\u00ebsore (pellgje uji, kanale).<\/span><\/span><\/li>\n<\/ul>\n<\/div>[\/vc_column_inner][\/vc_row_inner][\/vc_column][\/vc_row]<\/p>\n<\/div>","protected":false},"excerpt":{"rendered":"<p>[vc_row css=&#8221;.vc_custom_1683099634441{padding-bottom: 30px !important;}&#8221;][vc_column width=&#8221;2\/3&#8243;][vc_custom_heading text=&#8221;ESHADIEN SP GEO (SBS -20 \u00b0C)&#8221; font_container=&#8221;tag:h2|font_size:50|text_align:left&#8221; use_theme_fonts=&#8221;yes&#8221; link=&#8221;|title:AQUAMAT%20-%20SUPERELASTIC||&#8221;][\/vc_column][\/vc_row][vc_row][vc_column width=&#8221;1\/2&#8243;][vc_single_image image=&#8221;10466&#8243; img_size=&#8221;full&#8221;][\/vc_column][vc_column width=&#8221;1\/2&#8243;][vc_column_text]Membrana hidroizoluese bituminoze elastomerike ESHADIEN SP GEO (shtres\u00eb asfalti) prodhohet nga bitumi special, i modifikuar me materiale elastomere termoplastik\u00eb (SBS). Ky modifikim i jep produktit elasticitet t\u00eb shk\u00eblqyesh\u00ebm edhe n\u00eb temperatua shum\u00eb t\u00eb ul\u00ebta (-20 oC), karakteristika t\u00eb&hellip;<\/p>\n","protected":false},"author":2,"featured_media":0,"parent":0,"menu_order":0,"comment_status":"closed","ping_status":"closed","template":"","meta":{"footnotes":""},"class_list":["post-10465","page","type-page","status-publish","hentry","description-off"],"_links":{"self":[{"href":"https:\/\/aedcolor.com\/index.php\/wp-json\/wp\/v2\/pages\/10465","targetHints":{"allow":["GET"]}}],"collection":[{"href":"https:\/\/aedcolor.com\/index.php\/wp-json\/wp\/v2\/pages"}],"about":[{"href":"https:\/\/aedcolor.com\/index.php\/wp-json\/wp\/v2\/types\/page"}],"author":[{"embeddable":true,"href":"https:\/\/aedcolor.com\/index.php\/wp-json\/wp\/v2\/users\/2"}],"replies":[{"embeddable":true,"href":"https:\/\/aedcolor.com\/index.php\/wp-json\/wp\/v2\/comments?post=10465"}],"version-history":[{"count":1,"href":"https:\/\/aedcolor.com\/index.php\/wp-json\/wp\/v2\/pages\/10465\/revisions"}],"predecessor-version":[{"id":10469,"href":"https:\/\/aedcolor.com\/index.php\/wp-json\/wp\/v2\/pages\/10465\/revisions\/10469"}],"wp:attachment":[{"href":"https:\/\/aedcolor.com\/index.php\/wp-json\/wp\/v2\/media?parent=10465"}],"curies":[{"name":"wp","href":"https:\/\/api.w.org\/{rel}","templated":true}]}}