{"id":10490,"date":"2024-02-19T07:49:15","date_gmt":"2024-02-19T07:49:15","guid":{"rendered":"https:\/\/aedcolor.com\/?page_id=10490"},"modified":"2024-02-19T08:18:56","modified_gmt":"2024-02-19T08:18:56","slug":"eshastick-pg","status":"publish","type":"page","link":"https:\/\/aedcolor.com\/index.php\/eshastick-pg\/","title":{"rendered":"ESHASTICK PG"},"content":{"rendered":"<div class=\"wpb-content-wrapper\"><p>[vc_row css=&#8221;.vc_custom_1683099634441{padding-bottom: 30px !important;}&#8221;][vc_column width=&#8221;2\/3&#8243;][vc_custom_heading text=&#8221;ESHASTICK PG&#8221; font_container=&#8221;tag:h2|font_size:50|text_align:left&#8221; use_theme_fonts=&#8221;yes&#8221; link=&#8221;|title:AQUAMAT%20-%20SUPERELASTIC||&#8221;][\/vc_column][\/vc_row][vc_row][vc_column width=&#8221;1\/2&#8243;][vc_single_image image=&#8221;10488&#8243; img_size=&#8221;full&#8221;][\/vc_column][vc_column width=&#8221;1\/2&#8243;][vc_column_text]<span style=\"color: #000000;\"><strong>ESHASTICK PG \u00ebsht\u00eb nj\u00eb membran\u00eb asfaltike elastomerike vet\u00ebngjit\u00ebse e teknologjis\u00eb s\u00eb avancuar.<\/strong> Prodhohet nga bitumi i modifikuar SBS, i cili i jep produktit elasticitet mbresl\u00ebn\u00ebs, si dhe karakteristika dhe veti t\u00eb p\u00ebrmir\u00ebsuara reologjike n\u00eb temperatura shum\u00eb t\u00eb ul\u00ebta (-20 oC), por edhe nga aditiv\u00eb t\u00eb vecant\u00eb, t\u00eb cil\u00ebt i japin membran\u00ebs vetit\u00eb ngjit\u00ebse, e p\u00ebr rrjedhoj\u00eb dhe aft\u00ebsin\u00eb t\u00eb saldohen shum\u00eb leht\u00eb n\u00eb nj\u00eb n\u00ebnshtres\u00eb t\u00eb p\u00ebrgatitur sic duhet pa p\u00ebrdorimin e fluksit. ESHASTICK PG \u00ebsht\u00eb prodhuar me p\u00ebrforcim poliest\u00ebr me q\u00ebndrueshm\u00ebri t\u00eb lart\u00eb dimensionale. Ajo ka nj\u00eb shtres\u00eb t\u00eb sip\u00ebrme t\u00eb teserave minerale me ngjyr\u00eb dhe nj\u00eb shtres\u00eb t\u00eb poshtme prej polietileni t\u00eb silikonizuar t\u00eb l\u00ebvizsh\u00ebm.<\/span><\/p>\n<p><span style=\"color: #000000;\"><strong>Aplikimet e ESHASTICK PG jan\u00eb:<\/strong><\/span><\/p>\n<p>[\/vc_column_text][vc_row_inner][vc_column_inner width=&#8221;1\/2&#8243;]<div class=\"standard-arrow bullet-top\"><ul>\n<li><span style=\"color: #000000;\"><span style=\"color: #000000;\">Hidroizolim i strukturave n\u00ebntok\u00ebsore dhe themeleve.<\/span><\/span><\/li>\n<li><span style=\"color: #000000;\">Hidroizolim i kulmeve t\u00eb sheshta dhe me pjerr\u00ebsi, izolim klasik ose i p\u00ebrmbysur.<\/span><\/li>\n<li><span style=\"color: #000000;\">Ngjitje e drejtp\u00ebrdrejt\u00eb me pllakat izoluese t\u00eb poliuretanit t\u00eb parafabrikuar ose t\u00eb ekstruduar nga polistiren.<\/span><\/li>\n<\/ul>\n<\/div>[\/vc_column_inner][vc_column_inner width=&#8221;1\/2&#8243;]<div class=\"standard-arrow bullet-top\"><ul>\n<li><span style=\"color: #000000;\"><span style=\"color: #000000;\">N\u00eb sip\u00ebrfaqet metalike dhe druri (catit\u00eb prej qeramike) dhe p\u00ebrgjith\u00ebsisht n\u00eb sip\u00ebrfaqet ku atmosfera nuk lejon p\u00ebrdorimin e tymit (p.sh. n\u00eb fabrika ose magazina ku prodhohen ose ruhen substanca t\u00eb ndezshme).<\/span><\/span><\/li>\n<li><span style=\"color: #000000;\">P\u00ebr mbrojtjen dhe hidroizolimin e tubave n\u00ebntok\u00ebsor\u00eb metalike ose betoni.<\/span><\/li>\n<\/ul>\n<\/div>[\/vc_column_inner][\/vc_row_inner][\/vc_column][\/vc_row]<\/p>\n<\/div>","protected":false},"excerpt":{"rendered":"<p>[vc_row css=&#8221;.vc_custom_1683099634441{padding-bottom: 30px !important;}&#8221;][vc_column width=&#8221;2\/3&#8243;][vc_custom_heading text=&#8221;ESHASTICK PG&#8221; font_container=&#8221;tag:h2|font_size:50|text_align:left&#8221; use_theme_fonts=&#8221;yes&#8221; link=&#8221;|title:AQUAMAT%20-%20SUPERELASTIC||&#8221;][\/vc_column][\/vc_row][vc_row][vc_column width=&#8221;1\/2&#8243;][vc_single_image image=&#8221;10488&#8243; img_size=&#8221;full&#8221;][\/vc_column][vc_column width=&#8221;1\/2&#8243;][vc_column_text]ESHASTICK PG \u00ebsht\u00eb nj\u00eb membran\u00eb asfaltike elastomerike vet\u00ebngjit\u00ebse e teknologjis\u00eb s\u00eb avancuar. Prodhohet nga bitumi i modifikuar SBS, i cili i jep produktit elasticitet mbresl\u00ebn\u00ebs, si dhe karakteristika dhe veti t\u00eb p\u00ebrmir\u00ebsuara reologjike n\u00eb temperatura shum\u00eb t\u00eb ul\u00ebta (-20 oC), por edhe&hellip;<\/p>\n","protected":false},"author":2,"featured_media":0,"parent":0,"menu_order":0,"comment_status":"closed","ping_status":"closed","template":"","meta":{"footnotes":""},"class_list":["post-10490","page","type-page","status-publish","hentry","description-off"],"_links":{"self":[{"href":"https:\/\/aedcolor.com\/index.php\/wp-json\/wp\/v2\/pages\/10490","targetHints":{"allow":["GET"]}}],"collection":[{"href":"https:\/\/aedcolor.com\/index.php\/wp-json\/wp\/v2\/pages"}],"about":[{"href":"https:\/\/aedcolor.com\/index.php\/wp-json\/wp\/v2\/types\/page"}],"author":[{"embeddable":true,"href":"https:\/\/aedcolor.com\/index.php\/wp-json\/wp\/v2\/users\/2"}],"replies":[{"embeddable":true,"href":"https:\/\/aedcolor.com\/index.php\/wp-json\/wp\/v2\/comments?post=10490"}],"version-history":[{"count":1,"href":"https:\/\/aedcolor.com\/index.php\/wp-json\/wp\/v2\/pages\/10490\/revisions"}],"predecessor-version":[{"id":10492,"href":"https:\/\/aedcolor.com\/index.php\/wp-json\/wp\/v2\/pages\/10490\/revisions\/10492"}],"wp:attachment":[{"href":"https:\/\/aedcolor.com\/index.php\/wp-json\/wp\/v2\/media?parent=10490"}],"curies":[{"name":"wp","href":"https:\/\/api.w.org\/{rel}","templated":true}]}}