{"id":10501,"date":"2024-02-19T11:53:19","date_gmt":"2024-02-19T11:53:19","guid":{"rendered":"https:\/\/aedcolor.com\/?page_id=10501"},"modified":"2024-02-19T11:53:19","modified_gmt":"2024-02-19T11:53:19","slug":"eshastick-p-ar","status":"publish","type":"page","link":"https:\/\/aedcolor.com\/index.php\/eshastick-p-ar\/","title":{"rendered":"ESHASTICK p-ar"},"content":{"rendered":"<div class=\"wpb-content-wrapper\"><p>[vc_row css=&#8221;.vc_custom_1683099634441{padding-bottom: 30px !important;}&#8221;][vc_column width=&#8221;2\/3&#8243;][vc_custom_heading text=&#8221;ESHASTICK p-ar&#8221; font_container=&#8221;tag:h2|font_size:50|text_align:left&#8221; use_theme_fonts=&#8221;yes&#8221; link=&#8221;|title:AQUAMAT%20-%20SUPERELASTIC||&#8221;][\/vc_column][\/vc_row][vc_row][vc_column width=&#8221;1\/2&#8243;][vc_single_image image=&#8221;10499&#8243; img_size=&#8221;full&#8221;][\/vc_column][vc_column width=&#8221;1\/2&#8243;][vc_column_text]<span style=\"color: #000000;\"><strong>Membrana hidroizoluese vet\u00ebngjit\u00ebse ESHASTICK P-ar<\/strong> \u00ebsht\u00eb nj\u00eb membran\u00eb hidroizoluese bituminoze elastomerike (SBS) e teknologjis\u00eb s\u00eb avancuar. Prodhohet nga bitumi i modifikuar me SBS, i cili i jep membran\u00ebs elasticitet t\u00eb shk\u00eblqyesh\u00ebm dhe n\u00eb temperatura shum\u00eb t\u00eb ul\u00ebta (-30oC), dhe aditiv\u00eb t\u00eb vecant\u00eb, t\u00eb cil\u00ebt i japin membran\u00ebs vetit\u00eb ngjit\u00ebse dhe k\u00ebshtu aft\u00ebsin\u00eb p\u00ebr tu lidhur leht\u00ebsisht me n\u00ebnshtres\u00ebn e form\u00ebs s\u00eb duhur, pa p\u00ebrdorimin e flogistonit.<\/span><br \/>\n<span style=\"color: #000000;\">Membrana vet\u00ebngjit\u00ebse ESHASTICK P-ar, 1.5 mm e trash\u00eb, ka nj\u00eb shtres\u00eb t\u00eb sip\u00ebrme gjeotekstile jo t\u00eb endur, i cili mund t\u00eb lyhet dhe ka veti t\u00eb shk\u00eblqyera mekanike. E kombinuar me sjelljen elastike t\u00eb shtres\u00ebs s\u00eb saj asfaltike, ajo mund dhe ndjek zgjerimin dhe tkurrjen e elementeve strukturor\u00eb pa u konsumuar.<\/span><\/p>\n<p><strong><span style=\"color: #000000;\">APLIKIMI<\/span><\/strong>[\/vc_column_text][vc_row_inner][vc_column_inner width=&#8221;1\/2&#8243;]<div class=\"standard-arrow bullet-top\"><ul>\n<li><span style=\"color: #000000;\"><span style=\"color: #000000;\">N\u00eb sip\u00ebrfaqet vertikale dhe horizontale n\u00eb strukturat n\u00ebntok\u00ebsore.<\/span><\/span><\/li>\n<li><span style=\"color: #000000;\">N\u00eb sip\u00ebrfaqet e catis\u00eb mbi ose posht\u00eb termoizolimit<\/span><\/li>\n<li><span style=\"color: #000000;\">Direkt n\u00eb flet\u00eb poliuretani t\u00eb parafabrikuar ose polistiren t\u00eb ekstruduar.<\/span><\/li>\n<\/ul>\n<\/div>[\/vc_column_inner][vc_column_inner width=&#8221;1\/2&#8243;]<div class=\"standard-arrow bullet-top\"><ul>\n<li><span style=\"color: #000000;\"><span style=\"color: #000000;\">N\u00eb sip\u00ebrfaqe metalike dhe druri.<\/span><\/span><\/li>\n<li><span style=\"color: #000000;\">N\u00eb tubacione metalike dhe betoni p\u00ebr mbrojtjen dhe hidroizolimin e tyre kur ekspozohen ndaj rrezatimit diellor.<\/span><\/li>\n<\/ul>\n<\/div>[\/vc_column_inner][\/vc_row_inner][\/vc_column][\/vc_row]<\/p>\n<\/div>","protected":false},"excerpt":{"rendered":"<p>[vc_row css=&#8221;.vc_custom_1683099634441{padding-bottom: 30px !important;}&#8221;][vc_column width=&#8221;2\/3&#8243;][vc_custom_heading text=&#8221;ESHASTICK p-ar&#8221; font_container=&#8221;tag:h2|font_size:50|text_align:left&#8221; use_theme_fonts=&#8221;yes&#8221; link=&#8221;|title:AQUAMAT%20-%20SUPERELASTIC||&#8221;][\/vc_column][\/vc_row][vc_row][vc_column width=&#8221;1\/2&#8243;][vc_single_image image=&#8221;10499&#8243; img_size=&#8221;full&#8221;][\/vc_column][vc_column width=&#8221;1\/2&#8243;][vc_column_text]Membrana hidroizoluese vet\u00ebngjit\u00ebse ESHASTICK P-ar \u00ebsht\u00eb nj\u00eb membran\u00eb hidroizoluese bituminoze elastomerike (SBS) e teknologjis\u00eb s\u00eb avancuar. Prodhohet nga bitumi i modifikuar me SBS, i cili i jep membran\u00ebs elasticitet t\u00eb shk\u00eblqyesh\u00ebm dhe n\u00eb temperatura shum\u00eb t\u00eb ul\u00ebta (-30oC), dhe aditiv\u00eb t\u00eb vecant\u00eb,&hellip;<\/p>\n","protected":false},"author":2,"featured_media":0,"parent":0,"menu_order":0,"comment_status":"closed","ping_status":"closed","template":"","meta":{"footnotes":""},"class_list":["post-10501","page","type-page","status-publish","hentry","description-off"],"_links":{"self":[{"href":"https:\/\/aedcolor.com\/index.php\/wp-json\/wp\/v2\/pages\/10501","targetHints":{"allow":["GET"]}}],"collection":[{"href":"https:\/\/aedcolor.com\/index.php\/wp-json\/wp\/v2\/pages"}],"about":[{"href":"https:\/\/aedcolor.com\/index.php\/wp-json\/wp\/v2\/types\/page"}],"author":[{"embeddable":true,"href":"https:\/\/aedcolor.com\/index.php\/wp-json\/wp\/v2\/users\/2"}],"replies":[{"embeddable":true,"href":"https:\/\/aedcolor.com\/index.php\/wp-json\/wp\/v2\/comments?post=10501"}],"version-history":[{"count":1,"href":"https:\/\/aedcolor.com\/index.php\/wp-json\/wp\/v2\/pages\/10501\/revisions"}],"predecessor-version":[{"id":10503,"href":"https:\/\/aedcolor.com\/index.php\/wp-json\/wp\/v2\/pages\/10501\/revisions\/10503"}],"wp:attachment":[{"href":"https:\/\/aedcolor.com\/index.php\/wp-json\/wp\/v2\/media?parent=10501"}],"curies":[{"name":"wp","href":"https:\/\/api.w.org\/{rel}","templated":true}]}}