{"id":10586,"date":"2024-02-22T09:36:59","date_gmt":"2024-02-22T09:36:59","guid":{"rendered":"https:\/\/aedcolor.com\/?page_id=10586"},"modified":"2024-02-22T09:39:55","modified_gmt":"2024-02-22T09:39:55","slug":"eshasealer-no1","status":"publish","type":"page","link":"https:\/\/aedcolor.com\/index.php\/eshasealer-no1\/","title":{"rendered":"ESHASEALER No1"},"content":{"rendered":"<div class=\"wpb-content-wrapper\"><p>[vc_row css=&#8221;.vc_custom_1683099634441{padding-bottom: 30px !important;}&#8221;][vc_column width=&#8221;2\/3&#8243;][vc_custom_heading text=&#8221;ESHASEALER No1&#8243; font_container=&#8221;tag:h2|font_size:50|text_align:left&#8221; use_theme_fonts=&#8221;yes&#8221; link=&#8221;|title:AQUAMAT%20-%20SUPERELASTIC||&#8221;][\/vc_column][\/vc_row][vc_row][vc_column width=&#8221;1\/2&#8243;][vc_single_image image=&#8221;10584&#8243; img_size=&#8221;full&#8221;][\/vc_column][vc_column width=&#8221;1\/2&#8243;][vc_column_text]<span style=\"color: #000000;\"><strong>ESHASEALER Nr.1 \u00ebsht\u00eb nj\u00eb mastik\u00eb vulos\u00ebse fugash bituminoze plastomeri, e aplikuar n\u00eb t\u00eb ftoht\u00eb, e p\u00ebrshtatshme p\u00ebr fuga horizontale dhe vertikale me gjer\u00ebsi t\u00eb vog\u00ebl.<\/strong> Ai p\u00ebrmban nj\u00eb pvrzierje bitumeni t\u00eb rafinuar, tret\u00ebs, plastifikues, gom\u00eb sintetike dhe fibra inorganike. ESHASEALER Nr.1 ndjek kontraktimet dhe zgjerimet n\u00eb deformimet normale t\u00eb nj\u00eb nyjeje, pa shfaqur tensione, p\u00ebr shkak t\u00eb natyr\u00ebs s\u00eb tij termoplastike. Me kalimin e koh\u00ebs, ajo formon nj\u00eb shtres\u00eb t\u00eb fort\u00eb n\u00eb sip\u00ebrfaqen e nyj\u00ebs, ndvrsa masa e saj mbetet plastike.<\/span><\/p>\n<p><strong><span style=\"color: #000000;\">APLIKIMI<\/span><\/strong>[\/vc_column_text][vc_row_inner][vc_column_inner width=&#8221;1\/2&#8243;]<div class=\"standard-arrow bullet-top\"><ul>\n<li><span style=\"color: #000000;\"><span style=\"color: #000000;\">Riparime t\u00eb p\u00ebrgjithshme &#8211; riparime t\u00eb detaleve t\u00eb membranve bituminoze.<\/span><\/span><\/li>\n<li><span style=\"color: #000000;\">Mbyllja perimetrike e shtresave asfaltike izoluese.<\/span><\/li>\n<li><span style=\"color: #000000;\">Mbyllja e saldimit t\u00eb pllakave t\u00eb asfaltit.<\/span><\/li>\n<\/ul>\n<\/div>[\/vc_column_inner][vc_column_inner width=&#8221;1\/2&#8243;]<div class=\"standard-arrow bullet-top\"><ul>\n<li><span style=\"color: #000000;\"><span style=\"color: #000000;\">Mbyllja e carjeve n\u00eb beton, suva ose tulla.<\/span><\/span><\/li>\n<li><span style=\"color: #000000;\">P\u00ebrdoret p\u00ebr mbylljen e fugave t\u00eb zgjerimit horizontal dhe vertikal t\u00eb r\u00ebnd\u00ebsis\u00eb dyt\u00ebsore, si dysheme industriale, vjeshje tjegullash, kanale vadit\u00ebse etj. Nuk rkeomandohet p\u00ebrdorimi n\u00eb fugat e dyshemeve t\u00eb trafikut, p\u00ebr t\u00eb cilat rekomandohet mastik\u00eb bituminoze elastomerike ESHASEALER.<\/span><\/li>\n<li><span style=\"color: #000000;\">Saldimi i pllakave termoizoluese.<\/span><\/li>\n<\/ul>\n<\/div>[\/vc_column_inner][\/vc_row_inner][\/vc_column][\/vc_row]<\/p>\n<\/div>","protected":false},"excerpt":{"rendered":"<p>[vc_row css=&#8221;.vc_custom_1683099634441{padding-bottom: 30px !important;}&#8221;][vc_column width=&#8221;2\/3&#8243;][vc_custom_heading text=&#8221;ESHASEALER No1&#8243; font_container=&#8221;tag:h2|font_size:50|text_align:left&#8221; use_theme_fonts=&#8221;yes&#8221; link=&#8221;|title:AQUAMAT%20-%20SUPERELASTIC||&#8221;][\/vc_column][\/vc_row][vc_row][vc_column width=&#8221;1\/2&#8243;][vc_single_image image=&#8221;10584&#8243; img_size=&#8221;full&#8221;][\/vc_column][vc_column width=&#8221;1\/2&#8243;][vc_column_text]ESHASEALER Nr.1 \u00ebsht\u00eb nj\u00eb mastik\u00eb vulos\u00ebse fugash bituminoze plastomeri, e aplikuar n\u00eb t\u00eb ftoht\u00eb, e p\u00ebrshtatshme p\u00ebr fuga horizontale dhe vertikale me gjer\u00ebsi t\u00eb vog\u00ebl. Ai p\u00ebrmban nj\u00eb pvrzierje bitumeni t\u00eb rafinuar, tret\u00ebs, plastifikues, gom\u00eb sintetike dhe fibra inorganike. ESHASEALER Nr.1 ndjek&hellip;<\/p>\n","protected":false},"author":2,"featured_media":0,"parent":0,"menu_order":0,"comment_status":"closed","ping_status":"closed","template":"","meta":{"footnotes":""},"class_list":["post-10586","page","type-page","status-publish","hentry","description-off"],"_links":{"self":[{"href":"https:\/\/aedcolor.com\/index.php\/wp-json\/wp\/v2\/pages\/10586","targetHints":{"allow":["GET"]}}],"collection":[{"href":"https:\/\/aedcolor.com\/index.php\/wp-json\/wp\/v2\/pages"}],"about":[{"href":"https:\/\/aedcolor.com\/index.php\/wp-json\/wp\/v2\/types\/page"}],"author":[{"embeddable":true,"href":"https:\/\/aedcolor.com\/index.php\/wp-json\/wp\/v2\/users\/2"}],"replies":[{"embeddable":true,"href":"https:\/\/aedcolor.com\/index.php\/wp-json\/wp\/v2\/comments?post=10586"}],"version-history":[{"count":1,"href":"https:\/\/aedcolor.com\/index.php\/wp-json\/wp\/v2\/pages\/10586\/revisions"}],"predecessor-version":[{"id":10588,"href":"https:\/\/aedcolor.com\/index.php\/wp-json\/wp\/v2\/pages\/10586\/revisions\/10588"}],"wp:attachment":[{"href":"https:\/\/aedcolor.com\/index.php\/wp-json\/wp\/v2\/media?parent=10586"}],"curies":[{"name":"wp","href":"https:\/\/api.w.org\/{rel}","templated":true}]}}