{"id":10591,"date":"2024-02-22T09:45:03","date_gmt":"2024-02-22T09:45:03","guid":{"rendered":"https:\/\/aedcolor.com\/?page_id=10591"},"modified":"2024-02-22T09:45:03","modified_gmt":"2024-02-22T09:45:03","slug":"eshasealer-no2","status":"publish","type":"page","link":"https:\/\/aedcolor.com\/index.php\/eshasealer-no2\/","title":{"rendered":"ESHASEALER No2"},"content":{"rendered":"<div class=\"wpb-content-wrapper\"><p>[vc_row css=&#8221;.vc_custom_1683099634441{padding-bottom: 30px !important;}&#8221;][vc_column width=&#8221;2\/3&#8243;][vc_custom_heading text=&#8221;ESHASEALER No2<br \/>\n&#8221; font_container=&#8221;tag:h2|font_size:50|text_align:left&#8221; use_theme_fonts=&#8221;yes&#8221; link=&#8221;|title:AQUAMAT%20-%20SUPERELASTIC||&#8221;][\/vc_column][\/vc_row][vc_row][vc_column width=&#8221;1\/2&#8243;][vc_single_image image=&#8221;10589&#8243; img_size=&#8221;full&#8221;][\/vc_column][vc_column width=&#8221;1\/2&#8243;][vc_column_text]<span style=\"color: #000000;\"><span style=\"color: #000000;\"><b>ESHASEALER Nr.2 \u00ebsht\u00eb nj\u00eb mask\u00eb bituminoze elastomerike, e aplikuar &#8220;e ftoht\u00eb&#8221;, e p\u00ebrshtatshme p\u00ebr riparime-korrigjime lokale t\u00eb membranave bituminoze t\u00eb pap\u00ebrsosura.<\/b> Mund t\u00eb p\u00ebrdoren gjithashtu p\u00ebr mbylljen e fugave t\u00eb nj\u00eb r\u00ebnd\u00ebsie t\u00eb vog\u00ebl si dhe si material p\u00ebr ngjitjen e pllakave t\u00eb ndryshme izoluese termike n\u00eb n\u00ebnshtres\u00eb.<\/span><\/span>[\/vc_column_text][\/vc_column][\/vc_row]<\/p>\n<\/div>","protected":false},"excerpt":{"rendered":"<p>[vc_row css=&#8221;.vc_custom_1683099634441{padding-bottom: 30px !important;}&#8221;][vc_column width=&#8221;2\/3&#8243;][vc_custom_heading text=&#8221;ESHASEALER No2 &#8221; font_container=&#8221;tag:h2|font_size:50|text_align:left&#8221; use_theme_fonts=&#8221;yes&#8221; link=&#8221;|title:AQUAMAT%20-%20SUPERELASTIC||&#8221;][\/vc_column][\/vc_row][vc_row][vc_column width=&#8221;1\/2&#8243;][vc_single_image image=&#8221;10589&#8243; img_size=&#8221;full&#8221;][\/vc_column][vc_column width=&#8221;1\/2&#8243;][vc_column_text]ESHASEALER Nr.2 \u00ebsht\u00eb nj\u00eb mask\u00eb bituminoze elastomerike, e aplikuar &#8220;e ftoht\u00eb&#8221;, e p\u00ebrshtatshme p\u00ebr riparime-korrigjime lokale t\u00eb membranave bituminoze t\u00eb pap\u00ebrsosura. Mund t\u00eb p\u00ebrdoren gjithashtu p\u00ebr mbylljen e fugave t\u00eb nj\u00eb r\u00ebnd\u00ebsie t\u00eb vog\u00ebl si dhe si material p\u00ebr ngjitjen e&hellip;<\/p>\n","protected":false},"author":2,"featured_media":0,"parent":0,"menu_order":0,"comment_status":"closed","ping_status":"closed","template":"","meta":{"footnotes":""},"class_list":["post-10591","page","type-page","status-publish","hentry","description-off"],"_links":{"self":[{"href":"https:\/\/aedcolor.com\/index.php\/wp-json\/wp\/v2\/pages\/10591","targetHints":{"allow":["GET"]}}],"collection":[{"href":"https:\/\/aedcolor.com\/index.php\/wp-json\/wp\/v2\/pages"}],"about":[{"href":"https:\/\/aedcolor.com\/index.php\/wp-json\/wp\/v2\/types\/page"}],"author":[{"embeddable":true,"href":"https:\/\/aedcolor.com\/index.php\/wp-json\/wp\/v2\/users\/2"}],"replies":[{"embeddable":true,"href":"https:\/\/aedcolor.com\/index.php\/wp-json\/wp\/v2\/comments?post=10591"}],"version-history":[{"count":1,"href":"https:\/\/aedcolor.com\/index.php\/wp-json\/wp\/v2\/pages\/10591\/revisions"}],"predecessor-version":[{"id":10593,"href":"https:\/\/aedcolor.com\/index.php\/wp-json\/wp\/v2\/pages\/10591\/revisions\/10593"}],"wp:attachment":[{"href":"https:\/\/aedcolor.com\/index.php\/wp-json\/wp\/v2\/media?parent=10591"}],"curies":[{"name":"wp","href":"https:\/\/api.w.org\/{rel}","templated":true}]}}