{"id":10596,"date":"2024-02-22T10:03:07","date_gmt":"2024-02-22T10:03:07","guid":{"rendered":"https:\/\/aedcolor.com\/?page_id=10596"},"modified":"2024-02-22T10:03:07","modified_gmt":"2024-02-22T10:03:07","slug":"eshapolyphalt-ab","status":"publish","type":"page","link":"https:\/\/aedcolor.com\/index.php\/eshapolyphalt-ab\/","title":{"rendered":"ESHAPOLYPHALT A+B"},"content":{"rendered":"<div class=\"wpb-content-wrapper\"><p>[vc_row css=&#8221;.vc_custom_1683099634441{padding-bottom: 30px !important;}&#8221;][vc_column width=&#8221;2\/3&#8243;][vc_custom_heading text=&#8221;ESHAPOLYPHALT A+B<br \/>\n&#8221; font_container=&#8221;tag:h2|font_size:50|text_align:left&#8221; use_theme_fonts=&#8221;yes&#8221; link=&#8221;|title:AQUAMAT%20-%20SUPERELASTIC||&#8221;][\/vc_column][\/vc_row][vc_row][vc_column width=&#8221;1\/2&#8243;][vc_single_image image=&#8221;10594&#8243; img_size=&#8221;full&#8221;][\/vc_column][vc_column width=&#8221;1\/2&#8243;][vc_column_text]<span style=\"color: #000000;\"><strong>ESHAPOLYPHALT A+B \u00ebsht\u00eb nj\u00eb material mbyll\u00ebs fugash elastomerik poliuretani-bituminoz, me performanc\u00eb t\u00eb lart\u00eb, vet\u00ebniveluese, me dy komponent\u00eb (A+B).<\/strong> Duke e polimerizuar at\u00eb, krijon nj\u00eb material izolues t\u00eb fort\u00eb, elastik, i aft\u00eb p\u00ebr t\u00eb monitoruar deformimet e nyjeve m\u00eb t\u00eb m\u00ebdha se 25%. ESHAPOLYPHALT A+B mbetet elastik n\u00eb intervalin e temperatur\u00ebs nga -30oC deri n\u00eb 90oC dhe rezistenca e tij ndaj vjet\u00ebrsimit \u00ebsht\u00eb e shk\u00eblqyer.<\/span><br \/>\n<span style=\"color: #000000;\">Nuk sulmon kimikisht poliuretanin dhe \u00ebsht\u00eb rezistent ndaj detergjent\u00ebve, naft\u00ebs, solucioneve t\u00eb holluara t\u00eb acideve dhe bazave. Megjithat\u00eb, ajo ndikon n\u00eb polistirenin e zgjeruar dhe t\u00eb ekstruduar.<\/span><\/p>\n<p><strong><span style=\"color: #000000;\">APLIKIMI<\/span><\/strong><\/p>\n<ul>\n<li><span style=\"color: #000000;\">ESHAPOLYPHALT A+B p\u00ebrdoret n\u00eb nyjet e zgjerimit horizontal t\u00eb cdo elementi strukturor fiks (nd\u00ebrtim rrug\u00ebsh) p.sh. metal beton, mermer etj. Ka ngjitje t\u00eb shk\u00eblqyer me t\u00eb gjitha materialet e ngurta t\u00eb nd\u00ebrtimit.<\/span><\/li>\n<\/ul>\n<p>[\/vc_column_text][\/vc_column][\/vc_row]<\/p>\n<\/div>","protected":false},"excerpt":{"rendered":"<p>[vc_row css=&#8221;.vc_custom_1683099634441{padding-bottom: 30px !important;}&#8221;][vc_column width=&#8221;2\/3&#8243;][vc_custom_heading text=&#8221;ESHAPOLYPHALT A+B &#8221; font_container=&#8221;tag:h2|font_size:50|text_align:left&#8221; use_theme_fonts=&#8221;yes&#8221; link=&#8221;|title:AQUAMAT%20-%20SUPERELASTIC||&#8221;][\/vc_column][\/vc_row][vc_row][vc_column width=&#8221;1\/2&#8243;][vc_single_image image=&#8221;10594&#8243; img_size=&#8221;full&#8221;][\/vc_column][vc_column width=&#8221;1\/2&#8243;][vc_column_text]ESHAPOLYPHALT A+B \u00ebsht\u00eb nj\u00eb material mbyll\u00ebs fugash elastomerik poliuretani-bituminoz, me performanc\u00eb t\u00eb lart\u00eb, vet\u00ebniveluese, me dy komponent\u00eb (A+B). Duke e polimerizuar at\u00eb, krijon nj\u00eb material izolues t\u00eb fort\u00eb, elastik, i aft\u00eb p\u00ebr t\u00eb monitoruar deformimet e nyjeve m\u00eb t\u00eb m\u00ebdha se&hellip;<\/p>\n","protected":false},"author":2,"featured_media":0,"parent":0,"menu_order":0,"comment_status":"closed","ping_status":"closed","template":"","meta":{"footnotes":""},"class_list":["post-10596","page","type-page","status-publish","hentry","description-off"],"_links":{"self":[{"href":"https:\/\/aedcolor.com\/index.php\/wp-json\/wp\/v2\/pages\/10596","targetHints":{"allow":["GET"]}}],"collection":[{"href":"https:\/\/aedcolor.com\/index.php\/wp-json\/wp\/v2\/pages"}],"about":[{"href":"https:\/\/aedcolor.com\/index.php\/wp-json\/wp\/v2\/types\/page"}],"author":[{"embeddable":true,"href":"https:\/\/aedcolor.com\/index.php\/wp-json\/wp\/v2\/users\/2"}],"replies":[{"embeddable":true,"href":"https:\/\/aedcolor.com\/index.php\/wp-json\/wp\/v2\/comments?post=10596"}],"version-history":[{"count":1,"href":"https:\/\/aedcolor.com\/index.php\/wp-json\/wp\/v2\/pages\/10596\/revisions"}],"predecessor-version":[{"id":10598,"href":"https:\/\/aedcolor.com\/index.php\/wp-json\/wp\/v2\/pages\/10596\/revisions\/10598"}],"wp:attachment":[{"href":"https:\/\/aedcolor.com\/index.php\/wp-json\/wp\/v2\/media?parent=10596"}],"curies":[{"name":"wp","href":"https:\/\/api.w.org\/{rel}","templated":true}]}}