{"id":10609,"date":"2024-02-23T11:48:00","date_gmt":"2024-02-23T11:48:00","guid":{"rendered":"https:\/\/aedcolor.com\/?page_id=10609"},"modified":"2024-02-23T11:57:44","modified_gmt":"2024-02-23T11:57:44","slug":"eshalac-50s","status":"publish","type":"page","link":"https:\/\/aedcolor.com\/index.php\/eshalac-50s\/","title":{"rendered":"ESHALAC 50S"},"content":{"rendered":"<div class=\"wpb-content-wrapper\"><p>[vc_row css=&#8221;.vc_custom_1683099634441{padding-bottom: 30px !important;}&#8221;][vc_column width=&#8221;2\/3&#8243;][vc_custom_heading text=&#8221;ESHALAC 50S<br \/>\n&#8221; font_container=&#8221;tag:h2|font_size:50|text_align:left&#8221; use_theme_fonts=&#8221;yes&#8221; link=&#8221;|title:AQUAMAT%20-%20SUPERELASTIC||&#8221;][\/vc_column][\/vc_row][vc_row][vc_column width=&#8221;1\/2&#8243;][vc_single_image image=&#8221;10550&#8243; img_size=&#8221;full&#8221;][\/vc_column][vc_column width=&#8221;1\/2&#8243;][vc_column_text]<span style=\"color: #000000;\"><strong>ESHALAC 50S \u00ebsht\u00eb nj\u00eb llak bituminoz q\u00eb p\u00ebrdoret kryesisht si astar p\u00ebr sip\u00ebrfaqet e betonit p\u00ebr aplikimin e membranave bituminoze.<\/strong> Vetit\u00eb e ESHALAC 50S e lejojn\u00eb at\u00eb t\u00eb dep\u00ebrtoj\u00eb thell\u00eb dhe p\u00ebr k\u00ebt\u00eb arsye t\u00eb ngjitet n\u00eb m\u00ebnyr\u00eb t\u00eb p\u00ebrsosur n\u00eb poret e sip\u00ebrfaqes s\u00eb elementit strukturor. ESHALAC 50S \u00ebsht\u00eb i pajtuesh\u00ebm me poliuretani, beton, beton t\u00eb leht\u00eb, asbest cimento, tulla, gur, dru, metal, gips. Nuk \u00ebsht\u00eb i pajtuesh\u00ebm me polistirenin sepse p\u00ebrmban tret\u00ebs organik\u00eb. Plot\u00ebson specifikimin ASTM D-21.<\/span><\/p>\n<p><span style=\"color: #000000;\"><strong>APLIKIMI<\/strong><\/span><\/p>\n<ul>\n<li><span style=\"color: #000000;\">Primer p\u00ebr ngjitjen e membranave asfaltike<\/span><\/li>\n<li><span style=\"color: #000000;\">Mbyllja dhe mbrojtja e sip\u00ebrfaqeve t\u00eb jashtme t\u00eb betonit n\u00eb p\u00ebrgjith\u00ebsi.<\/span><\/li>\n<li><span style=\"color: #000000;\">Mbrojtje kund\u00ebr korrozionit t\u00eb sip\u00ebrfaqeve metalike.<\/span><\/li>\n<\/ul>\n<p>[\/vc_column_text][\/vc_column][\/vc_row]<\/p>\n<\/div>","protected":false},"excerpt":{"rendered":"<p>[vc_row css=&#8221;.vc_custom_1683099634441{padding-bottom: 30px !important;}&#8221;][vc_column width=&#8221;2\/3&#8243;][vc_custom_heading text=&#8221;ESHALAC 50S &#8221; font_container=&#8221;tag:h2|font_size:50|text_align:left&#8221; use_theme_fonts=&#8221;yes&#8221; link=&#8221;|title:AQUAMAT%20-%20SUPERELASTIC||&#8221;][\/vc_column][\/vc_row][vc_row][vc_column width=&#8221;1\/2&#8243;][vc_single_image image=&#8221;10550&#8243; img_size=&#8221;full&#8221;][\/vc_column][vc_column width=&#8221;1\/2&#8243;][vc_column_text]ESHALAC 50S \u00ebsht\u00eb nj\u00eb llak bituminoz q\u00eb p\u00ebrdoret kryesisht si astar p\u00ebr sip\u00ebrfaqet e betonit p\u00ebr aplikimin e membranave bituminoze. Vetit\u00eb e ESHALAC 50S e lejojn\u00eb at\u00eb t\u00eb dep\u00ebrtoj\u00eb thell\u00eb dhe p\u00ebr k\u00ebt\u00eb arsye t\u00eb ngjitet n\u00eb m\u00ebnyr\u00eb t\u00eb p\u00ebrsosur n\u00eb&hellip;<\/p>\n","protected":false},"author":2,"featured_media":0,"parent":0,"menu_order":0,"comment_status":"closed","ping_status":"closed","template":"","meta":{"footnotes":""},"class_list":["post-10609","page","type-page","status-publish","hentry","description-off"],"_links":{"self":[{"href":"https:\/\/aedcolor.com\/index.php\/wp-json\/wp\/v2\/pages\/10609","targetHints":{"allow":["GET"]}}],"collection":[{"href":"https:\/\/aedcolor.com\/index.php\/wp-json\/wp\/v2\/pages"}],"about":[{"href":"https:\/\/aedcolor.com\/index.php\/wp-json\/wp\/v2\/types\/page"}],"author":[{"embeddable":true,"href":"https:\/\/aedcolor.com\/index.php\/wp-json\/wp\/v2\/users\/2"}],"replies":[{"embeddable":true,"href":"https:\/\/aedcolor.com\/index.php\/wp-json\/wp\/v2\/comments?post=10609"}],"version-history":[{"count":3,"href":"https:\/\/aedcolor.com\/index.php\/wp-json\/wp\/v2\/pages\/10609\/revisions"}],"predecessor-version":[{"id":10615,"href":"https:\/\/aedcolor.com\/index.php\/wp-json\/wp\/v2\/pages\/10609\/revisions\/10615"}],"wp:attachment":[{"href":"https:\/\/aedcolor.com\/index.php\/wp-json\/wp\/v2\/media?parent=10609"}],"curies":[{"name":"wp","href":"https:\/\/api.w.org\/{rel}","templated":true}]}}