{"id":11231,"date":"2024-03-06T09:12:52","date_gmt":"2024-03-06T09:12:52","guid":{"rendered":"https:\/\/aedcolor.com\/?page_id=11231"},"modified":"2024-03-06T09:12:52","modified_gmt":"2024-03-06T09:12:52","slug":"pozzolana","status":"publish","type":"page","link":"https:\/\/aedcolor.com\/index.php\/pozzolana\/","title":{"rendered":"POZZOLANA"},"content":{"rendered":"<div class=\"wpb-content-wrapper\"><p>[vc_row css=&#8221;.vc_custom_1683099634441{padding-bottom: 30px !important;}&#8221;][vc_column width=&#8221;2\/3&#8243;][vc_custom_heading text=&#8221;POZZOLANA<\/p>\n<p>&#8221; font_container=&#8221;tag:h2|font_size:50|text_align:left&#8221; use_theme_fonts=&#8221;yes&#8221; link=&#8221;|title:AQUAMAT%20-%20SUPERELASTIC||&#8221;][\/vc_column][\/vc_row][vc_row][vc_column width=&#8221;1\/2&#8243;][vc_single_image image=&#8221;10895&#8243; img_size=&#8221;full&#8221;][\/vc_column][vc_column width=&#8221;1\/2&#8243;][vc_column_text]<span style=\"color: #000000;\"><strong>Pozzolana (nj\u00eb form\u00eb llave) \u00ebsht\u00eb nj\u00eb material inorganik pozolanik me veti hidraulike. I disponuesh\u00ebm gjer\u00ebsisht n\u00eb mbar\u00eb bot\u00ebn, n\u00eb Greqi mund t\u00eb gjendet n\u00eb ishullin vullkanik t\u00eb Santorinit.<\/strong> Vetit\u00eb e Pozzolan\u00ebs jan\u00eb t\u00eb njohura q\u00eb nga lasht\u00ebsia dhe dihej se ishte nj\u00eb p\u00ebrb\u00ebr\u00ebs n\u00eb cimenton e p\u00ebrdorur nga romak\u00ebt &#8211; nj\u00eb material i barabart\u00eb me cimento moderne &#8211; q\u00eb ishte nj\u00eb p\u00ebrzierje e pozolan\u00ebs, g\u00eblqeres s\u00eb hidratuar me r\u00ebr\u00ebn.<\/span><\/p>\n<p><span style=\"color: #000000;\">N\u00eb dit\u00ebt e stome, pozolana p\u00ebrdoret p\u00ebr p\u00ebrforcimin e llacit, sepse kur bashkohet me g\u00eblqere, formon p\u00ebrbvrje r\u00ebr\u00eb-g\u00eblqere q\u00eb forcojn\u00eb llacin n\u00eb prani t\u00eb ujit duke siguruar q\u00ebndrueshm\u00ebri t\u00eb lart\u00eb, veti hidraulike dhe jet\u00eb shum\u00eb t\u00eb gjat\u00eb. Pozzolana \u00ebsht\u00eb e preferuar nga arkeolog\u00ebt dhe konservator\u00ebt, sepse mund t\u00eb p\u00ebrdoret p\u00ebr t\u00eb prodhuar llac dhe fino restauruese. Vjen n\u00eb madh\u00ebsi t\u00eb ndryshme kokrrizash dhe mund t\u00eb blihet n\u00eb qese me madh\u00ebsi normale ose canta t\u00eb m\u00ebdha 1 ton.<\/span><\/p>\n<p style=\"text-align: center;\"><strong><span style=\"color: #000000;\">VETIT\u00cb<\/span><\/strong><\/p>\n<p>[\/vc_column_text][vc_row_inner][vc_column_inner width=&#8221;1\/2&#8243;]<div class=\"standard-arrow bullet-top\"><ul>\n<li>\n<div class=\"col-12 col-xs-6 col-sm-12 col-md-6 d-flex pb-2 pb-md-3 \"><span style=\"color: #000000;\">Pozzolana (llav\u00eb)<\/span><\/div>\n<\/li>\n<li><span style=\"color: #000000;\">I jep llacit veti hidraulike<\/span><\/li>\n<li><span style=\"color: #000000;\">P\u00ebrdoret si aditiv n\u00eb shtresvn e par\u00eb dhe t\u00eb dyt\u00eb t\u00eb suvas\u00eb, rrit q\u00ebndrueshm\u00ebrin\u00eb e suvas\u00eb<\/span><\/li>\n<\/ul>\n<\/div>[\/vc_column_inner][vc_column_inner width=&#8221;1\/2&#8243;]<div class=\"standard-arrow bullet-top\"><ul>\n<li><span style=\"color: #000000;\">Baza ideale p\u00ebr mozaik\u00eb<\/span><\/li>\n<li><span style=\"color: #000000;\">N\u00eb dispozicion n\u00eb madh\u00ebsi t\u00eb ndryshme kokrrizash<\/span><\/li>\n<li><span style=\"color: #000000;\">E disponueshme n\u00eb canta me madh\u00ebsi normale ose canta t\u00eb m\u00ebdha<\/span><\/li>\n<\/ul>\n<\/div>[\/vc_column_inner][\/vc_row_inner][vc_row_inner][vc_column_inner width=&#8221;1\/2&#8243;]<div class=\"aio-icon-component    style_1\"><div id=\"Info-box-wrap-9973\" class=\"aio-icon-box default-icon\" style=\"\"  ><div class=\"aio-icon-default\"><div class=\"ult-just-icon-wrapper  \"><div class=\"align-icon\" style=\"text-align:center;\">\n<div class=\"aio-icon-img \" style=\"font-size:65px;display:inline-block;\" >\n\t<img decoding=\"async\" class=\"img-icon\" alt=\"null\" src=\"https:\/\/aedcolor.com\/wp-content\/uploads\/2023\/05\/image-2.png\"\/>\n<\/div><\/div><\/div><\/div><div class=\"aio-icon-header\" ><h3 class=\"aio-icon-title ult-responsive\"  data-ultimate-target='#Info-box-wrap-9973 .aio-icon-title'  data-responsive-json-new='{\"font-size\":\"\",\"line-height\":\"\"}'  style=\"\">Sip\u00ebrfaqe: Muri<\/h3><\/div> <!-- header --><\/div> <!-- aio-icon-box --><\/div> <!-- aio-icon-component -->[\/vc_column_inner][vc_column_inner width=&#8221;1\/2&#8243;]<div class=\"aio-icon-component    style_1\"><div id=\"Info-box-wrap-3011\" class=\"aio-icon-box default-icon\" style=\"\"  ><div class=\"aio-icon-default\"><div class=\"ult-just-icon-wrapper  \"><div class=\"align-icon\" style=\"text-align:center;\">\n<div class=\"aio-icon-img \" style=\"font-size:65px;display:inline-block;\" >\n\t<img decoding=\"async\" class=\"img-icon\" alt=\"null\" src=\"https:\/\/aedcolor.com\/wp-content\/uploads\/2023\/05\/image-1.png\"\/>\n<\/div><\/div><\/div><\/div><div class=\"aio-icon-header\" ><h3 class=\"aio-icon-title ult-responsive\"  data-ultimate-target='#Info-box-wrap-3011 .aio-icon-title'  data-responsive-json-new='{\"font-size\":\"\",\"line-height\":\"\"}'  style=\"\">Aplikimi: Mistri<\/h3><\/div> <!-- header --><\/div> <!-- aio-icon-box --><\/div> <!-- aio-icon-component -->[\/vc_column_inner][\/vc_row_inner][\/vc_column][\/vc_row][vc_row][vc_column][vc_column_text]<\/p>\n<p>[\/vc_column_text][\/vc_column][\/vc_row]<\/p>\n<\/div>","protected":false},"excerpt":{"rendered":"<p>[vc_row css=&#8221;.vc_custom_1683099634441{padding-bottom: 30px !important;}&#8221;][vc_column width=&#8221;2\/3&#8243;][vc_custom_heading text=&#8221;POZZOLANA &#8221; font_container=&#8221;tag:h2|font_size:50|text_align:left&#8221; use_theme_fonts=&#8221;yes&#8221; link=&#8221;|title:AQUAMAT%20-%20SUPERELASTIC||&#8221;][\/vc_column][\/vc_row][vc_row][vc_column width=&#8221;1\/2&#8243;][vc_single_image image=&#8221;10895&#8243; img_size=&#8221;full&#8221;][\/vc_column][vc_column width=&#8221;1\/2&#8243;][vc_column_text]Pozzolana (nj\u00eb form\u00eb llave) \u00ebsht\u00eb nj\u00eb material inorganik pozolanik me veti hidraulike. I disponuesh\u00ebm gjer\u00ebsisht n\u00eb mbar\u00eb bot\u00ebn, n\u00eb Greqi mund t\u00eb gjendet n\u00eb ishullin vullkanik t\u00eb Santorinit. Vetit\u00eb e Pozzolan\u00ebs jan\u00eb t\u00eb njohura q\u00eb nga lasht\u00ebsia dhe dihej se ishte nj\u00eb&hellip;<\/p>\n","protected":false},"author":2,"featured_media":0,"parent":0,"menu_order":0,"comment_status":"closed","ping_status":"closed","template":"","meta":{"footnotes":""},"class_list":["post-11231","page","type-page","status-publish","hentry","description-off"],"_links":{"self":[{"href":"https:\/\/aedcolor.com\/index.php\/wp-json\/wp\/v2\/pages\/11231","targetHints":{"allow":["GET"]}}],"collection":[{"href":"https:\/\/aedcolor.com\/index.php\/wp-json\/wp\/v2\/pages"}],"about":[{"href":"https:\/\/aedcolor.com\/index.php\/wp-json\/wp\/v2\/types\/page"}],"author":[{"embeddable":true,"href":"https:\/\/aedcolor.com\/index.php\/wp-json\/wp\/v2\/users\/2"}],"replies":[{"embeddable":true,"href":"https:\/\/aedcolor.com\/index.php\/wp-json\/wp\/v2\/comments?post=11231"}],"version-history":[{"count":1,"href":"https:\/\/aedcolor.com\/index.php\/wp-json\/wp\/v2\/pages\/11231\/revisions"}],"predecessor-version":[{"id":11233,"href":"https:\/\/aedcolor.com\/index.php\/wp-json\/wp\/v2\/pages\/11231\/revisions\/11233"}],"wp:attachment":[{"href":"https:\/\/aedcolor.com\/index.php\/wp-json\/wp\/v2\/media?parent=11231"}],"curies":[{"name":"wp","href":"https:\/\/api.w.org\/{rel}","templated":true}]}}