{"id":11234,"date":"2024-03-06T09:30:23","date_gmt":"2024-03-06T09:30:23","guid":{"rendered":"https:\/\/aedcolor.com\/?page_id=11234"},"modified":"2024-03-06T09:30:23","modified_gmt":"2024-03-06T09:30:23","slug":"ceramic-powder","status":"publish","type":"page","link":"https:\/\/aedcolor.com\/index.php\/ceramic-powder\/","title":{"rendered":"CERAMIC POWDER"},"content":{"rendered":"<div class=\"wpb-content-wrapper\"><p>[vc_row css=&#8221;.vc_custom_1683099634441{padding-bottom: 30px !important;}&#8221;][vc_column width=&#8221;2\/3&#8243;][vc_custom_heading text=&#8221;CERAMIC POWDER<\/p>\n<p>&#8221; font_container=&#8221;tag:h2|font_size:50|text_align:left&#8221; use_theme_fonts=&#8221;yes&#8221; link=&#8221;|title:AQUAMAT%20-%20SUPERELASTIC||&#8221;][\/vc_column][\/vc_row][vc_row][vc_column width=&#8221;1\/2&#8243;][vc_single_image image=&#8221;10900&#8243; img_size=&#8221;full&#8221;][\/vc_column][vc_column width=&#8221;1\/2&#8243;][vc_column_text]<span style=\"color: #000000;\"><strong>Pluhuri qeramik \u00ebsht\u00eb nj\u00eb p\u00ebrb\u00ebr\u00ebs tradicional n\u00eb llacin e nd\u00ebrtimit dhe suvatimit.<\/strong> Prodhohet nga shtypja e tullave natyrale dhe piqet n\u00eb temperatur\u00eb deri n\u00eb 900 oC, p\u00ebr ti dh\u00ebn\u00eb veti pozolanike. P\u00ebrdoret q\u00eb nga koha romake, kryesisht p\u00ebr t\u00eb prodhuar llac t\u00eb cil\u00ebsis\u00eb s\u00eb lart\u00eb. N\u00ebse kombinohet me g\u00eblqere t\u00eb hidratuar dhe pozolan\u00eb, pluhur qeramik b\u00ebhet edhe m\u00eb i q\u00ebndruesh\u00ebm.<\/span><\/p>\n<p><span style=\"color: #000000;\">P\u00ebrvec dh\u00ebnies s\u00eb nj\u00eb ngjyre t\u00eb pasur dhe tok\u00ebsore llacit, ai gjithashtu ofron q\u00ebndrueshm\u00ebri t\u00eb lart\u00eb. Pluhuri qeramik \u00ebsht\u00eb nj\u00eb material i p\u00ebrdorur gjer\u00ebsisht n\u00eb projektet e rinovimit dhe restaurimit, si dhe n\u00eb nd\u00ebrtimet e reja. N\u00eb dispozicion n\u00eb madh\u00ebsi t\u00eb ndryshme kokrrizash. E disponueshme n\u00eb qese me madh\u00ebsi normale ose canta t\u00eb m\u00ebdha 1 ton.<\/span><\/p>\n<p style=\"text-align: center;\"><strong><span style=\"color: #000000;\">VETIT\u00cb<\/span><\/strong><\/p>\n<p>[\/vc_column_text][vc_row_inner][vc_column_inner width=&#8221;1\/2&#8243;]<div class=\"standard-arrow bullet-top\"><ul>\n<li>\n<div class=\"col-12 col-xs-6 col-sm-12 col-md-6 d-flex pb-2 pb-md-3 \"><span style=\"color: #000000;\"><span style=\"color: #000000;\">Pluhur qeramike e kuqe\/ok\u00ebr<\/span><\/span><\/div>\n<\/li>\n<li><span style=\"color: #000000;\">E ben llacin m\u00eb t\u00eb q\u00ebndruesh\u00ebm<\/span><\/li>\n<\/ul>\n<\/div>[\/vc_column_inner][vc_column_inner width=&#8221;1\/2&#8243;]<div class=\"standard-arrow bullet-top\"><ul>\n<li><span style=\"color: #000000;\"><span style=\"color: #000000;\">N\u00eb dispozicion n\u00eb madh\u00ebsi t\u00eb ndryshme kokrrizash<\/span><\/span><\/li>\n<li><span style=\"color: #000000;\">E disponueshme n\u00eb qese me madh\u00ebsi normale ose canta t\u00eb m\u00ebdha.<\/span><\/li>\n<\/ul>\n<\/div>[\/vc_column_inner][\/vc_row_inner][vc_row_inner][vc_column_inner width=&#8221;1\/2&#8243;]<div class=\"aio-icon-component    style_1\"><div id=\"Info-box-wrap-4284\" class=\"aio-icon-box default-icon\" style=\"\"  ><div class=\"aio-icon-default\"><div class=\"ult-just-icon-wrapper  \"><div class=\"align-icon\" style=\"text-align:center;\">\n<div class=\"aio-icon-img \" style=\"font-size:65px;display:inline-block;\" >\n\t<img decoding=\"async\" class=\"img-icon\" alt=\"null\" src=\"https:\/\/aedcolor.com\/wp-content\/uploads\/2023\/05\/image-2.png\"\/>\n<\/div><\/div><\/div><\/div><div class=\"aio-icon-header\" ><h3 class=\"aio-icon-title ult-responsive\"  data-ultimate-target='#Info-box-wrap-4284 .aio-icon-title'  data-responsive-json-new='{\"font-size\":\"\",\"line-height\":\"\"}'  style=\"\">Sip\u00ebrfaqe: Muri<\/h3><\/div> <!-- header --><\/div> <!-- aio-icon-box --><\/div> <!-- aio-icon-component -->[\/vc_column_inner][vc_column_inner width=&#8221;1\/2&#8243;]<div class=\"aio-icon-component    style_1\"><div id=\"Info-box-wrap-9199\" class=\"aio-icon-box default-icon\" style=\"\"  ><div class=\"aio-icon-default\"><div class=\"ult-just-icon-wrapper  \"><div class=\"align-icon\" style=\"text-align:center;\">\n<div class=\"aio-icon-img \" style=\"font-size:65px;display:inline-block;\" >\n\t<img decoding=\"async\" class=\"img-icon\" alt=\"null\" src=\"https:\/\/aedcolor.com\/wp-content\/uploads\/2023\/05\/image-1.png\"\/>\n<\/div><\/div><\/div><\/div><div class=\"aio-icon-header\" ><h3 class=\"aio-icon-title ult-responsive\"  data-ultimate-target='#Info-box-wrap-9199 .aio-icon-title'  data-responsive-json-new='{\"font-size\":\"\",\"line-height\":\"\"}'  style=\"\">Aplikimi: Mistri<\/h3><\/div> <!-- header --><\/div> <!-- aio-icon-box --><\/div> <!-- aio-icon-component -->[\/vc_column_inner][\/vc_row_inner][\/vc_column][\/vc_row][vc_row][vc_column][vc_column_text]<\/p>\n<p>[\/vc_column_text][\/vc_column][\/vc_row]<\/p>\n<\/div>","protected":false},"excerpt":{"rendered":"<p>[vc_row css=&#8221;.vc_custom_1683099634441{padding-bottom: 30px !important;}&#8221;][vc_column width=&#8221;2\/3&#8243;][vc_custom_heading text=&#8221;CERAMIC POWDER &#8221; font_container=&#8221;tag:h2|font_size:50|text_align:left&#8221; use_theme_fonts=&#8221;yes&#8221; link=&#8221;|title:AQUAMAT%20-%20SUPERELASTIC||&#8221;][\/vc_column][\/vc_row][vc_row][vc_column width=&#8221;1\/2&#8243;][vc_single_image image=&#8221;10900&#8243; img_size=&#8221;full&#8221;][\/vc_column][vc_column width=&#8221;1\/2&#8243;][vc_column_text]Pluhuri qeramik \u00ebsht\u00eb nj\u00eb p\u00ebrb\u00ebr\u00ebs tradicional n\u00eb llacin e nd\u00ebrtimit dhe suvatimit. Prodhohet nga shtypja e tullave natyrale dhe piqet n\u00eb temperatur\u00eb deri n\u00eb 900 oC, p\u00ebr ti dh\u00ebn\u00eb veti pozolanike. P\u00ebrdoret q\u00eb nga koha romake, kryesisht p\u00ebr t\u00eb prodhuar llac&hellip;<\/p>\n","protected":false},"author":2,"featured_media":0,"parent":0,"menu_order":0,"comment_status":"closed","ping_status":"closed","template":"","meta":{"footnotes":""},"class_list":["post-11234","page","type-page","status-publish","hentry","description-off"],"_links":{"self":[{"href":"https:\/\/aedcolor.com\/index.php\/wp-json\/wp\/v2\/pages\/11234","targetHints":{"allow":["GET"]}}],"collection":[{"href":"https:\/\/aedcolor.com\/index.php\/wp-json\/wp\/v2\/pages"}],"about":[{"href":"https:\/\/aedcolor.com\/index.php\/wp-json\/wp\/v2\/types\/page"}],"author":[{"embeddable":true,"href":"https:\/\/aedcolor.com\/index.php\/wp-json\/wp\/v2\/users\/2"}],"replies":[{"embeddable":true,"href":"https:\/\/aedcolor.com\/index.php\/wp-json\/wp\/v2\/comments?post=11234"}],"version-history":[{"count":1,"href":"https:\/\/aedcolor.com\/index.php\/wp-json\/wp\/v2\/pages\/11234\/revisions"}],"predecessor-version":[{"id":11236,"href":"https:\/\/aedcolor.com\/index.php\/wp-json\/wp\/v2\/pages\/11234\/revisions\/11236"}],"wp:attachment":[{"href":"https:\/\/aedcolor.com\/index.php\/wp-json\/wp\/v2\/media?parent=11234"}],"curies":[{"name":"wp","href":"https:\/\/api.w.org\/{rel}","templated":true}]}}