{"id":11257,"date":"2024-03-06T10:47:11","date_gmt":"2024-03-06T10:47:11","guid":{"rendered":"https:\/\/aedcolor.com\/?page_id=11257"},"modified":"2024-03-06T10:48:51","modified_gmt":"2024-03-06T10:48:51","slug":"pebbles-and-chippings","status":"publish","type":"page","link":"https:\/\/aedcolor.com\/index.php\/pebbles-and-chippings\/","title":{"rendered":"PEBBLES AND CHIPPINGS"},"content":{"rendered":"<div class=\"wpb-content-wrapper\"><p>[vc_row css=&#8221;.vc_custom_1683099634441{padding-bottom: 30px !important;}&#8221;][vc_column width=&#8221;2\/3&#8243;][vc_custom_heading text=&#8221;PEBBLES AND CHIPPINGS<\/p>\n<p>&#8221; font_container=&#8221;tag:h2|font_size:50|text_align:left&#8221; use_theme_fonts=&#8221;yes&#8221; link=&#8221;|title:AQUAMAT%20-%20SUPERELASTIC||&#8221;][\/vc_column][\/vc_row][vc_row][vc_column width=&#8221;1\/2&#8243;][vc_single_image image=&#8221;10944&#8243; img_size=&#8221;full&#8221;][\/vc_column][vc_column width=&#8221;1\/2&#8243;][vc_column_text]<strong><span style=\"color: #000000;\"><span style=\"color: #000000;\">Guralec\u00ebt\u00a0dhe cop\u00ebzat n\u00eb nuanca dhe madh\u00ebsi t\u00eb ndryshme kokrrizash p\u00ebrdoren si agregate n\u00eb nj\u00eb s\u00ebr\u00eb punimesh nd\u00ebrtimi dhe projektesh restaurimi.<\/span><\/span><\/strong><\/p>\n<p><span style=\"color: #000000;\">Ngjyrat e p\u00ebrshkruara mund t\u00eb ndryshojn\u00eb nga p\u00ebrfundimi i aplikuar p\u00ebr shkak t\u00eb kufizimeve t\u00eb ngjyrave t\u00eb monitorit, diversitetit n\u00eb teknikat e aplikimit dhe natyr\u00ebs s\u00eb materialit.<\/span><\/p>\n<p><span style=\"color: #000000;\">N\u00eb t\u00eb gjitha rastet rekomandohet prodhimi i mostrave n\u00eb vend.<\/span><\/p>\n<p style=\"text-align: center;\"><strong><span style=\"color: #000000;\">VETIT\u00cb<\/span><\/strong><\/p>\n<p>[\/vc_column_text][vc_row_inner][vc_column_inner width=&#8221;1\/2&#8243;]<div class=\"standard-arrow bullet-top\"><ul>\n<li>\n<div class=\"col-12 col-xs-6 col-sm-12 col-md-6 d-flex pb-2 pb-md-3 \"><span style=\"color: #000000;\"><span style=\"color: #000000;\">Copa t\u00eb bardha<\/span><\/span><\/div>\n<\/li>\n<li><span style=\"color: #000000;\">Copa t\u00eb gjelbra<\/span><\/li>\n<li><span style=\"color: #000000;\">Copa terrakote<\/span><\/li>\n<\/ul>\n<\/div>[\/vc_column_inner][vc_column_inner width=&#8221;1\/2&#8243;]<div class=\"standard-arrow bullet-top\"><ul>\n<li><span style=\"color: #000000;\"><span style=\"color: #000000;\">Guralec\u00eb t\u00eb bardh\u00eb\u00a0<\/span><\/span><\/li>\n<li><span style=\"color: #000000;\">Guralec\u00eb t\u00eb zinj<\/span><\/li>\n<li><span style=\"color: #000000;\">Guralec\u00eb t\u00eb verdh\u00eb.<\/span><\/li>\n<\/ul>\n<\/div>[\/vc_column_inner][\/vc_row_inner][vc_row_inner][vc_column_inner width=&#8221;1\/2&#8243;]<div class=\"aio-icon-component    style_1\"><div id=\"Info-box-wrap-1539\" class=\"aio-icon-box default-icon\" style=\"\"  ><div class=\"aio-icon-default\"><div class=\"ult-just-icon-wrapper  \"><div class=\"align-icon\" style=\"text-align:center;\">\n<div class=\"aio-icon-img \" style=\"font-size:65px;display:inline-block;\" >\n\t<img decoding=\"async\" class=\"img-icon\" alt=\"null\" src=\"https:\/\/aedcolor.com\/wp-content\/uploads\/2023\/05\/image-2.png\"\/>\n<\/div><\/div><\/div><\/div><div class=\"aio-icon-header\" ><h3 class=\"aio-icon-title ult-responsive\"  data-ultimate-target='#Info-box-wrap-1539 .aio-icon-title'  data-responsive-json-new='{\"font-size\":\"\",\"line-height\":\"\"}'  style=\"\">Sip\u00ebrfaqe: Muri<\/h3><\/div> <!-- header --><\/div> <!-- aio-icon-box --><\/div> <!-- aio-icon-component -->[\/vc_column_inner][vc_column_inner width=&#8221;1\/2&#8243;]<div class=\"aio-icon-component    style_1\"><div id=\"Info-box-wrap-3146\" class=\"aio-icon-box default-icon\" style=\"\"  ><div class=\"aio-icon-default\"><div class=\"ult-just-icon-wrapper  \"><div class=\"align-icon\" style=\"text-align:center;\">\n<div class=\"aio-icon-img \" style=\"font-size:65px;display:inline-block;\" >\n\t<img decoding=\"async\" class=\"img-icon\" alt=\"null\" src=\"https:\/\/aedcolor.com\/wp-content\/uploads\/2023\/05\/image-1.png\"\/>\n<\/div><\/div><\/div><\/div><div class=\"aio-icon-header\" ><h3 class=\"aio-icon-title ult-responsive\"  data-ultimate-target='#Info-box-wrap-3146 .aio-icon-title'  data-responsive-json-new='{\"font-size\":\"\",\"line-height\":\"\"}'  style=\"\">Aplikimi: Mistri<\/h3><\/div> <!-- header --><\/div> <!-- aio-icon-box --><\/div> <!-- aio-icon-component -->[\/vc_column_inner][\/vc_row_inner][\/vc_column][\/vc_row][vc_row][vc_column][vc_column_text]<\/p>\n<p>[\/vc_column_text][\/vc_column][\/vc_row][vc_row bg_type=&#8221;bg_color&#8221; bg_override=&#8221;ex-full&#8221; bg_color_value=&#8221;#000000&#8243; css=&#8221;.vc_custom_1686220278017{padding-top: 40px !important;padding-bottom: 50px !important;}&#8221;][vc_column][vc_custom_heading text=&#8221;PALETA E NGJYRAVE&#8221; font_container=&#8221;tag:h2|text_align:center|color:%23ffffff&#8221; use_theme_fonts=&#8221;yes&#8221;][vc_column_text]<\/p>\n<p style=\"text-align: center;\"><span style=\"color: #ffffff;\">SHIKO GAM\u00cbN E PLOT\u00cb T\u00cb NGJYRAVE T\u00cb \u201cINDUSTRIAL CHIC\u201d<\/span><\/p>\n<p>[\/vc_column_text][vc_column_text]<\/p>\n<p style=\"text-align: center;\"><span style=\"color: #ffffff;\">COARSE<\/span><\/p>\n<p>[\/vc_column_text][\/vc_column][\/vc_row][vc_row][vc_column width=&#8221;1\/6&#8243;]<div class=\"ult-content-box-container \" >\t\t<div class=\"ult-content-box\" style=\"box-shadow: px px px px none;-webkit-transition: all 700ms ease;-moz-transition: all 700ms ease;-ms-transition: all 700ms ease;-o-transition: all 700ms ease;transition: all 700ms ease;\"  data-hover_box_shadow=\"none\"    >[vc_single_image image=&#8221;11262&#8243; img_size=&#8221;150X150&#8243; alignment=&#8221;center&#8221;][vc_custom_heading text=&#8221;GREEN CHIPPING (8-16)&#8221; font_container=&#8221;tag:h4|font_size:18|text_align:center|color:%23ffffff&#8221; use_theme_fonts=&#8221;yes&#8221; css=&#8221;.vc_custom_1709721755764{margin-top: -20px !important;}&#8221;]\t\t<\/div><\/div>[\/vc_column][vc_column width=&#8221;1\/6&#8243;]<div class=\"ult-content-box-container \" >\t\t<div class=\"ult-content-box\" style=\"box-shadow: px px px px none;-webkit-transition: all 700ms ease;-moz-transition: all 700ms ease;-ms-transition: all 700ms ease;-o-transition: all 700ms ease;transition: all 700ms ease;\"  data-hover_box_shadow=\"none\"    >[vc_single_image image=&#8221;11258&#8243; img_size=&#8221;150X150&#8243; alignment=&#8221;center&#8221;][vc_custom_heading text=&#8221;WHITE CHIPPING (2-4)&#8221; font_container=&#8221;tag:h4|font_size:18|text_align:center|color:%23ffffff&#8221; use_theme_fonts=&#8221;yes&#8221; css=&#8221;.vc_custom_1709721690436{margin-top: -20px !important;}&#8221;]\t\t<\/div><\/div>[\/vc_column][vc_column width=&#8221;1\/6&#8243;]<div class=\"ult-content-box-container \" >\t\t<div class=\"ult-content-box\" style=\"box-shadow: px px px px none;-webkit-transition: all 700ms ease;-moz-transition: all 700ms ease;-ms-transition: all 700ms ease;-o-transition: all 700ms ease;transition: all 700ms ease;\"  data-hover_box_shadow=\"none\"    >[vc_single_image image=&#8221;11260&#8243; img_size=&#8221;150X150&#8243; alignment=&#8221;center&#8221;][vc_custom_heading text=&#8221;WHITE CHIPPING (4-7)&#8221; font_container=&#8221;tag:h4|font_size:18|text_align:center|color:%23ffffff&#8221; use_theme_fonts=&#8221;yes&#8221; css=&#8221;.vc_custom_1709721721396{margin-top: -20px !important;}&#8221;]\t\t<\/div><\/div>[\/vc_column][vc_column width=&#8221;1\/6&#8243;]<div class=\"ult-content-box-container \" >\t\t<div class=\"ult-content-box\" style=\"box-shadow: px px px px none;-webkit-transition: all 700ms ease;-moz-transition: all 700ms ease;-ms-transition: all 700ms ease;-o-transition: all 700ms ease;transition: all 700ms ease;\"  data-hover_box_shadow=\"none\"    >[vc_single_image image=&#8221;11264&#8243; img_size=&#8221;150X150&#8243; alignment=&#8221;center&#8221;][vc_custom_heading text=&#8221;POTTERY CHIPPING (2-6)&#8221; font_container=&#8221;tag:h4|font_size:18|text_align:center|color:%23ffffff&#8221; use_theme_fonts=&#8221;yes&#8221; css=&#8221;.vc_custom_1709721909013{margin-top: -20px !important;}&#8221;]\t\t<\/div><\/div>[\/vc_column][vc_column width=&#8221;1\/6&#8243;]<div class=\"ult-content-box-container \" >\t\t<div class=\"ult-content-box\" style=\"box-shadow: px px px px none;-webkit-transition: all 700ms ease;-moz-transition: all 700ms ease;-ms-transition: all 700ms ease;-o-transition: all 700ms ease;transition: all 700ms ease;\"  data-hover_box_shadow=\"none\"    >[vc_single_image image=&#8221;11266&#8243; img_size=&#8221;150X150&#8243; alignment=&#8221;center&#8221;][vc_custom_heading text=&#8221;WHITE PEBBLE (1-2)&#8221; font_container=&#8221;tag:h4|font_size:18|text_align:center|color:%23ffffff&#8221; use_theme_fonts=&#8221;yes&#8221; css=&#8221;.vc_custom_1709721944692{margin-top: -20px !important;}&#8221;]\t\t<\/div><\/div>[\/vc_column][vc_column width=&#8221;1\/6&#8243;]<div class=\"ult-content-box-container \" >\t\t<div class=\"ult-content-box\" style=\"box-shadow: px px px px none;-webkit-transition: all 700ms ease;-moz-transition: all 700ms ease;-ms-transition: all 700ms ease;-o-transition: all 700ms ease;transition: all 700ms ease;\"  data-hover_box_shadow=\"none\"    >[vc_single_image image=&#8221;11268&#8243; img_size=&#8221;150X150&#8243; alignment=&#8221;center&#8221;][vc_custom_heading text=&#8221;BLACK PEBBLE (2-8)&#8221; font_container=&#8221;tag:h4|font_size:18|text_align:center|color:%23ffffff&#8221; use_theme_fonts=&#8221;yes&#8221; css=&#8221;.vc_custom_1709721987885{margin-top: -20px !important;}&#8221;]\t\t<\/div><\/div>[\/vc_column][\/vc_row]<\/p>\n<\/div>","protected":false},"excerpt":{"rendered":"<p>[vc_row css=&#8221;.vc_custom_1683099634441{padding-bottom: 30px !important;}&#8221;][vc_column width=&#8221;2\/3&#8243;][vc_custom_heading text=&#8221;PEBBLES AND CHIPPINGS &#8221; font_container=&#8221;tag:h2|font_size:50|text_align:left&#8221; use_theme_fonts=&#8221;yes&#8221; link=&#8221;|title:AQUAMAT%20-%20SUPERELASTIC||&#8221;][\/vc_column][\/vc_row][vc_row][vc_column width=&#8221;1\/2&#8243;][vc_single_image image=&#8221;10944&#8243; img_size=&#8221;full&#8221;][\/vc_column][vc_column width=&#8221;1\/2&#8243;][vc_column_text]Guralec\u00ebt\u00a0dhe cop\u00ebzat n\u00eb nuanca dhe madh\u00ebsi t\u00eb ndryshme kokrrizash p\u00ebrdoren si agregate n\u00eb nj\u00eb s\u00ebr\u00eb punimesh nd\u00ebrtimi dhe projektesh restaurimi. Ngjyrat e p\u00ebrshkruara mund t\u00eb ndryshojn\u00eb nga p\u00ebrfundimi i aplikuar p\u00ebr shkak t\u00eb kufizimeve t\u00eb ngjyrave t\u00eb monitorit, diversitetit n\u00eb&hellip;<\/p>\n","protected":false},"author":2,"featured_media":0,"parent":0,"menu_order":0,"comment_status":"closed","ping_status":"closed","template":"","meta":{"footnotes":""},"class_list":["post-11257","page","type-page","status-publish","hentry","description-off"],"_links":{"self":[{"href":"https:\/\/aedcolor.com\/index.php\/wp-json\/wp\/v2\/pages\/11257","targetHints":{"allow":["GET"]}}],"collection":[{"href":"https:\/\/aedcolor.com\/index.php\/wp-json\/wp\/v2\/pages"}],"about":[{"href":"https:\/\/aedcolor.com\/index.php\/wp-json\/wp\/v2\/types\/page"}],"author":[{"embeddable":true,"href":"https:\/\/aedcolor.com\/index.php\/wp-json\/wp\/v2\/users\/2"}],"replies":[{"embeddable":true,"href":"https:\/\/aedcolor.com\/index.php\/wp-json\/wp\/v2\/comments?post=11257"}],"version-history":[{"count":1,"href":"https:\/\/aedcolor.com\/index.php\/wp-json\/wp\/v2\/pages\/11257\/revisions"}],"predecessor-version":[{"id":11271,"href":"https:\/\/aedcolor.com\/index.php\/wp-json\/wp\/v2\/pages\/11257\/revisions\/11271"}],"wp:attachment":[{"href":"https:\/\/aedcolor.com\/index.php\/wp-json\/wp\/v2\/media?parent=11257"}],"curies":[{"name":"wp","href":"https:\/\/api.w.org\/{rel}","templated":true}]}}