{"id":11282,"date":"2024-03-09T08:58:27","date_gmt":"2024-03-09T08:58:27","guid":{"rendered":"https:\/\/aedcolor.com\/?page_id=11282"},"modified":"2024-03-09T08:58:27","modified_gmt":"2024-03-09T08:58:27","slug":"hydrated-lime","status":"publish","type":"page","link":"https:\/\/aedcolor.com\/index.php\/hydrated-lime\/","title":{"rendered":"HYDRATED LIME"},"content":{"rendered":"<div class=\"wpb-content-wrapper\"><p>[vc_row css=&#8221;.vc_custom_1683099634441{padding-bottom: 30px !important;}&#8221;][vc_column width=&#8221;2\/3&#8243;][vc_custom_heading text=&#8221;HYDRATED LIME<\/p>\n<p>&#8221; font_container=&#8221;tag:h2|font_size:50|text_align:left&#8221; use_theme_fonts=&#8221;yes&#8221; link=&#8221;|title:AQUAMAT%20-%20SUPERELASTIC||&#8221;][\/vc_column][\/vc_row][vc_row][vc_column width=&#8221;1\/2&#8243;][vc_single_image image=&#8221;11033&#8243; img_size=&#8221;full&#8221;][\/vc_column][vc_column width=&#8221;1\/2&#8243;][vc_column_text]<span style=\"color: #000000;\"><strong>G\u00eblqere e that\u00eb e hidratuar (n\u00eb\u00a0 pluhur ).<\/strong> G\u00eblqere e hidratuar \u00ebsht\u00eb rezultat i shtimit t\u00eb ujit n\u00eb g\u00eblqere n\u00eb nj\u00eb reaksion kimik t\u00eb kontrolluar.<\/span><\/p>\n<p><span style=\"color: #000000;\">G\u00eblqerja e hidratuar \u00ebsht\u00eb p\u00ebrdorur kryesisht si p\u00ebrb\u00ebr\u00ebs kryesor n\u00eb llacet e muratur\u00ebs p\u00ebr shekuj me rradh\u00eb p\u00ebr t\u00eb b\u00ebr\u00eb suva, fuga dhe fino.<\/span><\/p>\n<p><span style=\"color: #000000;\">Ngjyrat e p\u00ebrshkruara mund t\u00eb ndryshojn\u00eb nga p\u00ebrfundimi i aplikuar p\u00ebr shkak t\u00eb kufizimeve t\u00eb ngjyrave t\u00eb monitorit, diversitetit n\u00eb teknikat e aplikimit dhe natyr\u00ebs s\u00eb materialit.<\/span><\/p>\n<p><span style=\"color: #000000;\">N\u00eb t\u00eb gjitha rastet rekomandohet prodhimi i mostrave n\u00eb vend.<\/span><\/p>\n<p style=\"text-align: center;\"><span style=\"color: #000000;\">VETIT\u00cb<\/span><\/p>\n<p>[\/vc_column_text][vc_row_inner][vc_column_inner width=&#8221;1\/2&#8243;]<div class=\"standard-arrow bullet-top\"><ul>\n<li>\n<div class=\"col-12 col-xs-6 col-sm-12 col-md-6 d-flex pb-2 pb-md-3 \"><span style=\"color: #000000;\">G\u00eblqere e hidratuar (n\u00eb form\u00eb pluhuri)<\/span><\/div>\n<\/li>\n<\/ul>\n<\/div>[\/vc_column_inner][vc_column_inner width=&#8221;1\/2&#8243;]<div class=\"standard-arrow bullet-top\"><ul>\n<li><span style=\"color: #000000;\">E disponueshme n\u00eb thas\u00eb 25 kg.<\/span><\/li>\n<\/ul>\n<\/div>[\/vc_column_inner][\/vc_row_inner][vc_row_inner][vc_column_inner width=&#8221;1\/2&#8243;]<div class=\"aio-icon-component    style_1\"><div id=\"Info-box-wrap-8265\" class=\"aio-icon-box default-icon\" style=\"\"  ><div class=\"aio-icon-default\"><div class=\"ult-just-icon-wrapper  \"><div class=\"align-icon\" style=\"text-align:center;\">\n<div class=\"aio-icon-img \" style=\"font-size:65px;display:inline-block;\" >\n\t<img decoding=\"async\" class=\"img-icon\" alt=\"null\" src=\"https:\/\/aedcolor.com\/wp-content\/uploads\/2023\/05\/image-2.png\"\/>\n<\/div><\/div><\/div><\/div><div class=\"aio-icon-header\" ><h3 class=\"aio-icon-title ult-responsive\"  data-ultimate-target='#Info-box-wrap-8265 .aio-icon-title'  data-responsive-json-new='{\"font-size\":\"\",\"line-height\":\"\"}'  style=\"\">Sip\u00ebrfaqe: Muri<\/h3><\/div> <!-- header --><\/div> <!-- aio-icon-box --><\/div> <!-- aio-icon-component -->[\/vc_column_inner][vc_column_inner width=&#8221;1\/2&#8243;]<div class=\"aio-icon-component    style_1\"><div id=\"Info-box-wrap-4775\" class=\"aio-icon-box default-icon\" style=\"\"  ><div class=\"aio-icon-default\"><div class=\"ult-just-icon-wrapper  \"><div class=\"align-icon\" style=\"text-align:center;\">\n<div class=\"aio-icon-img \" style=\"font-size:65px;display:inline-block;\" >\n\t<img decoding=\"async\" class=\"img-icon\" alt=\"null\" src=\"https:\/\/aedcolor.com\/wp-content\/uploads\/2023\/05\/image-1.png\"\/>\n<\/div><\/div><\/div><\/div><div class=\"aio-icon-header\" ><h3 class=\"aio-icon-title ult-responsive\"  data-ultimate-target='#Info-box-wrap-4775 .aio-icon-title'  data-responsive-json-new='{\"font-size\":\"\",\"line-height\":\"\"}'  style=\"\">Aplikimi: Mistri<\/h3><\/div> <!-- header --><\/div> <!-- aio-icon-box --><\/div> <!-- aio-icon-component -->[\/vc_column_inner][\/vc_row_inner][\/vc_column][\/vc_row][vc_row][vc_column][vc_column_text]<\/p>\n<p>[\/vc_column_text][\/vc_column][\/vc_row][vc_row bg_type=&#8221;bg_color&#8221; bg_override=&#8221;ex-full&#8221; bg_color_value=&#8221;#000000&#8243; css=&#8221;.vc_custom_1686220278017{padding-top: 40px !important;padding-bottom: 50px !important;}&#8221;][vc_column][vc_custom_heading text=&#8221;PALETA E NGJYRAVE&#8221; font_container=&#8221;tag:h2|text_align:center|color:%23ffffff&#8221; use_theme_fonts=&#8221;yes&#8221;][vc_column_text]<\/p>\n<p style=\"text-align: center;\"><span style=\"color: #ffffff;\">SHIKO GAM\u00cbN E PLOT\u00cb T\u00cb NGJYRAVE T\u00cb \u201cINDUSTRIAL CHIC\u201d<\/span><\/p>\n<p>[\/vc_column_text][vc_column_text]<\/p>\n<p style=\"text-align: center;\"><span style=\"color: #ffffff;\">COARSE<\/span><\/p>\n<p>[\/vc_column_text][\/vc_column][\/vc_row]<\/p>\n<\/div>","protected":false},"excerpt":{"rendered":"<p>[vc_row css=&#8221;.vc_custom_1683099634441{padding-bottom: 30px !important;}&#8221;][vc_column width=&#8221;2\/3&#8243;][vc_custom_heading text=&#8221;HYDRATED LIME &#8221; font_container=&#8221;tag:h2|font_size:50|text_align:left&#8221; use_theme_fonts=&#8221;yes&#8221; link=&#8221;|title:AQUAMAT%20-%20SUPERELASTIC||&#8221;][\/vc_column][\/vc_row][vc_row][vc_column width=&#8221;1\/2&#8243;][vc_single_image image=&#8221;11033&#8243; img_size=&#8221;full&#8221;][\/vc_column][vc_column width=&#8221;1\/2&#8243;][vc_column_text]G\u00eblqere e that\u00eb e hidratuar (n\u00eb\u00a0 pluhur ). G\u00eblqere e hidratuar \u00ebsht\u00eb rezultat i shtimit t\u00eb ujit n\u00eb g\u00eblqere n\u00eb nj\u00eb reaksion kimik t\u00eb kontrolluar. G\u00eblqerja e hidratuar \u00ebsht\u00eb p\u00ebrdorur kryesisht si p\u00ebrb\u00ebr\u00ebs kryesor n\u00eb llacet e muratur\u00ebs p\u00ebr shekuj me&hellip;<\/p>\n","protected":false},"author":2,"featured_media":0,"parent":0,"menu_order":0,"comment_status":"closed","ping_status":"closed","template":"","meta":{"footnotes":""},"class_list":["post-11282","page","type-page","status-publish","hentry","description-off"],"_links":{"self":[{"href":"https:\/\/aedcolor.com\/index.php\/wp-json\/wp\/v2\/pages\/11282","targetHints":{"allow":["GET"]}}],"collection":[{"href":"https:\/\/aedcolor.com\/index.php\/wp-json\/wp\/v2\/pages"}],"about":[{"href":"https:\/\/aedcolor.com\/index.php\/wp-json\/wp\/v2\/types\/page"}],"author":[{"embeddable":true,"href":"https:\/\/aedcolor.com\/index.php\/wp-json\/wp\/v2\/users\/2"}],"replies":[{"embeddable":true,"href":"https:\/\/aedcolor.com\/index.php\/wp-json\/wp\/v2\/comments?post=11282"}],"version-history":[{"count":1,"href":"https:\/\/aedcolor.com\/index.php\/wp-json\/wp\/v2\/pages\/11282\/revisions"}],"predecessor-version":[{"id":11284,"href":"https:\/\/aedcolor.com\/index.php\/wp-json\/wp\/v2\/pages\/11282\/revisions\/11284"}],"wp:attachment":[{"href":"https:\/\/aedcolor.com\/index.php\/wp-json\/wp\/v2\/media?parent=11282"}],"curies":[{"name":"wp","href":"https:\/\/api.w.org\/{rel}","templated":true}]}}