{"id":11299,"date":"2024-03-09T10:36:44","date_gmt":"2024-03-09T10:36:44","guid":{"rendered":"https:\/\/aedcolor.com\/?page_id=11299"},"modified":"2024-03-09T10:47:13","modified_gmt":"2024-03-09T10:47:13","slug":"natural-dyes","status":"publish","type":"page","link":"https:\/\/aedcolor.com\/index.php\/natural-dyes\/","title":{"rendered":"NATURAL DYES"},"content":{"rendered":"<div class=\"wpb-content-wrapper\"><p>[vc_row css=&#8221;.vc_custom_1683099634441{padding-bottom: 30px !important;}&#8221;][vc_column width=&#8221;2\/3&#8243;][vc_custom_heading text=&#8221;NATURAL DYES<\/p>\n<p>&#8221; font_container=&#8221;tag:h2|font_size:50|text_align:left&#8221; use_theme_fonts=&#8221;yes&#8221; link=&#8221;|title:AQUAMAT%20-%20SUPERELASTIC||&#8221;][\/vc_column][\/vc_row][vc_row][vc_column width=&#8221;1\/2&#8243;][vc_single_image image=&#8221;11039&#8243; img_size=&#8221;full&#8221;][\/vc_column][vc_column width=&#8221;1\/2&#8243;][vc_column_text]<strong><span style=\"color: #000000;\">Boj\u00ebrat natyrale q\u00eb mund t&#8217;i shtohen llacit jan\u00eb t\u00eb grira im\u00ebt, nuk ndikojn\u00eb n\u00eb nivelet alkaline dhe nuk reagojn\u00eb me l\u00ebnd\u00ebt lidh\u00ebse n\u00eb llac.<\/span><\/strong><\/p>\n<p><span style=\"color: #000000;\">Ngjyrat e p\u00ebrshkruara mund t\u00eb ndryshojn\u00eb nga p\u00ebrfundimi i aplikuar p\u00ebr shkak t\u00eb kufizimeve t\u00eb ngjyrave t\u00eb monitorit, diversitetit n\u00eb teknikat e aplikimit dhe natyr\u00ebs s\u00eb materialit.<\/span><\/p>\n<p><span style=\"color: #000000;\">N\u00eb t\u00eb gjitha rastet rekomandohet prodhimi i mostrave n\u00eb vend.<\/span><\/p>\n<p style=\"text-align: center;\"><strong><span style=\"color: #000000;\">VETIT\u00cb<\/span><\/strong><\/p>\n<p>[\/vc_column_text][vc_row_inner][vc_column_inner width=&#8221;1\/2&#8243;]<div class=\"standard-arrow bullet-top\"><ul>\n<li>\n<div class=\"col-12 col-xs-6 col-sm-12 col-md-6 d-flex pb-2 pb-md-3 \"><span style=\"color: #000000;\">Ok\u00ebr, umber i pap\u00ebrpunuar, umb\u00ebr i djegur, sienna e pap\u00ebrpunuar, sienna e djegur<\/span><\/div>\n<\/li>\n<\/ul>\n<\/div>[\/vc_column_inner][vc_column_inner width=&#8221;1\/2&#8243;]<div class=\"standard-arrow bullet-top\"><ul>\n<li><span style=\"color: #000000;\">Kasia, e zez\u00eb, e kuqe e err\u00ebt, ultramarine dhe jeshile.<\/span><\/li>\n<\/ul>\n<\/div>[\/vc_column_inner][\/vc_row_inner][vc_row_inner][vc_column_inner width=&#8221;1\/2&#8243;]<div class=\"aio-icon-component    style_1\"><div id=\"Info-box-wrap-5004\" class=\"aio-icon-box default-icon\" style=\"\"  ><div class=\"aio-icon-default\"><div class=\"ult-just-icon-wrapper  \"><div class=\"align-icon\" style=\"text-align:center;\">\n<div class=\"aio-icon-img \" style=\"font-size:65px;display:inline-block;\" >\n\t<img decoding=\"async\" class=\"img-icon\" alt=\"null\" src=\"https:\/\/aedcolor.com\/wp-content\/uploads\/2023\/05\/image-2.png\"\/>\n<\/div><\/div><\/div><\/div><div class=\"aio-icon-header\" ><h3 class=\"aio-icon-title ult-responsive\"  data-ultimate-target='#Info-box-wrap-5004 .aio-icon-title'  data-responsive-json-new='{\"font-size\":\"\",\"line-height\":\"\"}'  style=\"\">Sip\u00ebrfaqe: Muri<\/h3><\/div> <!-- header --><\/div> <!-- aio-icon-box --><\/div> <!-- aio-icon-component -->[\/vc_column_inner][vc_column_inner width=&#8221;1\/2&#8243;]<div class=\"aio-icon-component    style_1\"><div id=\"Info-box-wrap-3961\" class=\"aio-icon-box default-icon\" style=\"\"  ><div class=\"aio-icon-default\"><div class=\"ult-just-icon-wrapper  \"><div class=\"align-icon\" style=\"text-align:center;\">\n<div class=\"aio-icon-img \" style=\"font-size:65px;display:inline-block;\" >\n\t<img decoding=\"async\" class=\"img-icon\" alt=\"null\" src=\"https:\/\/aedcolor.com\/wp-content\/uploads\/2023\/05\/image-1.png\"\/>\n<\/div><\/div><\/div><\/div><div class=\"aio-icon-header\" ><h3 class=\"aio-icon-title ult-responsive\"  data-ultimate-target='#Info-box-wrap-3961 .aio-icon-title'  data-responsive-json-new='{\"font-size\":\"\",\"line-height\":\"\"}'  style=\"\">Aplikimi: Mistri<\/h3><\/div> <!-- header --><\/div> <!-- aio-icon-box --><\/div> <!-- aio-icon-component -->[\/vc_column_inner][\/vc_row_inner][\/vc_column][\/vc_row][vc_row][vc_column][vc_column_text]<\/p>\n<p>[\/vc_column_text][\/vc_column][\/vc_row][vc_row bg_type=&#8221;bg_color&#8221; bg_override=&#8221;ex-full&#8221; bg_color_value=&#8221;#000000&#8243; css=&#8221;.vc_custom_1686220278017{padding-top: 40px !important;padding-bottom: 50px !important;}&#8221;][vc_column][vc_custom_heading text=&#8221;PALETA E NGJYRAVE&#8221; font_container=&#8221;tag:h2|text_align:center|color:%23ffffff&#8221; use_theme_fonts=&#8221;yes&#8221;][vc_column_text]<\/p>\n<p style=\"text-align: center;\"><span style=\"color: #ffffff;\">SHIKO GAM\u00cbN E PLOT\u00cb T\u00cb NGJYRAVE T\u00cb \u201cINDUSTRIAL CHIC\u201d<\/span><\/p>\n<p>[\/vc_column_text][vc_column_text]<\/p>\n<p style=\"text-align: center;\"><span style=\"color: #ffffff;\">COARSE<\/span><\/p>\n<p>[\/vc_column_text][\/vc_column][\/vc_row][vc_row][vc_column width=&#8221;1\/6&#8243;]<div class=\"ult-content-box-container \" >\t\t<div class=\"ult-content-box\" style=\"box-shadow: px px px px none;-webkit-transition: all 700ms ease;-moz-transition: all 700ms ease;-ms-transition: all 700ms ease;-o-transition: all 700ms ease;transition: all 700ms ease;\"  data-hover_box_shadow=\"none\"    >[vc_single_image image=&#8221;11039&#8243; img_size=&#8221;150X150&#8243; alignment=&#8221;center&#8221;][vc_custom_heading text=&#8221;KASIA&#8221; font_container=&#8221;tag:h4|font_size:18|text_align:center|color:%23ffffff&#8221; use_theme_fonts=&#8221;yes&#8221; css=&#8221;.vc_custom_1709980620700{margin-top: -20px !important;}&#8221;]\t\t<\/div><\/div>[\/vc_column][vc_column width=&#8221;1\/6&#8243;]<div class=\"ult-content-box-container \" >\t\t<div class=\"ult-content-box\" style=\"box-shadow: px px px px none;-webkit-transition: all 700ms ease;-moz-transition: all 700ms ease;-ms-transition: all 700ms ease;-o-transition: all 700ms ease;transition: all 700ms ease;\"  data-hover_box_shadow=\"none\"    >[vc_single_image image=&#8221;11037&#8243; img_size=&#8221;150X150&#8243; alignment=&#8221;center&#8221;][vc_custom_heading text=&#8221;LOULAKI&#8221; font_container=&#8221;tag:h4|font_size:18|text_align:center|color:%23ffffff&#8221; use_theme_fonts=&#8221;yes&#8221; css=&#8221;.vc_custom_1709980638092{margin-top: -20px !important;}&#8221;]\t\t<\/div><\/div>[\/vc_column][vc_column width=&#8221;1\/6&#8243;]<div class=\"ult-content-box-container \" >\t\t<div class=\"ult-content-box\" style=\"box-shadow: px px px px none;-webkit-transition: all 700ms ease;-moz-transition: all 700ms ease;-ms-transition: all 700ms ease;-o-transition: all 700ms ease;transition: all 700ms ease;\"  data-hover_box_shadow=\"none\"    >[vc_single_image image=&#8221;11027&#8243; img_size=&#8221;150X150&#8243; alignment=&#8221;center&#8221;][vc_custom_heading text=&#8221;E ZEZ\u00cb&#8221; font_container=&#8221;tag:h4|font_size:18|text_align:center|color:%23ffffff&#8221; use_theme_fonts=&#8221;yes&#8221; css=&#8221;.vc_custom_1709980969372{margin-top: -20px !important;}&#8221;]\t\t<\/div><\/div>[\/vc_column][vc_column width=&#8221;1\/6&#8243;]<div class=\"ult-content-box-container \" >\t\t<div class=\"ult-content-box\" style=\"box-shadow: px px px px none;-webkit-transition: all 700ms ease;-moz-transition: all 700ms ease;-ms-transition: all 700ms ease;-o-transition: all 700ms ease;transition: all 700ms ease;\"  data-hover_box_shadow=\"none\"    >[vc_single_image image=&#8221;11029&#8243; img_size=&#8221;150X150&#8243; alignment=&#8221;center&#8221;][vc_custom_heading text=&#8221;BURNED AUBRY&#8221; font_container=&#8221;tag:h4|font_size:18|text_align:center|color:%23ffffff&#8221; use_theme_fonts=&#8221;yes&#8221; css=&#8221;.vc_custom_1709981028036{margin-top: -20px !important;}&#8221;]\t\t<\/div><\/div>[\/vc_column][vc_column width=&#8221;1\/6&#8243;]<div class=\"ult-content-box-container \" >\t\t<div class=\"ult-content-box\" style=\"box-shadow: px px px px none;-webkit-transition: all 700ms ease;-moz-transition: all 700ms ease;-ms-transition: all 700ms ease;-o-transition: all 700ms ease;transition: all 700ms ease;\"  data-hover_box_shadow=\"none\"    >[vc_single_image image=&#8221;11023&#8243; img_size=&#8221;150X150&#8243; alignment=&#8221;center&#8221;][vc_custom_heading text=&#8221;RAW AUBRY&#8221; font_container=&#8221;tag:h4|font_size:18|text_align:center|color:%23ffffff&#8221; use_theme_fonts=&#8221;yes&#8221; css=&#8221;.vc_custom_1709981054412{margin-top: -20px !important;}&#8221;]\t\t<\/div><\/div>[\/vc_column][vc_column width=&#8221;1\/6&#8243;]<div class=\"ult-content-box-container \" >\t\t<div class=\"ult-content-box\" style=\"box-shadow: px px px px none;-webkit-transition: all 700ms ease;-moz-transition: all 700ms ease;-ms-transition: all 700ms ease;-o-transition: all 700ms ease;transition: all 700ms ease;\"  data-hover_box_shadow=\"none\"    >[vc_single_image image=&#8221;11009&#8243; img_size=&#8221;150X150&#8243; alignment=&#8221;center&#8221;][vc_custom_heading text=&#8221;GREEN&#8221; font_container=&#8221;tag:h4|font_size:18|text_align:center|color:%23ffffff&#8221; use_theme_fonts=&#8221;yes&#8221; css=&#8221;.vc_custom_1709981068900{margin-top: -20px !important;}&#8221;]\t\t<\/div><\/div>[\/vc_column][\/vc_row][vc_row][vc_column width=&#8221;1\/6&#8243;]<div class=\"ult-content-box-container \" >\t\t<div class=\"ult-content-box\" style=\"box-shadow: px px px px none;-webkit-transition: all 700ms ease;-moz-transition: all 700ms ease;-ms-transition: all 700ms ease;-o-transition: all 700ms ease;transition: all 700ms ease;\"  data-hover_box_shadow=\"none\"    >[vc_single_image image=&#8221;11011&#8243; img_size=&#8221;150X150&#8243; alignment=&#8221;center&#8221;][vc_custom_heading text=&#8221;RAW SIENNA&#8221; font_container=&#8221;tag:h4|font_size:18|text_align:center|color:%23ffffff&#8221; use_theme_fonts=&#8221;yes&#8221; css=&#8221;.vc_custom_1709981097484{margin-top: -20px !important;}&#8221;]\t\t<\/div><\/div>[\/vc_column][vc_column width=&#8221;1\/6&#8243;]<div class=\"ult-content-box-container \" >\t\t<div class=\"ult-content-box\" style=\"box-shadow: px px px px none;-webkit-transition: all 700ms ease;-moz-transition: all 700ms ease;-ms-transition: all 700ms ease;-o-transition: all 700ms ease;transition: all 700ms ease;\"  data-hover_box_shadow=\"none\"    >[vc_single_image image=&#8221;11013&#8243; img_size=&#8221;150X150&#8243; alignment=&#8221;center&#8221;][vc_custom_heading text=&#8221;BURNED SIENNA&#8221; font_container=&#8221;tag:h4|font_size:18|text_align:center|color:%23ffffff&#8221; use_theme_fonts=&#8221;yes&#8221; css=&#8221;.vc_custom_1709981130372{margin-top: -20px !important;}&#8221;]\t\t<\/div><\/div>[\/vc_column][vc_column width=&#8221;1\/6&#8243;]<div class=\"ult-content-box-container \" >\t\t<div class=\"ult-content-box\" style=\"box-shadow: px px px px none;-webkit-transition: all 700ms ease;-moz-transition: all 700ms ease;-ms-transition: all 700ms ease;-o-transition: all 700ms ease;transition: all 700ms ease;\"  data-hover_box_shadow=\"none\"    >[vc_single_image image=&#8221;11015&#8243; img_size=&#8221;150X150&#8243; alignment=&#8221;center&#8221;][vc_custom_heading text=&#8221;RED OXIDE&#8221; font_container=&#8221;tag:h4|font_size:18|text_align:center|color:%23ffffff&#8221; use_theme_fonts=&#8221;yes&#8221; css=&#8221;.vc_custom_1709981161668{margin-top: -20px !important;}&#8221;]\t\t<\/div><\/div>[\/vc_column][vc_column width=&#8221;1\/6&#8243;]<div class=\"ult-content-box-container \" >\t\t<div class=\"ult-content-box\" style=\"box-shadow: px px px px none;-webkit-transition: all 700ms ease;-moz-transition: all 700ms ease;-ms-transition: all 700ms ease;-o-transition: all 700ms ease;transition: all 700ms ease;\"  data-hover_box_shadow=\"none\"    >[vc_single_image image=&#8221;11017&#8243; img_size=&#8221;150X150&#8243; alignment=&#8221;center&#8221;][vc_custom_heading text=&#8221;OCHRE&#8221; font_container=&#8221;tag:h4|font_size:18|text_align:center|color:%23ffffff&#8221; use_theme_fonts=&#8221;yes&#8221; css=&#8221;.vc_custom_1709981181796{margin-top: -20px !important;}&#8221;]\t\t<\/div><\/div>[\/vc_column][\/vc_row]<\/p>\n<\/div>","protected":false},"excerpt":{"rendered":"<p>[vc_row css=&#8221;.vc_custom_1683099634441{padding-bottom: 30px !important;}&#8221;][vc_column width=&#8221;2\/3&#8243;][vc_custom_heading text=&#8221;NATURAL DYES &#8221; font_container=&#8221;tag:h2|font_size:50|text_align:left&#8221; use_theme_fonts=&#8221;yes&#8221; link=&#8221;|title:AQUAMAT%20-%20SUPERELASTIC||&#8221;][\/vc_column][\/vc_row][vc_row][vc_column width=&#8221;1\/2&#8243;][vc_single_image image=&#8221;11039&#8243; img_size=&#8221;full&#8221;][\/vc_column][vc_column width=&#8221;1\/2&#8243;][vc_column_text]Boj\u00ebrat natyrale q\u00eb mund t&#8217;i shtohen llacit jan\u00eb t\u00eb grira im\u00ebt, nuk ndikojn\u00eb n\u00eb nivelet alkaline dhe nuk reagojn\u00eb me l\u00ebnd\u00ebt lidh\u00ebse n\u00eb llac. Ngjyrat e p\u00ebrshkruara mund t\u00eb ndryshojn\u00eb nga p\u00ebrfundimi i aplikuar p\u00ebr shkak t\u00eb kufizimeve t\u00eb ngjyrave t\u00eb&hellip;<\/p>\n","protected":false},"author":2,"featured_media":0,"parent":0,"menu_order":0,"comment_status":"closed","ping_status":"closed","template":"","meta":{"footnotes":""},"class_list":["post-11299","page","type-page","status-publish","hentry","description-off"],"_links":{"self":[{"href":"https:\/\/aedcolor.com\/index.php\/wp-json\/wp\/v2\/pages\/11299","targetHints":{"allow":["GET"]}}],"collection":[{"href":"https:\/\/aedcolor.com\/index.php\/wp-json\/wp\/v2\/pages"}],"about":[{"href":"https:\/\/aedcolor.com\/index.php\/wp-json\/wp\/v2\/types\/page"}],"author":[{"embeddable":true,"href":"https:\/\/aedcolor.com\/index.php\/wp-json\/wp\/v2\/users\/2"}],"replies":[{"embeddable":true,"href":"https:\/\/aedcolor.com\/index.php\/wp-json\/wp\/v2\/comments?post=11299"}],"version-history":[{"count":3,"href":"https:\/\/aedcolor.com\/index.php\/wp-json\/wp\/v2\/pages\/11299\/revisions"}],"predecessor-version":[{"id":11303,"href":"https:\/\/aedcolor.com\/index.php\/wp-json\/wp\/v2\/pages\/11299\/revisions\/11303"}],"wp:attachment":[{"href":"https:\/\/aedcolor.com\/index.php\/wp-json\/wp\/v2\/media?parent=11299"}],"curies":[{"name":"wp","href":"https:\/\/api.w.org\/{rel}","templated":true}]}}