{"id":11311,"date":"2024-03-11T09:26:49","date_gmt":"2024-03-11T09:26:49","guid":{"rendered":"https:\/\/aedcolor.com\/?page_id=11311"},"modified":"2024-03-11T09:26:49","modified_gmt":"2024-03-11T09:26:49","slug":"bonding-primer","status":"publish","type":"page","link":"https:\/\/aedcolor.com\/index.php\/bonding-primer\/","title":{"rendered":"BONDING PRIMER"},"content":{"rendered":"<div class=\"wpb-content-wrapper\"><p>[vc_row css=&#8221;.vc_custom_1683099634441{padding-bottom: 30px !important;}&#8221;][vc_column width=&#8221;2\/3&#8243;][vc_custom_heading text=&#8221;BONDING PRIMER<\/p>\n<p>&#8221; font_container=&#8221;tag:h2|font_size:50|text_align:left&#8221; use_theme_fonts=&#8221;yes&#8221; link=&#8221;|title:AQUAMAT%20-%20SUPERELASTIC||&#8221;][\/vc_column][\/vc_row][vc_row][vc_column width=&#8221;1\/2&#8243;][vc_single_image image=&#8221;11039&#8243; img_size=&#8221;full&#8221;][\/vc_column][vc_column width=&#8221;1\/2&#8243;][vc_column_text]<span style=\"color: #000000;\"><strong>Primer lidh\u00ebs akrilik i tretsh\u00ebm n\u00eb uj\u00eb, i formuluar posacvrisht, q\u00eb p\u00ebrmban r\u00ebr\u00eb kuarci me rezistenc\u00eb t\u00eb lart\u00eb alkaline.<\/strong> Dizajn posac\u00ebrisht p\u00ebr t\u00eb siguruar lidhjen maksimale dhe p\u00ebr t\u00eb dh\u00ebn\u00eb nj\u00eb shtres\u00eb t\u00eb l\u00ebmuar p\u00ebr nj\u00eb s\u00ebr\u00eb sip\u00ebrfaqesh t\u00eb brendshme dhe t\u00eb jashtme. Asatari lidh\u00ebs BP01 mund t\u00eb aplikohet n\u00eb sip\u00ebrfaqe teknikisht t\u00eb sh\u00ebndosha, t\u00eb q\u00ebndrueshme, pa carje, pa shk\u00ebrmoqje\/ pluhur\/ yndyr\u00eb\/ papast\u00ebrti. N\u00eb dysheme mund t\u00eb aplikohet n\u00eb llac, beton, kompensat\u00eb, MDF dhe dysheme ekzistuese si pllaka, mermer, terrazo, etj.<\/span><\/p>\n<p><span style=\"color: #000000;\">N\u00eb mure, mund t\u00eb aplikohet n\u00eb cdo lloj suvaje, betoni, sip\u00ebrfaqe t\u00eb lyer, d\u00ebrras\u00eb gipsi, cimento, kompensat\u00eb, MDF, pllaka, etj. N\u00eb p\u00ebrgjith\u00ebsi, nj\u00eb astar ideal p\u00ebr sip\u00ebrfaqe t\u00eb sheshta, duke p\u00ebrfshir\u00eb ato me aft\u00ebsi thith\u00ebse t\u00eb reduktuar. Mund t\u00eb p\u00ebrdoret gjithashtu si shtres\u00eb astar p\u00ebr\u00a0 sip\u00ebrfaqet n\u00eb t\u00eb cilat do t\u00eb aplikohen produktet KOURASANIT si veshje mbush\u00ebse p\u00ebr dysheme dhe mure, llac tradicional i l\u00ebmuar ose boj\u00eb natyrale.<\/span><\/p>\n<p style=\"text-align: center;\"><strong><span style=\"color: #000000;\">VETIT\u00cb<\/span><\/strong><\/p>\n<p>[\/vc_column_text][vc_row_inner][vc_column_inner width=&#8221;1\/2&#8243;]<div class=\"standard-arrow bullet-top\"><ul>\n<li>\n<div class=\"col-12 col-xs-6 col-sm-12 col-md-6 d-flex pb-2 pb-md-3 \"><span style=\"color: #000000;\"><span style=\"color: #000000;\">E p\u00ebrputhshme me cdo material ekzistues si p.sh. cimento, gips, llac, mall\u00eb, pllak\u00eb ose mermer.<\/span><\/span><\/div>\n<\/li>\n<li><span style=\"color: #000000;\">Leht\u00eb p\u00ebr tu aplikuar<\/span><\/li>\n<\/ul>\n<\/div>[\/vc_column_inner][vc_column_inner width=&#8221;1\/2&#8243;]<div class=\"standard-arrow bullet-top\"><ul>\n<li><span style=\"color: #000000;\"><span style=\"color: #000000;\">Aplikohet me furc\u00eb n\u00eb trash\u00ebsi 0,2 mm (1 shtres\u00eb) ose me mistri n\u00eb trash\u00ebsi 0,6 mm (1 shtres\u00eb).<\/span><\/span><\/li>\n<\/ul>\n<\/div>[\/vc_column_inner][\/vc_row_inner][vc_row_inner][vc_column_inner width=&#8221;1\/2&#8243;]<div class=\"aio-icon-component    style_1\"><div id=\"Info-box-wrap-8914\" class=\"aio-icon-box default-icon\" style=\"\"  ><div class=\"aio-icon-default\"><div class=\"ult-just-icon-wrapper  \"><div class=\"align-icon\" style=\"text-align:center;\">\n<div class=\"aio-icon-img \" style=\"font-size:65px;display:inline-block;\" >\n\t<img decoding=\"async\" class=\"img-icon\" alt=\"null\" src=\"https:\/\/aedcolor.com\/wp-content\/uploads\/2023\/05\/image-2.png\"\/>\n<\/div><\/div><\/div><\/div><div class=\"aio-icon-header\" ><h3 class=\"aio-icon-title ult-responsive\"  data-ultimate-target='#Info-box-wrap-8914 .aio-icon-title'  data-responsive-json-new='{\"font-size\":\"\",\"line-height\":\"\"}'  style=\"\">Sip\u00ebrfaqe: Muri<\/h3><\/div> <!-- header --><\/div> <!-- aio-icon-box --><\/div> <!-- aio-icon-component -->[\/vc_column_inner][vc_column_inner width=&#8221;1\/2&#8243;]<div class=\"aio-icon-component    style_1\"><div id=\"Info-box-wrap-2142\" class=\"aio-icon-box default-icon\" style=\"\"  ><div class=\"aio-icon-default\"><div class=\"ult-just-icon-wrapper  \"><div class=\"align-icon\" style=\"text-align:center;\">\n<div class=\"aio-icon-img \" style=\"font-size:65px;display:inline-block;\" >\n\t<img decoding=\"async\" class=\"img-icon\" alt=\"null\" src=\"https:\/\/aedcolor.com\/wp-content\/uploads\/2023\/05\/image-1.png\"\/>\n<\/div><\/div><\/div><\/div><div class=\"aio-icon-header\" ><h3 class=\"aio-icon-title ult-responsive\"  data-ultimate-target='#Info-box-wrap-2142 .aio-icon-title'  data-responsive-json-new='{\"font-size\":\"\",\"line-height\":\"\"}'  style=\"\">Aplikimi: Mistri<\/h3><\/div> <!-- header --><\/div> <!-- aio-icon-box --><\/div> <!-- aio-icon-component -->[\/vc_column_inner][\/vc_row_inner][\/vc_column][\/vc_row][vc_row][vc_column][vc_column_text]<\/p>\n<p>[\/vc_column_text][\/vc_column][\/vc_row]<\/p>\n<\/div>","protected":false},"excerpt":{"rendered":"<p>[vc_row css=&#8221;.vc_custom_1683099634441{padding-bottom: 30px !important;}&#8221;][vc_column width=&#8221;2\/3&#8243;][vc_custom_heading text=&#8221;BONDING PRIMER &#8221; font_container=&#8221;tag:h2|font_size:50|text_align:left&#8221; use_theme_fonts=&#8221;yes&#8221; link=&#8221;|title:AQUAMAT%20-%20SUPERELASTIC||&#8221;][\/vc_column][\/vc_row][vc_row][vc_column width=&#8221;1\/2&#8243;][vc_single_image image=&#8221;11039&#8243; img_size=&#8221;full&#8221;][\/vc_column][vc_column width=&#8221;1\/2&#8243;][vc_column_text]Primer lidh\u00ebs akrilik i tretsh\u00ebm n\u00eb uj\u00eb, i formuluar posacvrisht, q\u00eb p\u00ebrmban r\u00ebr\u00eb kuarci me rezistenc\u00eb t\u00eb lart\u00eb alkaline. Dizajn posac\u00ebrisht p\u00ebr t\u00eb siguruar lidhjen maksimale dhe p\u00ebr t\u00eb dh\u00ebn\u00eb nj\u00eb shtres\u00eb t\u00eb l\u00ebmuar p\u00ebr nj\u00eb s\u00ebr\u00eb sip\u00ebrfaqesh t\u00eb brendshme dhe&hellip;<\/p>\n","protected":false},"author":2,"featured_media":0,"parent":0,"menu_order":0,"comment_status":"closed","ping_status":"closed","template":"","meta":{"footnotes":""},"class_list":["post-11311","page","type-page","status-publish","hentry","description-off"],"_links":{"self":[{"href":"https:\/\/aedcolor.com\/index.php\/wp-json\/wp\/v2\/pages\/11311","targetHints":{"allow":["GET"]}}],"collection":[{"href":"https:\/\/aedcolor.com\/index.php\/wp-json\/wp\/v2\/pages"}],"about":[{"href":"https:\/\/aedcolor.com\/index.php\/wp-json\/wp\/v2\/types\/page"}],"author":[{"embeddable":true,"href":"https:\/\/aedcolor.com\/index.php\/wp-json\/wp\/v2\/users\/2"}],"replies":[{"embeddable":true,"href":"https:\/\/aedcolor.com\/index.php\/wp-json\/wp\/v2\/comments?post=11311"}],"version-history":[{"count":1,"href":"https:\/\/aedcolor.com\/index.php\/wp-json\/wp\/v2\/pages\/11311\/revisions"}],"predecessor-version":[{"id":11316,"href":"https:\/\/aedcolor.com\/index.php\/wp-json\/wp\/v2\/pages\/11311\/revisions\/11316"}],"wp:attachment":[{"href":"https:\/\/aedcolor.com\/index.php\/wp-json\/wp\/v2\/media?parent=11311"}],"curies":[{"name":"wp","href":"https:\/\/api.w.org\/{rel}","templated":true}]}}