{"id":11317,"date":"2024-03-11T10:11:11","date_gmt":"2024-03-11T10:11:11","guid":{"rendered":"https:\/\/aedcolor.com\/?page_id=11317"},"modified":"2024-03-11T11:59:46","modified_gmt":"2024-03-11T11:59:46","slug":"roof-tiles","status":"publish","type":"page","link":"https:\/\/aedcolor.com\/index.php\/roof-tiles\/","title":{"rendered":"ROOF TILES"},"content":{"rendered":"<div class=\"wpb-content-wrapper\"><p>[vc_row css=&#8221;.vc_custom_1683099634441{padding-bottom: 30px !important;}&#8221;][vc_column width=&#8221;2\/3&#8243;][vc_custom_heading text=&#8221;ROOF TILES<\/p>\n<p>&#8221; font_container=&#8221;tag:h2|font_size:50|text_align:left&#8221; use_theme_fonts=&#8221;yes&#8221; link=&#8221;|title:AQUAMAT%20-%20SUPERELASTIC||&#8221;][\/vc_column][\/vc_row][vc_row][vc_column width=&#8221;1\/2&#8243;][vc_single_image image=&#8221;11054&#8243; img_size=&#8221;full&#8221;][\/vc_column][vc_column width=&#8221;1\/2&#8243;][vc_column_text]<span style=\"color: #000000;\"><strong>E kuqja e Pompeut, nuancat e verdha-roz\u00eb q\u00eb ndesh midis maleve Apenine dhe detit, nuanca e gjelb\u00ebr, t\u00eb bardh\u00eb dhe kafe, si dhe shenjat e plakjes jan\u00eb vet\u00ebm disa nga tonet karakteristike t\u00eb ngjyrave q\u00eb gjen tek pllakat terrakote.<\/strong> Duke pasur parasysh cil\u00ebsin\u00eb e tyre t\u00eb lart\u00eb dhe gam\u00ebn e larmishme t\u00eb aplikimeve, pllakat tona terrakote jan\u00eb nj\u00eb zgjedhje e shk\u00eblqyer si p\u00ebr nd\u00ebrtimet e reja ashtu edhe p\u00ebr projektet e restaurimit t\u00eb nd\u00ebrtesave historike si monumentet dhe kishat.<\/span><\/p>\n<p><span style=\"color: #000000;\">T\u00eb disponueshme n\u00eb nj\u00eb gam\u00eb t\u00eb gjer\u00eb ngjyrash, pllakat tona durojn\u00eb edhe kushtet m\u00eb t\u00eb v\u00ebshtira t\u00eb motit dhe vijn\u00eb me 5 sisteme t\u00eb ndryshme t\u00eb fiksimit dhe ventilimit t\u00eb catis\u00eb. Ato vijn\u00eb gjithashtu me nj\u00eb garanci 30-vjecare dhe jan\u00eb certifikuar p\u00ebr cil\u00ebsin\u00eb n\u00eb p\u00ebrputhje me UNI ISO 9001:2008.<\/span><\/p>\n<p style=\"text-align: center;\"><strong><span style=\"color: #000000;\">VETIT\u00cb<\/span><\/strong><\/p>\n<p>[\/vc_column_text][vc_row_inner][vc_column_inner width=&#8221;1\/2&#8243;]<div class=\"standard-arrow bullet-top\"><ul>\n<li>\n<div class=\"col-12 col-xs-6 col-sm-12 col-md-6 d-flex pb-2 pb-md-3 \"><span style=\"color: #000000;\"><span style=\"color: #000000;\">Cil\u00ebsi e lart\u00eb dhe p\u00ebrfundim i shk\u00eblqyer.<\/span><\/span><\/div>\n<\/li>\n<li><span style=\"color: #000000;\">Jasht\u00ebzakonisht t\u00eb q\u00ebndrueshme.<\/span><\/li>\n<li><span style=\"color: #000000;\">Ideale p\u00ebr sht\u00ebpi tradicionale, nd\u00ebrtesa historike dhe nd\u00ebrtesa t\u00eb reja.<\/span><\/li>\n<li><span style=\"color: #000000;\">Mund t\u00eb p\u00ebrballoj\u00eb dhe kushtet m\u00eb t\u00eb v\u00ebshtira t\u00eb motit.<\/span><\/li>\n<\/ul>\n<\/div>[\/vc_column_inner][vc_column_inner width=&#8221;1\/2&#8243;]<div class=\"standard-arrow bullet-top\"><ul>\n<li><span style=\"color: #000000;\">I q\u00ebndruesh\u00ebm ngaj ngricave (gama jon\u00eb Winterline \u00ebsht\u00eb jasht\u00ebzakonisht e q\u00ebndrueshme ndaj ngricave).<\/span><\/li>\n<li><span style=\"color: #000000;\">E disponueshme n\u00eb nj\u00eb s\u00ebr\u00eb koleksionesh dhe n\u00eb nuanca t\u00eb ndryshme.<\/span><\/li>\n<li><span style=\"color: #000000;\">P\u00ebrfundim natyral &#8211; ngjyra t\u00eb q\u00ebndrueshme.<\/span><\/li>\n<\/ul>\n<\/div>[\/vc_column_inner][\/vc_row_inner][vc_row_inner][vc_column_inner width=&#8221;1\/2&#8243;]<div class=\"aio-icon-component    style_1\"><div id=\"Info-box-wrap-4391\" class=\"aio-icon-box default-icon\" style=\"\"  ><div class=\"aio-icon-default\"><div class=\"ult-just-icon-wrapper  \"><div class=\"align-icon\" style=\"text-align:center;\">\n<div class=\"aio-icon-img \" style=\"font-size:65px;display:inline-block;\" >\n\t<img decoding=\"async\" class=\"img-icon\" alt=\"null\" src=\"https:\/\/aedcolor.com\/wp-content\/uploads\/2023\/05\/image-2.png\"\/>\n<\/div><\/div><\/div><\/div><div class=\"aio-icon-header\" ><h3 class=\"aio-icon-title ult-responsive\"  data-ultimate-target='#Info-box-wrap-4391 .aio-icon-title'  data-responsive-json-new='{\"font-size\":\"\",\"line-height\":\"\"}'  style=\"\">Sip\u00ebrfaqe: Muri<\/h3><\/div> <!-- header --><\/div> <!-- aio-icon-box --><\/div> <!-- aio-icon-component -->[\/vc_column_inner][vc_column_inner width=&#8221;1\/2&#8243;]<div class=\"aio-icon-component    style_1\"><div id=\"Info-box-wrap-8499\" class=\"aio-icon-box default-icon\" style=\"\"  ><div class=\"aio-icon-default\"><div class=\"ult-just-icon-wrapper  \"><div class=\"align-icon\" style=\"text-align:center;\">\n<div class=\"aio-icon-img \" style=\"font-size:65px;display:inline-block;\" >\n\t<img decoding=\"async\" class=\"img-icon\" alt=\"null\" src=\"https:\/\/aedcolor.com\/wp-content\/uploads\/2023\/05\/image-1.png\"\/>\n<\/div><\/div><\/div><\/div><div class=\"aio-icon-header\" ><h3 class=\"aio-icon-title ult-responsive\"  data-ultimate-target='#Info-box-wrap-8499 .aio-icon-title'  data-responsive-json-new='{\"font-size\":\"\",\"line-height\":\"\"}'  style=\"\">Aplikimi: Mistri<\/h3><\/div> <!-- header --><\/div> <!-- aio-icon-box --><\/div> <!-- aio-icon-component -->[\/vc_column_inner][\/vc_row_inner][\/vc_column][\/vc_row][vc_row][vc_column][vc_column_text]<\/p>\n<p>[\/vc_column_text][\/vc_column][\/vc_row]<\/p>\n<\/div>","protected":false},"excerpt":{"rendered":"<p>[vc_row css=&#8221;.vc_custom_1683099634441{padding-bottom: 30px !important;}&#8221;][vc_column width=&#8221;2\/3&#8243;][vc_custom_heading text=&#8221;ROOF TILES &#8221; font_container=&#8221;tag:h2|font_size:50|text_align:left&#8221; use_theme_fonts=&#8221;yes&#8221; link=&#8221;|title:AQUAMAT%20-%20SUPERELASTIC||&#8221;][\/vc_column][\/vc_row][vc_row][vc_column width=&#8221;1\/2&#8243;][vc_single_image image=&#8221;11054&#8243; img_size=&#8221;full&#8221;][\/vc_column][vc_column width=&#8221;1\/2&#8243;][vc_column_text]E kuqja e Pompeut, nuancat e verdha-roz\u00eb q\u00eb ndesh midis maleve Apenine dhe detit, nuanca e gjelb\u00ebr, t\u00eb bardh\u00eb dhe kafe, si dhe shenjat e plakjes jan\u00eb vet\u00ebm disa nga tonet karakteristike t\u00eb ngjyrave q\u00eb gjen tek pllakat terrakote. Duke pasur&hellip;<\/p>\n","protected":false},"author":2,"featured_media":0,"parent":0,"menu_order":0,"comment_status":"closed","ping_status":"closed","template":"","meta":{"footnotes":""},"class_list":["post-11317","page","type-page","status-publish","hentry","description-off"],"_links":{"self":[{"href":"https:\/\/aedcolor.com\/index.php\/wp-json\/wp\/v2\/pages\/11317","targetHints":{"allow":["GET"]}}],"collection":[{"href":"https:\/\/aedcolor.com\/index.php\/wp-json\/wp\/v2\/pages"}],"about":[{"href":"https:\/\/aedcolor.com\/index.php\/wp-json\/wp\/v2\/types\/page"}],"author":[{"embeddable":true,"href":"https:\/\/aedcolor.com\/index.php\/wp-json\/wp\/v2\/users\/2"}],"replies":[{"embeddable":true,"href":"https:\/\/aedcolor.com\/index.php\/wp-json\/wp\/v2\/comments?post=11317"}],"version-history":[{"count":1,"href":"https:\/\/aedcolor.com\/index.php\/wp-json\/wp\/v2\/pages\/11317\/revisions"}],"predecessor-version":[{"id":11319,"href":"https:\/\/aedcolor.com\/index.php\/wp-json\/wp\/v2\/pages\/11317\/revisions\/11319"}],"wp:attachment":[{"href":"https:\/\/aedcolor.com\/index.php\/wp-json\/wp\/v2\/media?parent=11317"}],"curies":[{"name":"wp","href":"https:\/\/api.w.org\/{rel}","templated":true}]}}