{"id":11415,"date":"2024-04-24T12:02:28","date_gmt":"2024-04-24T12:02:28","guid":{"rendered":"https:\/\/aedcolor.com\/?page_id=11415"},"modified":"2024-04-24T12:03:16","modified_gmt":"2024-04-24T12:03:16","slug":"isomat-2-in-1-primer","status":"publish","type":"page","link":"https:\/\/aedcolor.com\/index.php\/isomat-2-in-1-primer\/","title":{"rendered":"ISOMAT 2-IN-1 PRIMER"},"content":{"rendered":"<div class=\"wpb-content-wrapper\"><p>[vc_row css=&#8221;.vc_custom_1683099634441{padding-bottom: 30px !important;}&#8221;][vc_column width=&#8221;2\/3&#8243;][vc_custom_heading text=&#8221;ISOMAT 2-IN-1 PRIMER&#8221; font_container=&#8221;tag:h2|font_size:50|text_align:left&#8221; use_theme_fonts=&#8221;yes&#8221; link=&#8221;|title:AQUAMAT%20-%20SUPERELASTIC||&#8221;][\/vc_column][vc_column width=&#8221;1\/3&#8243;][\/vc_column][\/vc_row][vc_row][vc_column width=&#8221;1\/2&#8243;][vc_single_image image=&#8221;11413&#8243; img_size=&#8221;full&#8221;][\/vc_column][vc_column width=&#8221;1\/2&#8243;][vc_column_text]<span style=\"color: #000000;\"><strong>I p\u00ebrshtatsh\u00ebm p\u00ebr p\u00ebrdorim n\u00eb sip\u00ebrfaqe t\u00eb brendshme t\u00eb reja ose t\u00eb vjetra t\u00eb b\u00ebra me suva, beton, karton gipsi ose sip\u00ebrfaqe t\u00eb trajtuara me mbush\u00ebs.<\/strong> Siguron ngjitje p\u00ebrfundimtare p\u00ebr shtresat e m\u00ebvonshme t\u00eb boj\u00ebs duke rregulluar thithjen e n\u00ebnshtres\u00ebs duke rritur tejdukshm\u00ebrin\u00eb e p\u00ebrgjithshme dhe duke reduktuar k\u00ebshtu sasin\u00eb totale t\u00eb boj\u00ebs s\u00eb nevojshme. P\u00ebr p\u00ebrdorim edhe si shtres\u00eb e nd\u00ebrmjetme kur ktheni nj\u00eb sip\u00ebrfaqe me ngjyr\u00eb t\u00eb hapur n\u00eb nj\u00eb ngjyr\u00eb shum\u00eb m\u00eb t\u00eb err\u00ebt dhe anasjelltas, duke zvog\u00ebluar numrin total t\u00eb shtresave t\u00eb nevojshme.\u00a0<\/span><\/p>\n<p><strong><span style=\"color: #000000;\">P\u00ebrshkrimi<\/span><\/strong><br \/>\n<span style=\"color: #000000;\">ISOMAT 2-IN-1 PRIMER \u00ebsht\u00eb nj\u00eb primer akrilik i bardh\u00eb p\u00ebr p\u00ebrdorim t\u00eb brendsh\u00ebm, i ngjyrosur n\u00eb nj\u00eb gam\u00eb t\u00eb gjer\u00eb ngjyrash t\u00eb lehta n\u00ebp\u00ebrmjet sistemit t\u00eb ngjyrosjes ISOMAT COLOR SYSTEM. Ka nj\u00eb rol t\u00eb dyfisht\u00eb; ai kryeson dhe mbulon. Siguron ngjitje p\u00ebrfundimtare p\u00ebr shtresat e m\u00ebvonshme t\u00eb boj\u00ebs duke rregulluar thithjen e n\u00ebnshtres\u00ebs duke rritur tejdukshm\u00ebrin\u00eb e p\u00ebrgjithshme, duke reduktuar k\u00ebshtu sasin\u00eb totale t\u00eb boj\u00ebs s\u00eb nevojshme. I lyer shum\u00eb me boj\u00ebra t\u00eb brendshme ISOMAT.\u00a0<\/span><\/p>\n<p><strong><span style=\"color: #000000;\">Fushat e Aplikimit<\/span><\/strong><br \/>\n<span style=\"color: #000000;\">ISOMAT 2-IN-1 PRIMER \u00ebsht\u00eb i p\u00ebrshtatsh\u00ebm p\u00ebr p\u00ebrdorim n\u00eb sip\u00ebrfaqe\u00a0 t\u00eb brendshme t\u00eb reja ose t\u00eb vjetra prej suvaje, betoni, kartoni gipsi ose sip\u00ebrfaqe t\u00eb trajtuara me mbush\u00ebs akrilik ose me baz\u00eb cimento. Mund t\u00eb p\u00ebrdoret gjithashtu si nj\u00eb shtres\u00eb e nd\u00ebrmjetme kur ktheni nj\u00eb sip\u00ebrfaqe me ngjyr\u00eb t\u00eb hapur n\u00eb nj\u00eb shum\u00eb m\u00eb t\u00eb err\u00ebt dhe anasjelltas duke reduktuar numrin total t\u00eb veshjeve t\u00eb nevojshme.<\/span><\/p>\n<p><strong><span style=\"color: #000000;\">P\u00ebrgatitja e sip\u00ebrfaqes<\/span><\/strong><br \/>\n<span style=\"color: #000000;\">N\u00ebnshtresa duhet t\u00eb jet\u00eb e q\u00ebndrueshme, e past\u00ebr, e that\u00eb dhe pa yndyr\u00eb, pluhur etj., nd\u00ebrsa cdo defekt duhet t\u00eb riparohet paraprakisht me nj\u00eb material t\u00eb duhur.<\/span><\/p>\n<p><strong><span style=\"color: #000000;\">Aplikimi<\/span><\/strong><br \/>\n<span style=\"color: #000000;\">P\u00ebrziejeni mir\u00eb ISOMAT 2-in-1 PRIMER p\u00ebrpara p\u00ebrdorimit. Aplikojeni n\u00eb m\u00ebnyr\u00eb t\u00eb barabart\u00eb n\u00eb nj\u00eb ose dy shtresa, t\u00eb holla deri n\u00eb 15% me uj\u00eb t\u00eb pastvr, duke p\u00ebrdorur nj\u00eb rul, furc\u00eb ose sprej pa aj\u00ebr.<\/span>[\/vc_column_text][vc_row_inner][vc_column_inner width=&#8221;1\/2&#8243;]<div class=\"standard-arrow bullet-top\"><ul>\n<li><span style=\"color: #000000;\">ISOMAT AK-9 p\u00ebrmban cimento dhe reagon si alkaline me ujin, k\u00ebshtu q\u00eb klasifikohet si irritues.<\/span><\/li>\n<\/ul>\n<\/div>[\/vc_column_inner][vc_column_inner width=&#8221;1\/2&#8243;]<div class=\"standard-arrow bullet-top\"><ul>\n<li><span style=\"color: #000000;\">Sip\u00ebrfaqet shum\u00eb poroze, si p.sh. betoni i leht\u00eb, pllakat e gipsit, pllakat e zdrukthit etj. duhet t\u00eb lyhen fillimisht me astarin akrilik UNI-PRIMER<\/span><\/li>\n<\/ul>\n<\/div>[\/vc_column_inner][\/vc_row_inner][vc_row_inner css=&#8221;.vc_custom_1683100048912{padding-top: 20px !important;}&#8221;][vc_column_inner width=&#8221;1\/2&#8243;]<div class=\"aio-icon-component    style_1\"><div id=\"Info-box-wrap-7591\" class=\"aio-icon-box default-icon\" style=\"\"  ><div class=\"aio-icon-default\"><div class=\"ult-just-icon-wrapper  \"><div class=\"align-icon\" style=\"text-align:center;\">\n<div class=\"aio-icon-img \" style=\"font-size:65px;display:inline-block;\" >\n\t<img decoding=\"async\" class=\"img-icon\" alt=\"null\" src=\"https:\/\/aedcolor.com\/wp-content\/uploads\/2023\/05\/image-2.png\"\/>\n<\/div><\/div><\/div><\/div><div class=\"aio-icon-header\" ><h3 class=\"aio-icon-title ult-responsive\"  data-ultimate-target='#Info-box-wrap-7591 .aio-icon-title'  data-responsive-json-new='{\"font-size\":\"\",\"line-height\":\"\"}'  style=\"\">Sip\u00ebrfaqe: Beton, suva<\/h3><\/div> <!-- header --><\/div> <!-- aio-icon-box --><\/div> <!-- aio-icon-component -->[\/vc_column_inner][vc_column_inner width=&#8221;1\/2&#8243;]<div class=\"aio-icon-component    style_1\"><div id=\"Info-box-wrap-4420\" class=\"aio-icon-box default-icon\" style=\"\"  ><div class=\"aio-icon-default\"><div class=\"ult-just-icon-wrapper  \"><div class=\"align-icon\" style=\"text-align:center;\">\n<div class=\"aio-icon-img \" style=\"font-size:65px;display:inline-block;\" >\n\t<img decoding=\"async\" class=\"img-icon\" alt=\"null\" src=\"https:\/\/aedcolor.com\/wp-content\/uploads\/2023\/05\/image-1.png\"\/>\n<\/div><\/div><\/div><\/div><div class=\"aio-icon-header\" ><h3 class=\"aio-icon-title ult-responsive\"  data-ultimate-target='#Info-box-wrap-4420 .aio-icon-title'  data-responsive-json-new='{\"font-size\":\"\",\"line-height\":\"\"}'  style=\"\">Aplikimi: Me furc\u00eb, rul ose sprej pa aj\u00ebr<\/h3><\/div> <!-- header --><\/div> <!-- aio-icon-box --><\/div> <!-- aio-icon-component -->[\/vc_column_inner][\/vc_row_inner][\/vc_column][\/vc_row]<\/p>\n<\/div>","protected":false},"excerpt":{"rendered":"<p>[vc_row css=&#8221;.vc_custom_1683099634441{padding-bottom: 30px !important;}&#8221;][vc_column width=&#8221;2\/3&#8243;][vc_custom_heading text=&#8221;ISOMAT 2-IN-1 PRIMER&#8221; font_container=&#8221;tag:h2|font_size:50|text_align:left&#8221; use_theme_fonts=&#8221;yes&#8221; link=&#8221;|title:AQUAMAT%20-%20SUPERELASTIC||&#8221;][\/vc_column][vc_column width=&#8221;1\/3&#8243;][\/vc_column][\/vc_row][vc_row][vc_column width=&#8221;1\/2&#8243;][vc_single_image image=&#8221;11413&#8243; img_size=&#8221;full&#8221;][\/vc_column][vc_column width=&#8221;1\/2&#8243;][vc_column_text]I p\u00ebrshtatsh\u00ebm p\u00ebr p\u00ebrdorim n\u00eb sip\u00ebrfaqe t\u00eb brendshme t\u00eb reja ose t\u00eb vjetra t\u00eb b\u00ebra me suva, beton, karton gipsi ose sip\u00ebrfaqe t\u00eb trajtuara me mbush\u00ebs. Siguron ngjitje p\u00ebrfundimtare p\u00ebr shtresat e m\u00ebvonshme t\u00eb boj\u00ebs duke rregulluar thithjen e n\u00ebnshtres\u00ebs&hellip;<\/p>\n","protected":false},"author":2,"featured_media":0,"parent":0,"menu_order":0,"comment_status":"closed","ping_status":"closed","template":"","meta":{"footnotes":""},"class_list":["post-11415","page","type-page","status-publish","hentry","description-off"],"_links":{"self":[{"href":"https:\/\/aedcolor.com\/index.php\/wp-json\/wp\/v2\/pages\/11415","targetHints":{"allow":["GET"]}}],"collection":[{"href":"https:\/\/aedcolor.com\/index.php\/wp-json\/wp\/v2\/pages"}],"about":[{"href":"https:\/\/aedcolor.com\/index.php\/wp-json\/wp\/v2\/types\/page"}],"author":[{"embeddable":true,"href":"https:\/\/aedcolor.com\/index.php\/wp-json\/wp\/v2\/users\/2"}],"replies":[{"embeddable":true,"href":"https:\/\/aedcolor.com\/index.php\/wp-json\/wp\/v2\/comments?post=11415"}],"version-history":[{"count":2,"href":"https:\/\/aedcolor.com\/index.php\/wp-json\/wp\/v2\/pages\/11415\/revisions"}],"predecessor-version":[{"id":11418,"href":"https:\/\/aedcolor.com\/index.php\/wp-json\/wp\/v2\/pages\/11415\/revisions\/11418"}],"wp:attachment":[{"href":"https:\/\/aedcolor.com\/index.php\/wp-json\/wp\/v2\/media?parent=11415"}],"curies":[{"name":"wp","href":"https:\/\/api.w.org\/{rel}","templated":true}]}}