{"id":11530,"date":"2024-05-15T08:10:45","date_gmt":"2024-05-15T08:10:45","guid":{"rendered":"https:\/\/aedcolor.com\/?page_id=11530"},"modified":"2024-05-15T08:32:01","modified_gmt":"2024-05-15T08:32:01","slug":"toner-travertino-romano-finitura","status":"publish","type":"page","link":"https:\/\/aedcolor.com\/index.php\/toner-travertino-romano-finitura\/","title":{"rendered":"TONER TRAVERTINO ROMANO FINITURA"},"content":{"rendered":"<div class=\"wpb-content-wrapper\"><p>[vc_row css=&#8221;.vc_custom_1683099634441{padding-bottom: 30px !important;}&#8221;][vc_column width=&#8221;2\/3&#8243;][vc_custom_heading text=&#8221;TONER TRAVERTINO ROMANO FINITURA&#8221; font_container=&#8221;tag:h2|font_size:50|text_align:left&#8221; use_theme_fonts=&#8221;yes&#8221; link=&#8221;|title:AQUAMAT%20-%20SUPERELASTIC||&#8221;][\/vc_column][\/vc_row][vc_row][vc_column width=&#8221;1\/2&#8243;][vc_single_image image=&#8221;11528&#8243; img_size=&#8221;full&#8221;][\/vc_column][vc_column width=&#8221;1\/2&#8243;][vc_column_text]<strong><span style=\"color: #000000;\">\u00cbsht\u00eb nj\u00eb aditiv i krijuar nga p\u00ebrzierje pigmentesh, i projektuar p\u00ebr t\u00eb ngjyrosur TRAVERTINO ROMANO FINITURA transparente duke e lejuar at\u00eb t\u00eb marr\u00eb shpejt ngjyrat e d\u00ebshiruara.<\/span><\/strong><\/p>\n<p><strong><span style=\"color: #000000;\">Cil\u00ebsit\u00eb Teknike<\/span><\/strong><br \/>\n<span style=\"color: #000000;\">TONER TRAVERTINO ROMANO FINITURA nga OIKOS \u00ebsht\u00eb nj\u00eb p\u00ebrzierje pigmentesh e krijuar p\u00ebr ngjyrosjen e TRAVERTINO ROMANO FINITURA duke e b\u00ebr\u00eb shum\u00eb t\u00eb shpejt\u00eb dhe t\u00eb leht\u00eb marrjen e ngjyr\u00ebs s\u00eb d\u00ebshiruar. Ka nj\u00eb nivel t\u00eb ul\u00ebt ere, nuk \u00ebsht\u00eb i ndezsh\u00ebm dhe \u00ebsht\u00eb miq\u00ebsor si p\u00ebr njer\u00ebzit ashtu edhe p\u00ebr mjedisin.<\/span><\/p>\n<p><strong><span style=\"color: #000000;\">P\u00ebrdorimi Ideal<\/span><\/strong><br \/>\n<span style=\"color: #000000;\">Ngjyrosja e TRAVERTINO ROMANO FINITURA nga OIKOS.<\/span><\/p>\n<p><strong><span style=\"color: #000000;\">M\u00ebnyra e Aplikimit<\/span><\/strong><br \/>\n<span style=\"color: #000000;\">P\u00ebr t\u00eb marr\u00eb nuanc\u00ebn e d\u00ebshiruar nga grafiku i ngjyrave, p\u00ebrzieni 100 ml TONER me 1 lit\u00ebr TRAVERTINO ROMANO FINITURA dhe p\u00ebrzieni t\u00ebr\u00ebsisht.<\/span><\/p>\n<p><strong><span style=\"color: #000000;\">Informacion mbi sigurin\u00eb<\/span><\/strong><br \/>\n<span style=\"color: #000000;\">Produkti \u00ebsht\u00eb pa metale t\u00eb r\u00ebnda si plumbi ose krom. Nuk p\u00ebrmban tret\u00ebs toksik\u00eb, aromatik\u00eb ose kloride. Nuk ka rrezik t\u00eb polimerizimit t\u00eb rreziksh\u00ebm. Produkti konsiderohet t\u00eb jet\u00eb nj\u00eb substanc\u00eb jo e rrezikshme n\u00ebse p\u00ebrdoret n\u00eb m\u00ebnyr\u00ebn e duhur teknikisht. K\u00ebshillohen masa normale paraprake p\u00ebr trajtimin e bojrave me baz\u00eb uji. Nuk k\u00ebrkohen rregullime t\u00eb vecanta p\u00ebr ruajtjen, l\u00ebvizjen\u00a0 dhe transportin e produktit; kontenier\u00ebt, mbetjet, materiali i derdhur eventual duhet t\u00eb pastrohen duke p\u00ebrdorur material inert absorbues si r\u00ebr\u00eb, tok\u00eb etj. dhe m\u00eb pas t\u00eb hidhen n\u00eb p\u00ebrputhje me rregulloret rajonale dhe komb\u00ebtare n\u00eb fuqi n\u00eb at\u00eb koh\u00eb. Transporti duhet t\u00eb kryhet n\u00eb p\u00ebrputhje me marr\u00ebveshjet nd\u00ebrkomb\u00ebtare.<\/span><\/p>\n<p>[\/vc_column_text][\/vc_column][\/vc_row]<\/p>\n<\/div>","protected":false},"excerpt":{"rendered":"<p>[vc_row css=&#8221;.vc_custom_1683099634441{padding-bottom: 30px !important;}&#8221;][vc_column width=&#8221;2\/3&#8243;][vc_custom_heading text=&#8221;TONER TRAVERTINO ROMANO FINITURA&#8221; font_container=&#8221;tag:h2|font_size:50|text_align:left&#8221; use_theme_fonts=&#8221;yes&#8221; link=&#8221;|title:AQUAMAT%20-%20SUPERELASTIC||&#8221;][\/vc_column][\/vc_row][vc_row][vc_column width=&#8221;1\/2&#8243;][vc_single_image image=&#8221;11528&#8243; img_size=&#8221;full&#8221;][\/vc_column][vc_column width=&#8221;1\/2&#8243;][vc_column_text]\u00cbsht\u00eb nj\u00eb aditiv i krijuar nga p\u00ebrzierje pigmentesh, i projektuar p\u00ebr t\u00eb ngjyrosur TRAVERTINO ROMANO FINITURA transparente duke e lejuar at\u00eb t\u00eb marr\u00eb shpejt ngjyrat e d\u00ebshiruara. Cil\u00ebsit\u00eb Teknike TONER TRAVERTINO ROMANO FINITURA nga OIKOS \u00ebsht\u00eb nj\u00eb p\u00ebrzierje pigmentesh e&hellip;<\/p>\n","protected":false},"author":2,"featured_media":0,"parent":0,"menu_order":0,"comment_status":"closed","ping_status":"closed","template":"","meta":{"footnotes":""},"class_list":["post-11530","page","type-page","status-publish","hentry","description-off"],"_links":{"self":[{"href":"https:\/\/aedcolor.com\/index.php\/wp-json\/wp\/v2\/pages\/11530","targetHints":{"allow":["GET"]}}],"collection":[{"href":"https:\/\/aedcolor.com\/index.php\/wp-json\/wp\/v2\/pages"}],"about":[{"href":"https:\/\/aedcolor.com\/index.php\/wp-json\/wp\/v2\/types\/page"}],"author":[{"embeddable":true,"href":"https:\/\/aedcolor.com\/index.php\/wp-json\/wp\/v2\/users\/2"}],"replies":[{"embeddable":true,"href":"https:\/\/aedcolor.com\/index.php\/wp-json\/wp\/v2\/comments?post=11530"}],"version-history":[{"count":1,"href":"https:\/\/aedcolor.com\/index.php\/wp-json\/wp\/v2\/pages\/11530\/revisions"}],"predecessor-version":[{"id":11532,"href":"https:\/\/aedcolor.com\/index.php\/wp-json\/wp\/v2\/pages\/11530\/revisions\/11532"}],"wp:attachment":[{"href":"https:\/\/aedcolor.com\/index.php\/wp-json\/wp\/v2\/media?parent=11530"}],"curies":[{"name":"wp","href":"https:\/\/api.w.org\/{rel}","templated":true}]}}