{"id":11546,"date":"2024-05-16T09:01:38","date_gmt":"2024-05-16T09:01:38","guid":{"rendered":"https:\/\/aedcolor.com\/?page_id=11546"},"modified":"2024-05-16T09:01:38","modified_gmt":"2024-05-16T09:01:38","slug":"travertino-romano-finitura","status":"publish","type":"page","link":"https:\/\/aedcolor.com\/index.php\/travertino-romano-finitura\/","title":{"rendered":"TRAVERTINO ROMANO FINITURA"},"content":{"rendered":"<div class=\"wpb-content-wrapper\"><p>[vc_row css=&#8221;.vc_custom_1683099634441{padding-bottom: 30px !important;}&#8221;][vc_column width=&#8221;2\/3&#8243;][vc_custom_heading text=&#8221;TRAVERTINO ROMANO FINITURA&#8221; font_container=&#8221;tag:h2|font_size:50|text_align:left&#8221; use_theme_fonts=&#8221;yes&#8221; link=&#8221;|title:AQUAMAT%20-%20SUPERELASTIC||&#8221;][\/vc_column][\/vc_row][vc_row][vc_column width=&#8221;1\/2&#8243;][vc_single_image image=&#8221;11547&#8243; img_size=&#8221;full&#8221;][\/vc_column][vc_column width=&#8221;1\/2&#8243;][vc_column_text]<span style=\"color: #000000;\"><strong>Produkti mbrojt\u00ebs i bardh\u00eb i krijuar posac\u00ebrisht p\u00ebr TRAVERTINO ROMANO natyral.<\/strong> Produkti lejon nxjerrjen n\u00eb pah t\u00eb venave t\u00eb gurit dhe garanton rendiment t\u00eb shk\u00eblqyer.<\/span><\/p>\n<p><strong><span style=\"color: #000000;\">Cil\u00ebsit\u00eb Teknike<\/span><\/strong><br \/>\n<span style=\"color: #000000;\">TRAVERTINO ROMANO FINITURA nga OIKOS \u00ebsht\u00eb nj\u00eb boj\u00eb gjysm\u00eb transparente p\u00ebr ambiente t\u00eb brendshme dhe t\u00eb jashtme q\u00eb \u00ebsht\u00eb p\u00ebr t\u00eb mbrojtur dekorimin e TRAVERTINO ROMANO. Ka nj\u00eb rendiment jasht\u00ebzakonisht t\u00eb lart\u00eb dhe lejon aplikuesin t\u00eb nxjerr\u00eb n\u00eb pah nuancat dhe tonet e venave t\u00eb gurit natyror. TRAVERTINO ROMANO FINITURA i jep sip\u00ebrfaqes rezistenc\u00eb ndaj ujit dhe larje, nd\u00ebrsa n\u00eb fund t\u00eb nj\u00ebjt\u00ebn koh\u00eb ruan nj\u00eb nivel t\u00eb lart\u00eb t\u00eb p\u00ebrshkueshm\u00ebris\u00eb s\u00eb avujve duke mbrojtur sip\u00ebrfaqen nga moti dhe duke parandaluar formimin e mykut dhe algave. Produkti mund t\u00eb ngjyroset duke p\u00ebrdorur TONER-in special p\u00ebr t\u00eb marr\u00eb t\u00eb gjitha ngjyrat e tabel\u00ebs s\u00eb ngjyrave. Ka nj\u00eb nivel t\u00eb ul\u00ebt ere, nuk \u00ebsht\u00eb i ndezsh\u00ebm dhe \u00ebsht\u00eb i p\u00ebrshtatsh\u00ebm si p\u00ebr njer\u00ebzit ashtu edhe p\u00ebr mjedisin<\/span><\/p>\n<p><strong><span style=\"color: #000000;\">P\u00ebrgatitja e Sip\u00ebrfaqes<\/span><\/strong><br \/>\n<span style=\"color: #000000;\">Prisni derisa TRAVERTINO ROMANO nga OIKOS t\u00eb thahet plot\u00ebsisht.<\/span><\/p>\n<p><strong><span style=\"color: #000000;\">Si ta Aplikoni<\/span><\/strong><\/p>\n<p><span style=\"color: #000000;\"><strong>TRAVERTINO ROMANO natyrale<\/strong>. P\u00ebr t\u00eb mbrojtur dhe ruajtur efektin natyral t\u00eb TRAVERTINO ROMANO, aplikoni me furc\u00eb, nj\u00eb shtres\u00eb TRAVERTINO ROMANO FINITURA t\u00eb pangjyrosur t\u00eb gatshme p\u00ebr p\u00ebrdorim. <\/span><\/p>\n<p><span style=\"color: #000000;\"><strong>TRAVERTINO me nj\u00eb p\u00ebrfundim me ngjyra.<\/strong> Aplikoni me furc\u00eb nj\u00eb shtres\u00eb TRAVERTINO ROMANO FINITURA t\u00eb paholluar dhe t\u00eb pangjyrosur, duke i kushtuar v\u00ebmendje q\u00eb produkti t\u00eb p\u00ebrhapet vet\u00ebm n\u00eb pjes\u00ebt e l\u00ebmuara t\u00eb sip\u00ebrfaqes dhe jo brenda zonave t\u00eb groposura q\u00eb rikrijojn\u00eb venat e gurit natyror. Prisni derisa shtresa e par\u00eb e finitur\u00ebs t\u00eb thahet dhe m\u00eb pas vazhdoni t\u00eb aplikoni me furc\u00eb, nj\u00eb shtres\u00eb t\u00eb dyt\u00eb TRAVERTINO ROMANO FINITURA n\u00eb ngjyr\u00ebn e zgjedhur, duke e holluar produktin fillimisht me 50% uj\u00eb. Hiqni produktin e tep\u00ebrt duke p\u00ebrdorur nj\u00eb sfungjer n\u00eb m\u00ebnyr\u00eb q\u00eb t\u00eb arrini efektin e err\u00ebt t\u00eb leht\u00eb t\u00eb shkaktuar nga nivelet e ndryshme t\u00eb p\u00ebrthithjes s\u00eb sip\u00ebrfaqes midis zonave t\u00eb l\u00ebmuara dhe atyre me grop\u00eb. P\u00ebr t\u00eb marr\u00eb nuanc\u00ebn e d\u00ebshiruar t\u00eb tabel\u00ebs s\u00eb ngjyrave, p\u00ebrzieni 100 ml TONER me 1 lt TRAVERTINO ROMANO FINITURA dhe p\u00ebrzieni plot\u00ebsisht.<\/span><\/p>\n<p><strong><span style=\"color: #000000;\">Informacion mbi Sigurin\u00eb<\/span><\/strong><br \/>\n<span style=\"color: #000000;\">Produkti \u00ebsht\u00eb pa metale t\u00eb r\u00ebnda si plumbi ose krom. Nuk p\u00ebrmban tret\u00ebs toksik\u00eb, aromatik\u00eb ose kloride. Nuk ka rrezik t\u00eb polimerizimit t\u00eb rreziksh\u00ebm. K\u00ebshillohen masa normale paraprake p\u00ebr trajtimin e\u00a0 bojrave me baz\u00eb uji. Nuk k\u00ebrkohen rregullime t\u00eb vecanta p\u00ebr ruajtjen, l\u00ebvizjen dhe transportimin e produktit; kontenier\u00ebt, mbetjet, materiali i derdhur eventual duhet t\u00eb pastrohen duke p\u00ebrdorur material inert absorbues si r\u00ebr\u00eb, tok\u00eb etj dhe m\u00eb pas t\u00eb hidhen n\u00eb p\u00ebrputhje me rregulloret rajonale dhe komb\u00ebtare n\u00eb fuqi n\u00eb at\u00eb koh\u00eb. Transporti duhet t\u00eb kryhet n\u00eb p\u00ebrputhje me marr\u00ebveshjet nd\u00ebrkomb\u00ebtare.<\/span><\/p>\n<p><strong><span style=\"color: #000000;\">Specifikimet<\/span><\/strong><br \/>\n<span style=\"color: #000000;\">Sip\u00ebrfaqja duhet t\u00eb jet\u00eb t\u00ebr\u00ebsisht e that\u00eb. Aplikoni nj\u00eb shtres\u00eb t\u00eb par\u00eb t\u00eb FINITURA-s gati p\u00ebr p\u00ebrdorim n\u00eb TRAVERTINO ROMANO nga OIKOS, prisni kat\u00ebr or\u00eb derisa t\u00eb thahet dhe m\u00eb pas vazhdoni t\u00eb aplikoni nj\u00eb shtres\u00eb t\u00eb dyt\u00eb FINITURA t\u00eb holluar 50% n\u00eb ngjyr\u00ebn e zgjedhur. Hiqni cdo produkt t\u00eb tep\u00ebrt duke p\u00ebrdorur nj\u00eb sfungjer. T\u00eb gjitha duhet t\u00eb kryhen n\u00eb p\u00ebrputhje me normat standarde p\u00ebr aplikim.<\/span>[\/vc_column_text][\/vc_column][\/vc_row]<\/p>\n<\/div>","protected":false},"excerpt":{"rendered":"<p>[vc_row css=&#8221;.vc_custom_1683099634441{padding-bottom: 30px !important;}&#8221;][vc_column width=&#8221;2\/3&#8243;][vc_custom_heading text=&#8221;TRAVERTINO ROMANO FINITURA&#8221; font_container=&#8221;tag:h2|font_size:50|text_align:left&#8221; use_theme_fonts=&#8221;yes&#8221; link=&#8221;|title:AQUAMAT%20-%20SUPERELASTIC||&#8221;][\/vc_column][\/vc_row][vc_row][vc_column width=&#8221;1\/2&#8243;][vc_single_image image=&#8221;11547&#8243; img_size=&#8221;full&#8221;][\/vc_column][vc_column width=&#8221;1\/2&#8243;][vc_column_text]Produkti mbrojt\u00ebs i bardh\u00eb i krijuar posac\u00ebrisht p\u00ebr TRAVERTINO ROMANO natyral. Produkti lejon nxjerrjen n\u00eb pah t\u00eb venave t\u00eb gurit dhe garanton rendiment t\u00eb shk\u00eblqyer. Cil\u00ebsit\u00eb Teknike TRAVERTINO ROMANO FINITURA nga OIKOS \u00ebsht\u00eb nj\u00eb boj\u00eb gjysm\u00eb transparente p\u00ebr ambiente t\u00eb brendshme&hellip;<\/p>\n","protected":false},"author":2,"featured_media":0,"parent":0,"menu_order":0,"comment_status":"closed","ping_status":"closed","template":"","meta":{"footnotes":""},"class_list":["post-11546","page","type-page","status-publish","hentry","description-off"],"_links":{"self":[{"href":"https:\/\/aedcolor.com\/index.php\/wp-json\/wp\/v2\/pages\/11546","targetHints":{"allow":["GET"]}}],"collection":[{"href":"https:\/\/aedcolor.com\/index.php\/wp-json\/wp\/v2\/pages"}],"about":[{"href":"https:\/\/aedcolor.com\/index.php\/wp-json\/wp\/v2\/types\/page"}],"author":[{"embeddable":true,"href":"https:\/\/aedcolor.com\/index.php\/wp-json\/wp\/v2\/users\/2"}],"replies":[{"embeddable":true,"href":"https:\/\/aedcolor.com\/index.php\/wp-json\/wp\/v2\/comments?post=11546"}],"version-history":[{"count":2,"href":"https:\/\/aedcolor.com\/index.php\/wp-json\/wp\/v2\/pages\/11546\/revisions"}],"predecessor-version":[{"id":14411,"href":"https:\/\/aedcolor.com\/index.php\/wp-json\/wp\/v2\/pages\/11546\/revisions\/14411"}],"wp:attachment":[{"href":"https:\/\/aedcolor.com\/index.php\/wp-json\/wp\/v2\/media?parent=11546"}],"curies":[{"name":"wp","href":"https:\/\/api.w.org\/{rel}","templated":true}]}}