{"id":11604,"date":"2024-05-28T07:09:37","date_gmt":"2024-05-28T07:09:37","guid":{"rendered":"https:\/\/aedcolor.com\/?page_id=11604"},"modified":"2024-05-28T07:09:37","modified_gmt":"2024-05-28T07:09:37","slug":"consolidante-per-calce-2","status":"publish","type":"page","link":"https:\/\/aedcolor.com\/index.php\/consolidante-per-calce-2\/","title":{"rendered":"CONSOLIDANTE PER CALCE"},"content":{"rendered":"<div class=\"wpb-content-wrapper\"><p>[vc_row css=&#8221;.vc_custom_1683099634441{padding-bottom: 30px !important;}&#8221;][vc_column width=&#8221;2\/3&#8243;][vc_custom_heading text=&#8221;CONSOLIDANTE PER CALCE&#8221; font_container=&#8221;tag:h2|font_size:50|text_align:left&#8221; use_theme_fonts=&#8221;yes&#8221; link=&#8221;|title:AQUAMAT%20-%20SUPERELASTIC||&#8221;][\/vc_column][\/vc_row][vc_row][vc_column width=&#8221;1\/2&#8243;][vc_single_image image=&#8221;11605&#8243; img_size=&#8221;full&#8221;][\/vc_column][vc_column width=&#8221;1\/2&#8243;][vc_column_text]<span style=\"color: #000000;\"><strong>Astar konsolidues transparent, fiksues p\u00ebr sip\u00ebrfaqe t\u00eb jashtme dhe t\u00eb brendshme, i p\u00ebrshtatsh\u00ebm p\u00ebr ciklet e boj\u00ebs me baz\u00eb g\u00eblqereje.<\/strong> Produkti ka nj\u00eb shkall\u00eb t\u00eb lart\u00eb dep\u00ebrtimi duke lejuar nj\u00eb konsolidim t\u00eb shk\u00eblqyer t\u00eb murit. Leht\u00ebson aplikimin e produktit p\u00ebrfundimtar dhe duke zvog\u00ebluar konsumin e tij.<\/span><\/p>\n<p><strong><span style=\"color: #000000;\">Cil\u00ebsit\u00eb Teknike<\/span><\/strong><br \/>\n<span style=\"color: #000000;\">CONSOLIDANTE PER CALCE \u00ebsht\u00eb nj\u00eb primer transparent, konsolidues p\u00ebr produktet me baz\u00eb g\u00eblqereje. Formulimi i tij me grimca jasht\u00ebzakonisht t\u00eb imta e b\u00ebn at\u00eb shum\u00eb dep\u00ebrtues (deri n\u00eb 5mm) duke lejuar konsolidimin dhe izolimin efektiv t\u00eb murit. Produkti \u00ebsht\u00eb vecan\u00ebrisht i p\u00ebrshtatsh\u00ebm p\u00ebr mure me absorbim t\u00eb lart\u00eb, mure me boj\u00ebra t\u00eb vjetra flake, suva t\u00eb vjetra, mure me mall\u00eb g\u00eblqereje, n\u00ebnshtresa minerale dhe n\u00eb pvrgjith\u00ebsi p\u00ebr t\u00eb gjitha sip\u00ebrfaqet e mureve.<\/span><\/p>\n<p><strong><span style=\"color: #000000;\">P\u00ebrdorimi Ideal<\/span><\/strong><br \/>\n<span style=\"color: #000000;\">Mb\u00ebshtetje alkaline, suva civile ose gipsi, mure t\u00eb vjetra n\u00eb pamjet e jashtme t\u00eb nd\u00ebrtesave historike ose prestigjioze.<\/span><\/p>\n<p><strong><span style=\"color: #000000;\">P\u00ebrgatitja e Sip\u00ebrfaqes<\/span><\/strong><br \/>\n<span style=\"color: #000000;\">Sip\u00ebrfaqet duhet t\u00eb jen\u00eb t\u00ebr\u00ebsisht t\u00eb thata dhe t\u00eb pjekura, suva e re duhet t\u00eb jet\u00eb l\u00ebn\u00eb t\u00eb thahet p\u00ebr t\u00eb pakt\u00ebn 30 dit\u00eb p\u00ebr t\u00eb lejuar karbonizimin e plot\u00eb t\u00eb sip\u00ebrfaqes. Lyejeni me kujdes ose zhvisheni sip\u00ebrfaqen p\u00ebr t\u00eb hequr cdo material t\u00eb lirsh\u00ebm ose t\u00eb cop\u00ebtuar; n\u00eb rast t\u00eb punimeve restauruese duhet t\u00eb riparohen dep\u00ebrtimet dhe rrejdhjet e ujit.<\/span><\/p>\n<p><strong><span style=\"color: #000000;\">M\u00ebnyra a Aplikimit<\/span><\/strong><br \/>\n<span style=\"color: #000000;\">Aplikohet me furc\u00eb CONSOLIDANTE PER CALCE, duke e holluar produktin me uj\u00eb midis 100% dhe 200% sipas p\u00ebrthithjes s\u00eb sip\u00ebrfaqes. Prisni af\u00ebrsisht 12 or\u00eb p\u00ebrpara se t\u00eb aplikoni produktet p\u00ebrfundimtare.<\/span><\/p>\n<p><strong><span style=\"color: #000000;\">Informacion mbi Sigurin\u00eb<\/span><\/strong><br \/>\n<span style=\"color: #000000;\">Produkti \u00ebsht\u00eb pa metale t\u00eb r\u00ebnda si plumbi ose krom. Nuk p\u00ebrmban tret\u00ebs toksik\u00eb, aromatik\u00eb ose kloride. Nuk ka rrezik t\u00eb polimerizimit t\u00eb rreziksh\u00ebm. Produkti konsiderohet t\u00eb jet\u00eb nj\u00eb substanc\u00eb jo e rrezikshme n\u00ebse p\u00ebrdoret n\u00eb m\u00ebnyr\u00ebn e duhur teknikisht. K\u00ebshillohen masa normale paraprake p\u00ebr trajtimin e bojrave me baz\u00eb uji. Nuk k\u00ebrkohen rregullime t\u00eb vecanta p\u00ebr ruajtjen, l\u00ebvizjen dhe transportin e produktit; kontenier\u00ebt, mbetjet, material i derdhur eventual duhet t\u00eb pastrohen duke p\u00ebrdorur material inert absorbues si r\u00ebr\u00eb, dhe etj. dhe m\u00eb pas t\u00eb hidhen n\u00eb p\u00ebrputhje me normat nd\u00ebrkomb\u00ebtare.<\/span>[\/vc_column_text][\/vc_column][\/vc_row]<\/p>\n<\/div>","protected":false},"excerpt":{"rendered":"<p>[vc_row css=&#8221;.vc_custom_1683099634441{padding-bottom: 30px !important;}&#8221;][vc_column width=&#8221;2\/3&#8243;][vc_custom_heading text=&#8221;CONSOLIDANTE PER CALCE&#8221; font_container=&#8221;tag:h2|font_size:50|text_align:left&#8221; use_theme_fonts=&#8221;yes&#8221; link=&#8221;|title:AQUAMAT%20-%20SUPERELASTIC||&#8221;][\/vc_column][\/vc_row][vc_row][vc_column width=&#8221;1\/2&#8243;][vc_single_image image=&#8221;11605&#8243; img_size=&#8221;full&#8221;][\/vc_column][vc_column width=&#8221;1\/2&#8243;][vc_column_text]Astar konsolidues transparent, fiksues p\u00ebr sip\u00ebrfaqe t\u00eb jashtme dhe t\u00eb brendshme, i p\u00ebrshtatsh\u00ebm p\u00ebr ciklet e boj\u00ebs me baz\u00eb g\u00eblqereje. Produkti ka nj\u00eb shkall\u00eb t\u00eb lart\u00eb dep\u00ebrtimi duke lejuar nj\u00eb konsolidim t\u00eb shk\u00eblqyer t\u00eb murit. Leht\u00ebson aplikimin e produktit p\u00ebrfundimtar dhe&hellip;<\/p>\n","protected":false},"author":2,"featured_media":0,"parent":0,"menu_order":0,"comment_status":"closed","ping_status":"closed","template":"","meta":{"footnotes":""},"class_list":["post-11604","page","type-page","status-publish","hentry","description-off"],"_links":{"self":[{"href":"https:\/\/aedcolor.com\/index.php\/wp-json\/wp\/v2\/pages\/11604","targetHints":{"allow":["GET"]}}],"collection":[{"href":"https:\/\/aedcolor.com\/index.php\/wp-json\/wp\/v2\/pages"}],"about":[{"href":"https:\/\/aedcolor.com\/index.php\/wp-json\/wp\/v2\/types\/page"}],"author":[{"embeddable":true,"href":"https:\/\/aedcolor.com\/index.php\/wp-json\/wp\/v2\/users\/2"}],"replies":[{"embeddable":true,"href":"https:\/\/aedcolor.com\/index.php\/wp-json\/wp\/v2\/comments?post=11604"}],"version-history":[{"count":1,"href":"https:\/\/aedcolor.com\/index.php\/wp-json\/wp\/v2\/pages\/11604\/revisions"}],"predecessor-version":[{"id":11608,"href":"https:\/\/aedcolor.com\/index.php\/wp-json\/wp\/v2\/pages\/11604\/revisions\/11608"}],"wp:attachment":[{"href":"https:\/\/aedcolor.com\/index.php\/wp-json\/wp\/v2\/media?parent=11604"}],"curies":[{"name":"wp","href":"https:\/\/api.w.org\/{rel}","templated":true}]}}