{"id":11610,"date":"2024-05-28T07:41:06","date_gmt":"2024-05-28T07:41:06","guid":{"rendered":"https:\/\/aedcolor.com\/?page_id=11610"},"modified":"2024-05-28T07:41:06","modified_gmt":"2024-05-28T07:41:06","slug":"rasatura-alla-calce-2","status":"publish","type":"page","link":"https:\/\/aedcolor.com\/index.php\/rasatura-alla-calce-2\/","title":{"rendered":"RASATURA ALLA CALCE"},"content":{"rendered":"<div class=\"wpb-content-wrapper\"><p>[vc_row css=&#8221;.vc_custom_1683099634441{padding-bottom: 30px !important;}&#8221;][vc_column width=&#8221;2\/3&#8243;][vc_custom_heading text=&#8221;RASATURA ALLA CALCE&#8221; font_container=&#8221;tag:h2|font_size:50|text_align:left&#8221; use_theme_fonts=&#8221;yes&#8221; link=&#8221;|title:AQUAMAT%20-%20SUPERELASTIC||&#8221;][\/vc_column][\/vc_row][vc_row][vc_column width=&#8221;1\/2&#8243;][vc_single_image image=&#8221;11611&#8243; img_size=&#8221;full&#8221;][\/vc_column][vc_column width=&#8221;1\/2&#8243;][vc_column_text]<span style=\"color: #000000;\"><strong>Komponim special zbut\u00ebs i bazuar n\u00eb stuko g\u00eblqereje, kund\u00ebr tkurrjes, mbush\u00ebs, nivelues dhe leht\u00ebsisht i aplikuesh\u00ebm, me ngjitje t\u00eb shk\u00eblqyer n\u00eb n\u00ebnshtresa.<\/strong> E disponueshme n\u00eb tre madh\u00ebsi t\u00eb ngryshme: Fine, Mesatare, E madhe.<\/span><\/p>\n<p><strong><span style=\"color: #000000;\">Cil\u00ebsit\u00eb Teknike<\/span><\/strong><br \/>\n<span style=\"color: #000000;\">LIME SCREED nga OIKOS \u00ebsht\u00eb nj\u00eb mall\u00eb e formuluar me stuko g\u00eblqereje. Nuk tkurret, mbushet, zbutet dhe aplikohet leht\u00eb. Ngjitja \u00ebsht\u00eb shum\u00eb e mir\u00eb n\u00eb sip\u00ebrfaqet e jashtme. Produkti krijon nj\u00eb lidhje t\u00eb q\u00ebndrueshme me sip\u00ebrfaqen, duke ruajtur nivelin e lart\u00eb t\u00eb p\u00ebrshkueshm\u00ebris\u00eb s\u00eb avullit t\u00eb sip\u00ebrfaqes. Niveli i lart\u00eb i alkalinitetit t\u00eb produkteve do t\u00eb thot\u00eb se \u00ebsht\u00eb n\u00eb gjendje t\u00eb parandaloj\u00eb zhvillimin e mykut\u00a0 dhe baktereve. Ka nj\u00eb nivel t\u00eb ul\u00ebt er\u00eb, nuk \u00ebsht\u00eb i ndezsh\u00ebm dhe \u00ebsht\u00eb miq\u00ebsor si p\u00ebr njer\u00ebzit ashtu edhe p\u00ebr mjedisin.<\/span><\/p>\n<p><strong><span style=\"color: #000000;\">P\u00ebrgatitja e Sip\u00ebrfaqes<\/span><\/strong><br \/>\n<span style=\"color: #000000;\">Sip\u00ebrfaqja duhet t\u00eb jet\u00eb e that\u00eb dhe e pjekur, suvat\u00eb e reja duhet t\u00eb lihen t\u00eb piqen t\u00eb pakt\u00ebn 30 dit\u00eb p\u00ebr t\u00eb lejuar karbonizimin e plot\u00eb t\u00eb suportit. Pastroni sip\u00ebrfaqet dhe hiqni materialet e lirshme dhe t\u00eb l\u00ebmuara. N\u00eb rast t\u00eb punimeve restauruese duhen riparuar dep\u00ebrtimet dhe rrjedhjet e ujit. N\u00eb sip\u00ebrfaqet e pluhurit k\u00ebshillohet q\u00eb fillimisht t\u00eb aplikohet SEALER LIME SCREED nga OIKOS.<\/span><\/p>\n<p><strong><span style=\"color: #000000;\">M\u00ebnyra e Aplikimit<\/span><\/strong><br \/>\n<span style=\"color: #000000;\">Duke p\u00ebrdorur nj\u00eb mistri inox, aplikoni nj\u00eb ose 2 shtresa LIME SCREED nga OIKOS sipas trash\u00ebsis\u00eb s\u00eb d\u00ebshiruar. Prisni 24\u00a0 or\u00eb p\u00ebrpara se t\u00eb aplikoni produktet p\u00ebrfundimtare. Mbroni sip\u00ebrfaqen nga shiu gjat\u00eb 24-48 or\u00ebve t\u00eb para nga aplikimi.<\/span><\/p>\n<p><strong><span style=\"color: #000000;\">Informacion mbi Sigurin\u00eb<\/span><\/strong><br \/>\n<span style=\"color: #000000;\">Produkti \u00ebsht\u00eb pa metale t\u00eb r\u00ebnda si plumbi ose krom. Nuk p\u00ebrmban tret\u00ebs toksik\u00eb, aromatik\u00eb ose kloride. Nuk ka rrezik t\u00eb polimerizimit t\u00eb rreziksh\u00ebm. Produkti klasifikohet si i rreziksh\u00ebm n\u00eb p\u00ebrputhje me dispozitat e p\u00ebrcaktuara n\u00eb Rregulloret (CE) 1272\/2008 (CLP) dhe ndryshimet dhe shtresat pasuese. P\u00ebr m\u00eb shum\u00eb informacion, shihni flet\u00ebn e t\u00eb dh\u00ebnave t\u00eb siguris\u00eb s\u00eb produktit. K\u00ebshillohen masa normale paraprake p\u00ebr trajtimin e bojrave me baz\u00eb uji. Nuk k\u00ebrkohen rregullime t\u00eb vecanta p\u00ebr ruajtjen, l\u00ebvizjen dhe transportin e produktit; kontenier\u00ebt, mbetjet, materiali i derdhur eventual duhet t\u00eb pastrohen duke p\u00ebrdorur material inert absorbues si r\u00ebr\u00eb, dhe etj. dhe m\u00eb pas t\u00eb hidhen n\u00eb p\u00ebrputhje me rregulloret rajonale dhe komb\u00ebtare n\u00eb fuqi n\u00eb at\u00eb koh\u00eb. Transporti duhet t\u00eb kryhet n\u00eb p\u00ebrputhje me marr\u00ebveshjet nd\u00ebrkomb\u00ebtare.<\/span><\/p>\n<p><strong><span style=\"color: #000000;\">Specifikimet<\/span><\/strong><br \/>\n<span style=\"color: #000000;\">Sip\u00ebrfaqja duhet t\u00eb\u00a0 jet\u00eb e that\u00eb, suvat\u00eb e reja duhet t\u00eb lihen t\u00eb thahet p\u00ebr t\u00eb pakt\u00ebn 30 dit\u00eb p\u00ebr t\u00eb lejuar karbonizimin e plot\u00eb t\u00eb suportit.\u00a0 Duke p\u00ebrdorur nj\u00eb mistri inox, aplikoni nj\u00eb ose dy shtresa LIME SCREED nga OIKOS sipas trash\u00ebsis\u00eb s\u00eb d\u00ebshiruar. Prisni 24 or\u00eb p\u00ebrpara se t\u00eb aplikoni produktet e gatshme. Mbroni sip\u00ebrfaqen nga shiu gjat\u00eb 24-48 or\u00ebve t\u00eb para nga aplikimi.<\/span>[\/vc_column_text][\/vc_column][\/vc_row]<\/p>\n<\/div>","protected":false},"excerpt":{"rendered":"<p>[vc_row css=&#8221;.vc_custom_1683099634441{padding-bottom: 30px !important;}&#8221;][vc_column width=&#8221;2\/3&#8243;][vc_custom_heading text=&#8221;RASATURA ALLA CALCE&#8221; font_container=&#8221;tag:h2|font_size:50|text_align:left&#8221; use_theme_fonts=&#8221;yes&#8221; link=&#8221;|title:AQUAMAT%20-%20SUPERELASTIC||&#8221;][\/vc_column][\/vc_row][vc_row][vc_column width=&#8221;1\/2&#8243;][vc_single_image image=&#8221;11611&#8243; img_size=&#8221;full&#8221;][\/vc_column][vc_column width=&#8221;1\/2&#8243;][vc_column_text]Komponim special zbut\u00ebs i bazuar n\u00eb stuko g\u00eblqereje, kund\u00ebr tkurrjes, mbush\u00ebs, nivelues dhe leht\u00ebsisht i aplikuesh\u00ebm, me ngjitje t\u00eb shk\u00eblqyer n\u00eb n\u00ebnshtresa. E disponueshme n\u00eb tre madh\u00ebsi t\u00eb ngryshme: Fine, Mesatare, E madhe. Cil\u00ebsit\u00eb Teknike LIME SCREED nga OIKOS \u00ebsht\u00eb nj\u00eb&hellip;<\/p>\n","protected":false},"author":2,"featured_media":0,"parent":0,"menu_order":0,"comment_status":"closed","ping_status":"closed","template":"","meta":{"footnotes":""},"class_list":["post-11610","page","type-page","status-publish","hentry","description-off"],"_links":{"self":[{"href":"https:\/\/aedcolor.com\/index.php\/wp-json\/wp\/v2\/pages\/11610","targetHints":{"allow":["GET"]}}],"collection":[{"href":"https:\/\/aedcolor.com\/index.php\/wp-json\/wp\/v2\/pages"}],"about":[{"href":"https:\/\/aedcolor.com\/index.php\/wp-json\/wp\/v2\/types\/page"}],"author":[{"embeddable":true,"href":"https:\/\/aedcolor.com\/index.php\/wp-json\/wp\/v2\/users\/2"}],"replies":[{"embeddable":true,"href":"https:\/\/aedcolor.com\/index.php\/wp-json\/wp\/v2\/comments?post=11610"}],"version-history":[{"count":1,"href":"https:\/\/aedcolor.com\/index.php\/wp-json\/wp\/v2\/pages\/11610\/revisions"}],"predecessor-version":[{"id":11614,"href":"https:\/\/aedcolor.com\/index.php\/wp-json\/wp\/v2\/pages\/11610\/revisions\/11614"}],"wp:attachment":[{"href":"https:\/\/aedcolor.com\/index.php\/wp-json\/wp\/v2\/media?parent=11610"}],"curies":[{"name":"wp","href":"https:\/\/api.w.org\/{rel}","templated":true}]}}