{"id":11677,"date":"2024-06-03T09:48:00","date_gmt":"2024-06-03T09:48:00","guid":{"rendered":"https:\/\/aedcolor.com\/?page_id=11677"},"modified":"2024-06-03T09:52:28","modified_gmt":"2024-06-03T09:52:28","slug":"p850-foam","status":"publish","type":"page","link":"https:\/\/aedcolor.com\/index.php\/p850-foam\/","title":{"rendered":"P850 FOAM"},"content":{"rendered":"<div class=\"wpb-content-wrapper\"><p>[vc_row css=&#8221;.vc_custom_1683099634441{padding-bottom: 30px !important;}&#8221;][vc_column width=&#8221;2\/3&#8243;][vc_custom_heading text=&#8221;P850 FOAM<br \/>\n&#8221; font_container=&#8221;tag:h2|font_size:50|text_align:left&#8221; use_theme_fonts=&#8221;yes&#8221; link=&#8221;|title:AQUAMAT%20-%20SUPERELASTIC||&#8221;][\/vc_column][\/vc_row][vc_row][vc_column width=&#8221;1\/2&#8243;][vc_single_image image=&#8221;11678&#8243; img_size=&#8221;full&#8221;][\/vc_column][vc_column width=&#8221;1\/2&#8243;][vc_row_inner][vc_column_inner width=&#8221;1\/2&#8243;]<div class=\"standard-arrow bullet-top\"><ul>\n<li>\n<div class=\"col-12 col-xs-6 col-sm-12 col-md-6 d-flex pb-2 pb-md-3 \"><span style=\"color: #000000;\">Ka veti t\u00eb shk\u00eblqyera p\u00ebr lidhje dhe mbushje;<\/span><\/div>\n<\/li>\n<li><span style=\"color: #000000;\">Ka veti t\u00eb shk\u00eblqera p\u00ebr montim dhe stabilitet;<\/span><\/li>\n<li><span style=\"color: #000000;\">B\u00ebn deri ne 45 lirta, ne var\u00ebsi t\u00eb lag\u00ebshtis\u00eb dhe temperatur\u00ebs;<\/span><\/li>\n<li><span style=\"color: #000000;\">Ka ngjitje t\u00eb shk\u00eblqyer n\u00eb shumic\u00ebn e sip\u00ebrfaqeve (p\u00ebrvec Teflon, PE PP);<\/span><\/li>\n<li><span style=\"color: #000000;\">Ka kapacitet t\u00eb lart\u00eb mbushjeje;<\/span><\/li>\n<\/ul>\n<\/div>[\/vc_column_inner][vc_column_inner width=&#8221;1\/2&#8243;]<div class=\"standard-arrow bullet-top\"><ul>\n<li><span style=\"color: #000000;\">Ka vler\u00eb t\u00eb lart\u00eb izoluese termike dhe akustike;<\/span><\/li>\n<li><span style=\"color: #000000;\">Pas tharjes, shkuma e forcuar mund te prihet, te zmerilohet, te lyhet dhe te suvatohet;<\/span><\/li>\n<li><span style=\"color: #000000;\">Nuk zvog\u00eblohet ose tkurret. Rezistente ndaj mykut dhe ujit;<\/span><\/li>\n<li><span style=\"color: #000000;\">Nuk p\u00ebrmban asnj\u00eb gaz shtyt\u00ebs q\u00eb mund t\u00eb d\u00ebmtoj\u00eb shtres\u00ebn e ozonit.<\/span><\/li>\n<\/ul>\n<\/div>[\/vc_column_inner][\/vc_row_inner][\/vc_column][\/vc_row]<\/p>\n<\/div>","protected":false},"excerpt":{"rendered":"<p>[vc_row css=&#8221;.vc_custom_1683099634441{padding-bottom: 30px !important;}&#8221;][vc_column width=&#8221;2\/3&#8243;][vc_custom_heading text=&#8221;P850 FOAM &#8221; font_container=&#8221;tag:h2|font_size:50|text_align:left&#8221; use_theme_fonts=&#8221;yes&#8221; link=&#8221;|title:AQUAMAT%20-%20SUPERELASTIC||&#8221;][\/vc_column][\/vc_row][vc_row][vc_column width=&#8221;1\/2&#8243;][vc_single_image image=&#8221;11678&#8243; img_size=&#8221;full&#8221;][\/vc_column][vc_column width=&#8221;1\/2&#8243;][vc_row_inner][vc_column_inner width=&#8221;1\/2&#8243;][\/vc_column_inner][vc_column_inner width=&#8221;1\/2&#8243;][\/vc_column_inner][\/vc_row_inner][\/vc_column][\/vc_row]<\/p>\n","protected":false},"author":2,"featured_media":0,"parent":0,"menu_order":0,"comment_status":"closed","ping_status":"closed","template":"","meta":{"footnotes":""},"class_list":["post-11677","page","type-page","status-publish","hentry","description-off"],"_links":{"self":[{"href":"https:\/\/aedcolor.com\/index.php\/wp-json\/wp\/v2\/pages\/11677","targetHints":{"allow":["GET"]}}],"collection":[{"href":"https:\/\/aedcolor.com\/index.php\/wp-json\/wp\/v2\/pages"}],"about":[{"href":"https:\/\/aedcolor.com\/index.php\/wp-json\/wp\/v2\/types\/page"}],"author":[{"embeddable":true,"href":"https:\/\/aedcolor.com\/index.php\/wp-json\/wp\/v2\/users\/2"}],"replies":[{"embeddable":true,"href":"https:\/\/aedcolor.com\/index.php\/wp-json\/wp\/v2\/comments?post=11677"}],"version-history":[{"count":1,"href":"https:\/\/aedcolor.com\/index.php\/wp-json\/wp\/v2\/pages\/11677\/revisions"}],"predecessor-version":[{"id":11681,"href":"https:\/\/aedcolor.com\/index.php\/wp-json\/wp\/v2\/pages\/11677\/revisions\/11681"}],"wp:attachment":[{"href":"https:\/\/aedcolor.com\/index.php\/wp-json\/wp\/v2\/media?parent=11677"}],"curies":[{"name":"wp","href":"https:\/\/api.w.org\/{rel}","templated":true}]}}