{"id":11693,"date":"2024-06-03T11:14:32","date_gmt":"2024-06-03T11:14:32","guid":{"rendered":"https:\/\/aedcolor.com\/?page_id=11693"},"modified":"2024-06-03T11:14:42","modified_gmt":"2024-06-03T11:14:42","slug":"exterioir-silicone-sealant","status":"publish","type":"page","link":"https:\/\/aedcolor.com\/index.php\/exterioir-silicone-sealant\/","title":{"rendered":"EXTERIOIR SILICONE SEALANT"},"content":{"rendered":"<div class=\"wpb-content-wrapper\"><p>[vc_row css=&#8221;.vc_custom_1683099634441{padding-bottom: 30px !important;}&#8221;][vc_column width=&#8221;2\/3&#8243;][vc_custom_heading text=&#8221;EXTERIOIR SILICONE SEALANT<\/p>\n<p>&#8221; font_container=&#8221;tag:h2|font_size:50|text_align:left&#8221; use_theme_fonts=&#8221;yes&#8221; link=&#8221;|title:AQUAMAT%20-%20SUPERELASTIC||&#8221;][\/vc_column][\/vc_row][vc_row][vc_column width=&#8221;1\/2&#8243;][vc_single_image image=&#8221;11691&#8243; img_size=&#8221;full&#8221;][\/vc_column][vc_column width=&#8221;1\/2&#8243;][vc_row_inner][vc_column_inner width=&#8221;1\/2&#8243;]<div class=\"standard-arrow bullet-top\"><ul>\n<li>\n<div class=\"col-12 col-xs-6 col-sm-12 col-md-6 d-flex pb-2 pb-md-3 \"><span style=\"color: #000000;\"><span style=\"color: #000000;\">Ngurt\u00ebsim neutral;<\/span><\/span><\/div>\n<\/li>\n<li><span style=\"color: #000000;\">Modul i ul\u00ebt, elasticitet i lart\u00eb<\/span><\/li>\n<li><span style=\"color: #000000;\">Tregon ngjitje t\u00eb mir\u00eb n\u00eb shum\u00eb lloje sip\u00ebrfaqes pa primer<\/span><\/li>\n<li><span style=\"color: #000000;\">Nuk shkakton korrozion t\u00eb metaleve;<\/span><\/li>\n<li><span style=\"color: #000000;\">E leht\u00eb p\u00ebr tu aplikuar<\/span><\/li>\n<\/ul>\n<\/div>[\/vc_column_inner][vc_column_inner width=&#8221;1\/2&#8243;]<div class=\"standard-arrow bullet-top\"><ul>\n<li><span style=\"color: #000000;\"><span style=\"color: #000000;\">Ka shum\u00eb pak er\u00eb;<\/span><\/span><\/li>\n<li><span style=\"color: #000000;\">Rezistente ndaj ozonit, rrezeve UV dhe temperaturave limitueese;<\/span><\/li>\n<li><span style=\"color: #000000;\">P\u00ebrmban fungicid;<\/span><\/li>\n<li><span style=\"color: #000000;\">Permbush ISO 11600 &#8211; F&amp;G &#8211; 25 LM.<\/span><\/li>\n<\/ul>\n<\/div>[\/vc_column_inner][\/vc_row_inner][\/vc_column][\/vc_row]<\/p>\n<\/div>","protected":false},"excerpt":{"rendered":"<p>[vc_row css=&#8221;.vc_custom_1683099634441{padding-bottom: 30px !important;}&#8221;][vc_column width=&#8221;2\/3&#8243;][vc_custom_heading text=&#8221;EXTERIOIR SILICONE SEALANT &#8221; font_container=&#8221;tag:h2|font_size:50|text_align:left&#8221; use_theme_fonts=&#8221;yes&#8221; link=&#8221;|title:AQUAMAT%20-%20SUPERELASTIC||&#8221;][\/vc_column][\/vc_row][vc_row][vc_column width=&#8221;1\/2&#8243;][vc_single_image image=&#8221;11691&#8243; img_size=&#8221;full&#8221;][\/vc_column][vc_column width=&#8221;1\/2&#8243;][vc_row_inner][vc_column_inner width=&#8221;1\/2&#8243;][\/vc_column_inner][vc_column_inner width=&#8221;1\/2&#8243;][\/vc_column_inner][\/vc_row_inner][\/vc_column][\/vc_row]<\/p>\n","protected":false},"author":2,"featured_media":0,"parent":0,"menu_order":0,"comment_status":"closed","ping_status":"closed","template":"","meta":{"footnotes":""},"class_list":["post-11693","page","type-page","status-publish","hentry","description-off"],"_links":{"self":[{"href":"https:\/\/aedcolor.com\/index.php\/wp-json\/wp\/v2\/pages\/11693","targetHints":{"allow":["GET"]}}],"collection":[{"href":"https:\/\/aedcolor.com\/index.php\/wp-json\/wp\/v2\/pages"}],"about":[{"href":"https:\/\/aedcolor.com\/index.php\/wp-json\/wp\/v2\/types\/page"}],"author":[{"embeddable":true,"href":"https:\/\/aedcolor.com\/index.php\/wp-json\/wp\/v2\/users\/2"}],"replies":[{"embeddable":true,"href":"https:\/\/aedcolor.com\/index.php\/wp-json\/wp\/v2\/comments?post=11693"}],"version-history":[{"count":1,"href":"https:\/\/aedcolor.com\/index.php\/wp-json\/wp\/v2\/pages\/11693\/revisions"}],"predecessor-version":[{"id":11695,"href":"https:\/\/aedcolor.com\/index.php\/wp-json\/wp\/v2\/pages\/11693\/revisions\/11695"}],"wp:attachment":[{"href":"https:\/\/aedcolor.com\/index.php\/wp-json\/wp\/v2\/media?parent=11693"}],"curies":[{"name":"wp","href":"https:\/\/api.w.org\/{rel}","templated":true}]}}