{"id":11698,"date":"2024-06-03T11:26:01","date_gmt":"2024-06-03T11:26:01","guid":{"rendered":"https:\/\/aedcolor.com\/?page_id=11698"},"modified":"2024-06-03T11:26:34","modified_gmt":"2024-06-03T11:26:34","slug":"general-purpose-silicone","status":"publish","type":"page","link":"https:\/\/aedcolor.com\/index.php\/general-purpose-silicone\/","title":{"rendered":"GENERAL PURPOSE SILICONE"},"content":{"rendered":"<div class=\"wpb-content-wrapper\"><p>[vc_row css=&#8221;.vc_custom_1683099634441{padding-bottom: 30px !important;}&#8221;][vc_column width=&#8221;2\/3&#8243;][vc_custom_heading text=&#8221;GENERAL PURPOSE SILICONE<\/p>\n<p>&#8221; font_container=&#8221;tag:h2|font_size:50|text_align:left&#8221; use_theme_fonts=&#8221;yes&#8221; link=&#8221;|title:AQUAMAT%20-%20SUPERELASTIC||&#8221;][\/vc_column][\/vc_row][vc_row][vc_column width=&#8221;1\/2&#8243;][vc_single_image image=&#8221;11696&#8243; img_size=&#8221;full&#8221;][\/vc_column][vc_column width=&#8221;1\/2&#8243;][vc_row_inner][vc_column_inner width=&#8221;1\/2&#8243;]<div class=\"standard-arrow bullet-top\"><ul>\n<li>\n<div class=\"col-12 col-xs-6 col-sm-12 col-md-6 d-flex pb-2 pb-md-3 \"><span style=\"color: #000000;\"><span style=\"color: #000000;\">Q\u00ebndron gjithmon\u00eb elastik pas ngurt\u00ebsimit;<\/span><\/span><\/div>\n<\/li>\n<li><span style=\"color: #000000;\">Ngurt\u00ebsohet me sistem acetoxy;<\/span><\/li>\n<li><span style=\"color: #000000;\">Ofron ngjitje t\u00eb shk\u00eblqyer n\u00eb sip\u00ebrfaqe jo poroze<\/span><\/li>\n<li><span style=\"color: #000000;\">Nuk can, nuk zverdh\u00eb dhe \u00ebsht\u00eb rezistente ndaj efekteve t\u00eb kalimit t\u00eb koh\u00ebs s\u00eb gjat\u00eb;<\/span><\/li>\n<\/ul>\n<\/div>[\/vc_column_inner][vc_column_inner width=&#8221;1\/2&#8243;]<div class=\"standard-arrow bullet-top\"><ul>\n<li><span style=\"color: #000000;\"><span style=\"color: #000000;\">\u00cbsht\u00eb rezistente ndaj detergjent\u00ebve, materialeve t\u00eb pastrimit dhe kimikateve;<\/span><\/span><\/li>\n<li><span style=\"color: #000000;\">Mund t\u00eb aplikohet n\u00eb t\u00eb gjtha stin\u00ebt;<\/span><\/li>\n<li><span style=\"color: #000000;\">Leshon nj\u00eb er\u00eb tipike acidike gjat\u00eb ngurt\u00ebsimit;<\/span><\/li>\n<li><span style=\"color: #000000;\">Rezistenc<span style=\"color: #000000;\">a e lart\u00eb ndaj rrezeve UV n\u00eb silikonin e p\u00ebrdorur p\u00ebr q\u00ebllime t\u00eb p\u00ebrgjithshme.<\/span><\/span><\/li>\n<\/ul>\n<\/div>[\/vc_column_inner][\/vc_row_inner][\/vc_column][\/vc_row]<\/p>\n<\/div>","protected":false},"excerpt":{"rendered":"<p>[vc_row css=&#8221;.vc_custom_1683099634441{padding-bottom: 30px !important;}&#8221;][vc_column width=&#8221;2\/3&#8243;][vc_custom_heading text=&#8221;GENERAL PURPOSE SILICONE &#8221; font_container=&#8221;tag:h2|font_size:50|text_align:left&#8221; use_theme_fonts=&#8221;yes&#8221; link=&#8221;|title:AQUAMAT%20-%20SUPERELASTIC||&#8221;][\/vc_column][\/vc_row][vc_row][vc_column width=&#8221;1\/2&#8243;][vc_single_image image=&#8221;11696&#8243; img_size=&#8221;full&#8221;][\/vc_column][vc_column width=&#8221;1\/2&#8243;][vc_row_inner][vc_column_inner width=&#8221;1\/2&#8243;][\/vc_column_inner][vc_column_inner width=&#8221;1\/2&#8243;][\/vc_column_inner][\/vc_row_inner][\/vc_column][\/vc_row]<\/p>\n","protected":false},"author":2,"featured_media":0,"parent":0,"menu_order":0,"comment_status":"closed","ping_status":"closed","template":"","meta":{"footnotes":""},"class_list":["post-11698","page","type-page","status-publish","hentry","description-off"],"_links":{"self":[{"href":"https:\/\/aedcolor.com\/index.php\/wp-json\/wp\/v2\/pages\/11698","targetHints":{"allow":["GET"]}}],"collection":[{"href":"https:\/\/aedcolor.com\/index.php\/wp-json\/wp\/v2\/pages"}],"about":[{"href":"https:\/\/aedcolor.com\/index.php\/wp-json\/wp\/v2\/types\/page"}],"author":[{"embeddable":true,"href":"https:\/\/aedcolor.com\/index.php\/wp-json\/wp\/v2\/users\/2"}],"replies":[{"embeddable":true,"href":"https:\/\/aedcolor.com\/index.php\/wp-json\/wp\/v2\/comments?post=11698"}],"version-history":[{"count":1,"href":"https:\/\/aedcolor.com\/index.php\/wp-json\/wp\/v2\/pages\/11698\/revisions"}],"predecessor-version":[{"id":11700,"href":"https:\/\/aedcolor.com\/index.php\/wp-json\/wp\/v2\/pages\/11698\/revisions\/11700"}],"wp:attachment":[{"href":"https:\/\/aedcolor.com\/index.php\/wp-json\/wp\/v2\/media?parent=11698"}],"curies":[{"name":"wp","href":"https:\/\/api.w.org\/{rel}","templated":true}]}}