{"id":11720,"date":"2024-06-03T12:22:40","date_gmt":"2024-06-03T12:22:40","guid":{"rendered":"https:\/\/aedcolor.com\/?page_id=11720"},"modified":"2024-06-03T12:22:40","modified_gmt":"2024-06-03T12:22:40","slug":"x200","status":"publish","type":"page","link":"https:\/\/aedcolor.com\/index.php\/x200\/","title":{"rendered":"X200"},"content":{"rendered":"<div class=\"wpb-content-wrapper\"><p>[vc_row css=&#8221;.vc_custom_1683099634441{padding-bottom: 30px !important;}&#8221;][vc_column width=&#8221;2\/3&#8243;][vc_custom_heading text=&#8221;X200<br \/>\n&#8221; font_container=&#8221;tag:h2|font_size:50|text_align:left&#8221; use_theme_fonts=&#8221;yes&#8221; link=&#8221;|title:AQUAMAT%20-%20SUPERELASTIC||&#8221;][\/vc_column][\/vc_row][vc_row][vc_column width=&#8221;1\/2&#8243;][vc_single_image image=&#8221;11721&#8243; img_size=&#8221;full&#8221;][\/vc_column][vc_column width=&#8221;1\/2&#8243;][vc_row_inner][vc_column_inner width=&#8221;1\/2&#8243;]<div class=\"standard-arrow bullet-top\"><ul>\n<li><span style=\"color: #000000;\"><span style=\"color: #000000;\">Faktor elasticiteti 7.5%;<\/span><\/span><\/li>\n<li><span style=\"color: #000000;\">Pas tharjes, krijon nj\u00eb shtres\u00eb rezistente ndaj ujit;<\/span><\/li>\n<li><span style=\"color: #000000;\">\u00cbsht\u00eb rezistente ndaj kushteve atmosferike dhe ruan fleksibilitetin p\u00ebr nj\u00eb koh\u00eb t\u00eb gjat\u00eb;<\/span><\/li>\n<\/ul>\n<\/div>[\/vc_column_inner][vc_column_inner width=&#8221;1\/2&#8243;]<div class=\"standard-arrow bullet-top\"><ul>\n<li><span style=\"color: #000000;\"><span style=\"color: #000000;\">Mund t\u00eb lyhet edhe nuk p\u00ebrmban vaj n\u00eb sip\u00ebrfaqen e saj;<\/span><\/span><\/li>\n<li><span style=\"color: #000000;\">Produktet me baz\u00eb uji nuk duhet t\u00eb aplikohen n\u00ebn 5oC n\u00eb dim\u00ebr;<\/span><\/li>\n<li><span style=\"color: #000000;\">Kushtet atmosferike, lag\u00ebshtia dhe temperatura e zgjasin koh\u00ebn e tharjes s\u00eb produkteve me baz\u00eb uji.<\/span><\/li>\n<\/ul>\n<\/div>[\/vc_column_inner][\/vc_row_inner][\/vc_column][\/vc_row]<\/p>\n<\/div>","protected":false},"excerpt":{"rendered":"<p>[vc_row css=&#8221;.vc_custom_1683099634441{padding-bottom: 30px !important;}&#8221;][vc_column width=&#8221;2\/3&#8243;][vc_custom_heading text=&#8221;X200 &#8221; font_container=&#8221;tag:h2|font_size:50|text_align:left&#8221; use_theme_fonts=&#8221;yes&#8221; link=&#8221;|title:AQUAMAT%20-%20SUPERELASTIC||&#8221;][\/vc_column][\/vc_row][vc_row][vc_column width=&#8221;1\/2&#8243;][vc_single_image image=&#8221;11721&#8243; img_size=&#8221;full&#8221;][\/vc_column][vc_column width=&#8221;1\/2&#8243;][vc_row_inner][vc_column_inner width=&#8221;1\/2&#8243;][\/vc_column_inner][vc_column_inner width=&#8221;1\/2&#8243;][\/vc_column_inner][\/vc_row_inner][\/vc_column][\/vc_row]<\/p>\n","protected":false},"author":2,"featured_media":0,"parent":0,"menu_order":0,"comment_status":"closed","ping_status":"closed","template":"","meta":{"footnotes":""},"class_list":["post-11720","page","type-page","status-publish","hentry","description-off"],"_links":{"self":[{"href":"https:\/\/aedcolor.com\/index.php\/wp-json\/wp\/v2\/pages\/11720","targetHints":{"allow":["GET"]}}],"collection":[{"href":"https:\/\/aedcolor.com\/index.php\/wp-json\/wp\/v2\/pages"}],"about":[{"href":"https:\/\/aedcolor.com\/index.php\/wp-json\/wp\/v2\/types\/page"}],"author":[{"embeddable":true,"href":"https:\/\/aedcolor.com\/index.php\/wp-json\/wp\/v2\/users\/2"}],"replies":[{"embeddable":true,"href":"https:\/\/aedcolor.com\/index.php\/wp-json\/wp\/v2\/comments?post=11720"}],"version-history":[{"count":1,"href":"https:\/\/aedcolor.com\/index.php\/wp-json\/wp\/v2\/pages\/11720\/revisions"}],"predecessor-version":[{"id":11724,"href":"https:\/\/aedcolor.com\/index.php\/wp-json\/wp\/v2\/pages\/11720\/revisions\/11724"}],"wp:attachment":[{"href":"https:\/\/aedcolor.com\/index.php\/wp-json\/wp\/v2\/media?parent=11720"}],"curies":[{"name":"wp","href":"https:\/\/api.w.org\/{rel}","templated":true}]}}