{"id":1403,"date":"2023-05-02T06:25:31","date_gmt":"2023-05-02T06:25:31","guid":{"rendered":"https:\/\/aedcolor.com\/?page_id=1403"},"modified":"2023-05-02T07:00:44","modified_gmt":"2023-05-02T07:00:44","slug":"lungomare-vlore","status":"publish","type":"page","link":"https:\/\/aedcolor.com\/index.php\/lungomare-vlore\/","title":{"rendered":"Lungomare, Vlor\u00eb &#8211; Izolim termik i b\u00ebr\u00eb nga polisterine XPS"},"content":{"rendered":"<div class=\"wpb-content-wrapper\"><p>[vc_row][vc_column]<style type=\"text\/css\" data-type=\"the7_shortcodes-inline-css\">.gallery-shortcode.gallery-masonry-shortcode-id-c894fdfae45bd52d7a576091521e0fb0 figure,\n.gallery-shortcode.gallery-masonry-shortcode-id-c894fdfae45bd52d7a576091521e0fb0 .rollover,\n.gallery-shortcode.gallery-masonry-shortcode-id-c894fdfae45bd52d7a576091521e0fb0 img,\n.gallery-shortcode.gallery-masonry-shortcode-id-c894fdfae45bd52d7a576091521e0fb0 .gallery-rollover {\n  border-radius: 0px;\n}\n.gallery-shortcode.gallery-masonry-shortcode-id-c894fdfae45bd52d7a576091521e0fb0.enable-bg-rollover .gallery-rollover {\n  background: -webkit-linear-gradient();\n  background: linear-gradient();\n}\n.gallery-shortcode.gallery-masonry-shortcode-id-c894fdfae45bd52d7a576091521e0fb0.enable-bg-rollover.hover-scale figure .rollover:after {\n  background: -webkit-linear-gradient();\n  background: linear-gradient();\n}\n.gallery-shortcode.gallery-masonry-shortcode-id-c894fdfae45bd52d7a576091521e0fb0 .gallery-zoom-ico {\n  width: 44px;\n  height: 44px;\n  line-height: 44px;\n  border-radius: 100px;\n  margin: -22px 0 0 -22px;\n  border-width: 0px;\n  color: #ffffff;\n}\n.dt-icon-bg-on.gallery-shortcode.gallery-masonry-shortcode-id-c894fdfae45bd52d7a576091521e0fb0 .gallery-zoom-ico {\n  background: rgba(255,255,255,0.3);\n  box-shadow: none;\n}\n.gallery-shortcode.gallery-masonry-shortcode-id-c894fdfae45bd52d7a576091521e0fb0 .gallery-zoom-ico:before,\n.gallery-shortcode.gallery-masonry-shortcode-id-c894fdfae45bd52d7a576091521e0fb0 .gallery-zoom-ico span {\n  font-size: 32px;\n  line-height: 44px;\n  color: #ffffff;\n}\n.gallery-shortcode.gallery-masonry-shortcode-id-c894fdfae45bd52d7a576091521e0fb0:not(.resize-by-browser-width) .dt-css-grid {\n  grid-row-gap: 10px;\n  grid-column-gap: 10px;\n  grid-template-columns: repeat(auto-fill,minmax(,1fr));\n}\n.gallery-shortcode.gallery-masonry-shortcode-id-c894fdfae45bd52d7a576091521e0fb0:not(.resize-by-browser-width) .dt-css-grid .double-width {\n  grid-column: span 2;\n}\n.cssgridlegacy.no-cssgrid .gallery-shortcode.gallery-masonry-shortcode-id-c894fdfae45bd52d7a576091521e0fb0:not(.resize-by-browser-width) .dt-css-grid,\n.no-cssgridlegacy.no-cssgrid .gallery-shortcode.gallery-masonry-shortcode-id-c894fdfae45bd52d7a576091521e0fb0:not(.resize-by-browser-width) .dt-css-grid {\n  display: flex;\n  flex-flow: row wrap;\n  margin: -5px;\n}\n.cssgridlegacy.no-cssgrid .gallery-shortcode.gallery-masonry-shortcode-id-c894fdfae45bd52d7a576091521e0fb0:not(.resize-by-browser-width) .dt-css-grid .wf-cell,\n.no-cssgridlegacy.no-cssgrid .gallery-shortcode.gallery-masonry-shortcode-id-c894fdfae45bd52d7a576091521e0fb0:not(.resize-by-browser-width) .dt-css-grid .wf-cell {\n  flex: 1 0 ;\n  max-width: 100%;\n  padding: 5px;\n  box-sizing: border-box;\n}\n.gallery-shortcode.gallery-masonry-shortcode-id-c894fdfae45bd52d7a576091521e0fb0.resize-by-browser-width .dt-css-grid {\n  grid-template-columns: repeat(3,1fr);\n  grid-template-rows: auto;\n  grid-column-gap: 10px;\n  grid-row-gap: 10px;\n}\n.gallery-shortcode.gallery-masonry-shortcode-id-c894fdfae45bd52d7a576091521e0fb0.resize-by-browser-width .dt-css-grid .double-width {\n  grid-column: span 2;\n}\n.cssgridlegacy.no-cssgrid .gallery-shortcode.gallery-masonry-shortcode-id-c894fdfae45bd52d7a576091521e0fb0.resize-by-browser-width .dt-css-grid {\n  margin: -5px;\n}\n.cssgridlegacy.no-cssgrid .gallery-shortcode.gallery-masonry-shortcode-id-c894fdfae45bd52d7a576091521e0fb0.resize-by-browser-width .dt-css-grid .wf-cell {\n  width: 33.333333333333%;\n  padding: 5px;\n}\n.cssgridlegacy.no-cssgrid .gallery-shortcode.gallery-masonry-shortcode-id-c894fdfae45bd52d7a576091521e0fb0.resize-by-browser-width .dt-css-grid .wf-cell.double-width {\n  width: calc(33.333333333333%) * 2;\n}\n.gallery-shortcode.gallery-masonry-shortcode-id-c894fdfae45bd52d7a576091521e0fb0.resize-by-browser-width:not(.centered-layout-list):not(.content-bg-on) .dt-css-grid {\n  grid-row-gap: 10px - ;\n}\n@media screen and (max-width: 1199px) {\n  .gallery-shortcode.gallery-masonry-shortcode-id-c894fdfae45bd52d7a576091521e0fb0.resize-by-browser-width .dt-css-grid {\n    grid-template-columns: repeat(3,1fr);\n  }\n  .cssgridlegacy.no-cssgrid .gallery-shortcode.gallery-masonry-shortcode-id-c894fdfae45bd52d7a576091521e0fb0.resize-by-browser-width .dt-css-grid .wf-cell,\n  .no-cssgridlegacy.no-cssgrid .gallery-shortcode.gallery-masonry-shortcode-id-c894fdfae45bd52d7a576091521e0fb0.resize-by-browser-width .dt-css-grid .wf-cell {\n    width: 33.333333333333%;\n  }\n  .cssgridlegacy.no-cssgrid .gallery-shortcode.gallery-masonry-shortcode-id-c894fdfae45bd52d7a576091521e0fb0.resize-by-browser-width .dt-css-grid .wf-cell.double-width,\n  .no-cssgridlegacy.no-cssgrid .gallery-shortcode.gallery-masonry-shortcode-id-c894fdfae45bd52d7a576091521e0fb0.resize-by-browser-width .dt-css-grid .wf-cell.double-width {\n    width: calc(33.333333333333%)*2;\n  }\n}\n@media screen and (max-width: 991px) {\n  .gallery-shortcode.gallery-masonry-shortcode-id-c894fdfae45bd52d7a576091521e0fb0.resize-by-browser-width .dt-css-grid {\n    grid-template-columns: repeat(3,1fr);\n  }\n  .cssgridlegacy.no-cssgrid .gallery-shortcode.gallery-masonry-shortcode-id-c894fdfae45bd52d7a576091521e0fb0.resize-by-browser-width .dt-css-grid .wf-cell,\n  .no-cssgridlegacy.no-cssgrid .gallery-shortcode.gallery-masonry-shortcode-id-c894fdfae45bd52d7a576091521e0fb0.resize-by-browser-width .dt-css-grid .wf-cell {\n    width: 33.333333333333%;\n  }\n  .cssgridlegacy.no-cssgrid .gallery-shortcode.gallery-masonry-shortcode-id-c894fdfae45bd52d7a576091521e0fb0.resize-by-browser-width .dt-css-grid .wf-cell.double-width,\n  .no-cssgridlegacy.no-cssgrid .gallery-shortcode.gallery-masonry-shortcode-id-c894fdfae45bd52d7a576091521e0fb0.resize-by-browser-width .dt-css-grid .wf-cell.double-width {\n    width: calc(33.333333333333%)*2;\n  }\n}\n@media screen and (max-width: 767px) {\n  .gallery-shortcode.gallery-masonry-shortcode-id-c894fdfae45bd52d7a576091521e0fb0.resize-by-browser-width .dt-css-grid {\n    grid-template-columns: repeat(2,1fr);\n  }\n  .cssgridlegacy.no-cssgrid .gallery-shortcode.gallery-masonry-shortcode-id-c894fdfae45bd52d7a576091521e0fb0.resize-by-browser-width .dt-css-grid .wf-cell,\n  .no-cssgridlegacy.no-cssgrid .gallery-shortcode.gallery-masonry-shortcode-id-c894fdfae45bd52d7a576091521e0fb0.resize-by-browser-width .dt-css-grid .wf-cell {\n    width: 50%;\n  }\n  .cssgridlegacy.no-cssgrid .gallery-shortcode.gallery-masonry-shortcode-id-c894fdfae45bd52d7a576091521e0fb0.resize-by-browser-width .dt-css-grid .wf-cell.double-width,\n  .no-cssgridlegacy.no-cssgrid .gallery-shortcode.gallery-masonry-shortcode-id-c894fdfae45bd52d7a576091521e0fb0.resize-by-browser-width .dt-css-grid .wf-cell.double-width {\n    width: calc(50%)*2;\n  }\n}\n<\/style><div class=\"gallery-shortcode dt-gallery-container gallery-masonry-shortcode-id-c894fdfae45bd52d7a576091521e0fb0 mode-grid jquery-filter dt-icon-bg-off quick-scale-img dt-css-grid-wrap enable-bg-rollover resize-by-browser-width  hover-fade loading-effect-none description-on-hover\" data-padding=\"5px\" data-cur-page=\"1\" data-post-limit=\"-1\" data-pagination-mode=\"none\" data-desktop-columns-num=\"3\" data-v-tablet-columns-num=\"3\" data-h-tablet-columns-num=\"3\" data-phone-columns-num=\"2\" data-width=\"0px\" data-columns=\"0\"><div class=\"dt-css-grid\" ><div class=\"wf-cell\" data-post-id=\"1408\" data-date=\"2023-05-02T06:24:00+00:00\" data-name=\"XDGA-Xaveer-de-Geyter-1\"><figure class=\"post visible\"><a href=\"https:\/\/aedcolor.com\/wp-content\/uploads\/2023\/05\/XDGA-Xaveer-de-Geyter-1.jpg\" class=\"rollover dt-pswp-item layzr-bg\" data-large_image_width=\"960\" data-large_image_height=\"676\" data-dt-img-description=\"\" title=\"XDGA-Xaveer-de-Geyter-1\"><img fetchpriority=\"high\" decoding=\"async\" class=\"preload-me iso-lazy-load aspect\" src=\"data:image\/svg+xml,%3Csvg%20xmlns%3D&#39;http%3A%2F%2Fwww.w3.org%2F2000%2Fsvg&#39;%20viewBox%3D&#39;0%200%20379%20252&#39;%2F%3E\" data-src=\"https:\/\/aedcolor.com\/wp-content\/uploads\/2023\/05\/XDGA-Xaveer-de-Geyter-1-379x252.jpg\" data-srcset=\"https:\/\/aedcolor.com\/wp-content\/uploads\/2023\/05\/XDGA-Xaveer-de-Geyter-1-379x252.jpg 379w, https:\/\/aedcolor.com\/wp-content\/uploads\/2023\/05\/XDGA-Xaveer-de-Geyter-1-569x378.jpg 569w\" loading=\"eager\" style=\"--ratio: 379 \/ 252\" sizes=\"(max-width: 379px) 100vw, 379px\" alt=\"\" width=\"379\" height=\"252\"  \/><span class=\"gallery-rollover\"><span class=\"gallery-zoom-ico icomoon-the7-font-the7-zoom-06\"><span><\/span><\/span><\/span><\/a><\/figure><\/div><div class=\"wf-cell\" data-post-id=\"1404\" data-date=\"2023-05-02T06:23:56+00:00\" data-name=\"188cce6a-66be-4c6d-a9e7-c1b405f87041\"><figure class=\"post visible\"><a href=\"https:\/\/aedcolor.com\/wp-content\/uploads\/2023\/05\/188cce6a-66be-4c6d-a9e7-c1b405f87041.jpeg\" class=\"rollover dt-pswp-item layzr-bg\" data-large_image_width=\"1280\" data-large_image_height=\"853\" data-dt-img-description=\"\" title=\"188cce6a-66be-4c6d-a9e7-c1b405f87041\"><img decoding=\"async\" class=\"preload-me iso-lazy-load aspect\" src=\"data:image\/svg+xml,%3Csvg%20xmlns%3D&#39;http%3A%2F%2Fwww.w3.org%2F2000%2Fsvg&#39;%20viewBox%3D&#39;0%200%20379%20252&#39;%2F%3E\" data-src=\"https:\/\/aedcolor.com\/wp-content\/uploads\/2023\/05\/188cce6a-66be-4c6d-a9e7-c1b405f87041-379x252.jpeg\" data-srcset=\"https:\/\/aedcolor.com\/wp-content\/uploads\/2023\/05\/188cce6a-66be-4c6d-a9e7-c1b405f87041-379x252.jpeg 379w, https:\/\/aedcolor.com\/wp-content\/uploads\/2023\/05\/188cce6a-66be-4c6d-a9e7-c1b405f87041-569x378.jpeg 569w\" loading=\"eager\" style=\"--ratio: 379 \/ 252\" sizes=\"(max-width: 379px) 100vw, 379px\" alt=\"\" width=\"379\" height=\"252\"  \/><span class=\"gallery-rollover\"><span class=\"gallery-zoom-ico icomoon-the7-font-the7-zoom-06\"><span><\/span><\/span><\/span><\/a><\/figure><\/div><div class=\"wf-cell\" data-post-id=\"1410\" data-date=\"2023-05-02T06:24:01+00:00\" data-name=\"img-20180623-191919-largejpg\"><figure class=\"post visible\"><a href=\"https:\/\/aedcolor.com\/wp-content\/uploads\/2023\/05\/img-20180623-191919-largejpg.jpg\" class=\"rollover dt-pswp-item layzr-bg\" data-large_image_width=\"550\" data-large_image_height=\"413\" data-dt-img-description=\"\" title=\"img-20180623-191919-largejpg\"><img decoding=\"async\" class=\"preload-me iso-lazy-load aspect\" src=\"data:image\/svg+xml,%3Csvg%20xmlns%3D&#39;http%3A%2F%2Fwww.w3.org%2F2000%2Fsvg&#39;%20viewBox%3D&#39;0%200%20379%20252&#39;%2F%3E\" data-src=\"https:\/\/aedcolor.com\/wp-content\/uploads\/2023\/05\/img-20180623-191919-largejpg-379x252.jpg\" data-srcset=\"https:\/\/aedcolor.com\/wp-content\/uploads\/2023\/05\/img-20180623-191919-largejpg-379x252.jpg 379w, https:\/\/aedcolor.com\/wp-content\/uploads\/2023\/05\/img-20180623-191919-largejpg-550x365.jpg 550w\" loading=\"eager\" style=\"--ratio: 379 \/ 252\" sizes=\"(max-width: 379px) 100vw, 379px\" alt=\"\" width=\"379\" height=\"252\"  \/><span class=\"gallery-rollover\"><span class=\"gallery-zoom-ico icomoon-the7-font-the7-zoom-06\"><span><\/span><\/span><\/span><\/a><\/figure><\/div><div class=\"wf-cell\" data-post-id=\"1412\" data-date=\"2023-05-02T06:24:02+00:00\" data-name=\"297980084\"><figure class=\"post visible\"><a href=\"https:\/\/aedcolor.com\/wp-content\/uploads\/2023\/05\/297980084.jpg\" class=\"rollover dt-pswp-item layzr-bg\" data-large_image_width=\"1280\" data-large_image_height=\"720\" data-dt-img-description=\"\" title=\"297980084\"><img decoding=\"async\" class=\"preload-me iso-lazy-load aspect\" src=\"data:image\/svg+xml,%3Csvg%20xmlns%3D&#39;http%3A%2F%2Fwww.w3.org%2F2000%2Fsvg&#39;%20viewBox%3D&#39;0%200%20379%20252&#39;%2F%3E\" data-src=\"https:\/\/aedcolor.com\/wp-content\/uploads\/2023\/05\/297980084-379x252.jpg\" data-srcset=\"https:\/\/aedcolor.com\/wp-content\/uploads\/2023\/05\/297980084-379x252.jpg 379w, https:\/\/aedcolor.com\/wp-content\/uploads\/2023\/05\/297980084-569x378.jpg 569w\" loading=\"eager\" style=\"--ratio: 379 \/ 252\" sizes=\"(max-width: 379px) 100vw, 379px\" alt=\"\" width=\"379\" height=\"252\"  \/><span class=\"gallery-rollover\"><span class=\"gallery-zoom-ico icomoon-the7-font-the7-zoom-06\"><span><\/span><\/span><\/span><\/a><\/figure><\/div><div class=\"wf-cell\" data-post-id=\"1414\" data-date=\"2023-05-02T06:24:03+00:00\" data-name=\"265299385\"><figure class=\"post visible\"><a href=\"https:\/\/aedcolor.com\/wp-content\/uploads\/2023\/05\/265299385.jpg\" class=\"rollover dt-pswp-item layzr-bg\" data-large_image_width=\"660\" data-large_image_height=\"330\" data-dt-img-description=\"\" title=\"265299385\"><img decoding=\"async\" class=\"preload-me iso-lazy-load aspect\" src=\"data:image\/svg+xml,%3Csvg%20xmlns%3D&#39;http%3A%2F%2Fwww.w3.org%2F2000%2Fsvg&#39;%20viewBox%3D&#39;0%200%20379%20252&#39;%2F%3E\" data-src=\"https:\/\/aedcolor.com\/wp-content\/uploads\/2023\/05\/265299385-379x252.jpg\" data-srcset=\"https:\/\/aedcolor.com\/wp-content\/uploads\/2023\/05\/265299385-379x252.jpg 379w, https:\/\/aedcolor.com\/wp-content\/uploads\/2023\/05\/265299385-496x330.jpg 496w\" loading=\"eager\" style=\"--ratio: 379 \/ 252\" sizes=\"(max-width: 379px) 100vw, 379px\" alt=\"\" width=\"379\" height=\"252\"  \/><span class=\"gallery-rollover\"><span class=\"gallery-zoom-ico icomoon-the7-font-the7-zoom-06\"><span><\/span><\/span><\/span><\/a><\/figure><\/div><div class=\"wf-cell\" data-post-id=\"1406\" data-date=\"2023-05-02T06:23:58+00:00\" data-name=\"da1c0c23481122f3954ad21b169c6048\"><figure class=\"post visible\"><a href=\"https:\/\/aedcolor.com\/wp-content\/uploads\/2023\/05\/da1c0c23481122f3954ad21b169c6048.jpg\" class=\"rollover dt-pswp-item layzr-bg\" data-large_image_width=\"2000\" data-large_image_height=\"1125\" data-dt-img-description=\"\" title=\"da1c0c23481122f3954ad21b169c6048\"><img decoding=\"async\" class=\"preload-me iso-lazy-load aspect\" src=\"data:image\/svg+xml,%3Csvg%20xmlns%3D&#39;http%3A%2F%2Fwww.w3.org%2F2000%2Fsvg&#39;%20viewBox%3D&#39;0%200%20379%20252&#39;%2F%3E\" data-src=\"https:\/\/aedcolor.com\/wp-content\/uploads\/2023\/05\/da1c0c23481122f3954ad21b169c6048-379x252.jpg\" data-srcset=\"https:\/\/aedcolor.com\/wp-content\/uploads\/2023\/05\/da1c0c23481122f3954ad21b169c6048-379x252.jpg 379w, https:\/\/aedcolor.com\/wp-content\/uploads\/2023\/05\/da1c0c23481122f3954ad21b169c6048-569x378.jpg 569w\" loading=\"eager\" style=\"--ratio: 379 \/ 252\" sizes=\"(max-width: 379px) 100vw, 379px\" alt=\"\" width=\"379\" height=\"252\"  \/><span class=\"gallery-rollover\"><span class=\"gallery-zoom-ico icomoon-the7-font-the7-zoom-06\"><span><\/span><\/span><\/span><\/a><\/figure><\/div><\/div><!-- iso-container|iso-grid --><\/div>[\/vc_column][\/vc_row]<\/p>\n<\/div>","protected":false},"excerpt":{"rendered":"<p>[vc_row][vc_column][\/vc_column][\/vc_row]<\/p>\n","protected":false},"author":2,"featured_media":0,"parent":0,"menu_order":0,"comment_status":"closed","ping_status":"closed","template":"","meta":{"footnotes":""},"class_list":["post-1403","page","type-page","status-publish","hentry","description-off"],"_links":{"self":[{"href":"https:\/\/aedcolor.com\/index.php\/wp-json\/wp\/v2\/pages\/1403","targetHints":{"allow":["GET"]}}],"collection":[{"href":"https:\/\/aedcolor.com\/index.php\/wp-json\/wp\/v2\/pages"}],"about":[{"href":"https:\/\/aedcolor.com\/index.php\/wp-json\/wp\/v2\/types\/page"}],"author":[{"embeddable":true,"href":"https:\/\/aedcolor.com\/index.php\/wp-json\/wp\/v2\/users\/2"}],"replies":[{"embeddable":true,"href":"https:\/\/aedcolor.com\/index.php\/wp-json\/wp\/v2\/comments?post=1403"}],"version-history":[{"count":3,"href":"https:\/\/aedcolor.com\/index.php\/wp-json\/wp\/v2\/pages\/1403\/revisions"}],"predecessor-version":[{"id":1451,"href":"https:\/\/aedcolor.com\/index.php\/wp-json\/wp\/v2\/pages\/1403\/revisions\/1451"}],"wp:attachment":[{"href":"https:\/\/aedcolor.com\/index.php\/wp-json\/wp\/v2\/media?parent=1403"}],"curies":[{"name":"wp","href":"https:\/\/api.w.org\/{rel}","templated":true}]}}