{"id":14389,"date":"2024-06-19T07:37:24","date_gmt":"2024-06-19T07:37:24","guid":{"rendered":"https:\/\/aedcolor.com\/?page_id=14389"},"modified":"2024-06-19T07:37:24","modified_gmt":"2024-06-19T07:37:24","slug":"isomat-ak-25-2","status":"publish","type":"page","link":"https:\/\/aedcolor.com\/index.php\/isomat-ak-25-2\/","title":{"rendered":"ISOMAT AK-25"},"content":{"rendered":"<div class=\"wpb-content-wrapper\"><p>[vc_row css=&#8221;.vc_custom_1683099634441{padding-bottom: 30px !important;}&#8221;][vc_column width=&#8221;2\/3&#8243;][vc_custom_heading text=&#8221;ISOMAT AK-25&#8243; font_container=&#8221;tag:h2|font_size:50|text_align:left&#8221; use_theme_fonts=&#8221;yes&#8221; link=&#8221;|title:AQUAMAT%20-%20SUPERELASTIC||&#8221;][\/vc_column][vc_column width=&#8221;1\/3&#8243;][\/vc_column][\/vc_row][vc_row][vc_column width=&#8221;1\/2&#8243;][vc_single_image image=&#8221;14390&#8243; img_size=&#8221;full&#8221;][\/vc_column][vc_column width=&#8221;1\/2&#8243;][vc_column_text]<strong><span style=\"color: #000000;\">Ngjit\u00ebs pllakash me performanc\u00eb t\u00eb lart\u00eb, ultra fleksib\u00ebl, i modifikuar me polimer, me baz\u00eb \u00e7imento.<\/span><\/strong><\/p>\n<p><strong><span style=\"color: #000000;\">Pershkrimi<\/span><\/strong><br \/>\n<span style=\"color: #000000;\">ISOMAT AK-25 eshte nje ngjites pllakash me performance te larte, ultrafleksibel, me baze cimento, i permiresuar me polimere (rreshira), me kohe te zgjatur te hapjes dhe pa rreshqitje vertikale. Ofron force te larte ngjitjeje dhe rezistence ndaj lageshtise. I certifikuar sipas EN 12004 dhe i klasifikuar si ngjites C2 TE S2. Produkteve Mjedesiore (EPD) pas nje vleresimi te ndikimeve mjedisore te ciklit jetesor.<\/span><\/p>\n<p><strong><span style=\"color: #000000;\">Fushat e Aplikimit<\/span><\/strong><br \/>\n<span style=\"color: #000000;\">SIOMAT AK-25 eshte i pershtatshem per fiksimin e te gjitha llojeve te pllakave te murit dhe dyshemese, duke perfshire pllaka jo absorbuese, guri natyror, tulla dekorative, pllaka me format te madh, etj. Per ambiente te brendshme dhe aplikime ne natyre.<\/span><\/p>\n<p>[\/vc_column_text][vc_row_inner][vc_column_inner width=&#8221;1\/2&#8243;]<div class=\"standard-arrow bullet-top\"><ul>\n<li><span style=\"color: #000000;\"><span style=\"color: #000000;\">Per shkak te permbajtjes se cimentos, produkti reagon me ujin, duke formuar tretesira alkaline dhe per kete arsye klasifikohet si irritues.<\/span><\/span><\/li>\n<\/ul>\n<\/div>[\/vc_column_inner][vc_column_inner width=&#8221;1\/2&#8243;]<div class=\"standard-arrow bullet-top\"><ul>\n<li><span style=\"color: #000000;\">Siperfaqet shume poroze, si betoni i gazuar, kartoni, etj. duhet te lyhen me UNI-PRIMER ose FLEX-PRIMER.<\/span><\/li>\n<\/ul>\n<\/div>[\/vc_column_inner][\/vc_row_inner][vc_row_inner css=&#8221;.vc_custom_1683100048912{padding-top: 20px !important;}&#8221;][vc_column_inner width=&#8221;1\/2&#8243;]<div class=\"aio-icon-component    style_1\"><div id=\"Info-box-wrap-2460\" class=\"aio-icon-box default-icon\" style=\"\"  ><div class=\"aio-icon-default\"><div class=\"ult-just-icon-wrapper  \"><div class=\"align-icon\" style=\"text-align:center;\">\n<div class=\"aio-icon-img \" style=\"font-size:65px;display:inline-block;\" >\n\t<img decoding=\"async\" class=\"img-icon\" alt=\"null\" src=\"https:\/\/aedcolor.com\/wp-content\/uploads\/2023\/05\/image-2.png\"\/>\n<\/div><\/div><\/div><\/div><div class=\"aio-icon-header\" ><h3 class=\"aio-icon-title ult-responsive\"  data-ultimate-target='#Info-box-wrap-2460 .aio-icon-title'  data-responsive-json-new='{\"font-size\":\"\",\"line-height\":\"\"}'  style=\"\">Sip\u00ebrfaqe: Beton, pllake<\/h3><\/div> <!-- header --><\/div> <!-- aio-icon-box --><\/div> <!-- aio-icon-component -->[\/vc_column_inner][vc_column_inner width=&#8221;1\/2&#8243;]<div class=\"aio-icon-component    style_1\"><div id=\"Info-box-wrap-6604\" class=\"aio-icon-box default-icon\" style=\"\"  ><div class=\"aio-icon-default\"><div class=\"ult-just-icon-wrapper  \"><div class=\"align-icon\" style=\"text-align:center;\">\n<div class=\"aio-icon-img \" style=\"font-size:65px;display:inline-block;\" >\n\t<img decoding=\"async\" class=\"img-icon\" alt=\"null\" src=\"https:\/\/aedcolor.com\/wp-content\/uploads\/2023\/05\/image-1.png\"\/>\n<\/div><\/div><\/div><\/div><div class=\"aio-icon-header\" ><h3 class=\"aio-icon-title ult-responsive\"  data-ultimate-target='#Info-box-wrap-6604 .aio-icon-title'  data-responsive-json-new='{\"font-size\":\"\",\"line-height\":\"\"}'  style=\"\">Aplikimi: Me mistri<\/h3><\/div> <!-- header --><\/div> <!-- aio-icon-box --><\/div> <!-- aio-icon-component -->[\/vc_column_inner][\/vc_row_inner][\/vc_column][\/vc_row]<\/p>\n<\/div>","protected":false},"excerpt":{"rendered":"<p>[vc_row css=&#8221;.vc_custom_1683099634441{padding-bottom: 30px !important;}&#8221;][vc_column width=&#8221;2\/3&#8243;][vc_custom_heading text=&#8221;ISOMAT AK-25&#8243; font_container=&#8221;tag:h2|font_size:50|text_align:left&#8221; use_theme_fonts=&#8221;yes&#8221; link=&#8221;|title:AQUAMAT%20-%20SUPERELASTIC||&#8221;][\/vc_column][vc_column width=&#8221;1\/3&#8243;][\/vc_column][\/vc_row][vc_row][vc_column width=&#8221;1\/2&#8243;][vc_single_image image=&#8221;14390&#8243; img_size=&#8221;full&#8221;][\/vc_column][vc_column width=&#8221;1\/2&#8243;][vc_column_text]Ngjit\u00ebs pllakash me performanc\u00eb t\u00eb lart\u00eb, ultra fleksib\u00ebl, i modifikuar me polimer, me baz\u00eb \u00e7imento. Pershkrimi ISOMAT AK-25 eshte nje ngjites pllakash me performance te larte, ultrafleksibel, me baze cimento, i permiresuar me polimere (rreshira), me kohe te zgjatur te hapjes&hellip;<\/p>\n","protected":false},"author":2,"featured_media":0,"parent":0,"menu_order":0,"comment_status":"closed","ping_status":"closed","template":"","meta":{"footnotes":""},"class_list":["post-14389","page","type-page","status-publish","hentry","description-off"],"_links":{"self":[{"href":"https:\/\/aedcolor.com\/index.php\/wp-json\/wp\/v2\/pages\/14389","targetHints":{"allow":["GET"]}}],"collection":[{"href":"https:\/\/aedcolor.com\/index.php\/wp-json\/wp\/v2\/pages"}],"about":[{"href":"https:\/\/aedcolor.com\/index.php\/wp-json\/wp\/v2\/types\/page"}],"author":[{"embeddable":true,"href":"https:\/\/aedcolor.com\/index.php\/wp-json\/wp\/v2\/users\/2"}],"replies":[{"embeddable":true,"href":"https:\/\/aedcolor.com\/index.php\/wp-json\/wp\/v2\/comments?post=14389"}],"version-history":[{"count":1,"href":"https:\/\/aedcolor.com\/index.php\/wp-json\/wp\/v2\/pages\/14389\/revisions"}],"predecessor-version":[{"id":14393,"href":"https:\/\/aedcolor.com\/index.php\/wp-json\/wp\/v2\/pages\/14389\/revisions\/14393"}],"wp:attachment":[{"href":"https:\/\/aedcolor.com\/index.php\/wp-json\/wp\/v2\/media?parent=14389"}],"curies":[{"name":"wp","href":"https:\/\/api.w.org\/{rel}","templated":true}]}}