{"id":1480,"date":"2023-05-03T07:47:51","date_gmt":"2023-05-03T07:47:51","guid":{"rendered":"https:\/\/aedcolor.com\/?page_id=1480"},"modified":"2023-09-15T09:36:22","modified_gmt":"2023-09-15T09:36:22","slug":"aquamat","status":"publish","type":"page","link":"https:\/\/aedcolor.com\/index.php\/aquamat\/","title":{"rendered":"AQUAMAT"},"content":{"rendered":"<div class=\"wpb-content-wrapper\"><p>[vc_row css=&#8221;.vc_custom_1683099634441{padding-bottom: 30px !important;}&#8221;][vc_column width=&#8221;2\/3&#8243;][vc_custom_heading text=&#8221;AQUAMAT&#8221; font_container=&#8221;tag:h2|font_size:50|text_align:left&#8221; use_theme_fonts=&#8221;yes&#8221;][\/vc_column][vc_column width=&#8221;1\/3&#8243;][\/vc_column][\/vc_row][vc_row][vc_column width=&#8221;1\/2&#8243;][vc_single_image image=&#8221;3537&#8243; img_size=&#8221;full&#8221;][\/vc_column][vc_column width=&#8221;1\/2&#8243;][vc_column_text]<strong><span style=\"color: #000000;\">AQUAMAT \u00ebsht\u00eb llac hidroizolues lyer\u00ebs me baz\u00eb cimento.<\/span><\/strong><\/p>\n<ul>\n<li><span style=\"color: #000000;\">Hidroizolim i plot\u00eb ndaj presionit hidrostatik pozitiv deri n\u00eb 5 atm, sipas EN 12390-8. Mund t&#8217;i rezistoj\u00eb edhe trysnis\u00eb negative.<\/span><\/li>\n<li><span style=\"color: #000000;\">Ngjitet n\u00eb m\u00ebnyr\u00eb t\u00eb shk\u00eblqyer n\u00eb n\u00ebnshtresa inorganike si betoni, mur tulle.<\/span><\/li>\n<li><span style=\"color: #000000;\">\u00cbsht\u00eb i p\u00ebrshtatsh\u00ebm p\u00ebr hidroizolimin e rezervuar\u00ebve t\u00eb ujit t\u00eb pijsh\u00ebm dhe t\u00eb sip\u00ebrfaqeve q\u00eb jan\u00eb n\u00eb kontakt me ushqime, sipas k\u00ebrkesave t\u00eb (standardeve) W-347.<\/span><\/li>\n<li><span style=\"color: #000000;\">Aplikohet me leht\u00ebsi dhe n\u00eb m\u00ebnyr\u00eb ekonomike.<\/span><\/li>\n<li><span style=\"color: #000000;\">Nuk oksidon (ndryshk) armatur\u00ebn e hekurit n\u00eb betonin e armuar.<\/span><\/li>\n<\/ul>\n<p><span style=\"color: #000000;\">Certifikuar sipas standardit EN 1504-2 dhe klasifikuar si shtres\u00eb p\u00ebr mbrojtjen e sip\u00ebrfaqeve t\u00eb betonit. Nr. i certifikat\u00ebs: 2032-CPR-10.11. Mban markimin CE.<\/span><\/p>\n<p><span style=\"color: #000000;\">P\u00ebrdoret p\u00ebr hidroizolimin e elementeve prej betoni, muri me tulla dhe suvas\u00eb. Aplikohet n\u00eb rastet q\u00eb nga lag\u00ebshtia e thjesht\u00eb deri nga uji me presion. \u00cbsht\u00eb i p\u00ebrshtatsh\u00ebm p\u00ebr hidroizolimin e bodrumeve, rezervuar\u00ebve, pishinave, rezervuar\u00ebve t\u00eb impianteve p\u00ebr pastrimin e uj\u00ebrave t\u00eb zeza. Ofron mund\u00ebsin\u00eb p\u00ebr hidroizolimin e m\u00ebpassh\u00ebm t\u00eb bodrumeve nga ana e brendshme, sepse ka rezistenc\u00eb ndaj presioneve hidrostatike negative, pa patur nevoj\u00eb p\u00ebr p\u00ebrforcime p\u00ebr arsye t\u00eb ngjitjes absolute me n\u00ebnshtres\u00ebn. N\u00eb rast se sip\u00ebrfaqja q\u00eb do t\u00eb hidroizolohet paraqet ose pritet t\u00eb paraqes\u00eb plasaritje t\u00eb im\u00ebta, si tarraca, ballkone, etj., rekomandohet p\u00ebrdorimi i llaceve hidroizoluese lyer\u00ebse 2 komponent\u00ebsh AQUAMAT-FLEX dhe AQUAMAT-ELASTIC.<\/span><\/p>\n<p><strong><span style=\"color: #000000;\">P\u00ebrdorimi<\/span><\/strong><\/p>\n<p><span style=\"color: #000000;\">AQUAMAT shtohet gradualisht n\u00eb uj\u00eb duke u p\u00ebrzier vazhdimisht, deri sa t\u00eb krijohet nj\u00eb mas\u00eb e but\u00eb homogjene, e p\u00ebrshtatshme p\u00ebr lyerje. Sip\u00ebrfaqja ku do t\u00eb aplikohet duhet t\u00eb laget me uj\u00eb, pa patur uj\u00ebra t\u00eb nd\u00ebnjur. Llaci aplikohet (shtrohet) me furc\u00eb n\u00eb dy ose m\u00eb shum\u00eb shtresa, n\u00eb var\u00ebsi t\u00eb shkall\u00ebs s\u00eb veprimit t\u00eb ujit. Shtresa me trash\u00ebsi m\u00eb t\u00eb madhe se 1 mm duhet t\u00eb evitohen p\u00ebr shkak t\u00eb rrezikut t\u00eb plasaritjes s\u00eb materialit. Cdo shtres\u00eb e re vijon pasi \u00ebsht\u00eb thar\u00eb shtresa e m\u00ebparshme. Sip\u00ebrfaqja e sapo lyer duhet t\u00eb mbrohet nga temperaturat e larta, shiu dhe ngrica.<\/span><\/p>\n<p><span style=\"color: #000000;\">N\u00eb n\u00ebnshtresa q\u00eb u n\u00ebnshtrohen tronditjeve ose tkurrje-bymimeve t\u00eb theksuara, si pllaka gipsi, pllaka zdrukthi, dysheme me sistem ngrohjeje q\u00eb kalon n\u00ebn to, tarraca, ballkone, pishina etj. konsiderohet i domosdosh\u00ebm elastifikimi i AQUAMAT. Kjo realizohet duke shtuar 5-10 kg ADIFLEX-B n\u00eb 25 kg AQUAMAT dhe sasi uji n\u00eb var\u00ebsi t\u00eb punueshm\u00ebris\u00eb s\u00eb d\u00ebshiruar.<\/span>[\/vc_column_text][vc_row_inner][vc_column_inner width=&#8221;1\/2&#8243;]<div class=\"standard-arrow bullet-top\"><ul>\n<li><span style=\"color: #000000;\">N\u00eb rastet kur kemi uj\u00eb me presion duhet pasur kujdes q\u00eb largimi i ujit me pomp\u00eb, q\u00eb mban m\u00eb posht\u00eb nivelin e uj\u00ebrave n\u00ebntok\u00ebsore, t\u00eb jet\u00eb i vazhduesh\u00ebm ( me regjim aoutomatik) gjat\u00eb gjith\u00eb periudh\u00ebs s\u00eb zbatimit t\u00eb punimeve dhe t\u00eb vazhdoj\u00eb deri sa t\u00eb ngurt\u00ebsohet n\u00eb m\u00ebnyr\u00eb t\u00eb mjaftueshme AQUAMAT, dometh\u00ebn\u00eb p\u00ebr rreth 7 dit\u00eb.<\/span><\/li>\n<li><span style=\"color: #000000;\">N\u00ebnshtresa mbi t\u00eb cil\u00ebn aplikohet shtresa hidroizoluese (mur,dysheme etj) duhet t\u00eb jet\u00eb llogaritur nga ana statike n\u00eb m\u00ebnyr\u00eb q\u00eb t\u00eb jet\u00eb e q\u00ebndrueshme nga veprimi i presionit hidrostatik t\u00eb ujit.<\/span><\/li>\n<li><span style=\"color: #000000;\">N\u00eb qoft\u00eb se \u00ebsht\u00eb b\u00ebr\u00eb hidroizolim i m\u00ebpassh\u00ebm nga ana e brendshme dhe dyshemeja \u00ebsht\u00eb e kalueshme (qarkullohet mbi t\u00eb), duhet q\u00eb sip\u00ebrfaqja e dyshemes\u00eb s\u00eb hidroizoluar me AQUAMAT t\u00eb mbrohet me nj\u00eb shtres\u00eb me llac cimento.<\/span><\/li>\n<\/ul>\n<\/div>[\/vc_column_inner][vc_column_inner width=&#8221;1\/2&#8243;]<div class=\"standard-arrow bullet-top\"><ul>\n<li><span style=\"color: #000000;\">Temperatura gjat\u00eb aplikimit (hidroizolimit) duhet t\u00eb jet\u00eb t\u00eb pakt\u00ebn +5 oC.<\/span><\/li>\n<li><span style=\"color: #000000;\">Produkti p\u00ebrmban cimento i cili reagon si alkal me ujin dhe klasifikohet si irritues.<\/span><\/li>\n<\/ul>\n<\/div>[\/vc_column_inner][\/vc_row_inner][vc_row_inner css=&#8221;.vc_custom_1683100048912{padding-top: 20px !important;}&#8221;][vc_column_inner width=&#8221;1\/2&#8243;]<div class=\"aio-icon-component    style_1\"><div id=\"Info-box-wrap-4782\" class=\"aio-icon-box default-icon\" style=\"\"  ><div class=\"aio-icon-default\"><div class=\"ult-just-icon-wrapper  \"><div class=\"align-icon\" style=\"text-align:center;\">\n<div class=\"aio-icon-img \" style=\"font-size:65px;display:inline-block;\" >\n\t<img decoding=\"async\" class=\"img-icon\" alt=\"null\" src=\"https:\/\/aedcolor.com\/wp-content\/uploads\/2023\/05\/image-2.png\"\/>\n<\/div><\/div><\/div><\/div><div class=\"aio-icon-header\" ><h3 class=\"aio-icon-title ult-responsive\"  data-ultimate-target='#Info-box-wrap-4782 .aio-icon-title'  data-responsive-json-new='{\"font-size\":\"\",\"line-height\":\"\"}'  style=\"\">Sip\u00ebrfaqe: Betoni<\/h3><\/div> <!-- header --><\/div> <!-- aio-icon-box --><\/div> <!-- aio-icon-component -->[\/vc_column_inner][vc_column_inner width=&#8221;1\/2&#8243;]<div class=\"aio-icon-component    style_1\"><div id=\"Info-box-wrap-8105\" class=\"aio-icon-box default-icon\" style=\"\"  ><div class=\"aio-icon-default\"><div class=\"ult-just-icon-wrapper  \"><div class=\"align-icon\" style=\"text-align:center;\">\n<div class=\"aio-icon-img \" style=\"font-size:65px;display:inline-block;\" >\n\t<img decoding=\"async\" class=\"img-icon\" alt=\"null\" src=\"https:\/\/aedcolor.com\/wp-content\/uploads\/2023\/05\/image-1.png\"\/>\n<\/div><\/div><\/div><\/div><div class=\"aio-icon-header\" ><h3 class=\"aio-icon-title ult-responsive\"  data-ultimate-target='#Info-box-wrap-8105 .aio-icon-title'  data-responsive-json-new='{\"font-size\":\"\",\"line-height\":\"\"}'  style=\"\">Aplikimi: Me fur\u00e7\u00eb<\/h3><\/div> <!-- header --><\/div> <!-- aio-icon-box --><\/div> <!-- aio-icon-component -->[\/vc_column_inner][\/vc_row_inner][\/vc_column][\/vc_row]<\/p>\n<\/div>","protected":false},"excerpt":{"rendered":"<p>[vc_row css=&#8221;.vc_custom_1683099634441{padding-bottom: 30px !important;}&#8221;][vc_column width=&#8221;2\/3&#8243;][vc_custom_heading text=&#8221;AQUAMAT&#8221; font_container=&#8221;tag:h2|font_size:50|text_align:left&#8221; use_theme_fonts=&#8221;yes&#8221;][\/vc_column][vc_column width=&#8221;1\/3&#8243;][\/vc_column][\/vc_row][vc_row][vc_column width=&#8221;1\/2&#8243;][vc_single_image image=&#8221;3537&#8243; img_size=&#8221;full&#8221;][\/vc_column][vc_column width=&#8221;1\/2&#8243;][vc_column_text]AQUAMAT \u00ebsht\u00eb llac hidroizolues lyer\u00ebs me baz\u00eb cimento. Hidroizolim i plot\u00eb ndaj presionit hidrostatik pozitiv deri n\u00eb 5 atm, sipas EN 12390-8. Mund t&#8217;i rezistoj\u00eb edhe trysnis\u00eb negative. Ngjitet n\u00eb m\u00ebnyr\u00eb t\u00eb shk\u00eblqyer n\u00eb n\u00ebnshtresa inorganike si betoni, mur tulle. \u00cbsht\u00eb i p\u00ebrshtatsh\u00ebm&hellip;<\/p>\n","protected":false},"author":2,"featured_media":0,"parent":0,"menu_order":0,"comment_status":"closed","ping_status":"closed","template":"","meta":{"footnotes":""},"class_list":["post-1480","page","type-page","status-publish","hentry","description-off"],"_links":{"self":[{"href":"https:\/\/aedcolor.com\/index.php\/wp-json\/wp\/v2\/pages\/1480","targetHints":{"allow":["GET"]}}],"collection":[{"href":"https:\/\/aedcolor.com\/index.php\/wp-json\/wp\/v2\/pages"}],"about":[{"href":"https:\/\/aedcolor.com\/index.php\/wp-json\/wp\/v2\/types\/page"}],"author":[{"embeddable":true,"href":"https:\/\/aedcolor.com\/index.php\/wp-json\/wp\/v2\/users\/2"}],"replies":[{"embeddable":true,"href":"https:\/\/aedcolor.com\/index.php\/wp-json\/wp\/v2\/comments?post=1480"}],"version-history":[{"count":19,"href":"https:\/\/aedcolor.com\/index.php\/wp-json\/wp\/v2\/pages\/1480\/revisions"}],"predecessor-version":[{"id":9084,"href":"https:\/\/aedcolor.com\/index.php\/wp-json\/wp\/v2\/pages\/1480\/revisions\/9084"}],"wp:attachment":[{"href":"https:\/\/aedcolor.com\/index.php\/wp-json\/wp\/v2\/media?parent=1480"}],"curies":[{"name":"wp","href":"https:\/\/api.w.org\/{rel}","templated":true}]}}