{"id":1538,"date":"2023-05-03T12:36:02","date_gmt":"2023-05-03T12:36:02","guid":{"rendered":"https:\/\/aedcolor.com\/?page_id=1538"},"modified":"2023-09-15T13:00:51","modified_gmt":"2023-09-15T13:00:51","slug":"aquamat-penetrate","status":"publish","type":"page","link":"https:\/\/aedcolor.com\/index.php\/aquamat-penetrate\/","title":{"rendered":"AQUAMAT &#8211; PENETRATE"},"content":{"rendered":"<div class=\"wpb-content-wrapper\"><p>[vc_row css=&#8221;.vc_custom_1683099634441{padding-bottom: 30px !important;}&#8221;][vc_column width=&#8221;2\/3&#8243;][vc_custom_heading text=&#8221;AQUAMAT &#8211; PENETRATE&#8221; font_container=&#8221;tag:h2|font_size:50|text_align:left&#8221; use_theme_fonts=&#8221;yes&#8221; link=&#8221;|title:AQUAMAT%20-%20SUPERELASTIC||&#8221;][\/vc_column][vc_column width=&#8221;1\/3&#8243;][\/vc_column][\/vc_row][vc_row][vc_column width=&#8221;1\/2&#8243;][vc_single_image image=&#8221;1539&#8243; img_size=&#8221;full&#8221;][\/vc_column][vc_column width=&#8221;1\/2&#8243;][vc_column_text]<span style=\"color: #000000;\"><strong>AQUAMAT-PENETRATE \u00ebsht\u00eb llac hidroizolues lyer\u00ebs me baz\u00eb cimento.<\/strong> P\u00ebrmban komponente kimike aktive t\u00eb posacme, t\u00eb cilat gjat\u00eb kontaktit t\u00eb tyre me lag\u00ebshtin\u00eb dhe me hidroksidin e kalciumit q\u00eb ekziston n\u00eb beton, reagojn\u00eb dhe krijojn\u00eb bashkime t\u00eb patretshme. K\u00ebto kristale mbyllin poret dhe gypat kapilar\u00eb t\u00eb betonit, duke e b\u00ebr\u00eb at\u00eb t\u00eb pap\u00ebrshkuesh\u00ebm nga uji (hidrofob).<\/span><\/p>\n<ul>\n<li><span style=\"color: #000000;\">Mbetet p\u00ebrher\u00eb aktiv, duke mbrojtur konstruksionin nga prezenca e ujit.<\/span><\/li>\n<li><span style=\"color: #000000;\">Ofron nj\u00eb hidroizolim total ndaj shtypjes hidrostatike pozitive derin\u00eb 5 atm, sipas standarteve EN12390-8. Mund t\u00eb p\u00ebrballoj\u00eb gjithashtu edhe shtypjen negative.<\/span><\/li>\n<li><span style=\"color: #000000;\">Mund t\u00eb mbyll plasaritje t\u00eb im\u00ebta me gjer\u00ebsi deri n\u00eb 0,4 mm, akoma edhe po u paraqit\u00ebn pas hidroizolimit.<\/span><\/li>\n<li><span style=\"color: #000000;\">Nuk influencohet hidroizolimi i konstruksionit nga d\u00ebmtimi i mundsh\u00ebm i sip\u00ebrfaqes s\u00eb betonit ose i shtres\u00ebs hidroizoluese.<\/span><\/li>\n<li><span style=\"color: #000000;\">Mbron konstruksionin nga rreziku i oksidimit t\u00eb armatur\u00ebs s\u00eb hekurit t\u00eb betonit.<\/span><\/li>\n<li><span style=\"color: #000000;\">\u00cbsht\u00eb\u00a0 i p\u00ebrshtatsh\u00ebm p\u00ebr hidroizolimin e rezervuar\u00ebve t\u00eb ujit t\u00eb pijsh\u00ebm dhe t\u00eb sip\u00ebrfaqeve q\u00eb jan\u00eb n\u00eb kontakt me ushqime, sipas k\u00ebrkesave t\u00eb (standardeve) W-347, EPA 330.5 dhe EPA 110.2.<\/span><\/li>\n<li><span style=\"color: #000000;\">Nuk influencon transpirimin (frym\u00ebmarrjen) e elementeve konstruktive<\/span><\/li>\n<li><span style=\"color: #000000;\">Aplikohet me leht\u00ebsi dhe n\u00eb m\u00ebnyr\u00eb ekonomike.<\/span><\/li>\n<\/ul>\n<p><span style=\"color: #000000;\">Aplikohet p\u00ebr hidroizolimin e elementeve prej betoni, n\u00eb rastet q\u00eb nga lag\u00ebshtia e thjesht\u00eb deri nga uji me presion. \u00cbsht\u00eb i pvrshtatsh\u00ebm p\u00ebr hidroizolimin e bodrumeve, themeleve, pusetave, rezervuar\u00ebve t\u00eb ujit t\u00eb pijsh\u00ebm dhe atyre t\u00eb impianteve p\u00ebr pastrimin e uj\u00ebrave t\u00eb zeza.<\/span><\/p>\n<p><strong><span style=\"color: #000000;\">P\u00ebrdorimi<\/span><\/strong><\/p>\n<p><span style=\"color: #000000;\">AQUAMAT-PENETRATE shtohet gradualisht n\u00eb uj\u00eb duke u p\u00ebrzier vazhdimisht, deri sa t\u00eb krijohet nj\u00eb p\u00ebrzierje homogjene, e p\u00ebrshtatshme p\u00ebr lyerje ose sp\u00ebrkatje. Sip\u00ebrfaqja ku do t\u00eb aplikohet duhet t\u00eb laget me uj\u00eb, pa patur uj\u00ebra t\u00eb ndenjur. Llaci aplikohet (shtrohet) me furc\u00eb ose me pomp\u00eb sp\u00ebrkat\u00ebse n\u00eb dy shtresa. Shtresa me trash\u00ebsi m\u00eb t\u00eb madhe se 1 mm duhet t\u00eb evitohen p\u00ebr shkak t\u00eb rrezikut t\u00eb plasaritjes s\u00eb materialit. Shtresa e dyt\u00eb aplikohet pasi ka filluar t\u00eb ngurt\u00ebsohet shtresa e par\u00eb dhe nuk d\u00ebmtohet (zakonisht pas 1-2 or\u00ebsh). N\u00eb rast se shtresa e par\u00eb \u00ebsht\u00eb thar\u00eb plot\u00ebsisht duhet q\u00eb ajo t\u00eb laget me uj\u00eb para se t\u00eb aplikohet shtresa e dyt\u00eb.<\/span>[\/vc_column_text][vc_row_inner][vc_column_inner width=&#8221;1\/2&#8243;]<div class=\"standard-arrow bullet-top\"><ul>\n<li><span style=\"color: #000000;\">N\u00ebnshtresa mbi t\u00eb cil\u00ebn aplikohet shtresa hidroizoluese (mur, dysheme etj) duhet t\u00eb jet\u00eb llogaritur nga ana statike n\u00eb m\u00ebnyr\u00eb q\u00eb t\u00eb jet\u00eb e q\u00ebndrueshme nga veprimi i presionit hidrostatik t\u00eb ujit.<\/span><\/li>\n<li><span style=\"color: #000000;\">N\u00eb rastin kur AQUAMAT-PENETRATE aplikohet n\u00eb rezervuar\u00eb t\u00eb ujit t\u00eb pijsh\u00ebm, duhet q\u00eb shtresa hidroizoluese, pas ngurt\u00ebsimit t\u00eb saj t\u00eb plot\u00eb dhe para se t\u00eb mbushet me uj\u00eb t\u00eb pijsh\u00ebm, t\u00eb shp\u00ebrlahet me shum\u00eb kujdes me uj\u00eb.<\/span><\/li>\n<li><span style=\"color: #000000;\">AQUAMAT-PENETRATE mund t\u00eb hidhet n\u00eb form\u00ebn e pluhurit si n\u00eb betonin e past\u00ebr ashtu edhe n\u00eb p\u00ebrforcimet e celikut. Ky proces dot\u00eb mbroj\u00eb jo vet\u00ebm vet\u00eb armatur\u00ebn, por edhe pllak\u00ebn e themelit nga rritja e nivelit t\u00eb lag\u00ebshtir\u00ebs. Betoni i but\u00eb duhet t\u00eb laget derisa t\u00eb arrihet ngopja. M\u00eb pas, AQUAMAT-PENETRATE hidhet si pluhur duke p\u00ebrdorur 1,5-2,5 kg\/m2 material. Betoni i pllak\u00ebs s\u00eb themelit mund t\u00eb derdhet pas nj\u00eb ore, pasi AQUAMAT-PENETRATE t\u00eb jet\u00eb ngurt\u00ebsuar dhe ngjitur n\u00eb betonin e past\u00ebr, p\u00ebr t\u00eb mos d\u00ebmtuar kvshtu shtres\u00ebn e m\u00ebsipvrme.\u00a0<\/span><\/li>\n<\/ul>\n<\/div>[\/vc_column_inner][vc_column_inner width=&#8221;1\/2&#8243;]<div class=\"standard-arrow bullet-top\"><ul>\n<li><span style=\"color: #000000;\">Temperatura gjat\u00eb aplikimit (hidroizolimit) duhet t\u00eb jet\u00eb t\u00eb pakt\u00ebn +5 oC.<\/span><\/li>\n<li><span style=\"color: #000000;\">Produkti p\u00ebrmban cimento i cili reagon si alkal me ujin dhe klasifikohet si irritues.<\/span><\/li>\n<li><span style=\"color: #000000;\">N\u00eb rast se shtresa hidroizoluese me AQUAMAT-PENETRATE do t\u00eb mbulohet (vishet) me llac cimento, suva ose pllaka, k\u00ebshillohuni me Sektorin p\u00ebr Asistenc\u00eb Teknike t\u00eb ISOMAT.<\/span><\/li>\n<\/ul>\n<\/div>[\/vc_column_inner][\/vc_row_inner][vc_row_inner css=&#8221;.vc_custom_1683100048912{padding-top: 20px !important;}&#8221;][vc_column_inner width=&#8221;1\/2&#8243;]<div class=\"aio-icon-component    style_1\"><div id=\"Info-box-wrap-6389\" class=\"aio-icon-box default-icon\" style=\"\"  ><div class=\"aio-icon-default\"><div class=\"ult-just-icon-wrapper  \"><div class=\"align-icon\" style=\"text-align:center;\">\n<div class=\"aio-icon-img \" style=\"font-size:65px;display:inline-block;\" >\n\t<img decoding=\"async\" class=\"img-icon\" alt=\"null\" src=\"https:\/\/aedcolor.com\/wp-content\/uploads\/2023\/05\/image-2.png\"\/>\n<\/div><\/div><\/div><\/div><div class=\"aio-icon-header\" ><h3 class=\"aio-icon-title ult-responsive\"  data-ultimate-target='#Info-box-wrap-6389 .aio-icon-title'  data-responsive-json-new='{\"font-size\":\"\",\"line-height\":\"\"}'  style=\"\">Sip\u00ebrfaqe: Betoni<\/h3><\/div> <!-- header --><\/div> <!-- aio-icon-box --><\/div> <!-- aio-icon-component -->[\/vc_column_inner][vc_column_inner width=&#8221;1\/2&#8243;]<div class=\"aio-icon-component    style_1\"><div id=\"Info-box-wrap-5500\" class=\"aio-icon-box default-icon\" style=\"\"  ><div class=\"aio-icon-default\"><div class=\"ult-just-icon-wrapper  \"><div class=\"align-icon\" style=\"text-align:center;\">\n<div class=\"aio-icon-img \" style=\"font-size:65px;display:inline-block;\" >\n\t<img decoding=\"async\" class=\"img-icon\" alt=\"null\" src=\"https:\/\/aedcolor.com\/wp-content\/uploads\/2023\/05\/image-1.png\"\/>\n<\/div><\/div><\/div><\/div><div class=\"aio-icon-header\" ><h3 class=\"aio-icon-title ult-responsive\"  data-ultimate-target='#Info-box-wrap-5500 .aio-icon-title'  data-responsive-json-new='{\"font-size\":\"\",\"line-height\":\"\"}'  style=\"\">Aplikimi: Me fur\u00e7\u00eb<\/h3><\/div> <!-- header --><\/div> <!-- aio-icon-box --><\/div> <!-- aio-icon-component -->[\/vc_column_inner][\/vc_row_inner][\/vc_column][\/vc_row]<\/p>\n<\/div>","protected":false},"excerpt":{"rendered":"<p>[vc_row css=&#8221;.vc_custom_1683099634441{padding-bottom: 30px !important;}&#8221;][vc_column width=&#8221;2\/3&#8243;][vc_custom_heading text=&#8221;AQUAMAT &#8211; PENETRATE&#8221; font_container=&#8221;tag:h2|font_size:50|text_align:left&#8221; use_theme_fonts=&#8221;yes&#8221; link=&#8221;|title:AQUAMAT%20-%20SUPERELASTIC||&#8221;][\/vc_column][vc_column width=&#8221;1\/3&#8243;][\/vc_column][\/vc_row][vc_row][vc_column width=&#8221;1\/2&#8243;][vc_single_image image=&#8221;1539&#8243; img_size=&#8221;full&#8221;][\/vc_column][vc_column width=&#8221;1\/2&#8243;][vc_column_text]AQUAMAT-PENETRATE \u00ebsht\u00eb llac hidroizolues lyer\u00ebs me baz\u00eb cimento. P\u00ebrmban komponente kimike aktive t\u00eb posacme, t\u00eb cilat gjat\u00eb kontaktit t\u00eb tyre me lag\u00ebshtin\u00eb dhe me hidroksidin e kalciumit q\u00eb ekziston n\u00eb beton, reagojn\u00eb dhe krijojn\u00eb bashkime t\u00eb patretshme. K\u00ebto kristale mbyllin&hellip;<\/p>\n","protected":false},"author":2,"featured_media":0,"parent":0,"menu_order":0,"comment_status":"closed","ping_status":"closed","template":"","meta":{"footnotes":""},"class_list":["post-1538","page","type-page","status-publish","hentry","description-off"],"_links":{"self":[{"href":"https:\/\/aedcolor.com\/index.php\/wp-json\/wp\/v2\/pages\/1538","targetHints":{"allow":["GET"]}}],"collection":[{"href":"https:\/\/aedcolor.com\/index.php\/wp-json\/wp\/v2\/pages"}],"about":[{"href":"https:\/\/aedcolor.com\/index.php\/wp-json\/wp\/v2\/types\/page"}],"author":[{"embeddable":true,"href":"https:\/\/aedcolor.com\/index.php\/wp-json\/wp\/v2\/users\/2"}],"replies":[{"embeddable":true,"href":"https:\/\/aedcolor.com\/index.php\/wp-json\/wp\/v2\/comments?post=1538"}],"version-history":[{"count":5,"href":"https:\/\/aedcolor.com\/index.php\/wp-json\/wp\/v2\/pages\/1538\/revisions"}],"predecessor-version":[{"id":9088,"href":"https:\/\/aedcolor.com\/index.php\/wp-json\/wp\/v2\/pages\/1538\/revisions\/9088"}],"wp:attachment":[{"href":"https:\/\/aedcolor.com\/index.php\/wp-json\/wp\/v2\/media?parent=1538"}],"curies":[{"name":"wp","href":"https:\/\/api.w.org\/{rel}","templated":true}]}}