{"id":1544,"date":"2023-05-03T13:02:04","date_gmt":"2023-05-03T13:02:04","guid":{"rendered":"https:\/\/aedcolor.com\/?page_id=1544"},"modified":"2023-09-16T06:32:30","modified_gmt":"2023-09-16T06:32:30","slug":"aquamat-admix","status":"publish","type":"page","link":"https:\/\/aedcolor.com\/index.php\/aquamat-admix\/","title":{"rendered":"AQUAMAT &#8211; ADMIX"},"content":{"rendered":"<div class=\"wpb-content-wrapper\"><p>[vc_row css=&#8221;.vc_custom_1683099634441{padding-bottom: 30px !important;}&#8221;][vc_column width=&#8221;2\/3&#8243;][vc_custom_heading text=&#8221;AQUAMAT &#8211; ADMIX&#8221; font_container=&#8221;tag:h2|font_size:50|text_align:left&#8221; use_theme_fonts=&#8221;yes&#8221; link=&#8221;|title:AQUAMAT%20-%20SUPERELASTIC||&#8221;][\/vc_column][vc_column width=&#8221;1\/3&#8243;][\/vc_column][\/vc_row][vc_row][vc_column width=&#8221;1\/2&#8243;][vc_single_image image=&#8221;375&#8243; img_size=&#8221;full&#8221;][\/vc_column][vc_column width=&#8221;1\/2&#8243;][vc_column_text]<span style=\"color: #000000;\"><strong>AQUAMAT-ADMIX \u00ebsht\u00eb nj\u00eb p\u00ebrzjerje n\u00eb form\u00eb pluhuri.<\/strong> P\u00ebrmban cimento dhe kimikate aktive t\u00eb vecanta, t\u00eb cilat kur bien n\u00eb kontakt me lag\u00ebshtin\u00eb dhe g\u00eblqeren e lir\u00eb t\u00eb betonit, reagojn\u00eb dhe formojn\u00eb lidhje t\u00eb patretshme (kristale). K\u00ebto kristale bllokojn\u00eb poret kapilare dhe plasaritjet e tkurrjes brenda betonit, duke ofruar mbrojtje kundra dep\u00ebrtimit nga uji me presion hidrostatik t\u00eb lart\u00eb. Ofron avantazhet e m\u00ebposhtme:<\/span><\/p>\n<ul>\n<li><span style=\"color: #000000;\">Hidroizolim n\u00eb presion pozitiv dhe negativ uji.<\/span><\/li>\n<li><span style=\"color: #000000;\">Ul n\u00eb m\u00ebnyr\u00eb t\u00eb ndjeshme thithjen kapilare t\u00eb ujit.<\/span><\/li>\n<li><span style=\"color: #000000;\">\u00cbsht\u00eb p\u00ebrher\u00eb aktiv p\u00ebr gjith\u00eb jet\u00ebgjat\u00ebsin\u00eb e struktur\u00ebs, k\u00ebshtu q\u00eb mbron vazhdimisht nd\u00ebrtes\u00ebn nga cdo lloj dep\u00ebrtimi nga uji.<\/span><\/li>\n<li><span style=\"color: #000000;\">\u00cbsht\u00eb i aft\u00eb q\u00eb t\u00eb izoloj\u00eb plasaritje shum\u00eb t\u00eb holla me gjer\u00ebsi deri n\u00eb 0,4 mm, kur ato shfaqen m\u00eb von\u00eb.<\/span><\/li>\n<li><span style=\"color: #000000;\">Nuk ka asnj\u00eb ndikim n\u00eb dep\u00ebrtueshm\u00ebrin\u00eb e elementit t\u00eb betonit nga avulli.<\/span><\/li>\n<li><span style=\"color: #000000;\">Nuk oksidon (ndryshk) armatur\u00ebn e hekurit n\u00eb betonin e armuar.<\/span><\/li>\n<li><span style=\"color: #000000;\">Nuk vepron si gazformues<\/span><\/li>\n<li><span style=\"color: #000000;\">Nuk p\u00ebrmban klorur\u00eb ose komponente t\u00eb tjera g\u00ebrryese (korrozive)<\/span><\/li>\n<li><span style=\"color: #000000;\">Mund t\u00eb p\u00ebrdoret me t\u00eb gjitha llojet e cimentove Portland.<\/span><\/li>\n<\/ul>\n<p><span style=\"color: #000000;\">AQUAMAT-ADMIX \u00ebsht\u00eb i p\u00ebrshtatsh\u00ebm p\u00ebr cdo lloj element betoni, i cili ndodhet vazhdimisht ose p\u00ebrkoh\u00ebsisht n\u00eb kontakt me ujin si themele, bodrume, rezervuar\u00eb uji, tunele, kanale, rezervuar\u00ebve t\u00eb impianteve p\u00ebr pastrimin e uj\u00ebrave t\u00eb zeza, pishina etj.<\/span><\/p>\n<p><span style=\"color: #000000;\">Meqen\u00ebse AQUAMAT-ADMIX \u00ebsht\u00eb n\u00eb form\u00eb pluhuri, nuk duhet asnj\u00ebher\u00eb t\u00eb shtohet direkt n\u00eb beton t\u00ebnjom\u00eb sepse \u00ebsht\u00eb e mundshme t\u00eb krijohen grumbullime dhe materiali mos t\u00eb shp\u00ebrndahet n\u00eb m\u00ebnyr\u00eb sic duhet.<\/span>[\/vc_column_text][vc_row_inner][vc_column_inner width=&#8221;1\/2&#8243;]<div class=\"standard-arrow bullet-top\"><ul>\n<li><span style=\"color: #000000;\">AQUAMAT-ADMIX mund t\u00eb influencoj\u00eb koh\u00ebn e mpiksjes dhe rezistenc\u00ebn p\u00ebrfundimtare t\u00eb betonit. Shkalla e influenc\u00ebs t\u00eb varet nga p\u00ebrb\u00ebrja e betonit q\u00eb p\u00ebrdoret. P\u00ebr k\u00ebt\u00eb arsye rekomandohet t\u00eb p\u00ebrgatiten p\u00ebrzierje p\u00ebr prova q\u00eb t\u00eb p\u00ebrkufizohet sa do ndryshojn\u00eb vetit\u00eb e betonit n\u00eb p\u00ebrdorim.<\/span><\/li>\n<li><span style=\"color: #000000;\">Produkti p\u00ebrmban cimento i cili reagon si alkal me ujin dhe klasifikohet si irritues.<\/span><\/li>\n<\/ul>\n<\/div>[\/vc_column_inner][vc_column_inner width=&#8221;1\/2&#8243;]<div class=\"standard-arrow bullet-top\"><ul>\n<li><span style=\"color: #000000;\">N\u00eb rastin q\u00eb AQUAMAT-ADMIX shtohet n\u00eb form\u00eb llaci n\u00eb cimenton e njomur, raporti uj\u00eb-cimento i betonit nuk ka ndryshim t\u00eb ndjesh\u00ebm sepse p\u00ebrvec ujit q\u00eb p\u00ebrmban llaci, cimentoja q\u00eb ndodhet n\u00eb AQUAMAT-ADMIX shtohet gjithashtu.<\/span><\/li>\n<li><span style=\"color: #000000;\">Duhet t\u00eb zbatohen rregulloret specifike lokale n\u00eb lidhje me prodhimin e betonit t\u00eb pap\u00ebrshkuesh\u00ebm nga uji.<\/span><\/li>\n<\/ul>\n<\/div>[\/vc_column_inner][\/vc_row_inner][vc_row_inner css=&#8221;.vc_custom_1683100048912{padding-top: 20px !important;}&#8221;][vc_column_inner width=&#8221;1\/2&#8243;]<div class=\"aio-icon-component    style_1\"><div id=\"Info-box-wrap-4372\" class=\"aio-icon-box default-icon\" style=\"\"  ><div class=\"aio-icon-default\"><div class=\"ult-just-icon-wrapper  \"><div class=\"align-icon\" style=\"text-align:center;\">\n<div class=\"aio-icon-img \" style=\"font-size:65px;display:inline-block;\" >\n\t<img decoding=\"async\" class=\"img-icon\" alt=\"null\" src=\"https:\/\/aedcolor.com\/wp-content\/uploads\/2023\/05\/image-2.png\"\/>\n<\/div><\/div><\/div><\/div><div class=\"aio-icon-header\" ><h3 class=\"aio-icon-title ult-responsive\"  data-ultimate-target='#Info-box-wrap-4372 .aio-icon-title'  data-responsive-json-new='{\"font-size\":\"\",\"line-height\":\"\"}'  style=\"\">Sip\u00ebrfaqe: Betoni<\/h3><\/div> <!-- header --><\/div> <!-- aio-icon-box --><\/div> <!-- aio-icon-component -->[\/vc_column_inner][vc_column_inner width=&#8221;1\/2&#8243;]<div class=\"aio-icon-component    style_1\"><div id=\"Info-box-wrap-4327\" class=\"aio-icon-box default-icon\" style=\"\"  ><div class=\"aio-icon-default\"><div class=\"ult-just-icon-wrapper  \"><div class=\"align-icon\" style=\"text-align:center;\">\n<div class=\"aio-icon-img \" style=\"font-size:65px;display:inline-block;\" >\n\t<img decoding=\"async\" class=\"img-icon\" alt=\"null\" src=\"https:\/\/aedcolor.com\/wp-content\/uploads\/2023\/05\/image-1.png\"\/>\n<\/div><\/div><\/div><\/div><div class=\"aio-icon-header\" ><h3 class=\"aio-icon-title ult-responsive\"  data-ultimate-target='#Info-box-wrap-4327 .aio-icon-title'  data-responsive-json-new='{\"font-size\":\"\",\"line-height\":\"\"}'  style=\"\">Aplikimi: Me fur\u00e7\u00eb<\/h3><\/div> <!-- header --><\/div> <!-- aio-icon-box --><\/div> <!-- aio-icon-component -->[\/vc_column_inner][\/vc_row_inner][\/vc_column][\/vc_row]<\/p>\n<\/div>","protected":false},"excerpt":{"rendered":"<p>[vc_row css=&#8221;.vc_custom_1683099634441{padding-bottom: 30px !important;}&#8221;][vc_column width=&#8221;2\/3&#8243;][vc_custom_heading text=&#8221;AQUAMAT &#8211; ADMIX&#8221; font_container=&#8221;tag:h2|font_size:50|text_align:left&#8221; use_theme_fonts=&#8221;yes&#8221; link=&#8221;|title:AQUAMAT%20-%20SUPERELASTIC||&#8221;][\/vc_column][vc_column width=&#8221;1\/3&#8243;][\/vc_column][\/vc_row][vc_row][vc_column width=&#8221;1\/2&#8243;][vc_single_image image=&#8221;375&#8243; img_size=&#8221;full&#8221;][\/vc_column][vc_column width=&#8221;1\/2&#8243;][vc_column_text]AQUAMAT-ADMIX \u00ebsht\u00eb nj\u00eb p\u00ebrzjerje n\u00eb form\u00eb pluhuri. P\u00ebrmban cimento dhe kimikate aktive t\u00eb vecanta, t\u00eb cilat kur bien n\u00eb kontakt me lag\u00ebshtin\u00eb dhe g\u00eblqeren e lir\u00eb t\u00eb betonit, reagojn\u00eb dhe formojn\u00eb lidhje t\u00eb patretshme (kristale). K\u00ebto kristale bllokojn\u00eb poret kapilare&hellip;<\/p>\n","protected":false},"author":2,"featured_media":0,"parent":0,"menu_order":0,"comment_status":"closed","ping_status":"closed","template":"","meta":{"footnotes":""},"class_list":["post-1544","page","type-page","status-publish","hentry","description-off"],"_links":{"self":[{"href":"https:\/\/aedcolor.com\/index.php\/wp-json\/wp\/v2\/pages\/1544","targetHints":{"allow":["GET"]}}],"collection":[{"href":"https:\/\/aedcolor.com\/index.php\/wp-json\/wp\/v2\/pages"}],"about":[{"href":"https:\/\/aedcolor.com\/index.php\/wp-json\/wp\/v2\/types\/page"}],"author":[{"embeddable":true,"href":"https:\/\/aedcolor.com\/index.php\/wp-json\/wp\/v2\/users\/2"}],"replies":[{"embeddable":true,"href":"https:\/\/aedcolor.com\/index.php\/wp-json\/wp\/v2\/comments?post=1544"}],"version-history":[{"count":5,"href":"https:\/\/aedcolor.com\/index.php\/wp-json\/wp\/v2\/pages\/1544\/revisions"}],"predecessor-version":[{"id":9094,"href":"https:\/\/aedcolor.com\/index.php\/wp-json\/wp\/v2\/pages\/1544\/revisions\/9094"}],"wp:attachment":[{"href":"https:\/\/aedcolor.com\/index.php\/wp-json\/wp\/v2\/media?parent=1544"}],"curies":[{"name":"wp","href":"https:\/\/api.w.org\/{rel}","templated":true}]}}