{"id":1617,"date":"2023-05-04T07:49:08","date_gmt":"2023-05-04T07:49:08","guid":{"rendered":"https:\/\/aedcolor.com\/?page_id=1617"},"modified":"2023-09-16T12:16:43","modified_gmt":"2023-09-16T12:16:43","slug":"marmocryl-fine-2","status":"publish","type":"page","link":"https:\/\/aedcolor.com\/index.php\/marmocryl-fine-2\/","title":{"rendered":"MARMOCRYL Fine"},"content":{"rendered":"<div class=\"wpb-content-wrapper\"><p>[vc_row css=&#8221;.vc_custom_1683099634441{padding-bottom: 30px !important;}&#8221;][vc_column width=&#8221;2\/3&#8243;][vc_custom_heading text=&#8221;MARMOCRYL Fine&#8221; font_container=&#8221;tag:h2|font_size:50|text_align:left&#8221; use_theme_fonts=&#8221;yes&#8221; link=&#8221;|title:AQUAMAT%20-%20SUPERELASTIC||&#8221;][\/vc_column][vc_column width=&#8221;1\/3&#8243;][\/vc_column][\/vc_row][vc_row][vc_column width=&#8221;1\/2&#8243;][vc_single_image image=&#8221;1618&#8243; img_size=&#8221;full&#8221;][\/vc_column][vc_column width=&#8221;1\/2&#8243;][vc_column_text]<span style=\"color: #000000;\"><strong>MARMOCRYL Fine \u00ebsht\u00eb nj\u00eb suva e gatshme akrilike n\u00eb trajt\u00eb brumi, e bardh\u00eb ose me ngjyr\u00eb.<\/strong> P\u00ebrb\u00ebhet nga materiale inerte me madh\u00ebsi t\u00eb vecant\u00eb t\u00eb grimcave t\u00eb bluara, p\u00ebr t\u00eb krijuar nj\u00eb sip\u00ebrfaqe dekorative t\u00eb l\u00ebmuar. Ajo ofron avantazhet e m\u00ebposhtme:<\/span><\/p>\n<ul>\n<li><span style=\"color: #000000;\">Elasticitet t\u00eb lart\u00eb dhe ngjitje t\u00eb shk\u00eblqyer me n\u00ebnshtres\u00ebn.<\/span><\/li>\n<li><span style=\"color: #000000;\">Largim t\u00eb plot\u00eb t\u00eb ujit, sipas EN 1062-3.<\/span><\/li>\n<li><span style=\"color: #000000;\">P\u00ebrshkueshm\u00ebri t\u00eb shk\u00eblqyer t\u00eb avujve t\u00eb ujit.<\/span><\/li>\n<li><span style=\"color: #000000;\">Nuk \u00ebsht\u00eb m\u00eb e nevojshme lyerja e fasad\u00ebs.<\/span><\/li>\n<li><span style=\"color: #000000;\">Rezistenc\u00eb ndaj l\u00ebnd\u00ebve alkaline sipas DIN 18556.<\/span><\/li>\n<li><span style=\"color: #000000;\">Parandalim t\u00eb plasaritjeve, ndryshe nga suvaja e zakonshme me cimento dhe g\u00eblqere.<\/span><\/li>\n<li><span style=\"color: #000000;\">Thjeshton dhe p\u00ebrshpejton p\u00ebrdorimin.<\/span><\/li>\n<li><span style=\"color: #000000;\">P\u00ebrshtatshm\u00ebri p\u00ebr pvrdorim n\u00eb mjedise t\u00eb brendshme dhe t\u00eb jashtme.<\/span><\/li>\n<\/ul>\n<p><span style=\"color: #000000;\">\u00cbsht\u00eb certifikuar me shenj\u00ebn CE sipas EN 15824:2017. MARMOCRYL Fine ka p\u00ebrfituar nj\u00eb Deklarat\u00eb Produkti Mjedisor (EPD) n\u00eb vijim t\u00eb nj\u00eb vler\u00ebsimi t\u00eb impaktit mjedisor t\u00eb ciklit t\u00eb tij t\u00eb jet\u00ebs. Numri i regjistrimit: S-P-09187. MARMOCRYL Fine p\u00ebrdoret si dora e fundit n\u00eb pun\u00ebt e suvatimit, p\u00ebr t\u00eb krijuar nj\u00eb shtres\u00eb sipvrfaq\u00ebsore finale t\u00eb bardh\u00eb ose me ngjyr\u00eb, me aft\u00ebsi uj\u00eblarguese dhe me p\u00ebrb\u00ebrje t\u00eb l\u00ebmuar (shtres\u00eb e holl\u00eb). Ajo mund t\u00eb aplikohet n\u00eb t\u00eb gjitha llojet e materialeve t\u00eb nd\u00ebrtimit, si suva, beton, pllaka cimentoje, pllaka gipsi etj. E p\u00ebrshtatshme p\u00ebr p\u00ebrdorim n\u00eb ambiente t\u00eb jashtme dhe t\u00eb brendshme. Ajo z\u00ebvend\u00ebson dor\u00ebn e fundit t\u00eb suvas\u00eb. P\u00ebr shkak t\u00eb elasticitetit t\u00eb lart\u00eb dhe ngjitjes s\u00eb shk\u00eblqyer me n\u00ebnshtres\u00ebn, ajo mund t\u00eb p\u00ebrdoret gjithashtu si shtres\u00eb ideale finale p\u00ebr fasadat e jashtme me termoizolim.<\/span><\/p>\n<p><strong><span style=\"color: #000000;\">N\u00ebnshtresa<\/span><\/strong><\/p>\n<p><span style=\"color: #000000;\">Sip\u00ebrfaqja duhet t\u00eb jet\u00eb e that\u00eb dhe pa pluhur, materiale me vaj ose pa materiale t\u00eb lira. Pas k\u00ebsaj b\u00ebhet lyerja me astar duke p\u00ebrdorur astarin FLEX-PRIMER ose ML-PRIMER. Sip\u00ebrfaqet e l\u00ebmuara ose q\u00eb nuk kan\u00eb aft\u00ebsi thith\u00ebse duhet t\u00eb lyhen me PL-BOND. MARMOCRYL Fine aplikohet pasi \u00ebsht\u00eb thar\u00eb shtresa e astarit t\u00eb p\u00ebrdorur.<\/span><\/p>\n<p><strong><span style=\"color: #000000;\">P\u00ebrdorimi<\/span><\/strong><\/p>\n<p><span style=\"color: #000000;\">MARMOCRYL Fine duhet t\u00eb trazohet plot\u00ebsisht mir\u00eb p\u00ebrpara p\u00ebrdorimit. Suvaja aplikohet me dor\u00eb duke p\u00ebrdorur nj\u00eb spatul t\u00eb l\u00ebmuar metalike prej inoksi ose aplikohet me nj\u00eb makineri suvatuese. Kur \u00ebsht\u00eb ende e njom\u00eb (pas rreth 5-15 minutash), suvaja trajtohet (ngjishet) me spatul plastike. Koha e pun\u00ebs varet nga aft\u00ebsia thith\u00ebse e n\u00ebnshtres\u00ebs dhe temperatura e ambientit.<\/span>[\/vc_column_text][vc_row_inner][vc_column_inner width=&#8221;1\/2&#8243;]<div class=\"standard-arrow bullet-top\"><ul>\n<li><span style=\"color: #000000;\">Kok\u00ebrrat natyrale q\u00eb p\u00ebrdoren n\u00eb suva mund t\u00eb shkaktojn\u00eb ndryshime t\u00eb vogla n\u00eb ngjyr\u00eb. P\u00ebr k\u00ebt\u00eb arsye dhe p\u00ebr t\u00eb arritur nj\u00eb rezultat uniform ngjyre, rekomandohet q\u00eb produkti t\u00eb jet\u00eb nga i nj\u00ebjti grup prodhimi ose t\u00eb p\u00ebrziehen grupet e ndryshme. Gjithashtu, ngjyra p\u00ebrfundimtare mund t\u00eb influencohet nga temperatura e n\u00ebnshtres\u00ebs dhe nga lag\u00ebshtia.<\/span><\/li>\n<li><span style=\"color: #000000;\">Temperatura gjat\u00eb aplikimit duhet t\u00eb jet\u00eb nga +5 oC deri n\u00eb +35 oC.<\/span><\/li>\n<\/ul>\n<\/div>[\/vc_column_inner][vc_column_inner width=&#8221;1\/2&#8243;]<div class=\"standard-arrow bullet-top\"><ul>\n<li><span style=\"color: #000000;\">Nd\u00ebrsa \u00ebsht\u00eb ende e njom\u00eb, MARMOCRYL Fine duhet t\u00eb mbrohet nga temperaturat e larta, nga shiu dhe nga ngrica.<\/span><\/li>\n<\/ul>\n<\/div>[\/vc_column_inner][\/vc_row_inner][vc_row_inner css=&#8221;.vc_custom_1683100048912{padding-top: 20px !important;}&#8221;][vc_column_inner width=&#8221;1\/2&#8243;]<div class=\"aio-icon-component    style_1\"><div id=\"Info-box-wrap-1147\" class=\"aio-icon-box default-icon\" style=\"\"  ><div class=\"aio-icon-default\"><div class=\"ult-just-icon-wrapper  \"><div class=\"align-icon\" style=\"text-align:center;\">\n<div class=\"aio-icon-img \" style=\"font-size:65px;display:inline-block;\" >\n\t<img decoding=\"async\" class=\"img-icon\" alt=\"null\" src=\"https:\/\/aedcolor.com\/wp-content\/uploads\/2023\/05\/image-2.png\"\/>\n<\/div><\/div><\/div><\/div><div class=\"aio-icon-header\" ><h3 class=\"aio-icon-title ult-responsive\"  data-ultimate-target='#Info-box-wrap-1147 .aio-icon-title'  data-responsive-json-new='{\"font-size\":\"\",\"line-height\":\"\"}'  style=\"\">Sip\u00ebrfaqe: Betoni, \u00e7imento, pllaka gipsi<\/h3><\/div> <!-- header --><\/div> <!-- aio-icon-box --><\/div> <!-- aio-icon-component -->[\/vc_column_inner][vc_column_inner width=&#8221;1\/2&#8243;]<div class=\"aio-icon-component    style_1\"><div id=\"Info-box-wrap-3659\" class=\"aio-icon-box default-icon\" style=\"\"  ><div class=\"aio-icon-default\"><div class=\"ult-just-icon-wrapper  \"><div class=\"align-icon\" style=\"text-align:center;\">\n<div class=\"aio-icon-img \" style=\"font-size:65px;display:inline-block;\" >\n\t<img decoding=\"async\" class=\"img-icon\" alt=\"null\" src=\"https:\/\/aedcolor.com\/wp-content\/uploads\/2023\/05\/image-1.png\"\/>\n<\/div><\/div><\/div><\/div><div class=\"aio-icon-header\" ><h3 class=\"aio-icon-title ult-responsive\"  data-ultimate-target='#Info-box-wrap-3659 .aio-icon-title'  data-responsive-json-new='{\"font-size\":\"\",\"line-height\":\"\"}'  style=\"\">Aplikimi: Mistri prej \u00e7eliku<\/h3><\/div> <!-- header --><\/div> <!-- aio-icon-box --><\/div> <!-- aio-icon-component -->[\/vc_column_inner][\/vc_row_inner][\/vc_column][\/vc_row]<\/p>\n<\/div>","protected":false},"excerpt":{"rendered":"<p>[vc_row css=&#8221;.vc_custom_1683099634441{padding-bottom: 30px !important;}&#8221;][vc_column width=&#8221;2\/3&#8243;][vc_custom_heading text=&#8221;MARMOCRYL Fine&#8221; font_container=&#8221;tag:h2|font_size:50|text_align:left&#8221; use_theme_fonts=&#8221;yes&#8221; link=&#8221;|title:AQUAMAT%20-%20SUPERELASTIC||&#8221;][\/vc_column][vc_column width=&#8221;1\/3&#8243;][\/vc_column][\/vc_row][vc_row][vc_column width=&#8221;1\/2&#8243;][vc_single_image image=&#8221;1618&#8243; img_size=&#8221;full&#8221;][\/vc_column][vc_column width=&#8221;1\/2&#8243;][vc_column_text]MARMOCRYL Fine \u00ebsht\u00eb nj\u00eb suva e gatshme akrilike n\u00eb trajt\u00eb brumi, e bardh\u00eb ose me ngjyr\u00eb. P\u00ebrb\u00ebhet nga materiale inerte me madh\u00ebsi t\u00eb vecant\u00eb t\u00eb grimcave t\u00eb bluara, p\u00ebr t\u00eb krijuar nj\u00eb sip\u00ebrfaqe dekorative t\u00eb l\u00ebmuar. Ajo ofron avantazhet e m\u00ebposhtme:&hellip;<\/p>\n","protected":false},"author":2,"featured_media":0,"parent":0,"menu_order":0,"comment_status":"closed","ping_status":"closed","template":"","meta":{"footnotes":""},"class_list":["post-1617","page","type-page","status-publish","hentry","description-off"],"_links":{"self":[{"href":"https:\/\/aedcolor.com\/index.php\/wp-json\/wp\/v2\/pages\/1617","targetHints":{"allow":["GET"]}}],"collection":[{"href":"https:\/\/aedcolor.com\/index.php\/wp-json\/wp\/v2\/pages"}],"about":[{"href":"https:\/\/aedcolor.com\/index.php\/wp-json\/wp\/v2\/types\/page"}],"author":[{"embeddable":true,"href":"https:\/\/aedcolor.com\/index.php\/wp-json\/wp\/v2\/users\/2"}],"replies":[{"embeddable":true,"href":"https:\/\/aedcolor.com\/index.php\/wp-json\/wp\/v2\/comments?post=1617"}],"version-history":[{"count":5,"href":"https:\/\/aedcolor.com\/index.php\/wp-json\/wp\/v2\/pages\/1617\/revisions"}],"predecessor-version":[{"id":9110,"href":"https:\/\/aedcolor.com\/index.php\/wp-json\/wp\/v2\/pages\/1617\/revisions\/9110"}],"wp:attachment":[{"href":"https:\/\/aedcolor.com\/index.php\/wp-json\/wp\/v2\/media?parent=1617"}],"curies":[{"name":"wp","href":"https:\/\/api.w.org\/{rel}","templated":true}]}}