{"id":1684,"date":"2023-05-04T12:32:57","date_gmt":"2023-05-04T12:32:57","guid":{"rendered":"https:\/\/aedcolor.com\/?page_id=1684"},"modified":"2023-09-21T07:01:45","modified_gmt":"2023-09-21T07:01:45","slug":"isomat-ak-25","status":"publish","type":"page","link":"https:\/\/aedcolor.com\/index.php\/isomat-ak-25\/","title":{"rendered":"ISOMAT AK 25"},"content":{"rendered":"<div class=\"wpb-content-wrapper\"><p>[vc_row css=&#8221;.vc_custom_1683099634441{padding-bottom: 30px !important;}&#8221;][vc_column width=&#8221;2\/3&#8243;][vc_custom_heading text=&#8221;ISOMAT AK 25&#8243; font_container=&#8221;tag:h2|font_size:50|text_align:left&#8221; use_theme_fonts=&#8221;yes&#8221; link=&#8221;|title:AQUAMAT%20-%20SUPERELASTIC||&#8221;][\/vc_column][vc_column width=&#8221;1\/3&#8243;][\/vc_column][\/vc_row][vc_row][vc_column width=&#8221;1\/2&#8243;][vc_single_image image=&#8221;1685&#8243; img_size=&#8221;full&#8221;][\/vc_column][vc_column width=&#8221;1\/2&#8243;][vc_column_text]<span style=\"color: #000000;\"><strong>ISOMAT AK-25 \u00ebsht\u00eb nj\u00eb ngjit\u00ebs pllakash i cil\u00ebsis\u00eb s\u00eb lart\u00eb, ultrafleksib\u00ebl. Ka baz\u00eb cimentoje dhe \u00ebsht\u00eb p\u00ebrforcuar me polimere (rr\u00ebshira).<\/strong> Ofron forc\u00eb ngjit\u00ebse t\u00eb lart\u00eb dhe rezistenc\u00eb ndaj lag\u00ebshtis\u00eb. Klasifikohet si absolutisht pa rr\u00ebshqitje dhe ka koh\u00eb t\u00eb gjat\u00eb p\u00ebr mbajtjen e hapur. Klasifikohet si ngjit\u00ebs i llojit C@ TE S2 sipas standardit EN 12004. ISOMAT AK-25 \u00ebsht\u00eb i p\u00ebrshtatsh\u00ebm p\u00ebr vendosjen e pllakave me thithshm\u00ebri dhe pa thithshm\u00ebri, gur\u00ebve natyral, tullave zbukuruese, pllakave t\u00eb m\u00ebdha n\u00eb mure ose dysheme. Vecan\u00ebrisht i p\u00ebrshtatsh\u00ebm kur k\u00ebrkohet fleksibilitet i lart\u00eb, ngjitje dhe rezistenc\u00eb ndaj lag\u00ebshtis\u00eb, n\u00eb zona t\u00eb ekspozuara ndaj tkurrjeve-bymimit apo dridhjeve t\u00eb m\u00ebdha, si p.sh. soletat, ballkonet, dyshemet\u00eb me ngrohje t\u00eb poshtme, sip\u00ebrfaqet metalike, dyshemet\u00eb prej druri, shtresat me pllaka t\u00eb vjetra etj. P\u00ebrshtatet p\u00ebr ambiente t\u00eb brendshme dhe t\u00eb jashtme.<\/span><\/p>\n<p><strong><span style=\"color: #000000;\">P\u00ebrgatitja e n\u00ebnshtres\u00ebs<\/span><\/strong><\/p>\n<p><span style=\"color: #000000;\">Sip\u00ebrfaqja q\u00eb do t\u00eb mbulohet duhet t\u00eb jet\u00eb e past\u00ebr, pa pluhur, graso, boj\u00eb, materiale t\u00eb lira etj. Rekomandohet njomja e sip\u00ebrfaqes p\u00ebrpara p\u00ebrdorimit.<\/span><\/p>\n<p><strong><span style=\"color: #000000;\">P\u00ebrdorimi<\/span><\/strong><\/p>\n<p><span style=\"color: #000000;\">ISOMAT AK-25 hidhet gradualisht n\u00eb uj\u00eb duke u trazuar vazhdimisht, derisa t\u00eb krijohet nj\u00eb mas\u00eb uniforme n\u00eb trajt\u00eb brumi. P\u00ebr p\u00ebrzierjen rekomandohet p\u00ebrdorimi i nj\u00eb mikseri me xhiro t\u00eb ul\u00ebta. P\u00ebrzierja duhet t\u00eb lihet rreth 5 minuta t\u00eb stabilizohet dhe pastaj duhet t\u00eb trazohet p\u00ebrs\u00ebri me ngadal\u00eb. Ngjit\u00ebsi i pllakave duhet t\u00eb shp\u00ebrndahet mbi sip\u00ebrfaqe duke p\u00ebrdorur nj\u00eb mall\u00eb t\u00eb dh\u00ebmb\u00ebzuar, me q\u00ebllim q\u00eb t\u00eb aplikohet n\u00eb m\u00ebnyr\u00eb uniforme n\u00eb t\u00eb gjith\u00eb sip\u00ebrfaqen. Pllakat duhet t\u00eb fiksohen duke u ngjeshur n\u00eb pozicionin e d\u00ebshiruar. P\u00ebrzierja e p\u00ebrdorur duhet t\u00eb mbulohet me pllaka brenda 30 minutash me q\u00ebllim q\u00eb t\u00eb evitohet formimi i cip\u00ebs, d.m.th. p\u00ebrpara se shtresa e ngjit\u00ebses t\u00eb filloj\u00eb t\u00eb mpikset.<\/span>[\/vc_column_text][vc_row_inner][vc_column_inner width=&#8221;1\/2&#8243;]<div class=\"standard-arrow bullet-top\"><ul>\n<li><span style=\"color: #000000;\">ISOMAT AK-25 p\u00ebrmban cimento dhe reagon si alkaline me uj\u00eb, k\u00ebshtu q\u00eb klasifikohet si irritues.<\/span><\/li>\n<\/ul>\n<\/div>[\/vc_column_inner][vc_column_inner width=&#8221;1\/2&#8243;]<div class=\"standard-arrow bullet-top\"><ul>\n<li><span style=\"color: #000000;\">Sip\u00ebrfaqet shum\u00eb poroze, si p.sh. betoni i leht\u00eb, pllakat e gipsit, pllakat e zdrukthit etj. duhet t\u00eb lyhen fillimishit me astarin akrilik UNI-PRIMER.<\/span><\/li>\n<\/ul>\n<\/div>[\/vc_column_inner][\/vc_row_inner][vc_row_inner css=&#8221;.vc_custom_1683100048912{padding-top: 20px !important;}&#8221;][vc_column_inner width=&#8221;1\/2&#8243;]<div class=\"aio-icon-component    style_1\"><div id=\"Info-box-wrap-9152\" class=\"aio-icon-box default-icon\" style=\"\"  ><div class=\"aio-icon-default\"><div class=\"ult-just-icon-wrapper  \"><div class=\"align-icon\" style=\"text-align:center;\">\n<div class=\"aio-icon-img \" style=\"font-size:65px;display:inline-block;\" >\n\t<img decoding=\"async\" class=\"img-icon\" alt=\"null\" src=\"https:\/\/aedcolor.com\/wp-content\/uploads\/2023\/05\/image-2.png\"\/>\n<\/div><\/div><\/div><\/div><div class=\"aio-icon-header\" ><h3 class=\"aio-icon-title ult-responsive\"  data-ultimate-target='#Info-box-wrap-9152 .aio-icon-title'  data-responsive-json-new='{\"font-size\":\"\",\"line-height\":\"\"}'  style=\"\">Sip\u00ebrfaqe: Mur<\/h3><\/div> <!-- header --><\/div> <!-- aio-icon-box --><\/div> <!-- aio-icon-component -->[\/vc_column_inner][vc_column_inner width=&#8221;1\/2&#8243;]<div class=\"aio-icon-component    style_1\"><div id=\"Info-box-wrap-6199\" class=\"aio-icon-box default-icon\" style=\"\"  ><div class=\"aio-icon-default\"><div class=\"ult-just-icon-wrapper  \"><div class=\"align-icon\" style=\"text-align:center;\">\n<div class=\"aio-icon-img \" style=\"font-size:65px;display:inline-block;\" >\n\t<img decoding=\"async\" class=\"img-icon\" alt=\"null\" src=\"https:\/\/aedcolor.com\/wp-content\/uploads\/2023\/05\/image-1.png\"\/>\n<\/div><\/div><\/div><\/div><div class=\"aio-icon-header\" ><h3 class=\"aio-icon-title ult-responsive\"  data-ultimate-target='#Info-box-wrap-6199 .aio-icon-title'  data-responsive-json-new='{\"font-size\":\"\",\"line-height\":\"\"}'  style=\"\">Aplikimi: Me mistri<\/h3><\/div> <!-- header --><\/div> <!-- aio-icon-box --><\/div> <!-- aio-icon-component -->[\/vc_column_inner][\/vc_row_inner][\/vc_column][\/vc_row]<\/p>\n<\/div>","protected":false},"excerpt":{"rendered":"<p>[vc_row css=&#8221;.vc_custom_1683099634441{padding-bottom: 30px !important;}&#8221;][vc_column width=&#8221;2\/3&#8243;][vc_custom_heading text=&#8221;ISOMAT AK 25&#8243; font_container=&#8221;tag:h2|font_size:50|text_align:left&#8221; use_theme_fonts=&#8221;yes&#8221; link=&#8221;|title:AQUAMAT%20-%20SUPERELASTIC||&#8221;][\/vc_column][vc_column width=&#8221;1\/3&#8243;][\/vc_column][\/vc_row][vc_row][vc_column width=&#8221;1\/2&#8243;][vc_single_image image=&#8221;1685&#8243; img_size=&#8221;full&#8221;][\/vc_column][vc_column width=&#8221;1\/2&#8243;][vc_column_text]ISOMAT AK-25 \u00ebsht\u00eb nj\u00eb ngjit\u00ebs pllakash i cil\u00ebsis\u00eb s\u00eb lart\u00eb, ultrafleksib\u00ebl. Ka baz\u00eb cimentoje dhe \u00ebsht\u00eb p\u00ebrforcuar me polimere (rr\u00ebshira). Ofron forc\u00eb ngjit\u00ebse t\u00eb lart\u00eb dhe rezistenc\u00eb ndaj lag\u00ebshtis\u00eb. Klasifikohet si absolutisht pa rr\u00ebshqitje dhe ka koh\u00eb t\u00eb gjat\u00eb p\u00ebr&hellip;<\/p>\n","protected":false},"author":2,"featured_media":0,"parent":0,"menu_order":0,"comment_status":"closed","ping_status":"closed","template":"","meta":{"footnotes":""},"class_list":["post-1684","page","type-page","status-publish","hentry","description-off"],"_links":{"self":[{"href":"https:\/\/aedcolor.com\/index.php\/wp-json\/wp\/v2\/pages\/1684","targetHints":{"allow":["GET"]}}],"collection":[{"href":"https:\/\/aedcolor.com\/index.php\/wp-json\/wp\/v2\/pages"}],"about":[{"href":"https:\/\/aedcolor.com\/index.php\/wp-json\/wp\/v2\/types\/page"}],"author":[{"embeddable":true,"href":"https:\/\/aedcolor.com\/index.php\/wp-json\/wp\/v2\/users\/2"}],"replies":[{"embeddable":true,"href":"https:\/\/aedcolor.com\/index.php\/wp-json\/wp\/v2\/comments?post=1684"}],"version-history":[{"count":4,"href":"https:\/\/aedcolor.com\/index.php\/wp-json\/wp\/v2\/pages\/1684\/revisions"}],"predecessor-version":[{"id":9162,"href":"https:\/\/aedcolor.com\/index.php\/wp-json\/wp\/v2\/pages\/1684\/revisions\/9162"}],"wp:attachment":[{"href":"https:\/\/aedcolor.com\/index.php\/wp-json\/wp\/v2\/media?parent=1684"}],"curies":[{"name":"wp","href":"https:\/\/api.w.org\/{rel}","templated":true}]}}