{"id":1730,"date":"2023-05-05T08:52:11","date_gmt":"2023-05-05T08:52:11","guid":{"rendered":"https:\/\/aedcolor.com\/?page_id=1730"},"modified":"2023-09-20T11:25:50","modified_gmt":"2023-09-20T11:25:50","slug":"isomat-ak-10","status":"publish","type":"page","link":"https:\/\/aedcolor.com\/index.php\/isomat-ak-10\/","title":{"rendered":"ISOMAT AK-10"},"content":{"rendered":"<div class=\"wpb-content-wrapper\"><p>[vc_row css=&#8221;.vc_custom_1683099634441{padding-bottom: 30px !important;}&#8221;][vc_column width=&#8221;2\/3&#8243;][vc_custom_heading text=&#8221;ISOMAT AK-10&#8243; font_container=&#8221;tag:h2|font_size:50|text_align:left&#8221; use_theme_fonts=&#8221;yes&#8221; link=&#8221;|title:AQUAMAT%20-%20SUPERELASTIC||&#8221;][\/vc_column][vc_column width=&#8221;1\/3&#8243;][\/vc_column][\/vc_row][vc_row][vc_column width=&#8221;1\/2&#8243;][vc_single_image image=&#8221;1731&#8243; img_size=&#8221;full&#8221;][\/vc_column][vc_column width=&#8221;1\/2&#8243;][vc_column_text]<span style=\"color: #000000;\"><strong>ISOMAT AK-10 \u00ebsht\u00eb nj\u00eb kol\u00eb p\u00ebr pllaka me baz\u00eb cimentoje, kund\u00ebr rr\u00ebshqitjes, p\u00ebr dysheme dhe mure.<\/strong> Ofron forc\u00eb fillestare dhe p\u00ebrfundimtare t\u00eb lart\u00eb ngjit\u00ebse dhe rezistenc\u00eb ndaj lag\u00ebshtis\u00eb. Klasifikohet si ngjit\u00ebs i llojit C1 T sipas standardit EN 12004.\u00a0 ISOMAT AK-10 p\u00ebrshtatet p\u00ebr ngjitjen e pllakave qeramike n\u00eb mure ose dysheme mbi sip\u00ebrfaqe prej betoni, mur tulle, suva etj., n\u00eb ambiente t\u00eb brendshme dhe t\u00eb jashtme.<\/span><\/p>\n<p><strong><span style=\"color: #000000;\">N\u00ebnshtresa<\/span><\/strong><\/p>\n<p><span style=\"color: #000000;\">Sip\u00ebrfaqja q\u00eb do t\u00eb mbulohet duhet t\u00eb jet\u00eb e pastvr, pa pluhur, graso, boj\u00eb, materiale t\u00eb lira etj. Rekomandohet njomja e sip\u00ebrfaqes p\u00ebrpara p\u00ebrdorimit.<\/span><\/p>\n<p><strong><span style=\"color: #000000;\">P\u00ebrdorimi<\/span><\/strong><\/p>\n<p><span style=\"color: #000000;\">ISOMAT AK-10 hidhet gradualisht n\u00eb uj\u00eb duke u trazuar vazhdimisht, derisa t\u00eb krijohet nj\u00eb mas\u00eb uniforme n\u00eb trajt\u00eb brumi. P\u00ebr p\u00ebrzierjen rekomandohet p\u00ebrdorimi i nj\u00eb mikseri me xhiro t\u00eb ul\u00ebta. P\u00ebrzierja duhet t\u00eb lihet rreth 5 minuta t\u00eb stabilizohet dhe pastaj duhet t\u00eb trazohet p\u00ebrs\u00ebri me ngadal\u00eb. Kola e pllakave duhet t\u00eb shp\u00ebrndahet mbi sip\u00ebrfaqe duke p\u00ebrdorur nj\u00eb mall\u00eb t\u00eb dhemb\u00ebzuar (kreh\u00ebr) me q\u00ebllim q\u00eb t\u00eb aplikohet n\u00eb m\u00ebnyr\u00eb uniforme n\u00eb t\u00eb gjith\u00eb sip\u00ebrfaqen. Pllakat duhet t\u00eb fiksohen duke u ngjeshur n\u00eb pozicionin e d\u00ebshiruar. P\u00ebrzierja e p\u00ebrdorur duhet t\u00eb mbulohet me pllaka brenda 20 minutash me q\u00ebllim q\u00eb t\u00eb evitohet brenda 20 minutash me q\u00ebllim q\u00eb t\u00eb evitohet formimi i &#8220;cip\u00ebs&#8221;, d.m.th. p\u00ebrpara se shtresa e ngjit\u00ebses t\u00eb filloj\u00eb t\u00eb mpikset.<\/span><\/p>\n<p><span style=\"color: #000000;\">P\u00ebr veshjen me pllaka t\u00eb sip\u00ebrfaqeve t\u00eb paq\u00ebndrueshme si pasoj\u00eb e dridhjeve ose ndikimeve t\u00eb tkurrjes-bymimit, si p.sh. pllakat e gipsit, pllakat e zdrukthit, dyshemet\u00eb me ngrohje nga posht\u00eb, tarracat, ballkonet etj., \u00ebsht\u00eb e nevojshme q\u00eb kola e pllakave t\u00eb elastifikohet n\u00ebp\u00ebrmjet shtimit deri n\u00eb 3,35 kg ADIFLEX-B n\u00eb 25 kg ISOMAT AK-10, plus nj\u00eb sasi uji n\u00eb var\u00ebsi t\u00eb puneshm\u00ebris\u00eb s\u00eb d\u00ebshiruar.<\/span>[\/vc_column_text][vc_row_inner][vc_column_inner width=&#8221;1\/2&#8243;]<div class=\"standard-arrow bullet-top\"><ul>\n<li><span style=\"color: #000000;\">ISOMAT AK-10 p\u00ebrmban cimento dhe reagon si alkaline me ujin, k\u00ebshtu q\u00eb klasifikohet si irritues.<\/span><\/li>\n<\/ul>\n<\/div>[\/vc_column_inner][vc_column_inner width=&#8221;1\/2&#8243;]<div class=\"standard-arrow bullet-top\"><ul>\n<li><span style=\"color: #000000;\">Sip\u00ebrfaqet shum\u00eb poroze, si p.sh. betoni i leht\u00eb, pllakat e gipsit, pllakat e zdrukthit etj. duhet t\u00eb lyhen fillimisht me astarin akrilik UNI-PRIMER.<\/span><\/li>\n<\/ul>\n<\/div>[\/vc_column_inner][\/vc_row_inner][vc_row_inner css=&#8221;.vc_custom_1683100048912{padding-top: 20px !important;}&#8221;][vc_column_inner width=&#8221;1\/2&#8243;]<div class=\"aio-icon-component    style_1\"><div id=\"Info-box-wrap-5098\" class=\"aio-icon-box default-icon\" style=\"\"  ><div class=\"aio-icon-default\"><div class=\"ult-just-icon-wrapper  \"><div class=\"align-icon\" style=\"text-align:center;\">\n<div class=\"aio-icon-img \" style=\"font-size:65px;display:inline-block;\" >\n\t<img decoding=\"async\" class=\"img-icon\" alt=\"null\" src=\"https:\/\/aedcolor.com\/wp-content\/uploads\/2023\/05\/image-2.png\"\/>\n<\/div><\/div><\/div><\/div><div class=\"aio-icon-header\" ><h3 class=\"aio-icon-title ult-responsive\"  data-ultimate-target='#Info-box-wrap-5098 .aio-icon-title'  data-responsive-json-new='{\"font-size\":\"\",\"line-height\":\"\"}'  style=\"\">Sip\u00ebrfaqe: Betoni, suva<\/h3><\/div> <!-- header --><\/div> <!-- aio-icon-box --><\/div> <!-- aio-icon-component -->[\/vc_column_inner][vc_column_inner width=&#8221;1\/2&#8243;]<div class=\"aio-icon-component    style_1\"><div id=\"Info-box-wrap-6559\" class=\"aio-icon-box default-icon\" style=\"\"  ><div class=\"aio-icon-default\"><div class=\"ult-just-icon-wrapper  \"><div class=\"align-icon\" style=\"text-align:center;\">\n<div class=\"aio-icon-img \" style=\"font-size:65px;display:inline-block;\" >\n\t<img decoding=\"async\" class=\"img-icon\" alt=\"null\" src=\"https:\/\/aedcolor.com\/wp-content\/uploads\/2023\/05\/image-1.png\"\/>\n<\/div><\/div><\/div><\/div><div class=\"aio-icon-header\" ><h3 class=\"aio-icon-title ult-responsive\"  data-ultimate-target='#Info-box-wrap-6559 .aio-icon-title'  data-responsive-json-new='{\"font-size\":\"\",\"line-height\":\"\"}'  style=\"\">Aplikimi: Me mistri me dh\u00ebmb\u00ebza<\/h3><\/div> <!-- header --><\/div> <!-- aio-icon-box --><\/div> <!-- aio-icon-component -->[\/vc_column_inner][\/vc_row_inner][\/vc_column][\/vc_row]<\/p>\n<\/div>","protected":false},"excerpt":{"rendered":"<p>[vc_row css=&#8221;.vc_custom_1683099634441{padding-bottom: 30px !important;}&#8221;][vc_column width=&#8221;2\/3&#8243;][vc_custom_heading text=&#8221;ISOMAT AK-10&#8243; font_container=&#8221;tag:h2|font_size:50|text_align:left&#8221; use_theme_fonts=&#8221;yes&#8221; link=&#8221;|title:AQUAMAT%20-%20SUPERELASTIC||&#8221;][\/vc_column][vc_column width=&#8221;1\/3&#8243;][\/vc_column][\/vc_row][vc_row][vc_column width=&#8221;1\/2&#8243;][vc_single_image image=&#8221;1731&#8243; img_size=&#8221;full&#8221;][\/vc_column][vc_column width=&#8221;1\/2&#8243;][vc_column_text]ISOMAT AK-10 \u00ebsht\u00eb nj\u00eb kol\u00eb p\u00ebr pllaka me baz\u00eb cimentoje, kund\u00ebr rr\u00ebshqitjes, p\u00ebr dysheme dhe mure. Ofron forc\u00eb fillestare dhe p\u00ebrfundimtare t\u00eb lart\u00eb ngjit\u00ebse dhe rezistenc\u00eb ndaj lag\u00ebshtis\u00eb. Klasifikohet si ngjit\u00ebs i llojit C1 T sipas standardit EN 12004.\u00a0 ISOMAT AK-10&hellip;<\/p>\n","protected":false},"author":2,"featured_media":0,"parent":0,"menu_order":0,"comment_status":"closed","ping_status":"closed","template":"","meta":{"footnotes":""},"class_list":["post-1730","page","type-page","status-publish","hentry","description-off"],"_links":{"self":[{"href":"https:\/\/aedcolor.com\/index.php\/wp-json\/wp\/v2\/pages\/1730","targetHints":{"allow":["GET"]}}],"collection":[{"href":"https:\/\/aedcolor.com\/index.php\/wp-json\/wp\/v2\/pages"}],"about":[{"href":"https:\/\/aedcolor.com\/index.php\/wp-json\/wp\/v2\/types\/page"}],"author":[{"embeddable":true,"href":"https:\/\/aedcolor.com\/index.php\/wp-json\/wp\/v2\/users\/2"}],"replies":[{"embeddable":true,"href":"https:\/\/aedcolor.com\/index.php\/wp-json\/wp\/v2\/comments?post=1730"}],"version-history":[{"count":3,"href":"https:\/\/aedcolor.com\/index.php\/wp-json\/wp\/v2\/pages\/1730\/revisions"}],"predecessor-version":[{"id":9155,"href":"https:\/\/aedcolor.com\/index.php\/wp-json\/wp\/v2\/pages\/1730\/revisions\/9155"}],"wp:attachment":[{"href":"https:\/\/aedcolor.com\/index.php\/wp-json\/wp\/v2\/media?parent=1730"}],"curies":[{"name":"wp","href":"https:\/\/api.w.org\/{rel}","templated":true}]}}