{"id":1741,"date":"2023-05-05T09:37:49","date_gmt":"2023-05-05T09:37:49","guid":{"rendered":"https:\/\/aedcolor.com\/?page_id=1741"},"modified":"2023-09-20T12:37:39","modified_gmt":"2023-09-20T12:37:39","slug":"isomat-ak-elastik","status":"publish","type":"page","link":"https:\/\/aedcolor.com\/index.php\/isomat-ak-elastik\/","title":{"rendered":"ISOMAT AK-ELASTIK"},"content":{"rendered":"<div class=\"wpb-content-wrapper\"><p>[vc_row css=&#8221;.vc_custom_1683099634441{padding-bottom: 30px !important;}&#8221;][vc_column width=&#8221;2\/3&#8243;][vc_custom_heading text=&#8221;ISOMAT AK-ELASTIK&#8221; font_container=&#8221;tag:h2|font_size:50|text_align:left&#8221; use_theme_fonts=&#8221;yes&#8221; link=&#8221;|title:AQUAMAT%20-%20SUPERELASTIC||&#8221;][\/vc_column][vc_column width=&#8221;1\/3&#8243;][\/vc_column][\/vc_row][vc_row][vc_column width=&#8221;1\/2&#8243;][vc_single_image image=&#8221;1742&#8243; img_size=&#8221;full&#8221;][\/vc_column][vc_column width=&#8221;1\/2&#8243;][vc_column_text]<span style=\"color: #000000;\"><strong>ISOMAT AK-ELASTIC \u00ebsht\u00eb nj\u00eb ngjit\u00ebs elastik me 2 pvrb\u00ebr\u00ebs p\u00ebr pllakat. P\u00ebrb\u00ebhet nga nj\u00eb llac pluhur me baz\u00eb cimentoje (p\u00ebrb\u00ebr\u00ebsi A) dhe nj\u00eb emulsion rr\u00ebshire (p\u00ebrb\u00ebr\u00ebsi B).<\/strong> Ofron nj\u00eb forc\u00eb ngjit\u00ebse fillestare dhe p\u00ebrfundimtare t\u00eb lart\u00eb, elasticitet t\u00eb shk\u00eblqyer, si dhe rezistenc\u00eb ndaj lag\u00ebshtir\u00ebs. Ka koh\u00eb t\u00eb m\u00ebdha t\u00eb mbajtjes hapur p\u00ebr p\u00ebrdorim. Klasifikohet si ngjit\u00ebs i llojit C2 E S2 sipas standardit En 12004.<\/span><br \/>\n<span style=\"color: #000000;\">ISOMAT AK-ELASTIC \u00ebsht\u00eb i p\u00ebrshtatsh\u00ebm p\u00ebr ngjitjen e pllakave qeramike ose t\u00eb gur\u00ebve natyral\u00eb mbi mure ose dysheme q\u00ebdridhen, si pllakat e gipsit, pllakat e sdrukthit, dyshemet\u00eb me ngrohje nga posht\u00eb, tarracat, ballkonet, pishinat etj. \u00cbsht\u00eb gjithshtu i p\u00ebrshtatsh\u00ebm p\u00ebr ngjitjen e pllakave t\u00eb m\u00ebdha, si dhe p\u00ebr shtrimin e pllakave t\u00eb reja mbi shtresat e pllakave t\u00eb vjetra. P\u00ebrshtatet p\u00ebr mjedise t\u00eb brendshme ose t\u00eb jashtme. I p\u00ebrdorur n\u00eb kombinim me llacin lyer\u00ebs hidroizolues me 2 p\u00ebrb\u00ebr\u00ebs AQUAMAT-FLEX dhe AQUAMAT-ELASTIC, ofron nj\u00eb sistem perfekt p\u00ebr izolim dhe ngjitje.<\/span><\/p>\n<p><span style=\"color: #000000;\"><strong>N\u00ebnshtresa<\/strong>\u00a0<\/span><\/p>\n<p><span style=\"color: #000000;\">Sip\u00ebrfaqja q\u00eb do t\u00eb mbulohet duhet t\u00eb jet\u00eb e past\u00ebr, pa pluhur, graso, boj\u00eb, materiale t\u00eb lira etj. Rekomandohet njomja e sip\u00ebrfaqes p\u00ebrpara p\u00ebrdorimit.<\/span><\/p>\n<p><strong><span style=\"color: #000000;\">P\u00ebrdorimi<\/span><\/strong><\/p>\n<p><span style=\"color: #000000;\">P\u00ebrmbajtja e nj\u00eb thesi 25 kg (p\u00ebrb\u00ebr\u00ebsi A) hidhet n\u00eb 10 kg l\u00ebng (p\u00ebrb\u00ebr\u00ebsi B) duke u trazuar vazhdimisht, derisa t\u00eb krijohet nj\u00eb material homogjen n\u00eb trajt\u00eb brumi. P\u00ebr p\u00ebrzierjen rekomandohet p\u00ebrdorimi i nj\u00eb mikseri me xhiro t\u00eb ul\u00ebta. P\u00ebrzierja duhet t\u00eb lihet rreth 10 minuta t\u00eb stabilizohet dhe pastaj duhet t\u00eb trazohet p\u00ebrs\u00ebri me ngadal\u00eb. Ngjit\u00ebsi i pllakave duhet t\u00eb shp\u00ebrndahet dhe t\u00eb &#8220;krihet&#8221; mbi sip\u00ebrfaqe duke p\u00ebrdorur nj\u00eb mall\u00eb t\u00eb dh\u00ebmb\u00ebzuar , me q\u00ebllim q\u00eb t\u00eb aplikohet n\u00eb m\u00ebnyr\u00eb uniforme n\u00eb t\u00eb gjith\u00eb sip\u00ebrfaqen. Pas k\u00ebsaj, pllakat duhet t\u00eb fiksohen duke i ngjeshur n\u00eb pozicionin e d\u00ebshiruar. P\u00ebrzierja e shp\u00ebrndar\u00eb duhet t\u00eb mbulohet me pllaka brenda 30 minutash me q\u00ebllim q\u00eb t\u00eb evitohet formimi i &#8220;cip\u00ebs&#8221;, d.m.th. p\u00ebrpara se shtresa e ngjit\u00ebses t\u00eb filloj\u00eb t\u00eb mpikset.<\/span>[\/vc_column_text][vc_row_inner][vc_column_inner width=&#8221;1\/2&#8243;]<div class=\"standard-arrow bullet-top\"><ul>\n<li><span style=\"color: #000000;\">P\u00ebrb\u00ebr\u00ebsi A i ISOMAT AK-ELASTIC p\u00ebrmban cimento dhe reagon si alkalin me ujin, k\u00ebshtu q\u00eb klasifikohet si irritues.<\/span><\/li>\n<li><span style=\"color: #000000;\">Sip\u00ebrfaqet shum\u00eb poroze, si p.sh. betoni i leht\u00eb, pllaka e gipsit, pllakat e zdrukthit etj. duhet t\u00eb lyhet fillimisht me astarin akrilik UNI-PRIMER.<\/span><\/li>\n<\/ul>\n<\/div>[\/vc_column_inner][vc_column_inner width=&#8221;1\/2&#8243;]<div class=\"standard-arrow bullet-top\"><ul>\n<li><span style=\"color: #000000;\">N\u00eb rast se ISOMAT AK-ELASTIK p\u00ebrdoret p\u00ebr ngjitjen e pllakave pa thithshm\u00ebri mbi sip\u00ebrfaqe, koha e mpiksjes s\u00eb ngjitjes mund t\u00eb zgjatet.<\/span><\/li>\n<\/ul>\n<\/div>[\/vc_column_inner][\/vc_row_inner][vc_row_inner css=&#8221;.vc_custom_1683100048912{padding-top: 20px !important;}&#8221;][vc_column_inner width=&#8221;1\/2&#8243;]<div class=\"aio-icon-component    style_1\"><div id=\"Info-box-wrap-3786\" class=\"aio-icon-box default-icon\" style=\"\"  ><div class=\"aio-icon-default\"><div class=\"ult-just-icon-wrapper  \"><div class=\"align-icon\" style=\"text-align:center;\">\n<div class=\"aio-icon-img \" style=\"font-size:65px;display:inline-block;\" >\n\t<img decoding=\"async\" class=\"img-icon\" alt=\"null\" src=\"https:\/\/aedcolor.com\/wp-content\/uploads\/2023\/05\/image-2.png\"\/>\n<\/div><\/div><\/div><\/div><div class=\"aio-icon-header\" ><h3 class=\"aio-icon-title ult-responsive\"  data-ultimate-target='#Info-box-wrap-3786 .aio-icon-title'  data-responsive-json-new='{\"font-size\":\"\",\"line-height\":\"\"}'  style=\"\">Sip\u00ebrfaqe: Gipsi<\/h3><\/div> <!-- header --><\/div> <!-- aio-icon-box --><\/div> <!-- aio-icon-component -->[\/vc_column_inner][vc_column_inner width=&#8221;1\/2&#8243;]<div class=\"aio-icon-component    style_1\"><div id=\"Info-box-wrap-5015\" class=\"aio-icon-box default-icon\" style=\"\"  ><div class=\"aio-icon-default\"><div class=\"ult-just-icon-wrapper  \"><div class=\"align-icon\" style=\"text-align:center;\">\n<div class=\"aio-icon-img \" style=\"font-size:65px;display:inline-block;\" >\n\t<img decoding=\"async\" class=\"img-icon\" alt=\"null\" src=\"https:\/\/aedcolor.com\/wp-content\/uploads\/2023\/05\/image-1.png\"\/>\n<\/div><\/div><\/div><\/div><div class=\"aio-icon-header\" ><h3 class=\"aio-icon-title ult-responsive\"  data-ultimate-target='#Info-box-wrap-5015 .aio-icon-title'  data-responsive-json-new='{\"font-size\":\"\",\"line-height\":\"\"}'  style=\"\">Aplikimi: Me mistri <\/h3><\/div> <!-- header --><\/div> <!-- aio-icon-box --><\/div> <!-- aio-icon-component -->[\/vc_column_inner][\/vc_row_inner][\/vc_column][\/vc_row]<\/p>\n<\/div>","protected":false},"excerpt":{"rendered":"<p>[vc_row css=&#8221;.vc_custom_1683099634441{padding-bottom: 30px !important;}&#8221;][vc_column width=&#8221;2\/3&#8243;][vc_custom_heading text=&#8221;ISOMAT AK-ELASTIK&#8221; font_container=&#8221;tag:h2|font_size:50|text_align:left&#8221; use_theme_fonts=&#8221;yes&#8221; link=&#8221;|title:AQUAMAT%20-%20SUPERELASTIC||&#8221;][\/vc_column][vc_column width=&#8221;1\/3&#8243;][\/vc_column][\/vc_row][vc_row][vc_column width=&#8221;1\/2&#8243;][vc_single_image image=&#8221;1742&#8243; img_size=&#8221;full&#8221;][\/vc_column][vc_column width=&#8221;1\/2&#8243;][vc_column_text]ISOMAT AK-ELASTIC \u00ebsht\u00eb nj\u00eb ngjit\u00ebs elastik me 2 pvrb\u00ebr\u00ebs p\u00ebr pllakat. P\u00ebrb\u00ebhet nga nj\u00eb llac pluhur me baz\u00eb cimentoje (p\u00ebrb\u00ebr\u00ebsi A) dhe nj\u00eb emulsion rr\u00ebshire (p\u00ebrb\u00ebr\u00ebsi B). Ofron nj\u00eb forc\u00eb ngjit\u00ebse fillestare dhe p\u00ebrfundimtare t\u00eb lart\u00eb, elasticitet t\u00eb shk\u00eblqyer, si dhe&hellip;<\/p>\n","protected":false},"author":2,"featured_media":0,"parent":0,"menu_order":0,"comment_status":"closed","ping_status":"closed","template":"","meta":{"footnotes":""},"class_list":["post-1741","page","type-page","status-publish","hentry","description-off"],"_links":{"self":[{"href":"https:\/\/aedcolor.com\/index.php\/wp-json\/wp\/v2\/pages\/1741","targetHints":{"allow":["GET"]}}],"collection":[{"href":"https:\/\/aedcolor.com\/index.php\/wp-json\/wp\/v2\/pages"}],"about":[{"href":"https:\/\/aedcolor.com\/index.php\/wp-json\/wp\/v2\/types\/page"}],"author":[{"embeddable":true,"href":"https:\/\/aedcolor.com\/index.php\/wp-json\/wp\/v2\/users\/2"}],"replies":[{"embeddable":true,"href":"https:\/\/aedcolor.com\/index.php\/wp-json\/wp\/v2\/comments?post=1741"}],"version-history":[{"count":4,"href":"https:\/\/aedcolor.com\/index.php\/wp-json\/wp\/v2\/pages\/1741\/revisions"}],"predecessor-version":[{"id":9160,"href":"https:\/\/aedcolor.com\/index.php\/wp-json\/wp\/v2\/pages\/1741\/revisions\/9160"}],"wp:attachment":[{"href":"https:\/\/aedcolor.com\/index.php\/wp-json\/wp\/v2\/media?parent=1741"}],"curies":[{"name":"wp","href":"https:\/\/api.w.org\/{rel}","templated":true}]}}