{"id":1748,"date":"2023-05-05T13:28:55","date_gmt":"2023-05-05T13:28:55","guid":{"rendered":"https:\/\/aedcolor.com\/?page_id=1748"},"modified":"2023-09-21T07:28:15","modified_gmt":"2023-09-21T07:28:15","slug":"ak-primer","status":"publish","type":"page","link":"https:\/\/aedcolor.com\/index.php\/ak-primer\/","title":{"rendered":"AK &#8211; PRIMER"},"content":{"rendered":"<div class=\"wpb-content-wrapper\"><p>[vc_row css=&#8221;.vc_custom_1683099634441{padding-bottom: 30px !important;}&#8221;][vc_column width=&#8221;2\/3&#8243;][vc_custom_heading text=&#8221;AK &#8211; PRIMER&#8221; font_container=&#8221;tag:h2|font_size:50|text_align:left&#8221; use_theme_fonts=&#8221;yes&#8221; link=&#8221;|title:AQUAMAT%20-%20SUPERELASTIC||&#8221;][\/vc_column][vc_column width=&#8221;1\/3&#8243;][\/vc_column][\/vc_row][vc_row][vc_column width=&#8221;1\/2&#8243;][vc_single_image image=&#8221;396&#8243; img_size=&#8221;full&#8221;][\/vc_column][vc_column width=&#8221;1\/2&#8243;][vc_column_text]<span style=\"color: #000000;\"><strong>P\u00ebrforcues ngjitjeje me nj\u00eb p\u00ebrb\u00ebr\u00ebs me baz\u00eb rr\u00ebshire akrilike.<\/strong> P\u00ebrdoret p\u00ebr p\u00ebrgatitjen e sip\u00ebrfaqeve t\u00eb l\u00ebmuara, thith\u00ebse dhe jo thith\u00ebse, p\u00ebrpara aplikimit t\u00eb ngjit\u00ebses me baz\u00eb cimentoje p\u00ebr pllaka, gur\u00eb natyral\u00eb dhe sintetik\u00eb. ISOMAT AK-PRIMER mund t\u00eb p\u00ebrdoret si p\u00ebrforcues ngjitjeje mbi sip\u00ebrfaqe t\u00eb ndryshme, si p.sh. pllakat e vjetra, mermer, gur\u00eb natyral\u00eb, dysheme t\u00eb l\u00ebmuara me baz\u00eb cimentoje t\u00eb ambienteve industriale, dysheme prej druri, metalike ose PVC-je t\u00eb fort\u00eb.<\/span><\/p>\n<p><strong><span style=\"color: #000000;\">N\u00ebnshtresa<\/span><\/strong><\/p>\n<p><span style=\"color: #000000;\">Sip\u00ebrfaqja q\u00eb do t\u00eb lyhet duhet t\u00eb jet\u00eb e that\u00eb dhe pa pluhur, graso, papast\u00ebrti etj.<\/span><\/p>\n<p><strong><span style=\"color: #000000;\">P\u00ebrdorimi<\/span><\/strong><\/p>\n<p><span style=\"color: #000000;\">ISOMAT AK-PRIMER derdhet direkt mbi sip\u00ebrfaqe dhe pastaj p\u00ebrhpet n\u00eb nj\u00eb shtres\u00eb duke p\u00ebrdorur nj\u00eb rul ose furc\u00eb. ISOMAT AK-PRIMER mund t\u00eb mbulohet pas 1 ore n\u00eb +20 oC. N\u00eb rastet kur sip\u00ebrfaqja nuk \u00ebsht\u00eb mbuluar me dor\u00ebn e par\u00eb, at\u00ebher\u00eb duhet t\u00eb aplikohet nj\u00eb dor\u00eb tjet\u00ebr vet\u00ebm pasi dora e par\u00eb t\u00eb jet\u00eb thar\u00eb. Ngjit\u00ebsi i pllakave mund t\u00eb aplikohet pas nj\u00eb ore dhe nd\u00ebrkoh\u00eb q\u00eb ISOMAT AK-PRIMER \u00ebsht\u00eb ende ngjit\u00ebs.<\/span>[\/vc_column_text][vc_row_inner][vc_column_inner width=&#8221;1\/2&#8243;]<div class=\"standard-arrow bullet-top\"><ul>\n<li><span style=\"color: #000000;\">Temperatura e p\u00ebrdorur dueht t\u00eb jet\u00eb midis +5 oC dhe +35 oC.<\/span><\/li>\n<\/ul>\n<\/div>[\/vc_column_inner][vc_column_inner width=&#8221;1\/2&#8243;]<div class=\"standard-arrow bullet-top\"><ul>\n<li><span style=\"color: #000000;\">Periudha maksimale e lejuar p\u00ebr mbulimin \u00ebsht\u00eb 12 or\u00eb (n\u00eb +20 oC). Pasi kjo periudh\u00eb t\u00eb ket\u00eb kaluar, duhet t\u00eb aplikohet nj\u00eb dor\u00eb e re me ISOMAT AK-PRIMER p\u00ebrpara se t\u00eb p\u00ebrdoret ngjit\u00ebsi i pllakave.<\/span><\/li>\n<\/ul>\n<\/div>[\/vc_column_inner][\/vc_row_inner][vc_row_inner css=&#8221;.vc_custom_1683100048912{padding-top: 20px !important;}&#8221;][vc_column_inner width=&#8221;1\/2&#8243;]<div class=\"aio-icon-component    style_1\"><div id=\"Info-box-wrap-6476\" class=\"aio-icon-box default-icon\" style=\"\"  ><div class=\"aio-icon-default\"><div class=\"ult-just-icon-wrapper  \"><div class=\"align-icon\" style=\"text-align:center;\">\n<div class=\"aio-icon-img \" style=\"font-size:65px;display:inline-block;\" >\n\t<img decoding=\"async\" class=\"img-icon\" alt=\"null\" src=\"https:\/\/aedcolor.com\/wp-content\/uploads\/2023\/05\/image-2.png\"\/>\n<\/div><\/div><\/div><\/div><div class=\"aio-icon-header\" ><h3 class=\"aio-icon-title ult-responsive\"  data-ultimate-target='#Info-box-wrap-6476 .aio-icon-title'  data-responsive-json-new='{\"font-size\":\"\",\"line-height\":\"\"}'  style=\"\">Sip\u00ebrfaqe: Pllake, guri<\/h3><\/div> <!-- header --><\/div> <!-- aio-icon-box --><\/div> <!-- aio-icon-component -->[\/vc_column_inner][vc_column_inner width=&#8221;1\/2&#8243;]<div class=\"aio-icon-component    style_1\"><div id=\"Info-box-wrap-6535\" class=\"aio-icon-box default-icon\" style=\"\"  ><div class=\"aio-icon-default\"><div class=\"ult-just-icon-wrapper  \"><div class=\"align-icon\" style=\"text-align:center;\">\n<div class=\"aio-icon-img \" style=\"font-size:65px;display:inline-block;\" >\n\t<img decoding=\"async\" class=\"img-icon\" alt=\"null\" src=\"https:\/\/aedcolor.com\/wp-content\/uploads\/2023\/05\/image-1.png\"\/>\n<\/div><\/div><\/div><\/div><div class=\"aio-icon-header\" ><h3 class=\"aio-icon-title ult-responsive\"  data-ultimate-target='#Info-box-wrap-6535 .aio-icon-title'  data-responsive-json-new='{\"font-size\":\"\",\"line-height\":\"\"}'  style=\"\">Aplikimi: Me fur\u00e7\u00eb, rul<\/h3><\/div> <!-- header --><\/div> <!-- aio-icon-box --><\/div> <!-- aio-icon-component -->[\/vc_column_inner][\/vc_row_inner][\/vc_column][\/vc_row]<\/p>\n<\/div>","protected":false},"excerpt":{"rendered":"<p>[vc_row css=&#8221;.vc_custom_1683099634441{padding-bottom: 30px !important;}&#8221;][vc_column width=&#8221;2\/3&#8243;][vc_custom_heading text=&#8221;AK &#8211; PRIMER&#8221; font_container=&#8221;tag:h2|font_size:50|text_align:left&#8221; use_theme_fonts=&#8221;yes&#8221; link=&#8221;|title:AQUAMAT%20-%20SUPERELASTIC||&#8221;][\/vc_column][vc_column width=&#8221;1\/3&#8243;][\/vc_column][\/vc_row][vc_row][vc_column width=&#8221;1\/2&#8243;][vc_single_image image=&#8221;396&#8243; img_size=&#8221;full&#8221;][\/vc_column][vc_column width=&#8221;1\/2&#8243;][vc_column_text]P\u00ebrforcues ngjitjeje me nj\u00eb p\u00ebrb\u00ebr\u00ebs me baz\u00eb rr\u00ebshire akrilike. P\u00ebrdoret p\u00ebr p\u00ebrgatitjen e sip\u00ebrfaqeve t\u00eb l\u00ebmuara, thith\u00ebse dhe jo thith\u00ebse, p\u00ebrpara aplikimit t\u00eb ngjit\u00ebses me baz\u00eb cimentoje p\u00ebr pllaka, gur\u00eb natyral\u00eb dhe sintetik\u00eb. ISOMAT AK-PRIMER mund t\u00eb p\u00ebrdoret si p\u00ebrforcues&hellip;<\/p>\n","protected":false},"author":2,"featured_media":0,"parent":0,"menu_order":0,"comment_status":"closed","ping_status":"closed","template":"","meta":{"footnotes":""},"class_list":["post-1748","page","type-page","status-publish","hentry","description-off"],"_links":{"self":[{"href":"https:\/\/aedcolor.com\/index.php\/wp-json\/wp\/v2\/pages\/1748","targetHints":{"allow":["GET"]}}],"collection":[{"href":"https:\/\/aedcolor.com\/index.php\/wp-json\/wp\/v2\/pages"}],"about":[{"href":"https:\/\/aedcolor.com\/index.php\/wp-json\/wp\/v2\/types\/page"}],"author":[{"embeddable":true,"href":"https:\/\/aedcolor.com\/index.php\/wp-json\/wp\/v2\/users\/2"}],"replies":[{"embeddable":true,"href":"https:\/\/aedcolor.com\/index.php\/wp-json\/wp\/v2\/comments?post=1748"}],"version-history":[{"count":4,"href":"https:\/\/aedcolor.com\/index.php\/wp-json\/wp\/v2\/pages\/1748\/revisions"}],"predecessor-version":[{"id":9164,"href":"https:\/\/aedcolor.com\/index.php\/wp-json\/wp\/v2\/pages\/1748\/revisions\/9164"}],"wp:attachment":[{"href":"https:\/\/aedcolor.com\/index.php\/wp-json\/wp\/v2\/media?parent=1748"}],"curies":[{"name":"wp","href":"https:\/\/api.w.org\/{rel}","templated":true}]}}