{"id":1754,"date":"2023-05-05T13:43:34","date_gmt":"2023-05-05T13:43:34","guid":{"rendered":"https:\/\/aedcolor.com\/?page_id=1754"},"modified":"2023-09-21T07:50:35","modified_gmt":"2023-09-21T07:50:35","slug":"multifill-2-5","status":"publish","type":"page","link":"https:\/\/aedcolor.com\/index.php\/multifill-2-5\/","title":{"rendered":"MULTIFILL 2-5"},"content":{"rendered":"<div class=\"wpb-content-wrapper\"><p>[vc_row css=&#8221;.vc_custom_1683099634441{padding-bottom: 30px !important;}&#8221;][vc_column width=&#8221;2\/3&#8243;][vc_custom_heading text=&#8221;MULTIFILL 2-5&#8243; font_container=&#8221;tag:h2|font_size:50|text_align:left&#8221; use_theme_fonts=&#8221;yes&#8221; link=&#8221;|title:AQUAMAT%20-%20SUPERELASTIC||&#8221;][\/vc_column][vc_column width=&#8221;1\/3&#8243;][\/vc_column][\/vc_row][vc_row][vc_column width=&#8221;1\/2&#8243;][vc_single_image image=&#8221;1755&#8243; img_size=&#8221;full&#8221;][\/vc_column][vc_column width=&#8221;1\/2&#8243;][vc_column_text]<span style=\"color: #000000;\"><strong>MULTIFILL 2-5 \u00ebsht\u00eb nj\u00eb stuko m\u00eb ngjyr\u00eb me baz\u00eb cimentoje p\u00ebr pllakat. Ofron rezistenc\u00eb t\u00eb lart\u00eb mekanike dhestabilitet t\u00eb ngjyr\u00ebs.<\/strong> E p\u00ebrshtatshme p\u00ebr fuga me gjer\u00ebsi 2-5 mm. Klasifikohet si stuko p\u00ebr fuga pllakash e llojit CG2 WA sipas EN 13888. MULTIFILL 2-5 p\u00ebrdoret p\u00ebr stukimin e fugave t\u00eb pllakave n\u00eb mure ose n\u00eb dysheme, p\u00ebr p\u00ebrdorim n\u00eb ambiente t\u00eb jashtme ose t\u00eb brendshme<\/span><\/p>\n<p><strong><span style=\"color: #000000;\">N\u00ebnshtresa\u00a0<\/span><\/strong><br \/>\n<span style=\"color: #000000;\">Sip\u00ebrfaqja e mbuluar me pllaka duhet t\u00eb jet\u00eb jasht\u00ebzakonisht e past\u00ebr. Fugat duhet t\u00eb pastrohen me kujdes dhe t\u00eb lagen me nj\u00eb sfungjer t\u00ebnjom\u00eb.<\/span><\/p>\n<p><strong><span style=\"color: #000000;\">P\u00ebrdorimi<\/span><\/strong><br \/>\n<span style=\"color: #000000;\">MULTIFILL 2-5 hidhet gradualisht n\u00eb uj\u00eb duke u trazuar vazhdimisht, derisa t\u00eb krijohet nj\u00eb mas\u00eb uniforme n\u00eb trajt\u00eb brumi. P\u00ebr p\u00ebrzierjen rekomandohet p\u00ebrdorimi i nj\u00eb mikseri me xhiro t\u00eb ul\u00ebta. P\u00ebrzieraj duhet t\u00eb lihet rreth 3 minuta t\u00eb stabilizohet dhe pastaj duhet t\u00eb trazohet p\u00ebrs\u00ebri me ngadal\u00eb. Shp\u00ebrndajeni stukon mbi fugat duke p\u00ebrdorur nj\u00eb mall\u00eb me gom\u00eb n\u00eb drejtimin diagonal me fugat me q\u00ebllim q\u00eb ato t\u00eb mbushen plot\u00ebsisht. Materiali i tep\u00ebrt duhet t\u00eb fshihet pas pak, duke p\u00ebrdorur nj\u00eb sfunger t\u00eb njom\u00eb. N\u00eb fund sip\u00ebrfaqja duhet t\u00eb pastrohet me nj\u00eb leck\u00eb t\u00eb that\u00eb. N\u00eb ambiente t\u00eb jashtme ose n\u00eb temperatura t\u00eb larta rekomandohet njomja e p\u00ebrs\u00ebritur pas disa or\u00ebsh dhe kur stukoja \u00ebsht\u00eb thar\u00eb<\/span>[\/vc_column_text][vc_row_inner][vc_column_inner width=&#8221;1\/2&#8243;]<div class=\"standard-arrow bullet-top\"><ul>\n<li><span style=\"color: #000000;\">Konsumi i MULTIFILL 2-5 varet nga dimensionet e pllakave dhe nga gjer\u00ebsia e fugave.<\/span><\/li>\n<\/ul>\n<\/div>[\/vc_column_inner][vc_column_inner width=&#8221;1\/2&#8243;]<div class=\"standard-arrow bullet-top\"><ul>\n<li><span style=\"color: #000000;\">MULTIFILL 2-5 p\u00ebrmban cimento dhe reagon si alkalin me ujin, k\u00ebshtu q\u00eb klasifikohet si irritues.<\/span><\/li>\n<\/ul>\n<\/div>[\/vc_column_inner][\/vc_row_inner][vc_row_inner css=&#8221;.vc_custom_1683100048912{padding-top: 20px !important;}&#8221;][vc_column_inner width=&#8221;1\/2&#8243;]<div class=\"aio-icon-component    style_1\"><div id=\"Info-box-wrap-9073\" class=\"aio-icon-box default-icon\" style=\"\"  ><div class=\"aio-icon-default\"><div class=\"ult-just-icon-wrapper  \"><div class=\"align-icon\" style=\"text-align:center;\">\n<div class=\"aio-icon-img \" style=\"font-size:65px;display:inline-block;\" >\n\t<img decoding=\"async\" class=\"img-icon\" alt=\"null\" src=\"https:\/\/aedcolor.com\/wp-content\/uploads\/2023\/05\/image-2.png\"\/>\n<\/div><\/div><\/div><\/div><div class=\"aio-icon-header\" ><h3 class=\"aio-icon-title ult-responsive\"  data-ultimate-target='#Info-box-wrap-9073 .aio-icon-title'  data-responsive-json-new='{\"font-size\":\"\",\"line-height\":\"\"}'  style=\"\">Sip\u00ebrfaqe: Mur, dysheme<\/h3><\/div> <!-- header --><\/div> <!-- aio-icon-box --><\/div> <!-- aio-icon-component -->[\/vc_column_inner][vc_column_inner width=&#8221;1\/2&#8243;]<div class=\"aio-icon-component    style_1\"><div id=\"Info-box-wrap-1473\" class=\"aio-icon-box default-icon\" style=\"\"  ><div class=\"aio-icon-default\"><div class=\"ult-just-icon-wrapper  \"><div class=\"align-icon\" style=\"text-align:center;\">\n<div class=\"aio-icon-img \" style=\"font-size:65px;display:inline-block;\" >\n\t<img decoding=\"async\" class=\"img-icon\" alt=\"null\" src=\"https:\/\/aedcolor.com\/wp-content\/uploads\/2023\/05\/image-1.png\"\/>\n<\/div><\/div><\/div><\/div><div class=\"aio-icon-header\" ><h3 class=\"aio-icon-title ult-responsive\"  data-ultimate-target='#Info-box-wrap-1473 .aio-icon-title'  data-responsive-json-new='{\"font-size\":\"\",\"line-height\":\"\"}'  style=\"\">Aplikimi: Me fur\u00e7\u00eb, rul<\/h3><\/div> <!-- header --><\/div> <!-- aio-icon-box --><\/div> <!-- aio-icon-component -->[\/vc_column_inner][\/vc_row_inner][\/vc_column][\/vc_row]<\/p>\n<\/div>","protected":false},"excerpt":{"rendered":"<p>[vc_row css=&#8221;.vc_custom_1683099634441{padding-bottom: 30px !important;}&#8221;][vc_column width=&#8221;2\/3&#8243;][vc_custom_heading text=&#8221;MULTIFILL 2-5&#8243; font_container=&#8221;tag:h2|font_size:50|text_align:left&#8221; use_theme_fonts=&#8221;yes&#8221; link=&#8221;|title:AQUAMAT%20-%20SUPERELASTIC||&#8221;][\/vc_column][vc_column width=&#8221;1\/3&#8243;][\/vc_column][\/vc_row][vc_row][vc_column width=&#8221;1\/2&#8243;][vc_single_image image=&#8221;1755&#8243; img_size=&#8221;full&#8221;][\/vc_column][vc_column width=&#8221;1\/2&#8243;][vc_column_text]MULTIFILL 2-5 \u00ebsht\u00eb nj\u00eb stuko m\u00eb ngjyr\u00eb me baz\u00eb cimentoje p\u00ebr pllakat. Ofron rezistenc\u00eb t\u00eb lart\u00eb mekanike dhestabilitet t\u00eb ngjyr\u00ebs. E p\u00ebrshtatshme p\u00ebr fuga me gjer\u00ebsi 2-5 mm. Klasifikohet si stuko p\u00ebr fuga pllakash e llojit CG2 WA sipas EN 13888.&hellip;<\/p>\n","protected":false},"author":2,"featured_media":0,"parent":0,"menu_order":0,"comment_status":"closed","ping_status":"closed","template":"","meta":{"footnotes":""},"class_list":["post-1754","page","type-page","status-publish","hentry","description-off"],"_links":{"self":[{"href":"https:\/\/aedcolor.com\/index.php\/wp-json\/wp\/v2\/pages\/1754","targetHints":{"allow":["GET"]}}],"collection":[{"href":"https:\/\/aedcolor.com\/index.php\/wp-json\/wp\/v2\/pages"}],"about":[{"href":"https:\/\/aedcolor.com\/index.php\/wp-json\/wp\/v2\/types\/page"}],"author":[{"embeddable":true,"href":"https:\/\/aedcolor.com\/index.php\/wp-json\/wp\/v2\/users\/2"}],"replies":[{"embeddable":true,"href":"https:\/\/aedcolor.com\/index.php\/wp-json\/wp\/v2\/comments?post=1754"}],"version-history":[{"count":3,"href":"https:\/\/aedcolor.com\/index.php\/wp-json\/wp\/v2\/pages\/1754\/revisions"}],"predecessor-version":[{"id":9166,"href":"https:\/\/aedcolor.com\/index.php\/wp-json\/wp\/v2\/pages\/1754\/revisions\/9166"}],"wp:attachment":[{"href":"https:\/\/aedcolor.com\/index.php\/wp-json\/wp\/v2\/media?parent=1754"}],"curies":[{"name":"wp","href":"https:\/\/api.w.org\/{rel}","templated":true}]}}